{"id":969,"date":"2020-12-12T22:43:07","date_gmt":"2020-12-12T20:43:07","guid":{"rendered":"https:\/\/loko.ee\/?post_type=product&#038;p=969"},"modified":"2025-11-28T17:08:23","modified_gmt":"2025-11-28T15:08:23","slug":"poll-karbsemustriga","status":"publish","type":"product","link":"https:\/\/loko.ee\/en\/product\/poll-karbsemustriga\/","title":{"rendered":"Apron Hiiumaa Hanikatsi"},"content":{"rendered":"","protected":false},"excerpt":{"rendered":"<p>Tegime p\u00f5lle oma legendaarse k\u00e4rbsemustriga. Lisasime esik\u00fcljele kaks v\u00e4ga multifunktsionaalset taskut, just nende asjade jaoks mida taskus tahad hoida. Ning loomulikult on p\u00f5lle piha \u00fcmber sidumiseks paelad.<\/p>\n<div>\n<p>See p\u00f5ll v\u00f5ib olla eriline v\u00f5i t\u00e4itsa tavaline aga mis k\u00f5ige t\u00e4htsam &#8211; see v\u00f5ib olla Sinu p\u00f5ll.<\/p>\n<\/div>\n<p>P\u00f5lle pikkus 75 cm.<br \/>\nReguleeritava pikkusega kaelaaas.<br \/>\nMaterjal: K\u00e4rbsemustriga kangas 52% lina, 48% puuvill. Tumehall kangas 100% lina.<\/p>\n<p>Hooldus: 40 C masinpesu.<\/p>","protected":false},"featured_media":968,"template":"","meta":[],"product_brand":[],"product_cat":[22,50],"product_tag":[],"woo-feed-brand":[],"class_list":{"0":"post-969","1":"product","2":"type-product","3":"status-publish","4":"has-post-thumbnail","6":"product_cat-koik-tooted","7":"product_cat-polled","9":"first","10":"instock","11":"taxable","12":"shipping-taxable","13":"purchasable","14":"product-type-simple"},"yoast_head":"<!-- This site is optimized with the Yoast SEO plugin v27.2 - https:\/\/yoast.com\/product\/yoast-seo-wordpress\/ -->\n<title>P\u00f5ll k\u00e4rbsemustriga - K\u00f6\u00f6gitekstiil - Eesti mustrid - Loko<\/title>\n<meta name=\"description\" content=\"Selles stiilses k\u00e4rbsemustriga p\u00f5lles saad rahumeeli k\u00fclalisi vastu v\u00f5tta, ise samal ajal kokates v\u00f5i grillides. Sobib v\u00e4ga h\u00e4sti ka kingituseks.\" \/>\n<meta name=\"robots\" content=\"index, follow, max-snippet:-1, max-image-preview:large, max-video-preview:-1\" \/>\n<link rel=\"canonical\" href=\"https:\/\/loko.ee\/en\/product\/poll-karbsemustriga\/\" \/>\n<meta property=\"og:locale\" content=\"en_US\" \/>\n<meta property=\"og:type\" content=\"article\" \/>\n<meta property=\"og:title\" content=\"P\u00f5ll k\u00e4rbsemustriga - K\u00f6\u00f6gitekstiil - Eesti mustrid - Loko\" \/>\n<meta property=\"og:description\" content=\"Selles stiilses k\u00e4rbsemustriga p\u00f5lles saad rahumeeli k\u00fclalisi vastu v\u00f5tta, ise samal ajal kokates v\u00f5i grillides. Sobib v\u00e4ga h\u00e4sti ka kingituseks.\" \/>\n<meta property=\"og:url\" content=\"https:\/\/loko.ee\/en\/product\/poll-karbsemustriga\/\" \/>\n<meta property=\"article:modified_time\" content=\"2025-11-28T15:08:23+00:00\" \/>\n<meta property=\"og:image\" content=\"https:\/\/loko.ee\/wp-content\/uploads\/2020\/12\/Po\u0303ll_ka\u0308rbsemustriga4_Loko.jpg\" \/>\n\t<meta property=\"og:image:width\" content=\"1525\" \/>\n\t<meta property=\"og:image:height\" content=\"1525\" \/>\n\t<meta property=\"og:image:type\" content=\"image\/jpeg\" \/>\n<meta name=\"twitter:card\" content=\"summary_large_image\" \/>\n<meta name=\"twitter:label1\" content=\"Est. reading time\" \/>\n\t<meta name=\"twitter:data1\" content=\"1 minute\" \/>\n<script type=\"application\/ld+json\" class=\"yoast-schema-graph\">{\"@context\":\"https:\/\/schema.org\",\"@graph\":[{\"@type\":\"WebPage\",\"@id\":\"https:\/\/loko.ee\/toode\/poll-karbsemustriga\/\",\"url\":\"https:\/\/loko.ee\/toode\/poll-karbsemustriga\/\",\"name\":\"P\u00f5ll k\u00e4rbsemustriga - K\u00f6\u00f6gitekstiil - Eesti mustrid - Loko\",\"isPartOf\":{\"@id\":\"https:\/\/loko.ee\/#website\"},\"primaryImageOfPage\":{\"@id\":\"https:\/\/loko.ee\/toode\/poll-karbsemustriga\/#primaryimage\"},\"image\":{\"@id\":\"https:\/\/loko.ee\/toode\/poll-karbsemustriga\/#primaryimage\"},\"thumbnailUrl\":\"https:\/\/loko.ee\/wp-content\/uploads\/2020\/12\/Po\u0303ll_ka\u0308rbsemustriga4_Loko.jpg\",\"datePublished\":\"2020-12-12T20:43:07+00:00\",\"dateModified\":\"2025-11-28T15:08:23+00:00\",\"description\":\"Selles stiilses k\u00e4rbsemustriga p\u00f5lles saad rahumeeli k\u00fclalisi vastu v\u00f5tta, ise samal ajal kokates v\u00f5i grillides. Sobib v\u00e4ga h\u00e4sti ka kingituseks.\",\"breadcrumb\":{\"@id\":\"https:\/\/loko.ee\/toode\/poll-karbsemustriga\/#breadcrumb\"},\"inLanguage\":\"en-US\",\"potentialAction\":[{\"@type\":\"ReadAction\",\"target\":[\"https:\/\/loko.ee\/toode\/poll-karbsemustriga\/\"]}]},{\"@type\":\"ImageObject\",\"inLanguage\":\"en-US\",\"@id\":\"https:\/\/loko.ee\/toode\/poll-karbsemustriga\/#primaryimage\",\"url\":\"https:\/\/loko.ee\/wp-content\/uploads\/2020\/12\/Po\u0303ll_ka\u0308rbsemustriga4_Loko.jpg\",\"contentUrl\":\"https:\/\/loko.ee\/wp-content\/uploads\/2020\/12\/Po\u0303ll_ka\u0308rbsemustriga4_Loko.jpg\",\"width\":1525,\"height\":1525,\"caption\":\"P\u00f5ll k\u00e4rbsemustriga Loko\"},{\"@type\":\"BreadcrumbList\",\"@id\":\"https:\/\/loko.ee\/toode\/poll-karbsemustriga\/#breadcrumb\",\"itemListElement\":[{\"@type\":\"ListItem\",\"position\":1,\"name\":\"Home\",\"item\":\"https:\/\/www.loko.ee\/en\/\"},{\"@type\":\"ListItem\",\"position\":2,\"name\":\"E-pood\",\"item\":\"https:\/\/loko.ee\/en\/e-pood\/\"},{\"@type\":\"ListItem\",\"position\":3,\"name\":\"P\u00f5ll k\u00e4rbsemustriga\"}]},{\"@type\":\"WebSite\",\"@id\":\"https:\/\/loko.ee\/#website\",\"url\":\"https:\/\/loko.ee\/\",\"name\":\"\",\"description\":\"Sisustustooted\",\"potentialAction\":[{\"@type\":\"SearchAction\",\"target\":{\"@type\":\"EntryPoint\",\"urlTemplate\":\"https:\/\/loko.ee\/?s={search_term_string}\"},\"query-input\":{\"@type\":\"PropertyValueSpecification\",\"valueRequired\":true,\"valueName\":\"search_term_string\"}}],\"inLanguage\":\"en-US\"}]}<\/script>\n<!-- \/ Yoast SEO plugin. -->","yoast_head_json":{"title":"P\u00f5ll k\u00e4rbsemustriga - K\u00f6\u00f6gitekstiil - Eesti mustrid - Loko","description":"Selles stiilses k\u00e4rbsemustriga p\u00f5lles saad rahumeeli k\u00fclalisi vastu v\u00f5tta, ise samal ajal kokates v\u00f5i grillides. Sobib v\u00e4ga h\u00e4sti ka kingituseks.","robots":{"index":"index","follow":"follow","max-snippet":"max-snippet:-1","max-image-preview":"max-image-preview:large","max-video-preview":"max-video-preview:-1"},"canonical":"https:\/\/loko.ee\/en\/product\/poll-karbsemustriga\/","og_locale":"en_US","og_type":"article","og_title":"P\u00f5ll k\u00e4rbsemustriga - K\u00f6\u00f6gitekstiil - Eesti mustrid - Loko","og_description":"Selles stiilses k\u00e4rbsemustriga p\u00f5lles saad rahumeeli k\u00fclalisi vastu v\u00f5tta, ise samal ajal kokates v\u00f5i grillides. Sobib v\u00e4ga h\u00e4sti ka kingituseks.","og_url":"https:\/\/loko.ee\/en\/product\/poll-karbsemustriga\/","article_modified_time":"2025-11-28T15:08:23+00:00","og_image":[{"width":1525,"height":1525,"url":"https:\/\/loko.ee\/wp-content\/uploads\/2020\/12\/Po\u0303ll_ka\u0308rbsemustriga4_Loko.jpg","type":"image\/jpeg"}],"twitter_card":"summary_large_image","twitter_misc":{"Est. reading time":"1 minute"},"schema":{"@context":"https:\/\/schema.org","@graph":[{"@type":"WebPage","@id":"https:\/\/loko.ee\/toode\/poll-karbsemustriga\/","url":"https:\/\/loko.ee\/toode\/poll-karbsemustriga\/","name":"P\u00f5ll k\u00e4rbsemustriga - K\u00f6\u00f6gitekstiil - Eesti mustrid - Loko","isPartOf":{"@id":"https:\/\/loko.ee\/#website"},"primaryImageOfPage":{"@id":"https:\/\/loko.ee\/toode\/poll-karbsemustriga\/#primaryimage"},"image":{"@id":"https:\/\/loko.ee\/toode\/poll-karbsemustriga\/#primaryimage"},"thumbnailUrl":"https:\/\/loko.ee\/wp-content\/uploads\/2020\/12\/Po\u0303ll_ka\u0308rbsemustriga4_Loko.jpg","datePublished":"2020-12-12T20:43:07+00:00","dateModified":"2025-11-28T15:08:23+00:00","description":"Selles stiilses k\u00e4rbsemustriga p\u00f5lles saad rahumeeli k\u00fclalisi vastu v\u00f5tta, ise samal ajal kokates v\u00f5i grillides. Sobib v\u00e4ga h\u00e4sti ka kingituseks.","breadcrumb":{"@id":"https:\/\/loko.ee\/toode\/poll-karbsemustriga\/#breadcrumb"},"inLanguage":"en-US","potentialAction":[{"@type":"ReadAction","target":["https:\/\/loko.ee\/toode\/poll-karbsemustriga\/"]}]},{"@type":"ImageObject","inLanguage":"en-US","@id":"https:\/\/loko.ee\/toode\/poll-karbsemustriga\/#primaryimage","url":"https:\/\/loko.ee\/wp-content\/uploads\/2020\/12\/Po\u0303ll_ka\u0308rbsemustriga4_Loko.jpg","contentUrl":"https:\/\/loko.ee\/wp-content\/uploads\/2020\/12\/Po\u0303ll_ka\u0308rbsemustriga4_Loko.jpg","width":1525,"height":1525,"caption":"P\u00f5ll k\u00e4rbsemustriga Loko"},{"@type":"BreadcrumbList","@id":"https:\/\/loko.ee\/toode\/poll-karbsemustriga\/#breadcrumb","itemListElement":[{"@type":"ListItem","position":1,"name":"Home","item":"https:\/\/www.loko.ee\/en\/"},{"@type":"ListItem","position":2,"name":"E-pood","item":"https:\/\/loko.ee\/en\/e-pood\/"},{"@type":"ListItem","position":3,"name":"P\u00f5ll k\u00e4rbsemustriga"}]},{"@type":"WebSite","@id":"https:\/\/loko.ee\/#website","url":"https:\/\/loko.ee\/","name":"","description":"Sisustustooted","potentialAction":[{"@type":"SearchAction","target":{"@type":"EntryPoint","urlTemplate":"https:\/\/loko.ee\/?s={search_term_string}"},"query-input":{"@type":"PropertyValueSpecification","valueRequired":true,"valueName":"search_term_string"}}],"inLanguage":"en-US"}]}},"_links":{"self":[{"href":"https:\/\/loko.ee\/en\/wp-json\/wp\/v2\/product\/969","targetHints":{"allow":["GET"]}}],"collection":[{"href":"https:\/\/loko.ee\/en\/wp-json\/wp\/v2\/product"}],"about":[{"href":"https:\/\/loko.ee\/en\/wp-json\/wp\/v2\/types\/product"}],"wp:featuredmedia":[{"embeddable":true,"href":"https:\/\/loko.ee\/en\/wp-json\/wp\/v2\/media\/968"}],"wp:attachment":[{"href":"https:\/\/loko.ee\/en\/wp-json\/wp\/v2\/media?parent=969"}],"wp:term":[{"taxonomy":"product_brand","embeddable":true,"href":"https:\/\/loko.ee\/en\/wp-json\/wp\/v2\/product_brand?post=969"},{"taxonomy":"product_cat","embeddable":true,"href":"https:\/\/loko.ee\/en\/wp-json\/wp\/v2\/product_cat?post=969"},{"taxonomy":"product_tag","embeddable":true,"href":"https:\/\/loko.ee\/en\/wp-json\/wp\/v2\/product_tag?post=969"},{"taxonomy":"woo-feed-brand","embeddable":true,"href":"https:\/\/loko.ee\/en\/wp-json\/wp\/v2\/woo-feed-brand?post=969"}],"curies":[{"name":"wp","href":"https:\/\/api.w.org\/{rel}","templated":true}]}}