{"id":901,"date":"2020-12-01T22:15:33","date_gmt":"2020-12-01T20:15:33","guid":{"rendered":"https:\/\/loko.ee\/?post_type=product&#038;p=901"},"modified":"2025-07-09T09:16:42","modified_gmt":"2025-07-09T07:16:42","slug":"karukapa-mustriga-tume-pleed-2","status":"publish","type":"product","link":"https:\/\/loko.ee\/en\/product\/karukapa-mustriga-tume-pleed-2\/","title":{"rendered":"Pleed Viljandimaa 140&#215;200"},"content":{"rendered":"","protected":false},"excerpt":{"rendered":"<p>Pleed, mida kaunistab Viljandimaa karuk\u00e4pakirja muster. M\u00f5nus ja pehme!<br \/>\nPaljudele tuntud kui ka puuvillatekk ehk baikatekk (koostis 100% puuvill).<\/p>\n<p>Hea kingiidee &#8211; nii j\u00f5uluks, s\u00fcnnip\u00e4evaks kui soolaleivaks!<\/p>\n<p>Koostis 100 % puuvill.<br \/>\nSuurus 140 x 200 cm.<br \/>\nV\u00f5ib pesta pesumasinas 40 kraadi juures.<\/p>","protected":false},"featured_media":2539,"template":"","meta":[],"product_brand":[],"product_cat":[22,18],"product_tag":[],"woo-feed-brand":[],"class_list":{"0":"post-901","1":"product","2":"type-product","3":"status-publish","4":"has-post-thumbnail","6":"product_cat-koik-tooted","7":"product_cat-pleedid","9":"first","10":"instock","11":"taxable","12":"shipping-taxable","13":"purchasable","14":"product-type-simple"},"yoast_head":"<!-- This site is optimized with the Yoast SEO plugin v27.2 - https:\/\/yoast.com\/product\/yoast-seo-wordpress\/ -->\n<title>Pleed - Pleed Viljandimaa 140x200 - Baikatekk - 100% puuvill - Loko<\/title>\n<meta name=\"description\" content=\"Tume pleed, mida kaunistab Viljandimaa karuk\u00e4pa muster. Puuvillatekk ehk paljudele tuntud kui ka baikatekk on 100% puuvillast ning katsudes m\u00f5nus ja pehme.\" \/>\n<meta name=\"robots\" content=\"index, follow, max-snippet:-1, max-image-preview:large, max-video-preview:-1\" \/>\n<link rel=\"canonical\" href=\"https:\/\/www.loko.ee\/en\/product\/karukapa-mustriga-tume-pleed-2\/\" \/>\n<meta property=\"og:locale\" content=\"en_US\" \/>\n<meta property=\"og:type\" content=\"article\" \/>\n<meta property=\"og:title\" content=\"Pleed - Pleed Viljandimaa 140x200 - Baikatekk - 100% puuvill - Loko\" \/>\n<meta property=\"og:description\" content=\"Tume pleed, mida kaunistab Viljandimaa karuk\u00e4pa muster. Puuvillatekk ehk paljudele tuntud kui ka baikatekk on 100% puuvillast ning katsudes m\u00f5nus ja pehme.\" \/>\n<meta property=\"og:url\" content=\"https:\/\/www.loko.ee\/en\/product\/karukapa-mustriga-tume-pleed-2\/\" \/>\n<meta property=\"article:modified_time\" content=\"2025-07-09T07:16:42+00:00\" \/>\n<meta property=\"og:image\" content=\"https:\/\/www.loko.ee\/wp-content\/uploads\/2020\/11\/Pleed_Viljandimaa_kindakiri_70x175cm_pruun_Loko.jpg\" \/>\n\t<meta property=\"og:image:width\" content=\"1421\" \/>\n\t<meta property=\"og:image:height\" content=\"1421\" \/>\n\t<meta property=\"og:image:type\" content=\"image\/jpeg\" \/>\n<meta name=\"twitter:card\" content=\"summary_large_image\" \/>\n<script type=\"application\/ld+json\" class=\"yoast-schema-graph\">{\"@context\":\"https:\/\/schema.org\",\"@graph\":[{\"@type\":\"WebPage\",\"@id\":\"https:\/\/www.loko.ee\/en\/product\/karukapa-mustriga-tume-pleed-2\/\",\"url\":\"https:\/\/www.loko.ee\/en\/product\/karukapa-mustriga-tume-pleed-2\/\",\"name\":\"Pleed - Pleed Viljandimaa 140x200 - Baikatekk - 100% puuvill - Loko\",\"isPartOf\":{\"@id\":\"https:\/\/www.loko.ee\/en\/#website\"},\"primaryImageOfPage\":{\"@id\":\"https:\/\/www.loko.ee\/en\/product\/karukapa-mustriga-tume-pleed-2\/#primaryimage\"},\"image\":{\"@id\":\"https:\/\/www.loko.ee\/en\/product\/karukapa-mustriga-tume-pleed-2\/#primaryimage\"},\"thumbnailUrl\":\"https:\/\/www.loko.ee\/wp-content\/uploads\/2020\/11\/Pleed_Viljandimaa_kindakiri_70x175cm_pruun_Loko.jpg\",\"datePublished\":\"2020-12-01T20:15:33+00:00\",\"dateModified\":\"2025-07-09T07:16:42+00:00\",\"description\":\"Tume pleed, mida kaunistab Viljandimaa karuk\u00e4pa muster. Puuvillatekk ehk paljudele tuntud kui ka baikatekk on 100% puuvillast ning katsudes m\u00f5nus ja pehme.\",\"breadcrumb\":{\"@id\":\"https:\/\/www.loko.ee\/en\/product\/karukapa-mustriga-tume-pleed-2\/#breadcrumb\"},\"inLanguage\":\"en-US\",\"potentialAction\":[{\"@type\":\"ReadAction\",\"target\":[\"https:\/\/www.loko.ee\/en\/product\/karukapa-mustriga-tume-pleed-2\/\"]}]},{\"@type\":\"ImageObject\",\"inLanguage\":\"en-US\",\"@id\":\"https:\/\/www.loko.ee\/en\/product\/karukapa-mustriga-tume-pleed-2\/#primaryimage\",\"url\":\"https:\/\/www.loko.ee\/wp-content\/uploads\/2020\/11\/Pleed_Viljandimaa_kindakiri_70x175cm_pruun_Loko.jpg\",\"contentUrl\":\"https:\/\/www.loko.ee\/wp-content\/uploads\/2020\/11\/Pleed_Viljandimaa_kindakiri_70x175cm_pruun_Loko.jpg\",\"width\":1421,\"height\":1421,\"caption\":\"Pleed Viljandimaa kindakiri Eesti disain baikatekk Loko\"},{\"@type\":\"BreadcrumbList\",\"@id\":\"https:\/\/www.loko.ee\/en\/product\/karukapa-mustriga-tume-pleed-2\/#breadcrumb\",\"itemListElement\":[{\"@type\":\"ListItem\",\"position\":1,\"name\":\"Home\",\"item\":\"https:\/\/www.loko.ee\/en\/\"},{\"@type\":\"ListItem\",\"position\":2,\"name\":\"E-pood\",\"item\":\"https:\/\/www.loko.ee\/en\/e-pood\/\"},{\"@type\":\"ListItem\",\"position\":3,\"name\":\"Pleed Viljandimaa 140&#215;200\"}]},{\"@type\":\"WebSite\",\"@id\":\"https:\/\/www.loko.ee\/en\/#website\",\"url\":\"https:\/\/www.loko.ee\/en\/\",\"name\":\"\",\"description\":\"Sisustustooted\",\"potentialAction\":[{\"@type\":\"SearchAction\",\"target\":{\"@type\":\"EntryPoint\",\"urlTemplate\":\"https:\/\/www.loko.ee\/en\/?s={search_term_string}\"},\"query-input\":{\"@type\":\"PropertyValueSpecification\",\"valueRequired\":true,\"valueName\":\"search_term_string\"}}],\"inLanguage\":\"en-US\"}]}<\/script>\n<!-- \/ Yoast SEO plugin. -->","yoast_head_json":{"title":"Pleed - Pleed Viljandimaa 140x200 - Baikatekk - 100% puuvill - Loko","description":"Tume pleed, mida kaunistab Viljandimaa karuk\u00e4pa muster. Puuvillatekk ehk paljudele tuntud kui ka baikatekk on 100% puuvillast ning katsudes m\u00f5nus ja pehme.","robots":{"index":"index","follow":"follow","max-snippet":"max-snippet:-1","max-image-preview":"max-image-preview:large","max-video-preview":"max-video-preview:-1"},"canonical":"https:\/\/www.loko.ee\/en\/product\/karukapa-mustriga-tume-pleed-2\/","og_locale":"en_US","og_type":"article","og_title":"Pleed - Pleed Viljandimaa 140x200 - Baikatekk - 100% puuvill - Loko","og_description":"Tume pleed, mida kaunistab Viljandimaa karuk\u00e4pa muster. Puuvillatekk ehk paljudele tuntud kui ka baikatekk on 100% puuvillast ning katsudes m\u00f5nus ja pehme.","og_url":"https:\/\/www.loko.ee\/en\/product\/karukapa-mustriga-tume-pleed-2\/","article_modified_time":"2025-07-09T07:16:42+00:00","og_image":[{"width":1421,"height":1421,"url":"https:\/\/www.loko.ee\/wp-content\/uploads\/2020\/11\/Pleed_Viljandimaa_kindakiri_70x175cm_pruun_Loko.jpg","type":"image\/jpeg"}],"twitter_card":"summary_large_image","schema":{"@context":"https:\/\/schema.org","@graph":[{"@type":"WebPage","@id":"https:\/\/www.loko.ee\/en\/product\/karukapa-mustriga-tume-pleed-2\/","url":"https:\/\/www.loko.ee\/en\/product\/karukapa-mustriga-tume-pleed-2\/","name":"Pleed - Pleed Viljandimaa 140x200 - Baikatekk - 100% puuvill - Loko","isPartOf":{"@id":"https:\/\/www.loko.ee\/en\/#website"},"primaryImageOfPage":{"@id":"https:\/\/www.loko.ee\/en\/product\/karukapa-mustriga-tume-pleed-2\/#primaryimage"},"image":{"@id":"https:\/\/www.loko.ee\/en\/product\/karukapa-mustriga-tume-pleed-2\/#primaryimage"},"thumbnailUrl":"https:\/\/www.loko.ee\/wp-content\/uploads\/2020\/11\/Pleed_Viljandimaa_kindakiri_70x175cm_pruun_Loko.jpg","datePublished":"2020-12-01T20:15:33+00:00","dateModified":"2025-07-09T07:16:42+00:00","description":"Tume pleed, mida kaunistab Viljandimaa karuk\u00e4pa muster. Puuvillatekk ehk paljudele tuntud kui ka baikatekk on 100% puuvillast ning katsudes m\u00f5nus ja pehme.","breadcrumb":{"@id":"https:\/\/www.loko.ee\/en\/product\/karukapa-mustriga-tume-pleed-2\/#breadcrumb"},"inLanguage":"en-US","potentialAction":[{"@type":"ReadAction","target":["https:\/\/www.loko.ee\/en\/product\/karukapa-mustriga-tume-pleed-2\/"]}]},{"@type":"ImageObject","inLanguage":"en-US","@id":"https:\/\/www.loko.ee\/en\/product\/karukapa-mustriga-tume-pleed-2\/#primaryimage","url":"https:\/\/www.loko.ee\/wp-content\/uploads\/2020\/11\/Pleed_Viljandimaa_kindakiri_70x175cm_pruun_Loko.jpg","contentUrl":"https:\/\/www.loko.ee\/wp-content\/uploads\/2020\/11\/Pleed_Viljandimaa_kindakiri_70x175cm_pruun_Loko.jpg","width":1421,"height":1421,"caption":"Pleed Viljandimaa kindakiri Eesti disain baikatekk Loko"},{"@type":"BreadcrumbList","@id":"https:\/\/www.loko.ee\/en\/product\/karukapa-mustriga-tume-pleed-2\/#breadcrumb","itemListElement":[{"@type":"ListItem","position":1,"name":"Home","item":"https:\/\/www.loko.ee\/en\/"},{"@type":"ListItem","position":2,"name":"E-pood","item":"https:\/\/www.loko.ee\/en\/e-pood\/"},{"@type":"ListItem","position":3,"name":"Pleed Viljandimaa 140&#215;200"}]},{"@type":"WebSite","@id":"https:\/\/www.loko.ee\/en\/#website","url":"https:\/\/www.loko.ee\/en\/","name":"","description":"Sisustustooted","potentialAction":[{"@type":"SearchAction","target":{"@type":"EntryPoint","urlTemplate":"https:\/\/www.loko.ee\/en\/?s={search_term_string}"},"query-input":{"@type":"PropertyValueSpecification","valueRequired":true,"valueName":"search_term_string"}}],"inLanguage":"en-US"}]}},"_links":{"self":[{"href":"https:\/\/loko.ee\/en\/wp-json\/wp\/v2\/product\/901","targetHints":{"allow":["GET"]}}],"collection":[{"href":"https:\/\/loko.ee\/en\/wp-json\/wp\/v2\/product"}],"about":[{"href":"https:\/\/loko.ee\/en\/wp-json\/wp\/v2\/types\/product"}],"wp:featuredmedia":[{"embeddable":true,"href":"https:\/\/loko.ee\/en\/wp-json\/wp\/v2\/media\/2539"}],"wp:attachment":[{"href":"https:\/\/loko.ee\/en\/wp-json\/wp\/v2\/media?parent=901"}],"wp:term":[{"taxonomy":"product_brand","embeddable":true,"href":"https:\/\/loko.ee\/en\/wp-json\/wp\/v2\/product_brand?post=901"},{"taxonomy":"product_cat","embeddable":true,"href":"https:\/\/loko.ee\/en\/wp-json\/wp\/v2\/product_cat?post=901"},{"taxonomy":"product_tag","embeddable":true,"href":"https:\/\/loko.ee\/en\/wp-json\/wp\/v2\/product_tag?post=901"},{"taxonomy":"woo-feed-brand","embeddable":true,"href":"https:\/\/loko.ee\/en\/wp-json\/wp\/v2\/woo-feed-brand?post=901"}],"curies":[{"name":"wp","href":"https:\/\/api.w.org\/{rel}","templated":true}]}}