{"id":809,"date":"2020-10-21T20:13:43","date_gmt":"2020-10-21T18:13:43","guid":{"rendered":"https:\/\/loko.ee\/?post_type=product&#038;p=809"},"modified":"2026-01-02T16:24:47","modified_gmt":"2026-01-02T14:24:47","slug":"pajalapid-setumaa-mustriga","status":"publish","type":"product","link":"https:\/\/loko.ee\/en\/product\/pajalapid-setumaa-mustriga\/","title":{"rendered":"Pajalapp Setumaa mustriga"},"content":{"rendered":"","protected":false},"excerpt":{"rendered":"<p>Kui sul just sepak\u00e4ed ei ole, siis pajalapid kuluvad ikka \u00e4ra!<br \/>\nPajalapi \u00fchte k\u00fclge kaunistab Setumaa kindakirja muster. Teisel pool tumesinine linane kangas.<\/p>\n<p>Suurus: 20 x 20 cm.<\/p>","protected":false},"featured_media":810,"template":"","meta":[],"product_brand":[],"product_cat":[22,76],"product_tag":[],"woo-feed-brand":[],"class_list":{"0":"post-809","1":"product","2":"type-product","3":"status-publish","4":"has-post-thumbnail","6":"product_cat-koik-tooted","7":"product_cat-pajakindad-ja-pajalapid","9":"first","10":"instock","11":"taxable","12":"shipping-taxable","13":"purchasable","14":"product-type-simple"},"yoast_head":"<!-- This site is optimized with the Yoast SEO plugin v27.2 - https:\/\/yoast.com\/product\/yoast-seo-wordpress\/ -->\n<title>Pajalapp Setumaa mustriga - Kodutekstiil - Eesti disain - Loko<\/title>\n<meta name=\"description\" content=\"Kui sul just sepak\u00e4ed ei ole, siis pajalapid kuluvad ikka \u00e4ra. Pajalapi \u00fchte k\u00fclge kaunistab Setumaa kindakirja muster. Hea kingiidee!\" \/>\n<meta name=\"robots\" content=\"index, follow, max-snippet:-1, max-image-preview:large, max-video-preview:-1\" \/>\n<link rel=\"canonical\" href=\"https:\/\/loko.ee\/en\/product\/pajalapid-setumaa-mustriga\/\" \/>\n<meta property=\"og:locale\" content=\"en_US\" \/>\n<meta property=\"og:type\" content=\"article\" \/>\n<meta property=\"og:title\" content=\"Pajalapp Setumaa mustriga - Kodutekstiil - Eesti disain - Loko\" \/>\n<meta property=\"og:description\" content=\"Kui sul just sepak\u00e4ed ei ole, siis pajalapid kuluvad ikka \u00e4ra. Pajalapi \u00fchte k\u00fclge kaunistab Setumaa kindakirja muster. Hea kingiidee!\" \/>\n<meta property=\"og:url\" content=\"https:\/\/loko.ee\/en\/product\/pajalapid-setumaa-mustriga\/\" \/>\n<meta property=\"article:modified_time\" content=\"2026-01-02T14:24:47+00:00\" \/>\n<meta property=\"og:image\" content=\"https:\/\/loko.ee\/wp-content\/uploads\/2020\/10\/Pajalapid_Setumaa-scaled.jpg\" \/>\n\t<meta property=\"og:image:width\" content=\"2560\" \/>\n\t<meta property=\"og:image:height\" content=\"2560\" \/>\n\t<meta property=\"og:image:type\" content=\"image\/jpeg\" \/>\n<meta name=\"twitter:card\" content=\"summary_large_image\" \/>\n<script type=\"application\/ld+json\" class=\"yoast-schema-graph\">{\"@context\":\"https:\/\/schema.org\",\"@graph\":[{\"@type\":\"WebPage\",\"@id\":\"https:\/\/loko.ee\/en\/product\/pajalapid-setumaa-mustriga\/\",\"url\":\"https:\/\/loko.ee\/en\/product\/pajalapid-setumaa-mustriga\/\",\"name\":\"Pajalapp Setumaa mustriga - Kodutekstiil - Eesti disain - Loko\",\"isPartOf\":{\"@id\":\"https:\/\/loko.ee\/#website\"},\"primaryImageOfPage\":{\"@id\":\"https:\/\/loko.ee\/en\/product\/pajalapid-setumaa-mustriga\/#primaryimage\"},\"image\":{\"@id\":\"https:\/\/loko.ee\/en\/product\/pajalapid-setumaa-mustriga\/#primaryimage\"},\"thumbnailUrl\":\"https:\/\/loko.ee\/wp-content\/uploads\/2020\/10\/Pajalapid_Setumaa-scaled.jpg\",\"datePublished\":\"2020-10-21T18:13:43+00:00\",\"dateModified\":\"2026-01-02T14:24:47+00:00\",\"description\":\"Kui sul just sepak\u00e4ed ei ole, siis pajalapid kuluvad ikka \u00e4ra. Pajalapi \u00fchte k\u00fclge kaunistab Setumaa kindakirja muster. Hea kingiidee!\",\"breadcrumb\":{\"@id\":\"https:\/\/loko.ee\/en\/product\/pajalapid-setumaa-mustriga\/#breadcrumb\"},\"inLanguage\":\"en-US\",\"potentialAction\":[{\"@type\":\"ReadAction\",\"target\":[\"https:\/\/loko.ee\/en\/product\/pajalapid-setumaa-mustriga\/\"]}]},{\"@type\":\"ImageObject\",\"inLanguage\":\"en-US\",\"@id\":\"https:\/\/loko.ee\/en\/product\/pajalapid-setumaa-mustriga\/#primaryimage\",\"url\":\"https:\/\/loko.ee\/wp-content\/uploads\/2020\/10\/Pajalapid_Setumaa-scaled.jpg\",\"contentUrl\":\"https:\/\/loko.ee\/wp-content\/uploads\/2020\/10\/Pajalapid_Setumaa-scaled.jpg\",\"width\":2560,\"height\":2560,\"caption\":\"Pajalapid Setumaa mustriga Loko\"},{\"@type\":\"BreadcrumbList\",\"@id\":\"https:\/\/loko.ee\/en\/product\/pajalapid-setumaa-mustriga\/#breadcrumb\",\"itemListElement\":[{\"@type\":\"ListItem\",\"position\":1,\"name\":\"Home\",\"item\":\"https:\/\/loko.ee\/\"},{\"@type\":\"ListItem\",\"position\":2,\"name\":\"E-pood\",\"item\":\"https:\/\/www.loko.ee\/en\/e-pood\/\"},{\"@type\":\"ListItem\",\"position\":3,\"name\":\"Pajalapp Setumaa mustriga\"}]},{\"@type\":\"WebSite\",\"@id\":\"https:\/\/loko.ee\/#website\",\"url\":\"https:\/\/loko.ee\/\",\"name\":\"\",\"description\":\"Sisustustooted\",\"potentialAction\":[{\"@type\":\"SearchAction\",\"target\":{\"@type\":\"EntryPoint\",\"urlTemplate\":\"https:\/\/loko.ee\/?s={search_term_string}\"},\"query-input\":{\"@type\":\"PropertyValueSpecification\",\"valueRequired\":true,\"valueName\":\"search_term_string\"}}],\"inLanguage\":\"en-US\"}]}<\/script>\n<!-- \/ Yoast SEO plugin. -->","yoast_head_json":{"title":"Pajalapp Setumaa mustriga - Kodutekstiil - Eesti disain - Loko","description":"Kui sul just sepak\u00e4ed ei ole, siis pajalapid kuluvad ikka \u00e4ra. Pajalapi \u00fchte k\u00fclge kaunistab Setumaa kindakirja muster. Hea kingiidee!","robots":{"index":"index","follow":"follow","max-snippet":"max-snippet:-1","max-image-preview":"max-image-preview:large","max-video-preview":"max-video-preview:-1"},"canonical":"https:\/\/loko.ee\/en\/product\/pajalapid-setumaa-mustriga\/","og_locale":"en_US","og_type":"article","og_title":"Pajalapp Setumaa mustriga - Kodutekstiil - Eesti disain - Loko","og_description":"Kui sul just sepak\u00e4ed ei ole, siis pajalapid kuluvad ikka \u00e4ra. Pajalapi \u00fchte k\u00fclge kaunistab Setumaa kindakirja muster. Hea kingiidee!","og_url":"https:\/\/loko.ee\/en\/product\/pajalapid-setumaa-mustriga\/","article_modified_time":"2026-01-02T14:24:47+00:00","og_image":[{"width":2560,"height":2560,"url":"https:\/\/loko.ee\/wp-content\/uploads\/2020\/10\/Pajalapid_Setumaa-scaled.jpg","type":"image\/jpeg"}],"twitter_card":"summary_large_image","schema":{"@context":"https:\/\/schema.org","@graph":[{"@type":"WebPage","@id":"https:\/\/loko.ee\/en\/product\/pajalapid-setumaa-mustriga\/","url":"https:\/\/loko.ee\/en\/product\/pajalapid-setumaa-mustriga\/","name":"Pajalapp Setumaa mustriga - Kodutekstiil - Eesti disain - Loko","isPartOf":{"@id":"https:\/\/loko.ee\/#website"},"primaryImageOfPage":{"@id":"https:\/\/loko.ee\/en\/product\/pajalapid-setumaa-mustriga\/#primaryimage"},"image":{"@id":"https:\/\/loko.ee\/en\/product\/pajalapid-setumaa-mustriga\/#primaryimage"},"thumbnailUrl":"https:\/\/loko.ee\/wp-content\/uploads\/2020\/10\/Pajalapid_Setumaa-scaled.jpg","datePublished":"2020-10-21T18:13:43+00:00","dateModified":"2026-01-02T14:24:47+00:00","description":"Kui sul just sepak\u00e4ed ei ole, siis pajalapid kuluvad ikka \u00e4ra. Pajalapi \u00fchte k\u00fclge kaunistab Setumaa kindakirja muster. Hea kingiidee!","breadcrumb":{"@id":"https:\/\/loko.ee\/en\/product\/pajalapid-setumaa-mustriga\/#breadcrumb"},"inLanguage":"en-US","potentialAction":[{"@type":"ReadAction","target":["https:\/\/loko.ee\/en\/product\/pajalapid-setumaa-mustriga\/"]}]},{"@type":"ImageObject","inLanguage":"en-US","@id":"https:\/\/loko.ee\/en\/product\/pajalapid-setumaa-mustriga\/#primaryimage","url":"https:\/\/loko.ee\/wp-content\/uploads\/2020\/10\/Pajalapid_Setumaa-scaled.jpg","contentUrl":"https:\/\/loko.ee\/wp-content\/uploads\/2020\/10\/Pajalapid_Setumaa-scaled.jpg","width":2560,"height":2560,"caption":"Pajalapid Setumaa mustriga Loko"},{"@type":"BreadcrumbList","@id":"https:\/\/loko.ee\/en\/product\/pajalapid-setumaa-mustriga\/#breadcrumb","itemListElement":[{"@type":"ListItem","position":1,"name":"Home","item":"https:\/\/loko.ee\/"},{"@type":"ListItem","position":2,"name":"E-pood","item":"https:\/\/www.loko.ee\/en\/e-pood\/"},{"@type":"ListItem","position":3,"name":"Pajalapp Setumaa mustriga"}]},{"@type":"WebSite","@id":"https:\/\/loko.ee\/#website","url":"https:\/\/loko.ee\/","name":"","description":"Sisustustooted","potentialAction":[{"@type":"SearchAction","target":{"@type":"EntryPoint","urlTemplate":"https:\/\/loko.ee\/?s={search_term_string}"},"query-input":{"@type":"PropertyValueSpecification","valueRequired":true,"valueName":"search_term_string"}}],"inLanguage":"en-US"}]}},"_links":{"self":[{"href":"https:\/\/loko.ee\/en\/wp-json\/wp\/v2\/product\/809","targetHints":{"allow":["GET"]}}],"collection":[{"href":"https:\/\/loko.ee\/en\/wp-json\/wp\/v2\/product"}],"about":[{"href":"https:\/\/loko.ee\/en\/wp-json\/wp\/v2\/types\/product"}],"wp:featuredmedia":[{"embeddable":true,"href":"https:\/\/loko.ee\/en\/wp-json\/wp\/v2\/media\/810"}],"wp:attachment":[{"href":"https:\/\/loko.ee\/en\/wp-json\/wp\/v2\/media?parent=809"}],"wp:term":[{"taxonomy":"product_brand","embeddable":true,"href":"https:\/\/loko.ee\/en\/wp-json\/wp\/v2\/product_brand?post=809"},{"taxonomy":"product_cat","embeddable":true,"href":"https:\/\/loko.ee\/en\/wp-json\/wp\/v2\/product_cat?post=809"},{"taxonomy":"product_tag","embeddable":true,"href":"https:\/\/loko.ee\/en\/wp-json\/wp\/v2\/product_tag?post=809"},{"taxonomy":"woo-feed-brand","embeddable":true,"href":"https:\/\/loko.ee\/en\/wp-json\/wp\/v2\/woo-feed-brand?post=809"}],"curies":[{"name":"wp","href":"https:\/\/api.w.org\/{rel}","templated":true}]}}