{"id":484,"date":"2020-05-11T14:21:30","date_gmt":"2020-05-11T12:21:30","guid":{"rendered":"https:\/\/loko.ee\/?post_type=product&#038;p=484"},"modified":"2025-12-07T12:34:08","modified_gmt":"2025-12-07T10:34:08","slug":"pitsu","status":"publish","type":"product","link":"https:\/\/loko.ee\/en\/product\/pitsu\/","title":{"rendered":"Small Bench Hiiumaa"},"content":{"rendered":"","protected":false},"excerpt":{"rendered":"<p>Mis imeloom see Pitsu on? Hiiumaal nimetatakse pitsuks v\u00e4ikest puidust pinki, mis on olnud asendamatu abiline igas talus nii lehma l\u00fcpsmisel kui pliidisuu ees tuld tehes.<\/p>\n<p>Tore abimees on ta ka t\u00e4nap\u00e4eval:<br \/>\n&#8211; Kui \u00f5htul telekat vaadates tahaks jalad \u00fcles visata ja kuskile peale toetada, siis sobib pitsu selleks ideaalselt.<br \/>\n&#8211; Pitsu aitab h\u00e4dast v\u00e4lja ka siis, kui \u00fclemiselt riiulilt asjade v\u00f5tmiseks oleks v\u00e4ikest astet vaja.<br \/>\n&#8211; Tore madal istumine pere pisematele ning aitab vajadusel ka kraanikausini ulatuda, et lihtsam oleks hambaid ja k\u00e4si pesta.<\/p>\n<p>Pehme pitsu on kaetud Hiiumaa Hanikatsi k\u00e4rbsekirja kangaga. Valmistatud m\u00e4nnipuust ja t\u00f6\u00f6deldud puidu\u00f5liga.<br \/>\nSuurus: k\u00f5rgus 30 cm, laius 23 cm.<\/p>","protected":false},"featured_media":1814,"template":"","meta":[],"product_brand":[],"product_cat":[22,27],"product_tag":[],"woo-feed-brand":[],"class_list":{"0":"post-484","1":"product","2":"type-product","3":"status-publish","4":"has-post-thumbnail","6":"product_cat-koik-tooted","7":"product_cat-muu","9":"first","10":"instock","11":"taxable","12":"shipping-taxable","13":"purchasable","14":"product-type-simple"},"yoast_head":"<!-- This site is optimized with the Yoast SEO plugin v27.2 - https:\/\/yoast.com\/product\/yoast-seo-wordpress\/ -->\n<title>Pehme pitsu - Pitsu k\u00e4rbsemustriga - Puidust pink - M\u00e4nnipuust - Loko<\/title>\n<meta name=\"description\" content=\"Pehme pitsu on Hiiumaal v\u00e4ike puidust pink, mis on olnud asendamatu abiline igas talus nii lehma l\u00fcpsmisel kui pliidisuu ees tuld tehes.\" \/>\n<meta name=\"robots\" content=\"index, follow, max-snippet:-1, max-image-preview:large, max-video-preview:-1\" \/>\n<link rel=\"canonical\" href=\"https:\/\/loko.ee\/en\/product\/pitsu\/\" \/>\n<meta property=\"og:locale\" content=\"en_US\" \/>\n<meta property=\"og:type\" content=\"article\" \/>\n<meta property=\"og:title\" content=\"Pehme pitsu - Pitsu k\u00e4rbsemustriga - Puidust pink - M\u00e4nnipuust - Loko\" \/>\n<meta property=\"og:description\" content=\"Pehme pitsu on Hiiumaal v\u00e4ike puidust pink, mis on olnud asendamatu abiline igas talus nii lehma l\u00fcpsmisel kui pliidisuu ees tuld tehes.\" \/>\n<meta property=\"og:url\" content=\"https:\/\/loko.ee\/en\/product\/pitsu\/\" \/>\n<meta property=\"article:modified_time\" content=\"2025-12-07T10:34:08+00:00\" \/>\n<meta property=\"og:image\" content=\"https:\/\/loko.ee\/wp-content\/uploads\/2020\/05\/Pitsu_Hiiumaa_Hanikatsi_ka\u0308rbsekiri_Loko.jpg\" \/>\n\t<meta property=\"og:image:width\" content=\"1362\" \/>\n\t<meta property=\"og:image:height\" content=\"1362\" \/>\n\t<meta property=\"og:image:type\" content=\"image\/jpeg\" \/>\n<meta name=\"twitter:card\" content=\"summary_large_image\" \/>\n<meta name=\"twitter:label1\" content=\"Est. reading time\" \/>\n\t<meta name=\"twitter:data1\" content=\"1 minute\" \/>\n<script type=\"application\/ld+json\" class=\"yoast-schema-graph\">{\"@context\":\"https:\/\/schema.org\",\"@graph\":[{\"@type\":\"WebPage\",\"@id\":\"https:\/\/loko.ee\/en\/product\/pitsu\/\",\"url\":\"https:\/\/loko.ee\/en\/product\/pitsu\/\",\"name\":\"Pehme pitsu - Pitsu k\u00e4rbsemustriga - Puidust pink - M\u00e4nnipuust - Loko\",\"isPartOf\":{\"@id\":\"https:\/\/www.loko.ee\/#website\"},\"primaryImageOfPage\":{\"@id\":\"https:\/\/loko.ee\/en\/product\/pitsu\/#primaryimage\"},\"image\":{\"@id\":\"https:\/\/loko.ee\/en\/product\/pitsu\/#primaryimage\"},\"thumbnailUrl\":\"https:\/\/loko.ee\/wp-content\/uploads\/2020\/05\/Pitsu_Hiiumaa_Hanikatsi_ka\u0308rbsekiri_Loko.jpg\",\"datePublished\":\"2020-05-11T12:21:30+00:00\",\"dateModified\":\"2025-12-07T10:34:08+00:00\",\"description\":\"Pehme pitsu on Hiiumaal v\u00e4ike puidust pink, mis on olnud asendamatu abiline igas talus nii lehma l\u00fcpsmisel kui pliidisuu ees tuld tehes.\",\"breadcrumb\":{\"@id\":\"https:\/\/loko.ee\/en\/product\/pitsu\/#breadcrumb\"},\"inLanguage\":\"en-US\",\"potentialAction\":[{\"@type\":\"ReadAction\",\"target\":[\"https:\/\/loko.ee\/en\/product\/pitsu\/\"]}]},{\"@type\":\"ImageObject\",\"inLanguage\":\"en-US\",\"@id\":\"https:\/\/loko.ee\/en\/product\/pitsu\/#primaryimage\",\"url\":\"https:\/\/loko.ee\/wp-content\/uploads\/2020\/05\/Pitsu_Hiiumaa_Hanikatsi_ka\u0308rbsekiri_Loko.jpg\",\"contentUrl\":\"https:\/\/loko.ee\/wp-content\/uploads\/2020\/05\/Pitsu_Hiiumaa_Hanikatsi_ka\u0308rbsekiri_Loko.jpg\",\"width\":1362,\"height\":1362,\"caption\":\"Pitsu Hiiumaa Hanikatsi k\u00e4rbsekiri Loko\"},{\"@type\":\"BreadcrumbList\",\"@id\":\"https:\/\/loko.ee\/en\/product\/pitsu\/#breadcrumb\",\"itemListElement\":[{\"@type\":\"ListItem\",\"position\":1,\"name\":\"Home\",\"item\":\"https:\/\/www.loko.ee\/\"},{\"@type\":\"ListItem\",\"position\":2,\"name\":\"E-pood\",\"item\":\"https:\/\/loko.ee\/en\/e-pood\/\"},{\"@type\":\"ListItem\",\"position\":3,\"name\":\"Pitsu k\u00e4rbsemustriga\"}]},{\"@type\":\"WebSite\",\"@id\":\"https:\/\/www.loko.ee\/#website\",\"url\":\"https:\/\/www.loko.ee\/\",\"name\":\"\",\"description\":\"Sisustustooted\",\"potentialAction\":[{\"@type\":\"SearchAction\",\"target\":{\"@type\":\"EntryPoint\",\"urlTemplate\":\"https:\/\/www.loko.ee\/?s={search_term_string}\"},\"query-input\":{\"@type\":\"PropertyValueSpecification\",\"valueRequired\":true,\"valueName\":\"search_term_string\"}}],\"inLanguage\":\"en-US\"}]}<\/script>\n<!-- \/ Yoast SEO plugin. -->","yoast_head_json":{"title":"Pehme pitsu - Pitsu k\u00e4rbsemustriga - Puidust pink - M\u00e4nnipuust - Loko","description":"Pehme pitsu on Hiiumaal v\u00e4ike puidust pink, mis on olnud asendamatu abiline igas talus nii lehma l\u00fcpsmisel kui pliidisuu ees tuld tehes.","robots":{"index":"index","follow":"follow","max-snippet":"max-snippet:-1","max-image-preview":"max-image-preview:large","max-video-preview":"max-video-preview:-1"},"canonical":"https:\/\/loko.ee\/en\/product\/pitsu\/","og_locale":"en_US","og_type":"article","og_title":"Pehme pitsu - Pitsu k\u00e4rbsemustriga - Puidust pink - M\u00e4nnipuust - Loko","og_description":"Pehme pitsu on Hiiumaal v\u00e4ike puidust pink, mis on olnud asendamatu abiline igas talus nii lehma l\u00fcpsmisel kui pliidisuu ees tuld tehes.","og_url":"https:\/\/loko.ee\/en\/product\/pitsu\/","article_modified_time":"2025-12-07T10:34:08+00:00","og_image":[{"width":1362,"height":1362,"url":"https:\/\/loko.ee\/wp-content\/uploads\/2020\/05\/Pitsu_Hiiumaa_Hanikatsi_ka\u0308rbsekiri_Loko.jpg","type":"image\/jpeg"}],"twitter_card":"summary_large_image","twitter_misc":{"Est. reading time":"1 minute"},"schema":{"@context":"https:\/\/schema.org","@graph":[{"@type":"WebPage","@id":"https:\/\/loko.ee\/en\/product\/pitsu\/","url":"https:\/\/loko.ee\/en\/product\/pitsu\/","name":"Pehme pitsu - Pitsu k\u00e4rbsemustriga - Puidust pink - M\u00e4nnipuust - Loko","isPartOf":{"@id":"https:\/\/www.loko.ee\/#website"},"primaryImageOfPage":{"@id":"https:\/\/loko.ee\/en\/product\/pitsu\/#primaryimage"},"image":{"@id":"https:\/\/loko.ee\/en\/product\/pitsu\/#primaryimage"},"thumbnailUrl":"https:\/\/loko.ee\/wp-content\/uploads\/2020\/05\/Pitsu_Hiiumaa_Hanikatsi_ka\u0308rbsekiri_Loko.jpg","datePublished":"2020-05-11T12:21:30+00:00","dateModified":"2025-12-07T10:34:08+00:00","description":"Pehme pitsu on Hiiumaal v\u00e4ike puidust pink, mis on olnud asendamatu abiline igas talus nii lehma l\u00fcpsmisel kui pliidisuu ees tuld tehes.","breadcrumb":{"@id":"https:\/\/loko.ee\/en\/product\/pitsu\/#breadcrumb"},"inLanguage":"en-US","potentialAction":[{"@type":"ReadAction","target":["https:\/\/loko.ee\/en\/product\/pitsu\/"]}]},{"@type":"ImageObject","inLanguage":"en-US","@id":"https:\/\/loko.ee\/en\/product\/pitsu\/#primaryimage","url":"https:\/\/loko.ee\/wp-content\/uploads\/2020\/05\/Pitsu_Hiiumaa_Hanikatsi_ka\u0308rbsekiri_Loko.jpg","contentUrl":"https:\/\/loko.ee\/wp-content\/uploads\/2020\/05\/Pitsu_Hiiumaa_Hanikatsi_ka\u0308rbsekiri_Loko.jpg","width":1362,"height":1362,"caption":"Pitsu Hiiumaa Hanikatsi k\u00e4rbsekiri Loko"},{"@type":"BreadcrumbList","@id":"https:\/\/loko.ee\/en\/product\/pitsu\/#breadcrumb","itemListElement":[{"@type":"ListItem","position":1,"name":"Home","item":"https:\/\/www.loko.ee\/"},{"@type":"ListItem","position":2,"name":"E-pood","item":"https:\/\/loko.ee\/en\/e-pood\/"},{"@type":"ListItem","position":3,"name":"Pitsu k\u00e4rbsemustriga"}]},{"@type":"WebSite","@id":"https:\/\/www.loko.ee\/#website","url":"https:\/\/www.loko.ee\/","name":"","description":"Sisustustooted","potentialAction":[{"@type":"SearchAction","target":{"@type":"EntryPoint","urlTemplate":"https:\/\/www.loko.ee\/?s={search_term_string}"},"query-input":{"@type":"PropertyValueSpecification","valueRequired":true,"valueName":"search_term_string"}}],"inLanguage":"en-US"}]}},"_links":{"self":[{"href":"https:\/\/loko.ee\/en\/wp-json\/wp\/v2\/product\/484","targetHints":{"allow":["GET"]}}],"collection":[{"href":"https:\/\/loko.ee\/en\/wp-json\/wp\/v2\/product"}],"about":[{"href":"https:\/\/loko.ee\/en\/wp-json\/wp\/v2\/types\/product"}],"wp:featuredmedia":[{"embeddable":true,"href":"https:\/\/loko.ee\/en\/wp-json\/wp\/v2\/media\/1814"}],"wp:attachment":[{"href":"https:\/\/loko.ee\/en\/wp-json\/wp\/v2\/media?parent=484"}],"wp:term":[{"taxonomy":"product_brand","embeddable":true,"href":"https:\/\/loko.ee\/en\/wp-json\/wp\/v2\/product_brand?post=484"},{"taxonomy":"product_cat","embeddable":true,"href":"https:\/\/loko.ee\/en\/wp-json\/wp\/v2\/product_cat?post=484"},{"taxonomy":"product_tag","embeddable":true,"href":"https:\/\/loko.ee\/en\/wp-json\/wp\/v2\/product_tag?post=484"},{"taxonomy":"woo-feed-brand","embeddable":true,"href":"https:\/\/loko.ee\/en\/wp-json\/wp\/v2\/woo-feed-brand?post=484"}],"curies":[{"name":"wp","href":"https:\/\/api.w.org\/{rel}","templated":true}]}}