{"id":45,"date":"2020-01-01T21:30:06","date_gmt":"2020-01-01T19:30:06","guid":{"rendered":"http:\/\/loko.ee\/?post_type=product&#038;p=45"},"modified":"2026-02-15T12:58:54","modified_gmt":"2026-02-15T10:58:54","slug":"karbsemustriga-pleed","status":"publish","type":"product","link":"https:\/\/loko.ee\/en\/product\/karbsemustriga-pleed\/","title":{"rendered":"Pleed Hiiumaa k\u00e4rbsekiri 140&#215;200 hall"},"content":{"rendered":"","protected":false},"excerpt":{"rendered":"<p>Puuvillatekk ehk paljudele tuntud kui ka baikatekk on 100% puuvillast ning katsudes m\u00f5nus ja pehme.\u00a0 Tekk on kaunistatud Hiiumaa k\u00e4rbsekirja mustriga.<br \/>\nSobib kasutada nii teki, pleedi kui voodikattena.<\/p>\n<p>Koostis 100 % puuvill.<br \/>\nSuurus 140 x 200 cm.<br \/>\nV\u00f5ib pesta pesumasinas 40 kraadi juures.<\/p>","protected":false},"featured_media":2507,"template":"","meta":[],"product_brand":[],"product_cat":[22,18],"product_tag":[],"woo-feed-brand":[],"class_list":{"0":"post-45","1":"product","2":"type-product","3":"status-publish","4":"has-post-thumbnail","6":"product_cat-koik-tooted","7":"product_cat-pleedid","9":"first","10":"instock","11":"taxable","12":"shipping-taxable","13":"purchasable","14":"product-type-simple"},"yoast_head":"<!-- This site is optimized with the Yoast SEO plugin v27.4 - https:\/\/yoast.com\/product\/yoast-seo-wordpress\/ -->\n<title>Baikatekk - Pleed Hiiumaa k\u00e4rbsekiri 140x200 hall - Loko - 100% puuvill<\/title>\n<meta name=\"description\" content=\"Baikatekk on Hiiumaa k\u00e4rbsekirja ainetel kootud. M\u00f5nus ja pehme. Sobib kasutada nii teki, pleedi kui voodikattena. Koostis 100% puuvill.\" \/>\n<meta name=\"robots\" content=\"index, follow, max-snippet:-1, max-image-preview:large, max-video-preview:-1\" \/>\n<link rel=\"canonical\" href=\"https:\/\/www.loko.ee\/toode\/karbsemustriga-pleed\/\" \/>\n<meta property=\"og:locale\" content=\"en_US\" \/>\n<meta property=\"og:type\" content=\"article\" \/>\n<meta property=\"og:title\" content=\"Baikatekk - Pleed Hiiumaa k\u00e4rbsekiri 140x200 hall - Loko - 100% puuvill\" \/>\n<meta property=\"og:description\" content=\"Baikatekk on Hiiumaa k\u00e4rbsekirja ainetel kootud. M\u00f5nus ja pehme. Sobib kasutada nii teki, pleedi kui voodikattena. Koostis 100% puuvill.\" \/>\n<meta property=\"og:url\" content=\"https:\/\/www.loko.ee\/toode\/karbsemustriga-pleed\/\" \/>\n<meta property=\"article:modified_time\" content=\"2026-02-15T10:58:54+00:00\" \/>\n<meta property=\"og:image\" content=\"https:\/\/www.loko.ee\/wp-content\/uploads\/2023\/07\/Pleed_Hiiumaa_Hanikatsi_Loko.jpg\" \/>\n\t<meta property=\"og:image:width\" content=\"1415\" \/>\n\t<meta property=\"og:image:height\" content=\"1415\" \/>\n\t<meta property=\"og:image:type\" content=\"image\/jpeg\" \/>\n<meta name=\"twitter:card\" content=\"summary_large_image\" \/>\n<script type=\"application\/ld+json\" class=\"yoast-schema-graph\">{\"@context\":\"https:\\\/\\\/schema.org\",\"@graph\":[{\"@type\":\"WebPage\",\"@id\":\"https:\\\/\\\/www.loko.ee\\\/toode\\\/karbsemustriga-pleed\\\/\",\"url\":\"https:\\\/\\\/www.loko.ee\\\/toode\\\/karbsemustriga-pleed\\\/\",\"name\":\"Baikatekk - Pleed Hiiumaa k\u00e4rbsekiri 140x200 hall - Loko - 100% puuvill\",\"isPartOf\":{\"@id\":\"https:\\\/\\\/www.loko.ee\\\/#website\"},\"primaryImageOfPage\":{\"@id\":\"https:\\\/\\\/www.loko.ee\\\/toode\\\/karbsemustriga-pleed\\\/#primaryimage\"},\"image\":{\"@id\":\"https:\\\/\\\/www.loko.ee\\\/toode\\\/karbsemustriga-pleed\\\/#primaryimage\"},\"thumbnailUrl\":\"https:\\\/\\\/loko.ee\\\/wp-content\\\/uploads\\\/2023\\\/07\\\/Pleed_Hiiumaa_Hanikatsi_Loko.jpg\",\"datePublished\":\"2020-01-01T19:30:06+00:00\",\"dateModified\":\"2026-02-15T10:58:54+00:00\",\"description\":\"Baikatekk on Hiiumaa k\u00e4rbsekirja ainetel kootud. M\u00f5nus ja pehme. Sobib kasutada nii teki, pleedi kui voodikattena. Koostis 100% puuvill.\",\"breadcrumb\":{\"@id\":\"https:\\\/\\\/www.loko.ee\\\/toode\\\/karbsemustriga-pleed\\\/#breadcrumb\"},\"inLanguage\":\"en-US\",\"potentialAction\":[{\"@type\":\"ReadAction\",\"target\":[\"https:\\\/\\\/www.loko.ee\\\/toode\\\/karbsemustriga-pleed\\\/\"]}]},{\"@type\":\"ImageObject\",\"inLanguage\":\"en-US\",\"@id\":\"https:\\\/\\\/www.loko.ee\\\/toode\\\/karbsemustriga-pleed\\\/#primaryimage\",\"url\":\"https:\\\/\\\/loko.ee\\\/wp-content\\\/uploads\\\/2023\\\/07\\\/Pleed_Hiiumaa_Hanikatsi_Loko.jpg\",\"contentUrl\":\"https:\\\/\\\/loko.ee\\\/wp-content\\\/uploads\\\/2023\\\/07\\\/Pleed_Hiiumaa_Hanikatsi_Loko.jpg\",\"width\":1415,\"height\":1415,\"caption\":\"Pleed baikatekk Hiiumaa Hanikatsi k\u00e4rbsekiri Loko\"},{\"@type\":\"BreadcrumbList\",\"@id\":\"https:\\\/\\\/www.loko.ee\\\/toode\\\/karbsemustriga-pleed\\\/#breadcrumb\",\"itemListElement\":[{\"@type\":\"ListItem\",\"position\":1,\"name\":\"Home\",\"item\":\"https:\\\/\\\/www.loko.ee\\\/\"},{\"@type\":\"ListItem\",\"position\":2,\"name\":\"E-pood\",\"item\":\"https:\\\/\\\/www.loko.ee\\\/e-pood\\\/\"},{\"@type\":\"ListItem\",\"position\":3,\"name\":\"Pleed Hiiumaa k\u00e4rbsekiri 140&#215;200 hall\"}]},{\"@type\":\"WebSite\",\"@id\":\"https:\\\/\\\/www.loko.ee\\\/#website\",\"url\":\"https:\\\/\\\/www.loko.ee\\\/\",\"name\":\"\",\"description\":\"Sisustustooted\",\"potentialAction\":[{\"@type\":\"SearchAction\",\"target\":{\"@type\":\"EntryPoint\",\"urlTemplate\":\"https:\\\/\\\/www.loko.ee\\\/?s={search_term_string}\"},\"query-input\":{\"@type\":\"PropertyValueSpecification\",\"valueRequired\":true,\"valueName\":\"search_term_string\"}}],\"inLanguage\":\"en-US\"}]}<\/script>\n<!-- \/ Yoast SEO plugin. -->","yoast_head_json":{"title":"Baikatekk - Pleed Hiiumaa k\u00e4rbsekiri 140x200 hall - Loko - 100% puuvill","description":"Baikatekk on Hiiumaa k\u00e4rbsekirja ainetel kootud. M\u00f5nus ja pehme. Sobib kasutada nii teki, pleedi kui voodikattena. Koostis 100% puuvill.","robots":{"index":"index","follow":"follow","max-snippet":"max-snippet:-1","max-image-preview":"max-image-preview:large","max-video-preview":"max-video-preview:-1"},"canonical":"https:\/\/www.loko.ee\/toode\/karbsemustriga-pleed\/","og_locale":"en_US","og_type":"article","og_title":"Baikatekk - Pleed Hiiumaa k\u00e4rbsekiri 140x200 hall - Loko - 100% puuvill","og_description":"Baikatekk on Hiiumaa k\u00e4rbsekirja ainetel kootud. M\u00f5nus ja pehme. Sobib kasutada nii teki, pleedi kui voodikattena. Koostis 100% puuvill.","og_url":"https:\/\/www.loko.ee\/toode\/karbsemustriga-pleed\/","article_modified_time":"2026-02-15T10:58:54+00:00","og_image":[{"width":1415,"height":1415,"url":"https:\/\/www.loko.ee\/wp-content\/uploads\/2023\/07\/Pleed_Hiiumaa_Hanikatsi_Loko.jpg","type":"image\/jpeg"}],"twitter_card":"summary_large_image","schema":{"@context":"https:\/\/schema.org","@graph":[{"@type":"WebPage","@id":"https:\/\/www.loko.ee\/toode\/karbsemustriga-pleed\/","url":"https:\/\/www.loko.ee\/toode\/karbsemustriga-pleed\/","name":"Baikatekk - Pleed Hiiumaa k\u00e4rbsekiri 140x200 hall - Loko - 100% puuvill","isPartOf":{"@id":"https:\/\/www.loko.ee\/#website"},"primaryImageOfPage":{"@id":"https:\/\/www.loko.ee\/toode\/karbsemustriga-pleed\/#primaryimage"},"image":{"@id":"https:\/\/www.loko.ee\/toode\/karbsemustriga-pleed\/#primaryimage"},"thumbnailUrl":"https:\/\/loko.ee\/wp-content\/uploads\/2023\/07\/Pleed_Hiiumaa_Hanikatsi_Loko.jpg","datePublished":"2020-01-01T19:30:06+00:00","dateModified":"2026-02-15T10:58:54+00:00","description":"Baikatekk on Hiiumaa k\u00e4rbsekirja ainetel kootud. M\u00f5nus ja pehme. Sobib kasutada nii teki, pleedi kui voodikattena. Koostis 100% puuvill.","breadcrumb":{"@id":"https:\/\/www.loko.ee\/toode\/karbsemustriga-pleed\/#breadcrumb"},"inLanguage":"en-US","potentialAction":[{"@type":"ReadAction","target":["https:\/\/www.loko.ee\/toode\/karbsemustriga-pleed\/"]}]},{"@type":"ImageObject","inLanguage":"en-US","@id":"https:\/\/www.loko.ee\/toode\/karbsemustriga-pleed\/#primaryimage","url":"https:\/\/loko.ee\/wp-content\/uploads\/2023\/07\/Pleed_Hiiumaa_Hanikatsi_Loko.jpg","contentUrl":"https:\/\/loko.ee\/wp-content\/uploads\/2023\/07\/Pleed_Hiiumaa_Hanikatsi_Loko.jpg","width":1415,"height":1415,"caption":"Pleed baikatekk Hiiumaa Hanikatsi k\u00e4rbsekiri Loko"},{"@type":"BreadcrumbList","@id":"https:\/\/www.loko.ee\/toode\/karbsemustriga-pleed\/#breadcrumb","itemListElement":[{"@type":"ListItem","position":1,"name":"Home","item":"https:\/\/www.loko.ee\/"},{"@type":"ListItem","position":2,"name":"E-pood","item":"https:\/\/www.loko.ee\/e-pood\/"},{"@type":"ListItem","position":3,"name":"Pleed Hiiumaa k\u00e4rbsekiri 140&#215;200 hall"}]},{"@type":"WebSite","@id":"https:\/\/www.loko.ee\/#website","url":"https:\/\/www.loko.ee\/","name":"","description":"Sisustustooted","potentialAction":[{"@type":"SearchAction","target":{"@type":"EntryPoint","urlTemplate":"https:\/\/www.loko.ee\/?s={search_term_string}"},"query-input":{"@type":"PropertyValueSpecification","valueRequired":true,"valueName":"search_term_string"}}],"inLanguage":"en-US"}]}},"_links":{"self":[{"href":"https:\/\/loko.ee\/en\/wp-json\/wp\/v2\/product\/45","targetHints":{"allow":["GET"]}}],"collection":[{"href":"https:\/\/loko.ee\/en\/wp-json\/wp\/v2\/product"}],"about":[{"href":"https:\/\/loko.ee\/en\/wp-json\/wp\/v2\/types\/product"}],"wp:featuredmedia":[{"embeddable":true,"href":"https:\/\/loko.ee\/en\/wp-json\/wp\/v2\/media\/2507"}],"wp:attachment":[{"href":"https:\/\/loko.ee\/en\/wp-json\/wp\/v2\/media?parent=45"}],"wp:term":[{"taxonomy":"product_brand","embeddable":true,"href":"https:\/\/loko.ee\/en\/wp-json\/wp\/v2\/product_brand?post=45"},{"taxonomy":"product_cat","embeddable":true,"href":"https:\/\/loko.ee\/en\/wp-json\/wp\/v2\/product_cat?post=45"},{"taxonomy":"product_tag","embeddable":true,"href":"https:\/\/loko.ee\/en\/wp-json\/wp\/v2\/product_tag?post=45"},{"taxonomy":"woo-feed-brand","embeddable":true,"href":"https:\/\/loko.ee\/en\/wp-json\/wp\/v2\/woo-feed-brand?post=45"}],"curies":[{"name":"wp","href":"https:\/\/api.w.org\/{rel}","templated":true}]}}