{"id":3950,"date":"2025-10-08T13:50:47","date_gmt":"2025-10-08T11:50:47","guid":{"rendered":"https:\/\/loko.ee\/?post_type=product&#038;p=3950"},"modified":"2026-01-12T15:53:57","modified_gmt":"2026-01-12T13:53:57","slug":"kaisumommi-kaheksakanna","status":"publish","type":"product","link":"https:\/\/loko.ee\/en\/product\/kaisumommi-kaheksakanna\/","title":{"rendered":"Kaisum\u00f5mmi kaheksakanna"},"content":{"rendered":"","protected":false},"excerpt":{"rendered":"<p data-start=\"152\" data-end=\"321\">Pisike ja nunnu kaisum\u00f5mmi on loodud selleks, et pakkuda lastele soojust ja turvatunnet. T\u00e4nu oma parajale suurusele on tal mugav koht nii lapse kaenlas kui ka kaisus.<\/p>\n<p data-start=\"323\" data-end=\"519\">Iga m\u00f5mmi on valminud hoolikalt k\u00e4sit\u00f6\u00f6na, seega on ta alati kordumatu ja eriline. Sobib ideaalselt kingituseks nii poisile kui t\u00fcdrukule \u2013 olgu see s\u00fcnnip\u00e4ev, j\u00f5ulud v\u00f5i lihtsalt armas \u00fcllatus.<\/p>\n<p>M\u00f5mmi on valmistatud Hiiumaa kaheksakanna mustriga kangast. Pehme loomake on 20 cm pikk.<\/p>\n<p>Hooldus: masinpestav 30 \u00b0C juures.<br \/>\nT\u00e4idis: Pol\u00fcester (OEKO-TEX\u00ae STANDARD)<\/p>","protected":false},"featured_media":3956,"template":"","meta":[],"product_brand":[],"product_cat":[22,33],"product_tag":[],"woo-feed-brand":[],"class_list":{"0":"post-3950","1":"product","2":"type-product","3":"status-publish","4":"has-post-thumbnail","6":"product_cat-koik-tooted","7":"product_cat-lastele","9":"first","10":"instock","11":"taxable","12":"shipping-taxable","13":"purchasable","14":"product-type-simple"},"yoast_head":"<!-- This site is optimized with the Yoast SEO plugin v27.2 - https:\/\/yoast.com\/product\/yoast-seo-wordpress\/ -->\n<title>Kaisum\u00f5mmi kaheksakanna - K\u00e4sit\u00f6\u00f6 m\u00e4nguasjad - Kingiidee - Loko<\/title>\n<meta name=\"description\" content=\"Pisike ja nunnu k\u00e4sit\u00f6\u00f6 m\u00e4nguasi, mida v\u00e4ikestel mudilastel mugav kaenlasse haarata ning kaisutada. Sobib kingiks nii poisile kui t\u00fcdrukule.\" \/>\n<meta name=\"robots\" content=\"index, follow, max-snippet:-1, max-image-preview:large, max-video-preview:-1\" \/>\n<link rel=\"canonical\" href=\"http:\/\/loko.ee\/en\/product\/kaisumommi-kaheksakanna\/\" \/>\n<meta property=\"og:locale\" content=\"en_US\" \/>\n<meta property=\"og:type\" content=\"article\" \/>\n<meta property=\"og:title\" content=\"Kaisum\u00f5mmi kaheksakanna - K\u00e4sit\u00f6\u00f6 m\u00e4nguasjad - Kingiidee - Loko\" \/>\n<meta property=\"og:description\" content=\"Pisike ja nunnu k\u00e4sit\u00f6\u00f6 m\u00e4nguasi, mida v\u00e4ikestel mudilastel mugav kaenlasse haarata ning kaisutada. Sobib kingiks nii poisile kui t\u00fcdrukule.\" \/>\n<meta property=\"og:url\" content=\"http:\/\/loko.ee\/en\/product\/kaisumommi-kaheksakanna\/\" \/>\n<meta property=\"article:modified_time\" content=\"2026-01-12T13:53:57+00:00\" \/>\n<meta property=\"og:image\" content=\"https:\/\/loko.ee\/wp-content\/uploads\/2025\/10\/Kaisumommi_kaheksakanna_Loko-scaled.jpg\" \/>\n\t<meta property=\"og:image:width\" content=\"2560\" \/>\n\t<meta property=\"og:image:height\" content=\"2560\" \/>\n\t<meta property=\"og:image:type\" content=\"image\/jpeg\" \/>\n<meta name=\"twitter:card\" content=\"summary_large_image\" \/>\n<meta name=\"twitter:label1\" content=\"Est. reading time\" \/>\n\t<meta name=\"twitter:data1\" content=\"1 minute\" \/>\n<script type=\"application\/ld+json\" class=\"yoast-schema-graph\">{\"@context\":\"https:\/\/schema.org\",\"@graph\":[{\"@type\":\"WebPage\",\"@id\":\"http:\/\/loko.ee\/en\/product\/kaisumommi-kaheksakanna\/\",\"url\":\"http:\/\/loko.ee\/en\/product\/kaisumommi-kaheksakanna\/\",\"name\":\"Kaisum\u00f5mmi kaheksakanna - K\u00e4sit\u00f6\u00f6 m\u00e4nguasjad - Kingiidee - Loko\",\"isPartOf\":{\"@id\":\"https:\/\/loko.ee\/#website\"},\"primaryImageOfPage\":{\"@id\":\"http:\/\/loko.ee\/en\/product\/kaisumommi-kaheksakanna\/#primaryimage\"},\"image\":{\"@id\":\"http:\/\/loko.ee\/en\/product\/kaisumommi-kaheksakanna\/#primaryimage\"},\"thumbnailUrl\":\"https:\/\/loko.ee\/wp-content\/uploads\/2025\/10\/Kaisumommi_kaheksakanna_Loko-scaled.jpg\",\"datePublished\":\"2025-10-08T11:50:47+00:00\",\"dateModified\":\"2026-01-12T13:53:57+00:00\",\"description\":\"Pisike ja nunnu k\u00e4sit\u00f6\u00f6 m\u00e4nguasi, mida v\u00e4ikestel mudilastel mugav kaenlasse haarata ning kaisutada. Sobib kingiks nii poisile kui t\u00fcdrukule.\",\"breadcrumb\":{\"@id\":\"http:\/\/loko.ee\/en\/product\/kaisumommi-kaheksakanna\/#breadcrumb\"},\"inLanguage\":\"en-US\",\"potentialAction\":[{\"@type\":\"ReadAction\",\"target\":[\"http:\/\/loko.ee\/en\/product\/kaisumommi-kaheksakanna\/\"]}]},{\"@type\":\"ImageObject\",\"inLanguage\":\"en-US\",\"@id\":\"http:\/\/loko.ee\/en\/product\/kaisumommi-kaheksakanna\/#primaryimage\",\"url\":\"https:\/\/loko.ee\/wp-content\/uploads\/2025\/10\/Kaisumommi_kaheksakanna_Loko-scaled.jpg\",\"contentUrl\":\"https:\/\/loko.ee\/wp-content\/uploads\/2025\/10\/Kaisumommi_kaheksakanna_Loko-scaled.jpg\",\"width\":2560,\"height\":2560,\"caption\":\"Kaisum\u00f5mmi k\u00e4sit\u00f6\u00f6 m\u00e4nguasi Loko\"},{\"@type\":\"BreadcrumbList\",\"@id\":\"http:\/\/loko.ee\/en\/product\/kaisumommi-kaheksakanna\/#breadcrumb\",\"itemListElement\":[{\"@type\":\"ListItem\",\"position\":1,\"name\":\"Home\",\"item\":\"https:\/\/www.loko.ee\/en\/\"},{\"@type\":\"ListItem\",\"position\":2,\"name\":\"E-pood\",\"item\":\"https:\/\/loko.ee\/en\/e-pood\/\"},{\"@type\":\"ListItem\",\"position\":3,\"name\":\"Kaisum\u00f5mmi kaheksakanna\"}]},{\"@type\":\"WebSite\",\"@id\":\"https:\/\/loko.ee\/#website\",\"url\":\"https:\/\/loko.ee\/\",\"name\":\"\",\"description\":\"Sisustustooted\",\"potentialAction\":[{\"@type\":\"SearchAction\",\"target\":{\"@type\":\"EntryPoint\",\"urlTemplate\":\"https:\/\/loko.ee\/?s={search_term_string}\"},\"query-input\":{\"@type\":\"PropertyValueSpecification\",\"valueRequired\":true,\"valueName\":\"search_term_string\"}}],\"inLanguage\":\"en-US\"}]}<\/script>\n<!-- \/ Yoast SEO plugin. -->","yoast_head_json":{"title":"Kaisum\u00f5mmi kaheksakanna - K\u00e4sit\u00f6\u00f6 m\u00e4nguasjad - Kingiidee - Loko","description":"Pisike ja nunnu k\u00e4sit\u00f6\u00f6 m\u00e4nguasi, mida v\u00e4ikestel mudilastel mugav kaenlasse haarata ning kaisutada. Sobib kingiks nii poisile kui t\u00fcdrukule.","robots":{"index":"index","follow":"follow","max-snippet":"max-snippet:-1","max-image-preview":"max-image-preview:large","max-video-preview":"max-video-preview:-1"},"canonical":"http:\/\/loko.ee\/en\/product\/kaisumommi-kaheksakanna\/","og_locale":"en_US","og_type":"article","og_title":"Kaisum\u00f5mmi kaheksakanna - K\u00e4sit\u00f6\u00f6 m\u00e4nguasjad - Kingiidee - Loko","og_description":"Pisike ja nunnu k\u00e4sit\u00f6\u00f6 m\u00e4nguasi, mida v\u00e4ikestel mudilastel mugav kaenlasse haarata ning kaisutada. Sobib kingiks nii poisile kui t\u00fcdrukule.","og_url":"http:\/\/loko.ee\/en\/product\/kaisumommi-kaheksakanna\/","article_modified_time":"2026-01-12T13:53:57+00:00","og_image":[{"width":2560,"height":2560,"url":"https:\/\/loko.ee\/wp-content\/uploads\/2025\/10\/Kaisumommi_kaheksakanna_Loko-scaled.jpg","type":"image\/jpeg"}],"twitter_card":"summary_large_image","twitter_misc":{"Est. reading time":"1 minute"},"schema":{"@context":"https:\/\/schema.org","@graph":[{"@type":"WebPage","@id":"http:\/\/loko.ee\/en\/product\/kaisumommi-kaheksakanna\/","url":"http:\/\/loko.ee\/en\/product\/kaisumommi-kaheksakanna\/","name":"Kaisum\u00f5mmi kaheksakanna - K\u00e4sit\u00f6\u00f6 m\u00e4nguasjad - Kingiidee - Loko","isPartOf":{"@id":"https:\/\/loko.ee\/#website"},"primaryImageOfPage":{"@id":"http:\/\/loko.ee\/en\/product\/kaisumommi-kaheksakanna\/#primaryimage"},"image":{"@id":"http:\/\/loko.ee\/en\/product\/kaisumommi-kaheksakanna\/#primaryimage"},"thumbnailUrl":"https:\/\/loko.ee\/wp-content\/uploads\/2025\/10\/Kaisumommi_kaheksakanna_Loko-scaled.jpg","datePublished":"2025-10-08T11:50:47+00:00","dateModified":"2026-01-12T13:53:57+00:00","description":"Pisike ja nunnu k\u00e4sit\u00f6\u00f6 m\u00e4nguasi, mida v\u00e4ikestel mudilastel mugav kaenlasse haarata ning kaisutada. Sobib kingiks nii poisile kui t\u00fcdrukule.","breadcrumb":{"@id":"http:\/\/loko.ee\/en\/product\/kaisumommi-kaheksakanna\/#breadcrumb"},"inLanguage":"en-US","potentialAction":[{"@type":"ReadAction","target":["http:\/\/loko.ee\/en\/product\/kaisumommi-kaheksakanna\/"]}]},{"@type":"ImageObject","inLanguage":"en-US","@id":"http:\/\/loko.ee\/en\/product\/kaisumommi-kaheksakanna\/#primaryimage","url":"https:\/\/loko.ee\/wp-content\/uploads\/2025\/10\/Kaisumommi_kaheksakanna_Loko-scaled.jpg","contentUrl":"https:\/\/loko.ee\/wp-content\/uploads\/2025\/10\/Kaisumommi_kaheksakanna_Loko-scaled.jpg","width":2560,"height":2560,"caption":"Kaisum\u00f5mmi k\u00e4sit\u00f6\u00f6 m\u00e4nguasi Loko"},{"@type":"BreadcrumbList","@id":"http:\/\/loko.ee\/en\/product\/kaisumommi-kaheksakanna\/#breadcrumb","itemListElement":[{"@type":"ListItem","position":1,"name":"Home","item":"https:\/\/www.loko.ee\/en\/"},{"@type":"ListItem","position":2,"name":"E-pood","item":"https:\/\/loko.ee\/en\/e-pood\/"},{"@type":"ListItem","position":3,"name":"Kaisum\u00f5mmi kaheksakanna"}]},{"@type":"WebSite","@id":"https:\/\/loko.ee\/#website","url":"https:\/\/loko.ee\/","name":"","description":"Sisustustooted","potentialAction":[{"@type":"SearchAction","target":{"@type":"EntryPoint","urlTemplate":"https:\/\/loko.ee\/?s={search_term_string}"},"query-input":{"@type":"PropertyValueSpecification","valueRequired":true,"valueName":"search_term_string"}}],"inLanguage":"en-US"}]}},"_links":{"self":[{"href":"https:\/\/loko.ee\/en\/wp-json\/wp\/v2\/product\/3950","targetHints":{"allow":["GET"]}}],"collection":[{"href":"https:\/\/loko.ee\/en\/wp-json\/wp\/v2\/product"}],"about":[{"href":"https:\/\/loko.ee\/en\/wp-json\/wp\/v2\/types\/product"}],"wp:featuredmedia":[{"embeddable":true,"href":"https:\/\/loko.ee\/en\/wp-json\/wp\/v2\/media\/3956"}],"wp:attachment":[{"href":"https:\/\/loko.ee\/en\/wp-json\/wp\/v2\/media?parent=3950"}],"wp:term":[{"taxonomy":"product_brand","embeddable":true,"href":"https:\/\/loko.ee\/en\/wp-json\/wp\/v2\/product_brand?post=3950"},{"taxonomy":"product_cat","embeddable":true,"href":"https:\/\/loko.ee\/en\/wp-json\/wp\/v2\/product_cat?post=3950"},{"taxonomy":"product_tag","embeddable":true,"href":"https:\/\/loko.ee\/en\/wp-json\/wp\/v2\/product_tag?post=3950"},{"taxonomy":"woo-feed-brand","embeddable":true,"href":"https:\/\/loko.ee\/en\/wp-json\/wp\/v2\/woo-feed-brand?post=3950"}],"curies":[{"name":"wp","href":"https:\/\/api.w.org\/{rel}","templated":true}]}}