{"id":3926,"date":"2025-09-24T08:49:28","date_gmt":"2025-09-24T06:49:28","guid":{"rendered":"https:\/\/loko.ee\/?post_type=product&#038;p=3926"},"modified":"2026-03-18T10:36:19","modified_gmt":"2026-03-18T08:36:19","slug":"saunapadi-tartumaa","status":"publish","type":"product","link":"https:\/\/loko.ee\/en\/product\/saunapadi-tartumaa\/","title":{"rendered":"Saunapadi Tartumaa"},"content":{"rendered":"","protected":false},"excerpt":{"rendered":"<p class=\"p1\">Saunam\u00f5nusid on eriti tore nautida koos saunapadjaga, mis toetab selga ja mida saab pikutamisel pea alla v\u00f5tta. Seda ilusat saunapatja kaunistab Tartumaa kindakirja muster.<\/p>\n<p>Padjakate on eemaldatav, seega saab selle peale saunask\u00e4iku mugavalt pesumasinasse visata. Padja \u00fches nurgas on ka riputusaas, mis v\u00f5imaldab padja peale saunask\u00e4iku nagisse riputada.<\/p>\n<p>M\u00f5\u00f5dud: 30 x 48 cm<br \/>\nMaterjal ja t\u00e4idis: 52% lina, 48% puuvill. T\u00e4idismaterjal on pol\u00fcester &#8211; ei ima niiskust ja kuivab kiiresti.<br \/>\nKomplektis t\u00e4idispadi koos padja\u00fcmbrisega.<\/p>","protected":false},"featured_media":3927,"template":"","meta":[],"product_brand":[],"product_cat":[22,36],"product_tag":[],"woo-feed-brand":[],"class_list":{"0":"post-3926","1":"product","2":"type-product","3":"status-publish","4":"has-post-thumbnail","6":"product_cat-koik-tooted","7":"product_cat-saunalinad","9":"first","10":"instock","11":"taxable","12":"shipping-taxable","13":"purchasable","14":"product-type-simple"},"yoast_head":"<!-- This site is optimized with the Yoast SEO plugin v27.2 - https:\/\/yoast.com\/product\/yoast-seo-wordpress\/ -->\n<title>Saunapadi Tartumaa - Eesti disain - Loko<\/title>\n<meta name=\"description\" content=\"Saunam\u00f5nusid on eriti tore nautida koos saunapadjaga, mis toetab selga ja mida saab pikutamisel pea alla v\u00f5tta. Disainitud ja valmistatud Hiiumaal.\" \/>\n<meta name=\"robots\" content=\"index, follow, max-snippet:-1, max-image-preview:large, max-video-preview:-1\" \/>\n<link rel=\"canonical\" href=\"https:\/\/loko.ee\/en\/product\/saunapadi-tartumaa\/\" \/>\n<meta property=\"og:locale\" content=\"en_US\" \/>\n<meta property=\"og:type\" content=\"article\" \/>\n<meta property=\"og:title\" content=\"Saunapadi Tartumaa - Eesti disain - Loko\" \/>\n<meta property=\"og:description\" content=\"Saunam\u00f5nusid on eriti tore nautida koos saunapadjaga, mis toetab selga ja mida saab pikutamisel pea alla v\u00f5tta. Disainitud ja valmistatud Hiiumaal.\" \/>\n<meta property=\"og:url\" content=\"https:\/\/loko.ee\/en\/product\/saunapadi-tartumaa\/\" \/>\n<meta property=\"article:modified_time\" content=\"2026-03-18T08:36:19+00:00\" \/>\n<meta property=\"og:image\" content=\"https:\/\/loko.ee\/wp-content\/uploads\/2025\/09\/Saunapadi_Tartumaa_Loko.jpg\" \/>\n\t<meta property=\"og:image:width\" content=\"2554\" \/>\n\t<meta property=\"og:image:height\" content=\"2554\" \/>\n\t<meta property=\"og:image:type\" content=\"image\/jpeg\" \/>\n<meta name=\"twitter:card\" content=\"summary_large_image\" \/>\n<meta name=\"twitter:label1\" content=\"Est. reading time\" \/>\n\t<meta name=\"twitter:data1\" content=\"1 minute\" \/>\n<script type=\"application\/ld+json\" class=\"yoast-schema-graph\">{\"@context\":\"https:\/\/schema.org\",\"@graph\":[{\"@type\":\"WebPage\",\"@id\":\"https:\/\/loko.ee\/en\/product\/saunapadi-tartumaa\/\",\"url\":\"https:\/\/loko.ee\/en\/product\/saunapadi-tartumaa\/\",\"name\":\"Saunapadi Tartumaa - Eesti disain - Loko\",\"isPartOf\":{\"@id\":\"https:\/\/loko.ee\/#website\"},\"primaryImageOfPage\":{\"@id\":\"https:\/\/loko.ee\/en\/product\/saunapadi-tartumaa\/#primaryimage\"},\"image\":{\"@id\":\"https:\/\/loko.ee\/en\/product\/saunapadi-tartumaa\/#primaryimage\"},\"thumbnailUrl\":\"https:\/\/www.loko.ee\/wp-content\/uploads\/2025\/09\/Saunapadi_Tartumaa_Loko.jpg\",\"datePublished\":\"2025-09-24T06:49:28+00:00\",\"dateModified\":\"2026-03-18T08:36:19+00:00\",\"description\":\"Saunam\u00f5nusid on eriti tore nautida koos saunapadjaga, mis toetab selga ja mida saab pikutamisel pea alla v\u00f5tta. Disainitud ja valmistatud Hiiumaal.\",\"breadcrumb\":{\"@id\":\"https:\/\/loko.ee\/en\/product\/saunapadi-tartumaa\/#breadcrumb\"},\"inLanguage\":\"en-US\",\"potentialAction\":[{\"@type\":\"ReadAction\",\"target\":[\"https:\/\/loko.ee\/en\/product\/saunapadi-tartumaa\/\"]}]},{\"@type\":\"ImageObject\",\"inLanguage\":\"en-US\",\"@id\":\"https:\/\/loko.ee\/en\/product\/saunapadi-tartumaa\/#primaryimage\",\"url\":\"https:\/\/www.loko.ee\/wp-content\/uploads\/2025\/09\/Saunapadi_Tartumaa_Loko.jpg\",\"contentUrl\":\"https:\/\/www.loko.ee\/wp-content\/uploads\/2025\/09\/Saunapadi_Tartumaa_Loko.jpg\",\"width\":2554,\"height\":2554,\"caption\":\"Saunapadi Tartumaa Eesti disain Loko\"},{\"@type\":\"BreadcrumbList\",\"@id\":\"https:\/\/loko.ee\/en\/product\/saunapadi-tartumaa\/#breadcrumb\",\"itemListElement\":[{\"@type\":\"ListItem\",\"position\":1,\"name\":\"Home\",\"item\":\"https:\/\/loko.ee\/\"},{\"@type\":\"ListItem\",\"position\":2,\"name\":\"E-pood\",\"item\":\"https:\/\/loko.ee\/e-pood\/\"},{\"@type\":\"ListItem\",\"position\":3,\"name\":\"Saunapadi Tartumaa\"}]},{\"@type\":\"WebSite\",\"@id\":\"https:\/\/loko.ee\/#website\",\"url\":\"https:\/\/loko.ee\/\",\"name\":\"\",\"description\":\"Sisustustooted\",\"potentialAction\":[{\"@type\":\"SearchAction\",\"target\":{\"@type\":\"EntryPoint\",\"urlTemplate\":\"https:\/\/loko.ee\/?s={search_term_string}\"},\"query-input\":{\"@type\":\"PropertyValueSpecification\",\"valueRequired\":true,\"valueName\":\"search_term_string\"}}],\"inLanguage\":\"en-US\"}]}<\/script>\n<!-- \/ Yoast SEO plugin. -->","yoast_head_json":{"title":"Saunapadi Tartumaa - Eesti disain - Loko","description":"Saunam\u00f5nusid on eriti tore nautida koos saunapadjaga, mis toetab selga ja mida saab pikutamisel pea alla v\u00f5tta. Disainitud ja valmistatud Hiiumaal.","robots":{"index":"index","follow":"follow","max-snippet":"max-snippet:-1","max-image-preview":"max-image-preview:large","max-video-preview":"max-video-preview:-1"},"canonical":"https:\/\/loko.ee\/en\/product\/saunapadi-tartumaa\/","og_locale":"en_US","og_type":"article","og_title":"Saunapadi Tartumaa - Eesti disain - Loko","og_description":"Saunam\u00f5nusid on eriti tore nautida koos saunapadjaga, mis toetab selga ja mida saab pikutamisel pea alla v\u00f5tta. Disainitud ja valmistatud Hiiumaal.","og_url":"https:\/\/loko.ee\/en\/product\/saunapadi-tartumaa\/","article_modified_time":"2026-03-18T08:36:19+00:00","og_image":[{"width":2554,"height":2554,"url":"https:\/\/loko.ee\/wp-content\/uploads\/2025\/09\/Saunapadi_Tartumaa_Loko.jpg","type":"image\/jpeg"}],"twitter_card":"summary_large_image","twitter_misc":{"Est. reading time":"1 minute"},"schema":{"@context":"https:\/\/schema.org","@graph":[{"@type":"WebPage","@id":"https:\/\/loko.ee\/en\/product\/saunapadi-tartumaa\/","url":"https:\/\/loko.ee\/en\/product\/saunapadi-tartumaa\/","name":"Saunapadi Tartumaa - Eesti disain - Loko","isPartOf":{"@id":"https:\/\/loko.ee\/#website"},"primaryImageOfPage":{"@id":"https:\/\/loko.ee\/en\/product\/saunapadi-tartumaa\/#primaryimage"},"image":{"@id":"https:\/\/loko.ee\/en\/product\/saunapadi-tartumaa\/#primaryimage"},"thumbnailUrl":"https:\/\/www.loko.ee\/wp-content\/uploads\/2025\/09\/Saunapadi_Tartumaa_Loko.jpg","datePublished":"2025-09-24T06:49:28+00:00","dateModified":"2026-03-18T08:36:19+00:00","description":"Saunam\u00f5nusid on eriti tore nautida koos saunapadjaga, mis toetab selga ja mida saab pikutamisel pea alla v\u00f5tta. Disainitud ja valmistatud Hiiumaal.","breadcrumb":{"@id":"https:\/\/loko.ee\/en\/product\/saunapadi-tartumaa\/#breadcrumb"},"inLanguage":"en-US","potentialAction":[{"@type":"ReadAction","target":["https:\/\/loko.ee\/en\/product\/saunapadi-tartumaa\/"]}]},{"@type":"ImageObject","inLanguage":"en-US","@id":"https:\/\/loko.ee\/en\/product\/saunapadi-tartumaa\/#primaryimage","url":"https:\/\/www.loko.ee\/wp-content\/uploads\/2025\/09\/Saunapadi_Tartumaa_Loko.jpg","contentUrl":"https:\/\/www.loko.ee\/wp-content\/uploads\/2025\/09\/Saunapadi_Tartumaa_Loko.jpg","width":2554,"height":2554,"caption":"Saunapadi Tartumaa Eesti disain Loko"},{"@type":"BreadcrumbList","@id":"https:\/\/loko.ee\/en\/product\/saunapadi-tartumaa\/#breadcrumb","itemListElement":[{"@type":"ListItem","position":1,"name":"Home","item":"https:\/\/loko.ee\/"},{"@type":"ListItem","position":2,"name":"E-pood","item":"https:\/\/loko.ee\/e-pood\/"},{"@type":"ListItem","position":3,"name":"Saunapadi Tartumaa"}]},{"@type":"WebSite","@id":"https:\/\/loko.ee\/#website","url":"https:\/\/loko.ee\/","name":"","description":"Sisustustooted","potentialAction":[{"@type":"SearchAction","target":{"@type":"EntryPoint","urlTemplate":"https:\/\/loko.ee\/?s={search_term_string}"},"query-input":{"@type":"PropertyValueSpecification","valueRequired":true,"valueName":"search_term_string"}}],"inLanguage":"en-US"}]}},"_links":{"self":[{"href":"https:\/\/loko.ee\/en\/wp-json\/wp\/v2\/product\/3926","targetHints":{"allow":["GET"]}}],"collection":[{"href":"https:\/\/loko.ee\/en\/wp-json\/wp\/v2\/product"}],"about":[{"href":"https:\/\/loko.ee\/en\/wp-json\/wp\/v2\/types\/product"}],"wp:featuredmedia":[{"embeddable":true,"href":"https:\/\/loko.ee\/en\/wp-json\/wp\/v2\/media\/3927"}],"wp:attachment":[{"href":"https:\/\/loko.ee\/en\/wp-json\/wp\/v2\/media?parent=3926"}],"wp:term":[{"taxonomy":"product_brand","embeddable":true,"href":"https:\/\/loko.ee\/en\/wp-json\/wp\/v2\/product_brand?post=3926"},{"taxonomy":"product_cat","embeddable":true,"href":"https:\/\/loko.ee\/en\/wp-json\/wp\/v2\/product_cat?post=3926"},{"taxonomy":"product_tag","embeddable":true,"href":"https:\/\/loko.ee\/en\/wp-json\/wp\/v2\/product_tag?post=3926"},{"taxonomy":"woo-feed-brand","embeddable":true,"href":"https:\/\/loko.ee\/en\/wp-json\/wp\/v2\/woo-feed-brand?post=3926"}],"curies":[{"name":"wp","href":"https:\/\/api.w.org\/{rel}","templated":true}]}}