{"id":3833,"date":"2025-07-29T12:14:01","date_gmt":"2025-07-29T10:14:01","guid":{"rendered":"https:\/\/www.loko.ee\/?post_type=product&#038;p=3833"},"modified":"2025-09-07T20:46:19","modified_gmt":"2025-09-07T18:46:19","slug":"voopoll-setumaa","status":"publish","type":"product","link":"https:\/\/loko.ee\/en\/product\/voopoll-setumaa\/","title":{"rendered":"V\u00f6\u00f6p\u00f5ll Setumaa"},"content":{"rendered":"","protected":false},"excerpt":{"rendered":"<p>V\u00f6\u00f6p\u00f5lll on hea ja mugav abimees toiduvalmistamise juures, et riided mustaks ei l\u00e4heks. Ees kaks taskut, et s\u00f6\u00f6gitegemise ajal saaksid seal vajadusel t\u00e4htsaid asju hoida. P\u00f5lle kaunistab Setumaa kindakirja muster. Hea kingiidee!<\/p>\n<p>M\u00f5\u00f5dud: Laius 67 cm, k\u00f5rgus 45 cm.<br \/>\nMaterjal: Setumaa mustriga kangas 52% lina, 48% puuvill. Tumesinine kangas 100% lina.<br \/>\nHooldus: 40 C masinpesu.<\/p>","protected":false},"featured_media":3835,"template":"","meta":[],"product_brand":[],"product_cat":[22,50],"product_tag":[],"woo-feed-brand":[],"class_list":{"0":"post-3833","1":"product","2":"type-product","3":"status-publish","4":"has-post-thumbnail","6":"product_cat-koik-tooted","7":"product_cat-polled","9":"first","10":"instock","11":"taxable","12":"shipping-taxable","13":"purchasable","14":"product-type-simple"},"yoast_head":"<!-- This site is optimized with the Yoast SEO plugin v27.2 - https:\/\/yoast.com\/product\/yoast-seo-wordpress\/ -->\n<title>V\u00f6\u00f6p\u00f5ll Setumaa - Eesti disain - Loko<\/title>\n<meta name=\"description\" content=\"V\u00f6\u00f6p\u00f5lll on hea ja mugav abimees toiduvalmistamise juures, et riided mustaks ei l\u00e4heks. P\u00f5lle kaunistab Setumaa kindakirja muster. Hea kingiidee!\" \/>\n<meta name=\"robots\" content=\"index, follow, max-snippet:-1, max-image-preview:large, max-video-preview:-1\" \/>\n<link rel=\"canonical\" href=\"https:\/\/loko.ee\/en\/product\/voopoll-setumaa\/\" \/>\n<meta property=\"og:locale\" content=\"en_US\" \/>\n<meta property=\"og:type\" content=\"article\" \/>\n<meta property=\"og:title\" content=\"V\u00f6\u00f6p\u00f5ll Setumaa - Eesti disain - Loko\" \/>\n<meta property=\"og:description\" content=\"V\u00f6\u00f6p\u00f5lll on hea ja mugav abimees toiduvalmistamise juures, et riided mustaks ei l\u00e4heks. P\u00f5lle kaunistab Setumaa kindakirja muster. Hea kingiidee!\" \/>\n<meta property=\"og:url\" content=\"https:\/\/loko.ee\/en\/product\/voopoll-setumaa\/\" \/>\n<meta property=\"article:modified_time\" content=\"2025-09-07T18:46:19+00:00\" \/>\n<meta property=\"og:image\" content=\"https:\/\/www.loko.ee\/wp-content\/uploads\/2025\/07\/Voopoll_Setumaa_kindakiri_Loko.jpg\" \/>\n\t<meta property=\"og:image:width\" content=\"2400\" \/>\n\t<meta property=\"og:image:height\" content=\"2400\" \/>\n\t<meta property=\"og:image:type\" content=\"image\/jpeg\" \/>\n<meta name=\"twitter:card\" content=\"summary_large_image\" \/>\n<meta name=\"twitter:label1\" content=\"Est. reading time\" \/>\n\t<meta name=\"twitter:data1\" content=\"1 minute\" \/>\n<script type=\"application\/ld+json\" class=\"yoast-schema-graph\">{\"@context\":\"https:\/\/schema.org\",\"@graph\":[{\"@type\":\"WebPage\",\"@id\":\"https:\/\/loko.ee\/toode\/voopoll-setumaa\/\",\"url\":\"https:\/\/loko.ee\/toode\/voopoll-setumaa\/\",\"name\":\"V\u00f6\u00f6p\u00f5ll Setumaa - Eesti disain - Loko\",\"isPartOf\":{\"@id\":\"https:\/\/loko.ee\/#website\"},\"primaryImageOfPage\":{\"@id\":\"https:\/\/loko.ee\/toode\/voopoll-setumaa\/#primaryimage\"},\"image\":{\"@id\":\"https:\/\/loko.ee\/toode\/voopoll-setumaa\/#primaryimage\"},\"thumbnailUrl\":\"https:\/\/loko.ee\/wp-content\/uploads\/2025\/07\/Voopoll_Setumaa_kindakiri_Loko.jpg\",\"datePublished\":\"2025-07-29T10:14:01+00:00\",\"dateModified\":\"2025-09-07T18:46:19+00:00\",\"description\":\"V\u00f6\u00f6p\u00f5lll on hea ja mugav abimees toiduvalmistamise juures, et riided mustaks ei l\u00e4heks. P\u00f5lle kaunistab Setumaa kindakirja muster. Hea kingiidee!\",\"breadcrumb\":{\"@id\":\"https:\/\/loko.ee\/toode\/voopoll-setumaa\/#breadcrumb\"},\"inLanguage\":\"en-US\",\"potentialAction\":[{\"@type\":\"ReadAction\",\"target\":[\"https:\/\/loko.ee\/toode\/voopoll-setumaa\/\"]}]},{\"@type\":\"ImageObject\",\"inLanguage\":\"en-US\",\"@id\":\"https:\/\/loko.ee\/toode\/voopoll-setumaa\/#primaryimage\",\"url\":\"https:\/\/loko.ee\/wp-content\/uploads\/2025\/07\/Voopoll_Setumaa_kindakiri_Loko.jpg\",\"contentUrl\":\"https:\/\/loko.ee\/wp-content\/uploads\/2025\/07\/Voopoll_Setumaa_kindakiri_Loko.jpg\",\"width\":2400,\"height\":2400,\"caption\":\"V\u00f6\u00f6p\u00f5ll linane Setumaa kindakiri Loko\"},{\"@type\":\"BreadcrumbList\",\"@id\":\"https:\/\/loko.ee\/toode\/voopoll-setumaa\/#breadcrumb\",\"itemListElement\":[{\"@type\":\"ListItem\",\"position\":1,\"name\":\"Home\",\"item\":\"https:\/\/www.loko.ee\/en\/\"},{\"@type\":\"ListItem\",\"position\":2,\"name\":\"E-pood\",\"item\":\"https:\/\/loko.ee\/en\/e-pood\/\"},{\"@type\":\"ListItem\",\"position\":3,\"name\":\"V\u00f6\u00f6p\u00f5ll Setumaa\"}]},{\"@type\":\"WebSite\",\"@id\":\"https:\/\/loko.ee\/#website\",\"url\":\"https:\/\/loko.ee\/\",\"name\":\"\",\"description\":\"Sisustustooted\",\"potentialAction\":[{\"@type\":\"SearchAction\",\"target\":{\"@type\":\"EntryPoint\",\"urlTemplate\":\"https:\/\/loko.ee\/?s={search_term_string}\"},\"query-input\":{\"@type\":\"PropertyValueSpecification\",\"valueRequired\":true,\"valueName\":\"search_term_string\"}}],\"inLanguage\":\"en-US\"}]}<\/script>\n<!-- \/ Yoast SEO plugin. -->","yoast_head_json":{"title":"V\u00f6\u00f6p\u00f5ll Setumaa - Eesti disain - Loko","description":"V\u00f6\u00f6p\u00f5lll on hea ja mugav abimees toiduvalmistamise juures, et riided mustaks ei l\u00e4heks. P\u00f5lle kaunistab Setumaa kindakirja muster. Hea kingiidee!","robots":{"index":"index","follow":"follow","max-snippet":"max-snippet:-1","max-image-preview":"max-image-preview:large","max-video-preview":"max-video-preview:-1"},"canonical":"https:\/\/loko.ee\/en\/product\/voopoll-setumaa\/","og_locale":"en_US","og_type":"article","og_title":"V\u00f6\u00f6p\u00f5ll Setumaa - Eesti disain - Loko","og_description":"V\u00f6\u00f6p\u00f5lll on hea ja mugav abimees toiduvalmistamise juures, et riided mustaks ei l\u00e4heks. P\u00f5lle kaunistab Setumaa kindakirja muster. Hea kingiidee!","og_url":"https:\/\/loko.ee\/en\/product\/voopoll-setumaa\/","article_modified_time":"2025-09-07T18:46:19+00:00","og_image":[{"width":2400,"height":2400,"url":"https:\/\/www.loko.ee\/wp-content\/uploads\/2025\/07\/Voopoll_Setumaa_kindakiri_Loko.jpg","type":"image\/jpeg"}],"twitter_card":"summary_large_image","twitter_misc":{"Est. reading time":"1 minute"},"schema":{"@context":"https:\/\/schema.org","@graph":[{"@type":"WebPage","@id":"https:\/\/loko.ee\/toode\/voopoll-setumaa\/","url":"https:\/\/loko.ee\/toode\/voopoll-setumaa\/","name":"V\u00f6\u00f6p\u00f5ll Setumaa - Eesti disain - Loko","isPartOf":{"@id":"https:\/\/loko.ee\/#website"},"primaryImageOfPage":{"@id":"https:\/\/loko.ee\/toode\/voopoll-setumaa\/#primaryimage"},"image":{"@id":"https:\/\/loko.ee\/toode\/voopoll-setumaa\/#primaryimage"},"thumbnailUrl":"https:\/\/loko.ee\/wp-content\/uploads\/2025\/07\/Voopoll_Setumaa_kindakiri_Loko.jpg","datePublished":"2025-07-29T10:14:01+00:00","dateModified":"2025-09-07T18:46:19+00:00","description":"V\u00f6\u00f6p\u00f5lll on hea ja mugav abimees toiduvalmistamise juures, et riided mustaks ei l\u00e4heks. P\u00f5lle kaunistab Setumaa kindakirja muster. Hea kingiidee!","breadcrumb":{"@id":"https:\/\/loko.ee\/toode\/voopoll-setumaa\/#breadcrumb"},"inLanguage":"en-US","potentialAction":[{"@type":"ReadAction","target":["https:\/\/loko.ee\/toode\/voopoll-setumaa\/"]}]},{"@type":"ImageObject","inLanguage":"en-US","@id":"https:\/\/loko.ee\/toode\/voopoll-setumaa\/#primaryimage","url":"https:\/\/loko.ee\/wp-content\/uploads\/2025\/07\/Voopoll_Setumaa_kindakiri_Loko.jpg","contentUrl":"https:\/\/loko.ee\/wp-content\/uploads\/2025\/07\/Voopoll_Setumaa_kindakiri_Loko.jpg","width":2400,"height":2400,"caption":"V\u00f6\u00f6p\u00f5ll linane Setumaa kindakiri Loko"},{"@type":"BreadcrumbList","@id":"https:\/\/loko.ee\/toode\/voopoll-setumaa\/#breadcrumb","itemListElement":[{"@type":"ListItem","position":1,"name":"Home","item":"https:\/\/www.loko.ee\/en\/"},{"@type":"ListItem","position":2,"name":"E-pood","item":"https:\/\/loko.ee\/en\/e-pood\/"},{"@type":"ListItem","position":3,"name":"V\u00f6\u00f6p\u00f5ll Setumaa"}]},{"@type":"WebSite","@id":"https:\/\/loko.ee\/#website","url":"https:\/\/loko.ee\/","name":"","description":"Sisustustooted","potentialAction":[{"@type":"SearchAction","target":{"@type":"EntryPoint","urlTemplate":"https:\/\/loko.ee\/?s={search_term_string}"},"query-input":{"@type":"PropertyValueSpecification","valueRequired":true,"valueName":"search_term_string"}}],"inLanguage":"en-US"}]}},"_links":{"self":[{"href":"https:\/\/loko.ee\/en\/wp-json\/wp\/v2\/product\/3833","targetHints":{"allow":["GET"]}}],"collection":[{"href":"https:\/\/loko.ee\/en\/wp-json\/wp\/v2\/product"}],"about":[{"href":"https:\/\/loko.ee\/en\/wp-json\/wp\/v2\/types\/product"}],"wp:featuredmedia":[{"embeddable":true,"href":"https:\/\/loko.ee\/en\/wp-json\/wp\/v2\/media\/3835"}],"wp:attachment":[{"href":"https:\/\/loko.ee\/en\/wp-json\/wp\/v2\/media?parent=3833"}],"wp:term":[{"taxonomy":"product_brand","embeddable":true,"href":"https:\/\/loko.ee\/en\/wp-json\/wp\/v2\/product_brand?post=3833"},{"taxonomy":"product_cat","embeddable":true,"href":"https:\/\/loko.ee\/en\/wp-json\/wp\/v2\/product_cat?post=3833"},{"taxonomy":"product_tag","embeddable":true,"href":"https:\/\/loko.ee\/en\/wp-json\/wp\/v2\/product_tag?post=3833"},{"taxonomy":"woo-feed-brand","embeddable":true,"href":"https:\/\/loko.ee\/en\/wp-json\/wp\/v2\/woo-feed-brand?post=3833"}],"curies":[{"name":"wp","href":"https:\/\/api.w.org\/{rel}","templated":true}]}}