{"id":3822,"date":"2025-07-26T16:27:14","date_gmt":"2025-07-26T14:27:14","guid":{"rendered":"https:\/\/loko.ee\/?post_type=product&#038;p=3822"},"modified":"2026-03-12T14:54:03","modified_gmt":"2026-03-12T12:54:03","slug":"saunapadi","status":"publish","type":"product","link":"https:\/\/loko.ee\/en\/product\/saunapadi\/","title":{"rendered":"Saunapadi"},"content":{"rendered":"","protected":false},"excerpt":{"rendered":"<p class=\"p1\">Saunam\u00f5nusid on eriti tore nautida koos saunapadjaga, mis toetab selga ja mida saab pikutamisel pea alla v\u00f5tta. Seda ilusat saunapatja kaunistab Hiiumaa Hanikatsi kindakirja muster.<\/p>\n<p>Padjakate on eemaldatav, seega saab selle peale saunask\u00e4iku mugavalt pesumasinasse visata. Padja \u00fches nurgas on ka riputusaas, mis v\u00f5imaldab padja peale saunask\u00e4iku nagisse riputada.<\/p>\n<p>M\u00f5\u00f5dud: 30 x 48 cm<br \/>\nMaterjal ja t\u00e4idis: 52% lina, 48% puuvill. T\u00e4idismaterjal on pol\u00fcester &#8211; ei ima niiskust ja kuivab kiiresti.<br \/>\nKomplektis t\u00e4idispadi koos padja\u00fcmbrisega.<\/p>","protected":false},"featured_media":3823,"template":"","meta":[],"product_brand":[],"product_cat":[22,36],"product_tag":[],"woo-feed-brand":[],"class_list":{"0":"post-3822","1":"product","2":"type-product","3":"status-publish","4":"has-post-thumbnail","6":"product_cat-koik-tooted","7":"product_cat-saunalinad","9":"first","10":"instock","11":"taxable","12":"shipping-taxable","13":"purchasable","14":"product-type-simple"},"yoast_head":"<!-- This site is optimized with the Yoast SEO plugin v27.2 - https:\/\/yoast.com\/product\/yoast-seo-wordpress\/ -->\n<title>Saunapadi - Eesti disain - Loko<\/title>\n<meta name=\"description\" content=\"Saunam\u00f5nusid on eriti tore nautida koos saunapadjaga, mis toetab selga ja mida saab pikutamisel pea alla v\u00f5tta. Disainitud ja valmistatud Hiiumaal.\" \/>\n<meta name=\"robots\" content=\"index, follow, max-snippet:-1, max-image-preview:large, max-video-preview:-1\" \/>\n<link rel=\"canonical\" href=\"https:\/\/loko.ee\/en\/product\/saunapadi\/\" \/>\n<meta property=\"og:locale\" content=\"en_US\" \/>\n<meta property=\"og:type\" content=\"article\" \/>\n<meta property=\"og:title\" content=\"Saunapadi - Eesti disain - Loko\" \/>\n<meta property=\"og:description\" content=\"Saunam\u00f5nusid on eriti tore nautida koos saunapadjaga, mis toetab selga ja mida saab pikutamisel pea alla v\u00f5tta. Disainitud ja valmistatud Hiiumaal.\" \/>\n<meta property=\"og:url\" content=\"https:\/\/loko.ee\/en\/product\/saunapadi\/\" \/>\n<meta property=\"article:modified_time\" content=\"2026-03-12T12:54:03+00:00\" \/>\n<meta property=\"og:image\" content=\"https:\/\/loko.ee\/wp-content\/uploads\/2025\/07\/Saunapadi_Loko-scaled.jpg\" \/>\n\t<meta property=\"og:image:width\" content=\"2560\" \/>\n\t<meta property=\"og:image:height\" content=\"2560\" \/>\n\t<meta property=\"og:image:type\" content=\"image\/jpeg\" \/>\n<meta name=\"twitter:card\" content=\"summary_large_image\" \/>\n<meta name=\"twitter:label1\" content=\"Est. reading time\" \/>\n\t<meta name=\"twitter:data1\" content=\"1 minute\" \/>\n<script type=\"application\/ld+json\" class=\"yoast-schema-graph\">{\"@context\":\"https:\/\/schema.org\",\"@graph\":[{\"@type\":\"WebPage\",\"@id\":\"https:\/\/loko.ee\/toode\/saunapadi\/\",\"url\":\"https:\/\/loko.ee\/toode\/saunapadi\/\",\"name\":\"Saunapadi - Eesti disain - Loko\",\"isPartOf\":{\"@id\":\"https:\/\/loko.ee\/#website\"},\"primaryImageOfPage\":{\"@id\":\"https:\/\/loko.ee\/toode\/saunapadi\/#primaryimage\"},\"image\":{\"@id\":\"https:\/\/loko.ee\/toode\/saunapadi\/#primaryimage\"},\"thumbnailUrl\":\"https:\/\/www.loko.ee\/wp-content\/uploads\/2025\/07\/Saunapadi_Loko-scaled.jpg\",\"datePublished\":\"2025-07-26T14:27:14+00:00\",\"dateModified\":\"2026-03-12T12:54:03+00:00\",\"description\":\"Saunam\u00f5nusid on eriti tore nautida koos saunapadjaga, mis toetab selga ja mida saab pikutamisel pea alla v\u00f5tta. Disainitud ja valmistatud Hiiumaal.\",\"breadcrumb\":{\"@id\":\"https:\/\/loko.ee\/toode\/saunapadi\/#breadcrumb\"},\"inLanguage\":\"en-US\",\"potentialAction\":[{\"@type\":\"ReadAction\",\"target\":[\"https:\/\/loko.ee\/toode\/saunapadi\/\"]}]},{\"@type\":\"ImageObject\",\"inLanguage\":\"en-US\",\"@id\":\"https:\/\/loko.ee\/toode\/saunapadi\/#primaryimage\",\"url\":\"https:\/\/www.loko.ee\/wp-content\/uploads\/2025\/07\/Saunapadi_Loko-scaled.jpg\",\"contentUrl\":\"https:\/\/www.loko.ee\/wp-content\/uploads\/2025\/07\/Saunapadi_Loko-scaled.jpg\",\"width\":2560,\"height\":2560,\"caption\":\"Saunapadi Eesti disain Loko\"},{\"@type\":\"BreadcrumbList\",\"@id\":\"https:\/\/loko.ee\/toode\/saunapadi\/#breadcrumb\",\"itemListElement\":[{\"@type\":\"ListItem\",\"position\":1,\"name\":\"Home\",\"item\":\"https:\/\/loko.ee\/\"},{\"@type\":\"ListItem\",\"position\":2,\"name\":\"E-pood\",\"item\":\"https:\/\/loko.ee\/e-pood\/\"},{\"@type\":\"ListItem\",\"position\":3,\"name\":\"Saunapadi\"}]},{\"@type\":\"WebSite\",\"@id\":\"https:\/\/loko.ee\/#website\",\"url\":\"https:\/\/loko.ee\/\",\"name\":\"\",\"description\":\"Sisustustooted\",\"potentialAction\":[{\"@type\":\"SearchAction\",\"target\":{\"@type\":\"EntryPoint\",\"urlTemplate\":\"https:\/\/loko.ee\/?s={search_term_string}\"},\"query-input\":{\"@type\":\"PropertyValueSpecification\",\"valueRequired\":true,\"valueName\":\"search_term_string\"}}],\"inLanguage\":\"en-US\"}]}<\/script>\n<!-- \/ Yoast SEO plugin. -->","yoast_head_json":{"title":"Saunapadi - Eesti disain - Loko","description":"Saunam\u00f5nusid on eriti tore nautida koos saunapadjaga, mis toetab selga ja mida saab pikutamisel pea alla v\u00f5tta. Disainitud ja valmistatud Hiiumaal.","robots":{"index":"index","follow":"follow","max-snippet":"max-snippet:-1","max-image-preview":"max-image-preview:large","max-video-preview":"max-video-preview:-1"},"canonical":"https:\/\/loko.ee\/en\/product\/saunapadi\/","og_locale":"en_US","og_type":"article","og_title":"Saunapadi - Eesti disain - Loko","og_description":"Saunam\u00f5nusid on eriti tore nautida koos saunapadjaga, mis toetab selga ja mida saab pikutamisel pea alla v\u00f5tta. Disainitud ja valmistatud Hiiumaal.","og_url":"https:\/\/loko.ee\/en\/product\/saunapadi\/","article_modified_time":"2026-03-12T12:54:03+00:00","og_image":[{"width":2560,"height":2560,"url":"https:\/\/loko.ee\/wp-content\/uploads\/2025\/07\/Saunapadi_Loko-scaled.jpg","type":"image\/jpeg"}],"twitter_card":"summary_large_image","twitter_misc":{"Est. reading time":"1 minute"},"schema":{"@context":"https:\/\/schema.org","@graph":[{"@type":"WebPage","@id":"https:\/\/loko.ee\/toode\/saunapadi\/","url":"https:\/\/loko.ee\/toode\/saunapadi\/","name":"Saunapadi - Eesti disain - Loko","isPartOf":{"@id":"https:\/\/loko.ee\/#website"},"primaryImageOfPage":{"@id":"https:\/\/loko.ee\/toode\/saunapadi\/#primaryimage"},"image":{"@id":"https:\/\/loko.ee\/toode\/saunapadi\/#primaryimage"},"thumbnailUrl":"https:\/\/www.loko.ee\/wp-content\/uploads\/2025\/07\/Saunapadi_Loko-scaled.jpg","datePublished":"2025-07-26T14:27:14+00:00","dateModified":"2026-03-12T12:54:03+00:00","description":"Saunam\u00f5nusid on eriti tore nautida koos saunapadjaga, mis toetab selga ja mida saab pikutamisel pea alla v\u00f5tta. Disainitud ja valmistatud Hiiumaal.","breadcrumb":{"@id":"https:\/\/loko.ee\/toode\/saunapadi\/#breadcrumb"},"inLanguage":"en-US","potentialAction":[{"@type":"ReadAction","target":["https:\/\/loko.ee\/toode\/saunapadi\/"]}]},{"@type":"ImageObject","inLanguage":"en-US","@id":"https:\/\/loko.ee\/toode\/saunapadi\/#primaryimage","url":"https:\/\/www.loko.ee\/wp-content\/uploads\/2025\/07\/Saunapadi_Loko-scaled.jpg","contentUrl":"https:\/\/www.loko.ee\/wp-content\/uploads\/2025\/07\/Saunapadi_Loko-scaled.jpg","width":2560,"height":2560,"caption":"Saunapadi Eesti disain Loko"},{"@type":"BreadcrumbList","@id":"https:\/\/loko.ee\/toode\/saunapadi\/#breadcrumb","itemListElement":[{"@type":"ListItem","position":1,"name":"Home","item":"https:\/\/loko.ee\/"},{"@type":"ListItem","position":2,"name":"E-pood","item":"https:\/\/loko.ee\/e-pood\/"},{"@type":"ListItem","position":3,"name":"Saunapadi"}]},{"@type":"WebSite","@id":"https:\/\/loko.ee\/#website","url":"https:\/\/loko.ee\/","name":"","description":"Sisustustooted","potentialAction":[{"@type":"SearchAction","target":{"@type":"EntryPoint","urlTemplate":"https:\/\/loko.ee\/?s={search_term_string}"},"query-input":{"@type":"PropertyValueSpecification","valueRequired":true,"valueName":"search_term_string"}}],"inLanguage":"en-US"}]}},"_links":{"self":[{"href":"https:\/\/loko.ee\/en\/wp-json\/wp\/v2\/product\/3822","targetHints":{"allow":["GET"]}}],"collection":[{"href":"https:\/\/loko.ee\/en\/wp-json\/wp\/v2\/product"}],"about":[{"href":"https:\/\/loko.ee\/en\/wp-json\/wp\/v2\/types\/product"}],"wp:featuredmedia":[{"embeddable":true,"href":"https:\/\/loko.ee\/en\/wp-json\/wp\/v2\/media\/3823"}],"wp:attachment":[{"href":"https:\/\/loko.ee\/en\/wp-json\/wp\/v2\/media?parent=3822"}],"wp:term":[{"taxonomy":"product_brand","embeddable":true,"href":"https:\/\/loko.ee\/en\/wp-json\/wp\/v2\/product_brand?post=3822"},{"taxonomy":"product_cat","embeddable":true,"href":"https:\/\/loko.ee\/en\/wp-json\/wp\/v2\/product_cat?post=3822"},{"taxonomy":"product_tag","embeddable":true,"href":"https:\/\/loko.ee\/en\/wp-json\/wp\/v2\/product_tag?post=3822"},{"taxonomy":"woo-feed-brand","embeddable":true,"href":"https:\/\/loko.ee\/en\/wp-json\/wp\/v2\/woo-feed-brand?post=3822"}],"curies":[{"name":"wp","href":"https:\/\/api.w.org\/{rel}","templated":true}]}}