{"id":3773,"date":"2025-06-06T18:08:10","date_gmt":"2025-06-06T16:08:10","guid":{"rendered":"https:\/\/loko.ee\/?post_type=product&#038;p=3773"},"modified":"2025-06-06T20:10:26","modified_gmt":"2025-06-06T18:10:26","slug":"bomberjakk","status":"publish","type":"product","link":"https:\/\/loko.ee\/en\/product\/bomberjakk\/","title":{"rendered":"Bomberjakk"},"content":{"rendered":"","protected":false},"excerpt":{"rendered":"<p>Bomberjakk on valmistatud hingavast linasest materjalist ning sobib kasutamiseks aastaringselt \u2013 soojemal ajal v\u00e4lisjakina, jahedamal ajal sisejakina. Krae \u00e4\u00e4r on mustast soonikust ning all \u00e4\u00e4res ja varruka otstes on veniv kumm. Jakk k\u00e4ib eest kinni lukuga. Bomberil on ees ka ilutaskud.<\/p>\n<p>M\u00f5\u00f5dud:<br \/>\nLaius kaenlaalt 58 cm.<br \/>\nPikkus \u00f5la pealt jaki alla\u00e4\u00e4rde 60 cm.<br \/>\nVarruka pikkus \u00f5la \u00f5mblusest 58 cm.<\/p>\n<p>Koostis: Musta v\u00e4rvi kangas on 100% linane. Hiiumaa Hanikatsi k\u00e4rbsemustriga kindakirjane kangas on 52% lina, 48% puuvill.<br \/>\nHooldusjuhend: v\u00f5ib pesta pesumasinas 40 kraadi juures.<\/p>\n<p>Disainitud ja valmistatud Hiiumaal.<\/p>","protected":false},"featured_media":3783,"template":"","meta":[],"product_brand":[],"product_cat":[22,46],"product_tag":[],"woo-feed-brand":[],"class_list":{"0":"post-3773","1":"product","2":"type-product","3":"status-publish","4":"has-post-thumbnail","6":"product_cat-koik-tooted","7":"product_cat-riided","9":"first","10":"instock","11":"taxable","12":"shipping-taxable","13":"purchasable","14":"product-type-simple"},"yoast_head":"<!-- This site is optimized with the Yoast SEO plugin v27.2 - https:\/\/yoast.com\/product\/yoast-seo-wordpress\/ -->\n<title>Bomberjakk - Eesti disain - Linane kangas<\/title>\n<meta name=\"description\" content=\"Bomberjakk on valmistatud hingavast linasest materjalist ning sobib kasutamiseks aastaringselt \u2013 soojemal ajal v\u00e4lisjakina, jahedamal ajal sisejakina.\" \/>\n<meta name=\"robots\" content=\"index, follow, max-snippet:-1, max-image-preview:large, max-video-preview:-1\" \/>\n<link rel=\"canonical\" href=\"https:\/\/loko.ee\/en\/product\/bomberjakk\/\" \/>\n<meta property=\"og:locale\" content=\"en_US\" \/>\n<meta property=\"og:type\" content=\"article\" \/>\n<meta property=\"og:title\" content=\"Bomberjakk - Eesti disain - Linane kangas\" \/>\n<meta property=\"og:description\" content=\"Bomberjakk on valmistatud hingavast linasest materjalist ning sobib kasutamiseks aastaringselt \u2013 soojemal ajal v\u00e4lisjakina, jahedamal ajal sisejakina.\" \/>\n<meta property=\"og:url\" content=\"https:\/\/loko.ee\/en\/product\/bomberjakk\/\" \/>\n<meta property=\"article:modified_time\" content=\"2025-06-06T18:10:26+00:00\" \/>\n<meta property=\"og:image\" content=\"https:\/\/loko.ee\/wp-content\/uploads\/2025\/06\/Bomberjakk_Loko-scaled.jpg\" \/>\n\t<meta property=\"og:image:width\" content=\"2560\" \/>\n\t<meta property=\"og:image:height\" content=\"2560\" \/>\n\t<meta property=\"og:image:type\" content=\"image\/jpeg\" \/>\n<meta name=\"twitter:card\" content=\"summary_large_image\" \/>\n<meta name=\"twitter:label1\" content=\"Est. reading time\" \/>\n\t<meta name=\"twitter:data1\" content=\"1 minute\" \/>\n<script type=\"application\/ld+json\" class=\"yoast-schema-graph\">{\"@context\":\"https:\/\/schema.org\",\"@graph\":[{\"@type\":\"WebPage\",\"@id\":\"https:\/\/loko.ee\/en\/product\/bomberjakk\/\",\"url\":\"https:\/\/loko.ee\/en\/product\/bomberjakk\/\",\"name\":\"Bomberjakk - Eesti disain - Linane kangas\",\"isPartOf\":{\"@id\":\"https:\/\/www.loko.ee\/en\/#website\"},\"primaryImageOfPage\":{\"@id\":\"https:\/\/loko.ee\/en\/product\/bomberjakk\/#primaryimage\"},\"image\":{\"@id\":\"https:\/\/loko.ee\/en\/product\/bomberjakk\/#primaryimage\"},\"thumbnailUrl\":\"https:\/\/www.loko.ee\/wp-content\/uploads\/2025\/06\/Bomberjakk_Loko-scaled.jpg\",\"datePublished\":\"2025-06-06T16:08:10+00:00\",\"dateModified\":\"2025-06-06T18:10:26+00:00\",\"description\":\"Bomberjakk on valmistatud hingavast linasest materjalist ning sobib kasutamiseks aastaringselt \u2013 soojemal ajal v\u00e4lisjakina, jahedamal ajal sisejakina.\",\"breadcrumb\":{\"@id\":\"https:\/\/loko.ee\/en\/product\/bomberjakk\/#breadcrumb\"},\"inLanguage\":\"en-US\",\"potentialAction\":[{\"@type\":\"ReadAction\",\"target\":[\"https:\/\/loko.ee\/en\/product\/bomberjakk\/\"]}]},{\"@type\":\"ImageObject\",\"inLanguage\":\"en-US\",\"@id\":\"https:\/\/loko.ee\/en\/product\/bomberjakk\/#primaryimage\",\"url\":\"https:\/\/www.loko.ee\/wp-content\/uploads\/2025\/06\/Bomberjakk_Loko-scaled.jpg\",\"contentUrl\":\"https:\/\/www.loko.ee\/wp-content\/uploads\/2025\/06\/Bomberjakk_Loko-scaled.jpg\",\"width\":2560,\"height\":2560,\"caption\":\"Bomberjakk Loko\"},{\"@type\":\"BreadcrumbList\",\"@id\":\"https:\/\/loko.ee\/en\/product\/bomberjakk\/#breadcrumb\",\"itemListElement\":[{\"@type\":\"ListItem\",\"position\":1,\"name\":\"Home\",\"item\":\"https:\/\/www.loko.ee\/en\/\"},{\"@type\":\"ListItem\",\"position\":2,\"name\":\"E-pood\",\"item\":\"https:\/\/www.loko.ee\/en\/e-pood\/\"},{\"@type\":\"ListItem\",\"position\":3,\"name\":\"Bomberjakk\"}]},{\"@type\":\"WebSite\",\"@id\":\"https:\/\/www.loko.ee\/en\/#website\",\"url\":\"https:\/\/www.loko.ee\/en\/\",\"name\":\"\",\"description\":\"Sisustustooted\",\"potentialAction\":[{\"@type\":\"SearchAction\",\"target\":{\"@type\":\"EntryPoint\",\"urlTemplate\":\"https:\/\/www.loko.ee\/en\/?s={search_term_string}\"},\"query-input\":{\"@type\":\"PropertyValueSpecification\",\"valueRequired\":true,\"valueName\":\"search_term_string\"}}],\"inLanguage\":\"en-US\"}]}<\/script>\n<!-- \/ Yoast SEO plugin. -->","yoast_head_json":{"title":"Bomberjakk - Eesti disain - Linane kangas","description":"Bomberjakk on valmistatud hingavast linasest materjalist ning sobib kasutamiseks aastaringselt \u2013 soojemal ajal v\u00e4lisjakina, jahedamal ajal sisejakina.","robots":{"index":"index","follow":"follow","max-snippet":"max-snippet:-1","max-image-preview":"max-image-preview:large","max-video-preview":"max-video-preview:-1"},"canonical":"https:\/\/loko.ee\/en\/product\/bomberjakk\/","og_locale":"en_US","og_type":"article","og_title":"Bomberjakk - Eesti disain - Linane kangas","og_description":"Bomberjakk on valmistatud hingavast linasest materjalist ning sobib kasutamiseks aastaringselt \u2013 soojemal ajal v\u00e4lisjakina, jahedamal ajal sisejakina.","og_url":"https:\/\/loko.ee\/en\/product\/bomberjakk\/","article_modified_time":"2025-06-06T18:10:26+00:00","og_image":[{"width":2560,"height":2560,"url":"https:\/\/loko.ee\/wp-content\/uploads\/2025\/06\/Bomberjakk_Loko-scaled.jpg","type":"image\/jpeg"}],"twitter_card":"summary_large_image","twitter_misc":{"Est. reading time":"1 minute"},"schema":{"@context":"https:\/\/schema.org","@graph":[{"@type":"WebPage","@id":"https:\/\/loko.ee\/en\/product\/bomberjakk\/","url":"https:\/\/loko.ee\/en\/product\/bomberjakk\/","name":"Bomberjakk - Eesti disain - Linane kangas","isPartOf":{"@id":"https:\/\/www.loko.ee\/en\/#website"},"primaryImageOfPage":{"@id":"https:\/\/loko.ee\/en\/product\/bomberjakk\/#primaryimage"},"image":{"@id":"https:\/\/loko.ee\/en\/product\/bomberjakk\/#primaryimage"},"thumbnailUrl":"https:\/\/www.loko.ee\/wp-content\/uploads\/2025\/06\/Bomberjakk_Loko-scaled.jpg","datePublished":"2025-06-06T16:08:10+00:00","dateModified":"2025-06-06T18:10:26+00:00","description":"Bomberjakk on valmistatud hingavast linasest materjalist ning sobib kasutamiseks aastaringselt \u2013 soojemal ajal v\u00e4lisjakina, jahedamal ajal sisejakina.","breadcrumb":{"@id":"https:\/\/loko.ee\/en\/product\/bomberjakk\/#breadcrumb"},"inLanguage":"en-US","potentialAction":[{"@type":"ReadAction","target":["https:\/\/loko.ee\/en\/product\/bomberjakk\/"]}]},{"@type":"ImageObject","inLanguage":"en-US","@id":"https:\/\/loko.ee\/en\/product\/bomberjakk\/#primaryimage","url":"https:\/\/www.loko.ee\/wp-content\/uploads\/2025\/06\/Bomberjakk_Loko-scaled.jpg","contentUrl":"https:\/\/www.loko.ee\/wp-content\/uploads\/2025\/06\/Bomberjakk_Loko-scaled.jpg","width":2560,"height":2560,"caption":"Bomberjakk Loko"},{"@type":"BreadcrumbList","@id":"https:\/\/loko.ee\/en\/product\/bomberjakk\/#breadcrumb","itemListElement":[{"@type":"ListItem","position":1,"name":"Home","item":"https:\/\/www.loko.ee\/en\/"},{"@type":"ListItem","position":2,"name":"E-pood","item":"https:\/\/www.loko.ee\/en\/e-pood\/"},{"@type":"ListItem","position":3,"name":"Bomberjakk"}]},{"@type":"WebSite","@id":"https:\/\/www.loko.ee\/en\/#website","url":"https:\/\/www.loko.ee\/en\/","name":"","description":"Sisustustooted","potentialAction":[{"@type":"SearchAction","target":{"@type":"EntryPoint","urlTemplate":"https:\/\/www.loko.ee\/en\/?s={search_term_string}"},"query-input":{"@type":"PropertyValueSpecification","valueRequired":true,"valueName":"search_term_string"}}],"inLanguage":"en-US"}]}},"_links":{"self":[{"href":"https:\/\/loko.ee\/en\/wp-json\/wp\/v2\/product\/3773","targetHints":{"allow":["GET"]}}],"collection":[{"href":"https:\/\/loko.ee\/en\/wp-json\/wp\/v2\/product"}],"about":[{"href":"https:\/\/loko.ee\/en\/wp-json\/wp\/v2\/types\/product"}],"wp:featuredmedia":[{"embeddable":true,"href":"https:\/\/loko.ee\/en\/wp-json\/wp\/v2\/media\/3783"}],"wp:attachment":[{"href":"https:\/\/loko.ee\/en\/wp-json\/wp\/v2\/media?parent=3773"}],"wp:term":[{"taxonomy":"product_brand","embeddable":true,"href":"https:\/\/loko.ee\/en\/wp-json\/wp\/v2\/product_brand?post=3773"},{"taxonomy":"product_cat","embeddable":true,"href":"https:\/\/loko.ee\/en\/wp-json\/wp\/v2\/product_cat?post=3773"},{"taxonomy":"product_tag","embeddable":true,"href":"https:\/\/loko.ee\/en\/wp-json\/wp\/v2\/product_tag?post=3773"},{"taxonomy":"woo-feed-brand","embeddable":true,"href":"https:\/\/loko.ee\/en\/wp-json\/wp\/v2\/woo-feed-brand?post=3773"}],"curies":[{"name":"wp","href":"https:\/\/api.w.org\/{rel}","templated":true}]}}