{"id":3711,"date":"2025-04-24T18:35:46","date_gmt":"2025-04-24T16:35:46","guid":{"rendered":"https:\/\/loko.ee\/?post_type=product&#038;p=3711"},"modified":"2026-04-10T08:43:41","modified_gmt":"2026-04-10T06:43:41","slug":"loikelaud-kiisu","status":"publish","type":"product","link":"https:\/\/loko.ee\/en\/product\/loikelaud-kiisu\/","title":{"rendered":"L\u00f5ikelaud Kiisu"},"content":{"rendered":"","protected":false},"excerpt":{"rendered":"<p>Lehtpuust valmistatud kiisu kujuga l\u00f5ikelaud, mis sobib eriti h\u00e4sti pere pisematele k\u00f6\u00f6gis abistamiseks, hommikuse v\u00f5ileiva alusena v\u00f5i vahepalade pakkumiseks.<\/p>\n<p>Suurus: 18 x 18 cm<\/p>\n<p>Valmistatud Hiiumaa v\u00e4ikeses puidut\u00f6\u00f6kojas. L\u00f5ikelaua muster v\u00f5ib erineda pildil olevast, kuna need valmivad meie pisikeses puidut\u00f6\u00f6kojas k\u00e4sit\u00f6\u00f6na ning iga ese on unikaalne.<\/p>","protected":false},"featured_media":4365,"template":"","meta":[],"product_brand":[],"product_cat":[22,33,23],"product_tag":[],"woo-feed-brand":[],"class_list":{"0":"post-3711","1":"product","2":"type-product","3":"status-publish","4":"has-post-thumbnail","6":"product_cat-koik-tooted","7":"product_cat-lastele","8":"product_cat-loikelauad","10":"first","11":"instock","12":"taxable","13":"shipping-taxable","14":"purchasable","15":"product-type-simple"},"yoast_head":"<!-- This site is optimized with the Yoast SEO plugin v27.4 - https:\/\/yoast.com\/product\/yoast-seo-wordpress\/ -->\n<title>L\u00f5ikelaud lastele - Kiisu kujuga - Hiiumaa k\u00e4sit\u00f6\u00f6 - Loko<\/title>\n<meta name=\"description\" content=\"Armas kiisu peakujuga lehtpuust valmistatud l\u00f5ikelaud, mis sobib eriti h\u00e4sti pere pisematele k\u00f6\u00f6gis abistamiseks v\u00f5i hommikuse v\u00f5ileiva alusena.\" \/>\n<meta name=\"robots\" content=\"index, follow, max-snippet:-1, max-image-preview:large, max-video-preview:-1\" \/>\n<link rel=\"canonical\" href=\"https:\/\/loko.ee\/en\/product\/loikelaud-kiisu\/\" \/>\n<meta property=\"og:locale\" content=\"en_US\" \/>\n<meta property=\"og:type\" content=\"article\" \/>\n<meta property=\"og:title\" content=\"L\u00f5ikelaud lastele - Kiisu kujuga - Hiiumaa k\u00e4sit\u00f6\u00f6 - Loko\" \/>\n<meta property=\"og:description\" content=\"Armas kiisu peakujuga lehtpuust valmistatud l\u00f5ikelaud, mis sobib eriti h\u00e4sti pere pisematele k\u00f6\u00f6gis abistamiseks v\u00f5i hommikuse v\u00f5ileiva alusena.\" \/>\n<meta property=\"og:url\" content=\"https:\/\/loko.ee\/en\/product\/loikelaud-kiisu\/\" \/>\n<meta property=\"article:modified_time\" content=\"2026-04-10T06:43:41+00:00\" \/>\n<meta property=\"og:image\" content=\"https:\/\/www.loko.ee\/wp-content\/uploads\/2025\/04\/Kiisu_loikelaud_Loko-1.jpg\" \/>\n\t<meta property=\"og:image:width\" content=\"2481\" \/>\n\t<meta property=\"og:image:height\" content=\"2481\" \/>\n\t<meta property=\"og:image:type\" content=\"image\/jpeg\" \/>\n<meta name=\"twitter:card\" content=\"summary_large_image\" \/>\n<meta name=\"twitter:label1\" content=\"Est. reading time\" \/>\n\t<meta name=\"twitter:data1\" content=\"1 minute\" \/>\n<script type=\"application\/ld+json\" class=\"yoast-schema-graph\">{\"@context\":\"https:\\\/\\\/schema.org\",\"@graph\":[{\"@type\":\"WebPage\",\"@id\":\"https:\\\/\\\/loko.ee\\\/toode\\\/loikelaud-kiisu\\\/\",\"url\":\"https:\\\/\\\/loko.ee\\\/toode\\\/loikelaud-kiisu\\\/\",\"name\":\"L\u00f5ikelaud lastele - Kiisu kujuga - Hiiumaa k\u00e4sit\u00f6\u00f6 - Loko\",\"isPartOf\":{\"@id\":\"https:\\\/\\\/loko.ee\\\/#website\"},\"primaryImageOfPage\":{\"@id\":\"https:\\\/\\\/loko.ee\\\/toode\\\/loikelaud-kiisu\\\/#primaryimage\"},\"image\":{\"@id\":\"https:\\\/\\\/loko.ee\\\/toode\\\/loikelaud-kiisu\\\/#primaryimage\"},\"thumbnailUrl\":\"https:\\\/\\\/loko.ee\\\/wp-content\\\/uploads\\\/2025\\\/04\\\/Kiisu_loikelaud_Loko-1.jpg\",\"datePublished\":\"2025-04-24T16:35:46+00:00\",\"dateModified\":\"2026-04-10T06:43:41+00:00\",\"description\":\"Armas kiisu peakujuga lehtpuust valmistatud l\u00f5ikelaud, mis sobib eriti h\u00e4sti pere pisematele k\u00f6\u00f6gis abistamiseks v\u00f5i hommikuse v\u00f5ileiva alusena.\",\"breadcrumb\":{\"@id\":\"https:\\\/\\\/loko.ee\\\/toode\\\/loikelaud-kiisu\\\/#breadcrumb\"},\"inLanguage\":\"en-US\",\"potentialAction\":[{\"@type\":\"ReadAction\",\"target\":[\"https:\\\/\\\/loko.ee\\\/toode\\\/loikelaud-kiisu\\\/\"]}]},{\"@type\":\"ImageObject\",\"inLanguage\":\"en-US\",\"@id\":\"https:\\\/\\\/loko.ee\\\/toode\\\/loikelaud-kiisu\\\/#primaryimage\",\"url\":\"https:\\\/\\\/loko.ee\\\/wp-content\\\/uploads\\\/2025\\\/04\\\/Kiisu_loikelaud_Loko-1.jpg\",\"contentUrl\":\"https:\\\/\\\/loko.ee\\\/wp-content\\\/uploads\\\/2025\\\/04\\\/Kiisu_loikelaud_Loko-1.jpg\",\"width\":2481,\"height\":2481,\"caption\":\"Puidust kiisu l\u00f5ikelaud Loko\"},{\"@type\":\"BreadcrumbList\",\"@id\":\"https:\\\/\\\/loko.ee\\\/toode\\\/loikelaud-kiisu\\\/#breadcrumb\",\"itemListElement\":[{\"@type\":\"ListItem\",\"position\":1,\"name\":\"Home\",\"item\":\"https:\\\/\\\/loko.ee\\\/en\\\/\"},{\"@type\":\"ListItem\",\"position\":2,\"name\":\"E-pood\",\"item\":\"https:\\\/\\\/www.loko.ee\\\/en\\\/e-pood\\\/\"},{\"@type\":\"ListItem\",\"position\":3,\"name\":\"L\u00f5ikelaud Kiisu\"}]},{\"@type\":\"WebSite\",\"@id\":\"https:\\\/\\\/loko.ee\\\/#website\",\"url\":\"https:\\\/\\\/loko.ee\\\/\",\"name\":\"\",\"description\":\"Sisustustooted\",\"potentialAction\":[{\"@type\":\"SearchAction\",\"target\":{\"@type\":\"EntryPoint\",\"urlTemplate\":\"https:\\\/\\\/loko.ee\\\/?s={search_term_string}\"},\"query-input\":{\"@type\":\"PropertyValueSpecification\",\"valueRequired\":true,\"valueName\":\"search_term_string\"}}],\"inLanguage\":\"en-US\"}]}<\/script>\n<!-- \/ Yoast SEO plugin. -->","yoast_head_json":{"title":"L\u00f5ikelaud lastele - Kiisu kujuga - Hiiumaa k\u00e4sit\u00f6\u00f6 - Loko","description":"Armas kiisu peakujuga lehtpuust valmistatud l\u00f5ikelaud, mis sobib eriti h\u00e4sti pere pisematele k\u00f6\u00f6gis abistamiseks v\u00f5i hommikuse v\u00f5ileiva alusena.","robots":{"index":"index","follow":"follow","max-snippet":"max-snippet:-1","max-image-preview":"max-image-preview:large","max-video-preview":"max-video-preview:-1"},"canonical":"https:\/\/loko.ee\/en\/product\/loikelaud-kiisu\/","og_locale":"en_US","og_type":"article","og_title":"L\u00f5ikelaud lastele - Kiisu kujuga - Hiiumaa k\u00e4sit\u00f6\u00f6 - Loko","og_description":"Armas kiisu peakujuga lehtpuust valmistatud l\u00f5ikelaud, mis sobib eriti h\u00e4sti pere pisematele k\u00f6\u00f6gis abistamiseks v\u00f5i hommikuse v\u00f5ileiva alusena.","og_url":"https:\/\/loko.ee\/en\/product\/loikelaud-kiisu\/","article_modified_time":"2026-04-10T06:43:41+00:00","og_image":[{"width":2481,"height":2481,"url":"https:\/\/www.loko.ee\/wp-content\/uploads\/2025\/04\/Kiisu_loikelaud_Loko-1.jpg","type":"image\/jpeg"}],"twitter_card":"summary_large_image","twitter_misc":{"Est. reading time":"1 minute"},"schema":{"@context":"https:\/\/schema.org","@graph":[{"@type":"WebPage","@id":"https:\/\/loko.ee\/toode\/loikelaud-kiisu\/","url":"https:\/\/loko.ee\/toode\/loikelaud-kiisu\/","name":"L\u00f5ikelaud lastele - Kiisu kujuga - Hiiumaa k\u00e4sit\u00f6\u00f6 - Loko","isPartOf":{"@id":"https:\/\/loko.ee\/#website"},"primaryImageOfPage":{"@id":"https:\/\/loko.ee\/toode\/loikelaud-kiisu\/#primaryimage"},"image":{"@id":"https:\/\/loko.ee\/toode\/loikelaud-kiisu\/#primaryimage"},"thumbnailUrl":"https:\/\/loko.ee\/wp-content\/uploads\/2025\/04\/Kiisu_loikelaud_Loko-1.jpg","datePublished":"2025-04-24T16:35:46+00:00","dateModified":"2026-04-10T06:43:41+00:00","description":"Armas kiisu peakujuga lehtpuust valmistatud l\u00f5ikelaud, mis sobib eriti h\u00e4sti pere pisematele k\u00f6\u00f6gis abistamiseks v\u00f5i hommikuse v\u00f5ileiva alusena.","breadcrumb":{"@id":"https:\/\/loko.ee\/toode\/loikelaud-kiisu\/#breadcrumb"},"inLanguage":"en-US","potentialAction":[{"@type":"ReadAction","target":["https:\/\/loko.ee\/toode\/loikelaud-kiisu\/"]}]},{"@type":"ImageObject","inLanguage":"en-US","@id":"https:\/\/loko.ee\/toode\/loikelaud-kiisu\/#primaryimage","url":"https:\/\/loko.ee\/wp-content\/uploads\/2025\/04\/Kiisu_loikelaud_Loko-1.jpg","contentUrl":"https:\/\/loko.ee\/wp-content\/uploads\/2025\/04\/Kiisu_loikelaud_Loko-1.jpg","width":2481,"height":2481,"caption":"Puidust kiisu l\u00f5ikelaud Loko"},{"@type":"BreadcrumbList","@id":"https:\/\/loko.ee\/toode\/loikelaud-kiisu\/#breadcrumb","itemListElement":[{"@type":"ListItem","position":1,"name":"Home","item":"https:\/\/loko.ee\/en\/"},{"@type":"ListItem","position":2,"name":"E-pood","item":"https:\/\/www.loko.ee\/en\/e-pood\/"},{"@type":"ListItem","position":3,"name":"L\u00f5ikelaud Kiisu"}]},{"@type":"WebSite","@id":"https:\/\/loko.ee\/#website","url":"https:\/\/loko.ee\/","name":"","description":"Sisustustooted","potentialAction":[{"@type":"SearchAction","target":{"@type":"EntryPoint","urlTemplate":"https:\/\/loko.ee\/?s={search_term_string}"},"query-input":{"@type":"PropertyValueSpecification","valueRequired":true,"valueName":"search_term_string"}}],"inLanguage":"en-US"}]}},"_links":{"self":[{"href":"https:\/\/loko.ee\/en\/wp-json\/wp\/v2\/product\/3711","targetHints":{"allow":["GET"]}}],"collection":[{"href":"https:\/\/loko.ee\/en\/wp-json\/wp\/v2\/product"}],"about":[{"href":"https:\/\/loko.ee\/en\/wp-json\/wp\/v2\/types\/product"}],"wp:featuredmedia":[{"embeddable":true,"href":"https:\/\/loko.ee\/en\/wp-json\/wp\/v2\/media\/4365"}],"wp:attachment":[{"href":"https:\/\/loko.ee\/en\/wp-json\/wp\/v2\/media?parent=3711"}],"wp:term":[{"taxonomy":"product_brand","embeddable":true,"href":"https:\/\/loko.ee\/en\/wp-json\/wp\/v2\/product_brand?post=3711"},{"taxonomy":"product_cat","embeddable":true,"href":"https:\/\/loko.ee\/en\/wp-json\/wp\/v2\/product_cat?post=3711"},{"taxonomy":"product_tag","embeddable":true,"href":"https:\/\/loko.ee\/en\/wp-json\/wp\/v2\/product_tag?post=3711"},{"taxonomy":"woo-feed-brand","embeddable":true,"href":"https:\/\/loko.ee\/en\/wp-json\/wp\/v2\/woo-feed-brand?post=3711"}],"curies":[{"name":"wp","href":"https:\/\/api.w.org\/{rel}","templated":true}]}}