{"id":3666,"date":"2025-04-13T13:42:19","date_gmt":"2025-04-13T11:42:19","guid":{"rendered":"https:\/\/loko.ee\/?post_type=product&#038;p=3666"},"modified":"2026-03-21T11:21:03","modified_gmt":"2026-03-21T09:21:03","slug":"pitsu-triiburiidega-lilla","status":"publish","type":"product","link":"https:\/\/loko.ee\/en\/product\/pitsu-triiburiidega-lilla\/","title":{"rendered":"Pitsu triiburiidega (lilla)"},"content":{"rendered":"","protected":false},"excerpt":{"rendered":"<p>Mis imeloom see Pitsu on? Hiiumaal nimetatakse pitsuks v\u00e4ikest puidust pinki, mis on olnud asendamatu abiline igas talus nii lehma l\u00fcpsmisel kui pliidisuu ees tuld tehes.<\/p>\n<p>Tore abimees on ta ka t\u00e4nap\u00e4eval:<br \/>\n\u2013 Kui \u00f5htul telekat vaadates tahaks jalad \u00fcles visata ja kuskile peale toetada, siis sobib pitsu selleks ideaalselt.<br \/>\n\u2013 Pitsu aitab h\u00e4dast v\u00e4lja ka siis, kui \u00fclemiselt riiulilt asjade v\u00f5tmiseks oleks v\u00e4ikest astet vaja.<br \/>\n\u2013 Tore madal istumine pere pisematele ning aitab vajadusel ka kraanikausini ulatuda, et lihtsam oleks hambaid ja k\u00e4si pesta.<\/p>\n<p>Pehme pitsu on kaetud Hiiumaa Reigi triibukangaga. Valmistatud m\u00e4nnipuust.<br \/>\nM\u00f5\u00f5dud: k\u00f5rgus 30 cm, pikkus 38 cm, laius 23 cm.<\/p>","protected":false},"featured_media":3670,"template":"","meta":[],"product_brand":[],"product_cat":[22,27],"product_tag":[],"woo-feed-brand":[],"class_list":{"0":"post-3666","1":"product","2":"type-product","3":"status-publish","4":"has-post-thumbnail","6":"product_cat-koik-tooted","7":"product_cat-muu","9":"first","10":"instock","11":"taxable","12":"shipping-taxable","13":"purchasable","14":"product-type-simple"},"yoast_head":"<!-- This site is optimized with the Yoast SEO plugin v27.2 - https:\/\/yoast.com\/product\/yoast-seo-wordpress\/ -->\n<title>Pitsu triiburiidega (lilla) - Puidust pink - Loko<\/title>\n<meta name=\"description\" content=\"Pitsu on Hiiumaal v\u00e4ike puidust pink, mis on olnud asendamatu abiline igas talus nii lehma l\u00fcpsmisel kui pliidisuu ees tuld tehes.\" \/>\n<meta name=\"robots\" content=\"index, follow, max-snippet:-1, max-image-preview:large, max-video-preview:-1\" \/>\n<link rel=\"canonical\" href=\"https:\/\/loko.ee\/en\/product\/pitsu-triiburiidega-lilla\/\" \/>\n<meta property=\"og:locale\" content=\"en_US\" \/>\n<meta property=\"og:type\" content=\"article\" \/>\n<meta property=\"og:title\" content=\"Pitsu triiburiidega (lilla) - Puidust pink - Loko\" \/>\n<meta property=\"og:description\" content=\"Pitsu on Hiiumaal v\u00e4ike puidust pink, mis on olnud asendamatu abiline igas talus nii lehma l\u00fcpsmisel kui pliidisuu ees tuld tehes.\" \/>\n<meta property=\"og:url\" content=\"https:\/\/loko.ee\/en\/product\/pitsu-triiburiidega-lilla\/\" \/>\n<meta property=\"article:modified_time\" content=\"2026-03-21T09:21:03+00:00\" \/>\n<meta property=\"og:image\" content=\"https:\/\/loko.ee\/wp-content\/uploads\/2025\/04\/Pitsu_Malvaste_triiburiidega_Loko.jpg\" \/>\n\t<meta property=\"og:image:width\" content=\"2139\" \/>\n\t<meta property=\"og:image:height\" content=\"2139\" \/>\n\t<meta property=\"og:image:type\" content=\"image\/jpeg\" \/>\n<meta name=\"twitter:card\" content=\"summary_large_image\" \/>\n<meta name=\"twitter:label1\" content=\"Est. reading time\" \/>\n\t<meta name=\"twitter:data1\" content=\"1 minute\" \/>\n<script type=\"application\/ld+json\" class=\"yoast-schema-graph\">{\"@context\":\"https:\/\/schema.org\",\"@graph\":[{\"@type\":\"WebPage\",\"@id\":\"https:\/\/loko.ee\/en\/product\/pitsu-triiburiidega-lilla\/\",\"url\":\"https:\/\/loko.ee\/en\/product\/pitsu-triiburiidega-lilla\/\",\"name\":\"Pitsu triiburiidega (lilla) - Puidust pink - Loko\",\"isPartOf\":{\"@id\":\"https:\/\/www.loko.ee\/en\/#website\"},\"primaryImageOfPage\":{\"@id\":\"https:\/\/loko.ee\/en\/product\/pitsu-triiburiidega-lilla\/#primaryimage\"},\"image\":{\"@id\":\"https:\/\/loko.ee\/en\/product\/pitsu-triiburiidega-lilla\/#primaryimage\"},\"thumbnailUrl\":\"https:\/\/loko.ee\/wp-content\/uploads\/2025\/04\/Pitsu_Malvaste_triiburiidega_Loko.jpg\",\"datePublished\":\"2025-04-13T11:42:19+00:00\",\"dateModified\":\"2026-03-21T09:21:03+00:00\",\"description\":\"Pitsu on Hiiumaal v\u00e4ike puidust pink, mis on olnud asendamatu abiline igas talus nii lehma l\u00fcpsmisel kui pliidisuu ees tuld tehes.\",\"breadcrumb\":{\"@id\":\"https:\/\/loko.ee\/en\/product\/pitsu-triiburiidega-lilla\/#breadcrumb\"},\"inLanguage\":\"en-US\",\"potentialAction\":[{\"@type\":\"ReadAction\",\"target\":[\"https:\/\/loko.ee\/en\/product\/pitsu-triiburiidega-lilla\/\"]}]},{\"@type\":\"ImageObject\",\"inLanguage\":\"en-US\",\"@id\":\"https:\/\/loko.ee\/en\/product\/pitsu-triiburiidega-lilla\/#primaryimage\",\"url\":\"https:\/\/loko.ee\/wp-content\/uploads\/2025\/04\/Pitsu_Malvaste_triiburiidega_Loko.jpg\",\"contentUrl\":\"https:\/\/loko.ee\/wp-content\/uploads\/2025\/04\/Pitsu_Malvaste_triiburiidega_Loko.jpg\",\"width\":2139,\"height\":2139,\"caption\":\"Pitsu puidust pink Reigi triiburiidega Loko\"},{\"@type\":\"BreadcrumbList\",\"@id\":\"https:\/\/loko.ee\/en\/product\/pitsu-triiburiidega-lilla\/#breadcrumb\",\"itemListElement\":[{\"@type\":\"ListItem\",\"position\":1,\"name\":\"Home\",\"item\":\"https:\/\/www.loko.ee\/en\/\"},{\"@type\":\"ListItem\",\"position\":2,\"name\":\"E-pood\",\"item\":\"https:\/\/www.loko.ee\/en\/e-pood\/\"},{\"@type\":\"ListItem\",\"position\":3,\"name\":\"Pitsu triiburiidega (lilla)\"}]},{\"@type\":\"WebSite\",\"@id\":\"https:\/\/www.loko.ee\/en\/#website\",\"url\":\"https:\/\/www.loko.ee\/en\/\",\"name\":\"\",\"description\":\"Sisustustooted\",\"potentialAction\":[{\"@type\":\"SearchAction\",\"target\":{\"@type\":\"EntryPoint\",\"urlTemplate\":\"https:\/\/www.loko.ee\/en\/?s={search_term_string}\"},\"query-input\":{\"@type\":\"PropertyValueSpecification\",\"valueRequired\":true,\"valueName\":\"search_term_string\"}}],\"inLanguage\":\"en-US\"}]}<\/script>\n<!-- \/ Yoast SEO plugin. -->","yoast_head_json":{"title":"Pitsu triiburiidega (lilla) - Puidust pink - Loko","description":"Pitsu on Hiiumaal v\u00e4ike puidust pink, mis on olnud asendamatu abiline igas talus nii lehma l\u00fcpsmisel kui pliidisuu ees tuld tehes.","robots":{"index":"index","follow":"follow","max-snippet":"max-snippet:-1","max-image-preview":"max-image-preview:large","max-video-preview":"max-video-preview:-1"},"canonical":"https:\/\/loko.ee\/en\/product\/pitsu-triiburiidega-lilla\/","og_locale":"en_US","og_type":"article","og_title":"Pitsu triiburiidega (lilla) - Puidust pink - Loko","og_description":"Pitsu on Hiiumaal v\u00e4ike puidust pink, mis on olnud asendamatu abiline igas talus nii lehma l\u00fcpsmisel kui pliidisuu ees tuld tehes.","og_url":"https:\/\/loko.ee\/en\/product\/pitsu-triiburiidega-lilla\/","article_modified_time":"2026-03-21T09:21:03+00:00","og_image":[{"width":2139,"height":2139,"url":"https:\/\/loko.ee\/wp-content\/uploads\/2025\/04\/Pitsu_Malvaste_triiburiidega_Loko.jpg","type":"image\/jpeg"}],"twitter_card":"summary_large_image","twitter_misc":{"Est. reading time":"1 minute"},"schema":{"@context":"https:\/\/schema.org","@graph":[{"@type":"WebPage","@id":"https:\/\/loko.ee\/en\/product\/pitsu-triiburiidega-lilla\/","url":"https:\/\/loko.ee\/en\/product\/pitsu-triiburiidega-lilla\/","name":"Pitsu triiburiidega (lilla) - Puidust pink - Loko","isPartOf":{"@id":"https:\/\/www.loko.ee\/en\/#website"},"primaryImageOfPage":{"@id":"https:\/\/loko.ee\/en\/product\/pitsu-triiburiidega-lilla\/#primaryimage"},"image":{"@id":"https:\/\/loko.ee\/en\/product\/pitsu-triiburiidega-lilla\/#primaryimage"},"thumbnailUrl":"https:\/\/loko.ee\/wp-content\/uploads\/2025\/04\/Pitsu_Malvaste_triiburiidega_Loko.jpg","datePublished":"2025-04-13T11:42:19+00:00","dateModified":"2026-03-21T09:21:03+00:00","description":"Pitsu on Hiiumaal v\u00e4ike puidust pink, mis on olnud asendamatu abiline igas talus nii lehma l\u00fcpsmisel kui pliidisuu ees tuld tehes.","breadcrumb":{"@id":"https:\/\/loko.ee\/en\/product\/pitsu-triiburiidega-lilla\/#breadcrumb"},"inLanguage":"en-US","potentialAction":[{"@type":"ReadAction","target":["https:\/\/loko.ee\/en\/product\/pitsu-triiburiidega-lilla\/"]}]},{"@type":"ImageObject","inLanguage":"en-US","@id":"https:\/\/loko.ee\/en\/product\/pitsu-triiburiidega-lilla\/#primaryimage","url":"https:\/\/loko.ee\/wp-content\/uploads\/2025\/04\/Pitsu_Malvaste_triiburiidega_Loko.jpg","contentUrl":"https:\/\/loko.ee\/wp-content\/uploads\/2025\/04\/Pitsu_Malvaste_triiburiidega_Loko.jpg","width":2139,"height":2139,"caption":"Pitsu puidust pink Reigi triiburiidega Loko"},{"@type":"BreadcrumbList","@id":"https:\/\/loko.ee\/en\/product\/pitsu-triiburiidega-lilla\/#breadcrumb","itemListElement":[{"@type":"ListItem","position":1,"name":"Home","item":"https:\/\/www.loko.ee\/en\/"},{"@type":"ListItem","position":2,"name":"E-pood","item":"https:\/\/www.loko.ee\/en\/e-pood\/"},{"@type":"ListItem","position":3,"name":"Pitsu triiburiidega (lilla)"}]},{"@type":"WebSite","@id":"https:\/\/www.loko.ee\/en\/#website","url":"https:\/\/www.loko.ee\/en\/","name":"","description":"Sisustustooted","potentialAction":[{"@type":"SearchAction","target":{"@type":"EntryPoint","urlTemplate":"https:\/\/www.loko.ee\/en\/?s={search_term_string}"},"query-input":{"@type":"PropertyValueSpecification","valueRequired":true,"valueName":"search_term_string"}}],"inLanguage":"en-US"}]}},"_links":{"self":[{"href":"https:\/\/loko.ee\/en\/wp-json\/wp\/v2\/product\/3666","targetHints":{"allow":["GET"]}}],"collection":[{"href":"https:\/\/loko.ee\/en\/wp-json\/wp\/v2\/product"}],"about":[{"href":"https:\/\/loko.ee\/en\/wp-json\/wp\/v2\/types\/product"}],"wp:featuredmedia":[{"embeddable":true,"href":"https:\/\/loko.ee\/en\/wp-json\/wp\/v2\/media\/3670"}],"wp:attachment":[{"href":"https:\/\/loko.ee\/en\/wp-json\/wp\/v2\/media?parent=3666"}],"wp:term":[{"taxonomy":"product_brand","embeddable":true,"href":"https:\/\/loko.ee\/en\/wp-json\/wp\/v2\/product_brand?post=3666"},{"taxonomy":"product_cat","embeddable":true,"href":"https:\/\/loko.ee\/en\/wp-json\/wp\/v2\/product_cat?post=3666"},{"taxonomy":"product_tag","embeddable":true,"href":"https:\/\/loko.ee\/en\/wp-json\/wp\/v2\/product_tag?post=3666"},{"taxonomy":"woo-feed-brand","embeddable":true,"href":"https:\/\/loko.ee\/en\/wp-json\/wp\/v2\/woo-feed-brand?post=3666"}],"curies":[{"name":"wp","href":"https:\/\/api.w.org\/{rel}","templated":true}]}}