{"id":3390,"date":"2024-12-06T13:06:45","date_gmt":"2024-12-06T11:06:45","guid":{"rendered":"https:\/\/loko.ee\/?post_type=product&#038;p=3390"},"modified":"2026-02-22T22:01:19","modified_gmt":"2026-02-22T20:01:19","slug":"pleed-100x160-cm","status":"publish","type":"product","link":"https:\/\/loko.ee\/en\/product\/pleed-100x160-cm\/","title":{"rendered":"Pleed 100&#215;160 cm"},"content":{"rendered":"","protected":false},"excerpt":{"rendered":"<p>Pehme puuvillane pleed, mida saab kasutada mitmel otstarbel. Sobib kehakallistajaks jahedal \u00f5htul diivani peal \u00fcmber t\u00f5mmates. Suvisel hooajal sobib ideaalselt rannalinaks, mille peal peesitada v\u00f5i millega end kuivatada. Ja kui pleedi usku ei ole, aga toode ikkagi meeldib, siis mantli peale suureks salliks passib ka h\u00e4sti. Leia omale sobiv kasutusviis!<\/p>\n<p>Koostis: 100% Egiptuse puuvill<br \/>\nSuurus: 100 x 160 cm<br \/>\nKaal g\/m2: 220 g<\/p>\n<p>V\u00f5ib pesta pesumasinas 60 kraadi juures.<\/p>","protected":false},"featured_media":3391,"template":"","meta":[],"product_brand":[],"product_cat":[22,18],"product_tag":[],"woo-feed-brand":[],"class_list":{"0":"post-3390","1":"product","2":"type-product","3":"status-publish","4":"has-post-thumbnail","6":"product_cat-koik-tooted","7":"product_cat-pleedid","9":"first","10":"instock","11":"taxable","12":"shipping-taxable","13":"purchasable","14":"product-type-simple"},"yoast_head":"<!-- This site is optimized with the Yoast SEO plugin v27.2 - https:\/\/yoast.com\/product\/yoast-seo-wordpress\/ -->\n<title>Pleed 100x160 cm - Narmastega pleed - Loko<\/title>\n<meta name=\"description\" content=\"Narmastega pleed, mille disain on inspiratsiooni saanud Hiiumaa kindakirja mustrist. Pleedi otsasid kaunistavad valged narmad.\" \/>\n<meta name=\"robots\" content=\"index, follow, max-snippet:-1, max-image-preview:large, max-video-preview:-1\" \/>\n<link rel=\"canonical\" href=\"https:\/\/loko.ee\/en\/product\/pleed-100x160-cm\/\" \/>\n<meta property=\"og:locale\" content=\"en_US\" \/>\n<meta property=\"og:type\" content=\"article\" \/>\n<meta property=\"og:title\" content=\"Pleed 100x160 cm - Narmastega pleed - Loko\" \/>\n<meta property=\"og:description\" content=\"Narmastega pleed, mille disain on inspiratsiooni saanud Hiiumaa kindakirja mustrist. Pleedi otsasid kaunistavad valged narmad.\" \/>\n<meta property=\"og:url\" content=\"https:\/\/loko.ee\/en\/product\/pleed-100x160-cm\/\" \/>\n<meta property=\"article:modified_time\" content=\"2026-02-22T20:01:19+00:00\" \/>\n<meta property=\"og:image\" content=\"https:\/\/loko.ee\/wp-content\/uploads\/2024\/12\/Narmastega_pleed_Loko.jpg\" \/>\n\t<meta property=\"og:image:width\" content=\"1600\" \/>\n\t<meta property=\"og:image:height\" content=\"1600\" \/>\n\t<meta property=\"og:image:type\" content=\"image\/jpeg\" \/>\n<meta name=\"twitter:card\" content=\"summary_large_image\" \/>\n<meta name=\"twitter:label1\" content=\"Est. reading time\" \/>\n\t<meta name=\"twitter:data1\" content=\"1 minute\" \/>\n<script type=\"application\/ld+json\" class=\"yoast-schema-graph\">{\"@context\":\"https:\/\/schema.org\",\"@graph\":[{\"@type\":\"WebPage\",\"@id\":\"https:\/\/loko.ee\/en\/product\/pleed-100x160-cm\/\",\"url\":\"https:\/\/loko.ee\/en\/product\/pleed-100x160-cm\/\",\"name\":\"Pleed 100x160 cm - Narmastega pleed - Loko\",\"isPartOf\":{\"@id\":\"https:\/\/loko.ee\/#website\"},\"primaryImageOfPage\":{\"@id\":\"https:\/\/loko.ee\/en\/product\/pleed-100x160-cm\/#primaryimage\"},\"image\":{\"@id\":\"https:\/\/loko.ee\/en\/product\/pleed-100x160-cm\/#primaryimage\"},\"thumbnailUrl\":\"https:\/\/loko.ee\/wp-content\/uploads\/2024\/12\/Narmastega_pleed_Loko.jpg\",\"datePublished\":\"2024-12-06T11:06:45+00:00\",\"dateModified\":\"2026-02-22T20:01:19+00:00\",\"description\":\"Narmastega pleed, mille disain on inspiratsiooni saanud Hiiumaa kindakirja mustrist. Pleedi otsasid kaunistavad valged narmad.\",\"breadcrumb\":{\"@id\":\"https:\/\/loko.ee\/en\/product\/pleed-100x160-cm\/#breadcrumb\"},\"inLanguage\":\"en-US\",\"potentialAction\":[{\"@type\":\"ReadAction\",\"target\":[\"https:\/\/loko.ee\/en\/product\/pleed-100x160-cm\/\"]}]},{\"@type\":\"ImageObject\",\"inLanguage\":\"en-US\",\"@id\":\"https:\/\/loko.ee\/en\/product\/pleed-100x160-cm\/#primaryimage\",\"url\":\"https:\/\/loko.ee\/wp-content\/uploads\/2024\/12\/Narmastega_pleed_Loko.jpg\",\"contentUrl\":\"https:\/\/loko.ee\/wp-content\/uploads\/2024\/12\/Narmastega_pleed_Loko.jpg\",\"width\":1600,\"height\":1600,\"caption\":\"Narmastega pleed Loko\"},{\"@type\":\"BreadcrumbList\",\"@id\":\"https:\/\/loko.ee\/en\/product\/pleed-100x160-cm\/#breadcrumb\",\"itemListElement\":[{\"@type\":\"ListItem\",\"position\":1,\"name\":\"Home\",\"item\":\"https:\/\/loko.ee\/\"},{\"@type\":\"ListItem\",\"position\":2,\"name\":\"E-pood\",\"item\":\"https:\/\/www.loko.ee\/en\/e-pood\/\"},{\"@type\":\"ListItem\",\"position\":3,\"name\":\"Pleed 100&#215;160 cm\"}]},{\"@type\":\"WebSite\",\"@id\":\"https:\/\/loko.ee\/#website\",\"url\":\"https:\/\/loko.ee\/\",\"name\":\"\",\"description\":\"Sisustustooted\",\"potentialAction\":[{\"@type\":\"SearchAction\",\"target\":{\"@type\":\"EntryPoint\",\"urlTemplate\":\"https:\/\/loko.ee\/?s={search_term_string}\"},\"query-input\":{\"@type\":\"PropertyValueSpecification\",\"valueRequired\":true,\"valueName\":\"search_term_string\"}}],\"inLanguage\":\"en-US\"}]}<\/script>\n<!-- \/ Yoast SEO plugin. -->","yoast_head_json":{"title":"Pleed 100x160 cm - Narmastega pleed - Loko","description":"Narmastega pleed, mille disain on inspiratsiooni saanud Hiiumaa kindakirja mustrist. Pleedi otsasid kaunistavad valged narmad.","robots":{"index":"index","follow":"follow","max-snippet":"max-snippet:-1","max-image-preview":"max-image-preview:large","max-video-preview":"max-video-preview:-1"},"canonical":"https:\/\/loko.ee\/en\/product\/pleed-100x160-cm\/","og_locale":"en_US","og_type":"article","og_title":"Pleed 100x160 cm - Narmastega pleed - Loko","og_description":"Narmastega pleed, mille disain on inspiratsiooni saanud Hiiumaa kindakirja mustrist. Pleedi otsasid kaunistavad valged narmad.","og_url":"https:\/\/loko.ee\/en\/product\/pleed-100x160-cm\/","article_modified_time":"2026-02-22T20:01:19+00:00","og_image":[{"width":1600,"height":1600,"url":"https:\/\/loko.ee\/wp-content\/uploads\/2024\/12\/Narmastega_pleed_Loko.jpg","type":"image\/jpeg"}],"twitter_card":"summary_large_image","twitter_misc":{"Est. reading time":"1 minute"},"schema":{"@context":"https:\/\/schema.org","@graph":[{"@type":"WebPage","@id":"https:\/\/loko.ee\/en\/product\/pleed-100x160-cm\/","url":"https:\/\/loko.ee\/en\/product\/pleed-100x160-cm\/","name":"Pleed 100x160 cm - Narmastega pleed - Loko","isPartOf":{"@id":"https:\/\/loko.ee\/#website"},"primaryImageOfPage":{"@id":"https:\/\/loko.ee\/en\/product\/pleed-100x160-cm\/#primaryimage"},"image":{"@id":"https:\/\/loko.ee\/en\/product\/pleed-100x160-cm\/#primaryimage"},"thumbnailUrl":"https:\/\/loko.ee\/wp-content\/uploads\/2024\/12\/Narmastega_pleed_Loko.jpg","datePublished":"2024-12-06T11:06:45+00:00","dateModified":"2026-02-22T20:01:19+00:00","description":"Narmastega pleed, mille disain on inspiratsiooni saanud Hiiumaa kindakirja mustrist. Pleedi otsasid kaunistavad valged narmad.","breadcrumb":{"@id":"https:\/\/loko.ee\/en\/product\/pleed-100x160-cm\/#breadcrumb"},"inLanguage":"en-US","potentialAction":[{"@type":"ReadAction","target":["https:\/\/loko.ee\/en\/product\/pleed-100x160-cm\/"]}]},{"@type":"ImageObject","inLanguage":"en-US","@id":"https:\/\/loko.ee\/en\/product\/pleed-100x160-cm\/#primaryimage","url":"https:\/\/loko.ee\/wp-content\/uploads\/2024\/12\/Narmastega_pleed_Loko.jpg","contentUrl":"https:\/\/loko.ee\/wp-content\/uploads\/2024\/12\/Narmastega_pleed_Loko.jpg","width":1600,"height":1600,"caption":"Narmastega pleed Loko"},{"@type":"BreadcrumbList","@id":"https:\/\/loko.ee\/en\/product\/pleed-100x160-cm\/#breadcrumb","itemListElement":[{"@type":"ListItem","position":1,"name":"Home","item":"https:\/\/loko.ee\/"},{"@type":"ListItem","position":2,"name":"E-pood","item":"https:\/\/www.loko.ee\/en\/e-pood\/"},{"@type":"ListItem","position":3,"name":"Pleed 100&#215;160 cm"}]},{"@type":"WebSite","@id":"https:\/\/loko.ee\/#website","url":"https:\/\/loko.ee\/","name":"","description":"Sisustustooted","potentialAction":[{"@type":"SearchAction","target":{"@type":"EntryPoint","urlTemplate":"https:\/\/loko.ee\/?s={search_term_string}"},"query-input":{"@type":"PropertyValueSpecification","valueRequired":true,"valueName":"search_term_string"}}],"inLanguage":"en-US"}]}},"_links":{"self":[{"href":"https:\/\/loko.ee\/en\/wp-json\/wp\/v2\/product\/3390","targetHints":{"allow":["GET"]}}],"collection":[{"href":"https:\/\/loko.ee\/en\/wp-json\/wp\/v2\/product"}],"about":[{"href":"https:\/\/loko.ee\/en\/wp-json\/wp\/v2\/types\/product"}],"wp:featuredmedia":[{"embeddable":true,"href":"https:\/\/loko.ee\/en\/wp-json\/wp\/v2\/media\/3391"}],"wp:attachment":[{"href":"https:\/\/loko.ee\/en\/wp-json\/wp\/v2\/media?parent=3390"}],"wp:term":[{"taxonomy":"product_brand","embeddable":true,"href":"https:\/\/loko.ee\/en\/wp-json\/wp\/v2\/product_brand?post=3390"},{"taxonomy":"product_cat","embeddable":true,"href":"https:\/\/loko.ee\/en\/wp-json\/wp\/v2\/product_cat?post=3390"},{"taxonomy":"product_tag","embeddable":true,"href":"https:\/\/loko.ee\/en\/wp-json\/wp\/v2\/product_tag?post=3390"},{"taxonomy":"woo-feed-brand","embeddable":true,"href":"https:\/\/loko.ee\/en\/wp-json\/wp\/v2\/woo-feed-brand?post=3390"}],"curies":[{"name":"wp","href":"https:\/\/api.w.org\/{rel}","templated":true}]}}