{"id":3069,"date":"2024-06-22T12:13:21","date_gmt":"2024-06-22T10:13:21","guid":{"rendered":"https:\/\/loko.ee\/?post_type=product&#038;p=3069"},"modified":"2026-03-20T23:58:49","modified_gmt":"2026-03-20T21:58:49","slug":"saunalava-istumisalus-parnumaa","status":"publish","type":"product","link":"https:\/\/loko.ee\/en\/product\/saunalava-istumisalus-parnumaa\/","title":{"rendered":"Saunalava istumisalus P\u00e4rnumaa"},"content":{"rendered":"","protected":false},"excerpt":{"rendered":"<p>Saunalava istumisalus kaitseb lavalaudu m\u00e4\u00e4rdumise eest ja sind selle eest, et kuum ei k\u00f5rvetaks. Kangast kaunistab P\u00e4rnumaa kindakirja muster.<\/p>\n<p>Composition: 52% linen, 48% cotton.<br \/>\nSuurus: 50 x 145 cm<br \/>\nV\u00f5ib pesta pesumasinas 40 kraadi juures.<\/p>\n<p>Made in Estonia.<\/p>","protected":false},"featured_media":3074,"template":"","meta":[],"product_brand":[],"product_cat":[22,36],"product_tag":[],"woo-feed-brand":[],"class_list":{"0":"post-3069","1":"product","2":"type-product","3":"status-publish","4":"has-post-thumbnail","6":"product_cat-koik-tooted","7":"product_cat-saunalinad","9":"first","10":"instock","11":"taxable","12":"shipping-taxable","13":"purchasable","14":"product-type-simple"},"yoast_head":"<!-- This site is optimized with the Yoast SEO plugin v27.2 - https:\/\/yoast.com\/product\/yoast-seo-wordpress\/ -->\n<title>Saunalava istumisalus P\u00e4rnumaa - Saunalava lina - Loko<\/title>\n<meta name=\"description\" content=\"Saunalava istumisalus kaitseb lavalaudu m\u00e4\u00e4rdumise eest ja sind selle eest, et kuum ei k\u00f5rvetaks. Hea kingiidee! Toodetud Eestis.\" \/>\n<meta name=\"robots\" content=\"index, follow, max-snippet:-1, max-image-preview:large, max-video-preview:-1\" \/>\n<link rel=\"canonical\" href=\"https:\/\/www.loko.ee\/en\/product\/saunalava-istumisalus-parnumaa\/\" \/>\n<meta property=\"og:locale\" content=\"en_US\" \/>\n<meta property=\"og:type\" content=\"article\" \/>\n<meta property=\"og:title\" content=\"Saunalava istumisalus P\u00e4rnumaa - Saunalava lina - Loko\" \/>\n<meta property=\"og:description\" content=\"Saunalava istumisalus kaitseb lavalaudu m\u00e4\u00e4rdumise eest ja sind selle eest, et kuum ei k\u00f5rvetaks. Hea kingiidee! Toodetud Eestis.\" \/>\n<meta property=\"og:url\" content=\"https:\/\/www.loko.ee\/en\/product\/saunalava-istumisalus-parnumaa\/\" \/>\n<meta property=\"article:modified_time\" content=\"2026-03-20T21:58:49+00:00\" \/>\n<meta property=\"og:image\" content=\"https:\/\/loko.ee\/wp-content\/uploads\/2024\/06\/Saunalava-istumisalus_Parnumaa_Loko1.jpg\" \/>\n\t<meta property=\"og:image:width\" content=\"1971\" \/>\n\t<meta property=\"og:image:height\" content=\"1971\" \/>\n\t<meta property=\"og:image:type\" content=\"image\/jpeg\" \/>\n<meta name=\"twitter:card\" content=\"summary_large_image\" \/>\n<meta name=\"twitter:label1\" content=\"Est. reading time\" \/>\n\t<meta name=\"twitter:data1\" content=\"1 minute\" \/>\n<script type=\"application\/ld+json\" class=\"yoast-schema-graph\">{\"@context\":\"https:\/\/schema.org\",\"@graph\":[{\"@type\":\"WebPage\",\"@id\":\"https:\/\/www.loko.ee\/en\/product\/saunalava-istumisalus-parnumaa\/\",\"url\":\"https:\/\/www.loko.ee\/en\/product\/saunalava-istumisalus-parnumaa\/\",\"name\":\"Saunalava istumisalus P\u00e4rnumaa - Saunalava lina - Loko\",\"isPartOf\":{\"@id\":\"https:\/\/loko.ee\/#website\"},\"primaryImageOfPage\":{\"@id\":\"https:\/\/www.loko.ee\/en\/product\/saunalava-istumisalus-parnumaa\/#primaryimage\"},\"image\":{\"@id\":\"https:\/\/www.loko.ee\/en\/product\/saunalava-istumisalus-parnumaa\/#primaryimage\"},\"thumbnailUrl\":\"https:\/\/www.loko.ee\/wp-content\/uploads\/2024\/06\/Saunalava-istumisalus_Parnumaa_Loko1.jpg\",\"datePublished\":\"2024-06-22T10:13:21+00:00\",\"dateModified\":\"2026-03-20T21:58:49+00:00\",\"description\":\"Saunalava istumisalus kaitseb lavalaudu m\u00e4\u00e4rdumise eest ja sind selle eest, et kuum ei k\u00f5rvetaks. Hea kingiidee! Toodetud Eestis.\",\"breadcrumb\":{\"@id\":\"https:\/\/www.loko.ee\/en\/product\/saunalava-istumisalus-parnumaa\/#breadcrumb\"},\"inLanguage\":\"en-US\",\"potentialAction\":[{\"@type\":\"ReadAction\",\"target\":[\"https:\/\/www.loko.ee\/en\/product\/saunalava-istumisalus-parnumaa\/\"]}]},{\"@type\":\"ImageObject\",\"inLanguage\":\"en-US\",\"@id\":\"https:\/\/www.loko.ee\/en\/product\/saunalava-istumisalus-parnumaa\/#primaryimage\",\"url\":\"https:\/\/www.loko.ee\/wp-content\/uploads\/2024\/06\/Saunalava-istumisalus_Parnumaa_Loko1.jpg\",\"contentUrl\":\"https:\/\/www.loko.ee\/wp-content\/uploads\/2024\/06\/Saunalava-istumisalus_Parnumaa_Loko1.jpg\",\"width\":1971,\"height\":1971},{\"@type\":\"BreadcrumbList\",\"@id\":\"https:\/\/www.loko.ee\/en\/product\/saunalava-istumisalus-parnumaa\/#breadcrumb\",\"itemListElement\":[{\"@type\":\"ListItem\",\"position\":1,\"name\":\"Home\",\"item\":\"https:\/\/loko.ee\/\"},{\"@type\":\"ListItem\",\"position\":2,\"name\":\"E-pood\",\"item\":\"https:\/\/loko.ee\/e-pood\/\"},{\"@type\":\"ListItem\",\"position\":3,\"name\":\"Saunalava istumisalus P\u00e4rnumaa\"}]},{\"@type\":\"WebSite\",\"@id\":\"https:\/\/loko.ee\/#website\",\"url\":\"https:\/\/loko.ee\/\",\"name\":\"\",\"description\":\"Sisustustooted\",\"potentialAction\":[{\"@type\":\"SearchAction\",\"target\":{\"@type\":\"EntryPoint\",\"urlTemplate\":\"https:\/\/loko.ee\/?s={search_term_string}\"},\"query-input\":{\"@type\":\"PropertyValueSpecification\",\"valueRequired\":true,\"valueName\":\"search_term_string\"}}],\"inLanguage\":\"en-US\"}]}<\/script>\n<!-- \/ Yoast SEO plugin. -->","yoast_head_json":{"title":"Saunalava istumisalus P\u00e4rnumaa - Saunalava lina - Loko","description":"Saunalava istumisalus kaitseb lavalaudu m\u00e4\u00e4rdumise eest ja sind selle eest, et kuum ei k\u00f5rvetaks. Hea kingiidee! Toodetud Eestis.","robots":{"index":"index","follow":"follow","max-snippet":"max-snippet:-1","max-image-preview":"max-image-preview:large","max-video-preview":"max-video-preview:-1"},"canonical":"https:\/\/www.loko.ee\/en\/product\/saunalava-istumisalus-parnumaa\/","og_locale":"en_US","og_type":"article","og_title":"Saunalava istumisalus P\u00e4rnumaa - Saunalava lina - Loko","og_description":"Saunalava istumisalus kaitseb lavalaudu m\u00e4\u00e4rdumise eest ja sind selle eest, et kuum ei k\u00f5rvetaks. Hea kingiidee! Toodetud Eestis.","og_url":"https:\/\/www.loko.ee\/en\/product\/saunalava-istumisalus-parnumaa\/","article_modified_time":"2026-03-20T21:58:49+00:00","og_image":[{"width":1971,"height":1971,"url":"https:\/\/loko.ee\/wp-content\/uploads\/2024\/06\/Saunalava-istumisalus_Parnumaa_Loko1.jpg","type":"image\/jpeg"}],"twitter_card":"summary_large_image","twitter_misc":{"Est. reading time":"1 minute"},"schema":{"@context":"https:\/\/schema.org","@graph":[{"@type":"WebPage","@id":"https:\/\/www.loko.ee\/en\/product\/saunalava-istumisalus-parnumaa\/","url":"https:\/\/www.loko.ee\/en\/product\/saunalava-istumisalus-parnumaa\/","name":"Saunalava istumisalus P\u00e4rnumaa - Saunalava lina - Loko","isPartOf":{"@id":"https:\/\/loko.ee\/#website"},"primaryImageOfPage":{"@id":"https:\/\/www.loko.ee\/en\/product\/saunalava-istumisalus-parnumaa\/#primaryimage"},"image":{"@id":"https:\/\/www.loko.ee\/en\/product\/saunalava-istumisalus-parnumaa\/#primaryimage"},"thumbnailUrl":"https:\/\/www.loko.ee\/wp-content\/uploads\/2024\/06\/Saunalava-istumisalus_Parnumaa_Loko1.jpg","datePublished":"2024-06-22T10:13:21+00:00","dateModified":"2026-03-20T21:58:49+00:00","description":"Saunalava istumisalus kaitseb lavalaudu m\u00e4\u00e4rdumise eest ja sind selle eest, et kuum ei k\u00f5rvetaks. Hea kingiidee! Toodetud Eestis.","breadcrumb":{"@id":"https:\/\/www.loko.ee\/en\/product\/saunalava-istumisalus-parnumaa\/#breadcrumb"},"inLanguage":"en-US","potentialAction":[{"@type":"ReadAction","target":["https:\/\/www.loko.ee\/en\/product\/saunalava-istumisalus-parnumaa\/"]}]},{"@type":"ImageObject","inLanguage":"en-US","@id":"https:\/\/www.loko.ee\/en\/product\/saunalava-istumisalus-parnumaa\/#primaryimage","url":"https:\/\/www.loko.ee\/wp-content\/uploads\/2024\/06\/Saunalava-istumisalus_Parnumaa_Loko1.jpg","contentUrl":"https:\/\/www.loko.ee\/wp-content\/uploads\/2024\/06\/Saunalava-istumisalus_Parnumaa_Loko1.jpg","width":1971,"height":1971},{"@type":"BreadcrumbList","@id":"https:\/\/www.loko.ee\/en\/product\/saunalava-istumisalus-parnumaa\/#breadcrumb","itemListElement":[{"@type":"ListItem","position":1,"name":"Home","item":"https:\/\/loko.ee\/"},{"@type":"ListItem","position":2,"name":"E-pood","item":"https:\/\/loko.ee\/e-pood\/"},{"@type":"ListItem","position":3,"name":"Saunalava istumisalus P\u00e4rnumaa"}]},{"@type":"WebSite","@id":"https:\/\/loko.ee\/#website","url":"https:\/\/loko.ee\/","name":"","description":"Sisustustooted","potentialAction":[{"@type":"SearchAction","target":{"@type":"EntryPoint","urlTemplate":"https:\/\/loko.ee\/?s={search_term_string}"},"query-input":{"@type":"PropertyValueSpecification","valueRequired":true,"valueName":"search_term_string"}}],"inLanguage":"en-US"}]}},"_links":{"self":[{"href":"https:\/\/loko.ee\/en\/wp-json\/wp\/v2\/product\/3069","targetHints":{"allow":["GET"]}}],"collection":[{"href":"https:\/\/loko.ee\/en\/wp-json\/wp\/v2\/product"}],"about":[{"href":"https:\/\/loko.ee\/en\/wp-json\/wp\/v2\/types\/product"}],"wp:featuredmedia":[{"embeddable":true,"href":"https:\/\/loko.ee\/en\/wp-json\/wp\/v2\/media\/3074"}],"wp:attachment":[{"href":"https:\/\/loko.ee\/en\/wp-json\/wp\/v2\/media?parent=3069"}],"wp:term":[{"taxonomy":"product_brand","embeddable":true,"href":"https:\/\/loko.ee\/en\/wp-json\/wp\/v2\/product_brand?post=3069"},{"taxonomy":"product_cat","embeddable":true,"href":"https:\/\/loko.ee\/en\/wp-json\/wp\/v2\/product_cat?post=3069"},{"taxonomy":"product_tag","embeddable":true,"href":"https:\/\/loko.ee\/en\/wp-json\/wp\/v2\/product_tag?post=3069"},{"taxonomy":"woo-feed-brand","embeddable":true,"href":"https:\/\/loko.ee\/en\/wp-json\/wp\/v2\/woo-feed-brand?post=3069"}],"curies":[{"name":"wp","href":"https:\/\/api.w.org\/{rel}","templated":true}]}}