{"id":2963,"date":"2024-04-30T13:32:35","date_gmt":"2024-04-30T11:32:35","guid":{"rendered":"https:\/\/loko.ee\/?post_type=product&#038;p=2963"},"modified":"2026-02-26T14:26:25","modified_gmt":"2026-02-26T12:26:25","slug":"saunalina-valgamaa-kindakiri-hall","status":"publish","type":"product","link":"https:\/\/loko.ee\/en\/product\/saunalina-valgamaa-kindakiri-hall\/","title":{"rendered":"Saunalina Otep\u00e4\u00e4 kindakiri hall"},"content":{"rendered":"","protected":false},"excerpt":{"rendered":"<p>Ilus ja pehme froteest saunalina. Kasuta nii vannis, trennis, saunas kui rannas k\u00e4ies. Saunalina kaunistab Valgamaa, Otep\u00e4\u00e4 kindakirja muster.<\/p>\n<p>Suurus: 67 x 150 cm<br \/>\nKoostis: 100% puuvill<br \/>\nKaal g\/m2: 530 g<br \/>\nV\u00e4rv: Tumehall ja valge<\/p>\n<p>R\u00e4tikut on lihtne hooldada \u2013\u00a0 v\u00f5ib pesta pesumasinas 40 kraadi juures.<\/p>","protected":false},"featured_media":2965,"template":"","meta":[],"product_brand":[],"product_cat":[22,36],"product_tag":[],"woo-feed-brand":[],"class_list":{"0":"post-2963","1":"product","2":"type-product","3":"status-publish","4":"has-post-thumbnail","6":"product_cat-koik-tooted","7":"product_cat-saunalinad","9":"first","10":"instock","11":"taxable","12":"shipping-taxable","13":"purchasable","14":"product-type-simple"},"yoast_head":"<!-- This site is optimized with the Yoast SEO plugin v27.2 - https:\/\/yoast.com\/product\/yoast-seo-wordpress\/ -->\n<title>Saunalina Otep\u00e4\u00e4 kindakiri hall - 100% puuvill - Loko - Eesti disain<\/title>\n<meta name=\"description\" content=\"Ilus ja pehme froteest saunalina. Kasuta nii vannis, trennis, saunas kui rannas k\u00e4ies. Saunalina kaunistab Valgamaa, Otep\u00e4\u00e4 kindakirja muster.\" \/>\n<meta name=\"robots\" content=\"index, follow, max-snippet:-1, max-image-preview:large, max-video-preview:-1\" \/>\n<link rel=\"canonical\" href=\"https:\/\/loko.ee\/en\/product\/saunalina-valgamaa-kindakiri-hall\/\" \/>\n<meta property=\"og:locale\" content=\"en_US\" \/>\n<meta property=\"og:type\" content=\"article\" \/>\n<meta property=\"og:title\" content=\"Saunalina Otep\u00e4\u00e4 kindakiri hall - 100% puuvill - Loko - Eesti disain\" \/>\n<meta property=\"og:description\" content=\"Ilus ja pehme froteest saunalina. Kasuta nii vannis, trennis, saunas kui rannas k\u00e4ies. Saunalina kaunistab Valgamaa, Otep\u00e4\u00e4 kindakirja muster.\" \/>\n<meta property=\"og:url\" content=\"https:\/\/loko.ee\/en\/product\/saunalina-valgamaa-kindakiri-hall\/\" \/>\n<meta property=\"article:modified_time\" content=\"2026-02-26T12:26:25+00:00\" \/>\n<meta property=\"og:image\" content=\"https:\/\/www.loko.ee\/wp-content\/uploads\/2024\/04\/Saunalina_Valgamaa_Loko.jpg\" \/>\n\t<meta property=\"og:image:width\" content=\"1450\" \/>\n\t<meta property=\"og:image:height\" content=\"1450\" \/>\n\t<meta property=\"og:image:type\" content=\"image\/jpeg\" \/>\n<meta name=\"twitter:card\" content=\"summary_large_image\" \/>\n<meta name=\"twitter:label1\" content=\"Est. reading time\" \/>\n\t<meta name=\"twitter:data1\" content=\"1 minute\" \/>\n<script type=\"application\/ld+json\" class=\"yoast-schema-graph\">{\"@context\":\"https:\/\/schema.org\",\"@graph\":[{\"@type\":\"WebPage\",\"@id\":\"https:\/\/loko.ee\/toode\/saunalina-valgamaa-kindakiri-hall\/\",\"url\":\"https:\/\/loko.ee\/toode\/saunalina-valgamaa-kindakiri-hall\/\",\"name\":\"Saunalina Otep\u00e4\u00e4 kindakiri hall - 100% puuvill - Loko - Eesti disain\",\"isPartOf\":{\"@id\":\"https:\/\/www.loko.ee\/#website\"},\"primaryImageOfPage\":{\"@id\":\"https:\/\/loko.ee\/toode\/saunalina-valgamaa-kindakiri-hall\/#primaryimage\"},\"image\":{\"@id\":\"https:\/\/loko.ee\/toode\/saunalina-valgamaa-kindakiri-hall\/#primaryimage\"},\"thumbnailUrl\":\"https:\/\/www.loko.ee\/wp-content\/uploads\/2024\/04\/Saunalina_Valgamaa_Loko.jpg\",\"datePublished\":\"2024-04-30T11:32:35+00:00\",\"dateModified\":\"2026-02-26T12:26:25+00:00\",\"description\":\"Ilus ja pehme froteest saunalina. Kasuta nii vannis, trennis, saunas kui rannas k\u00e4ies. Saunalina kaunistab Valgamaa, Otep\u00e4\u00e4 kindakirja muster.\",\"breadcrumb\":{\"@id\":\"https:\/\/loko.ee\/toode\/saunalina-valgamaa-kindakiri-hall\/#breadcrumb\"},\"inLanguage\":\"en-US\",\"potentialAction\":[{\"@type\":\"ReadAction\",\"target\":[\"https:\/\/loko.ee\/toode\/saunalina-valgamaa-kindakiri-hall\/\"]}]},{\"@type\":\"ImageObject\",\"inLanguage\":\"en-US\",\"@id\":\"https:\/\/loko.ee\/toode\/saunalina-valgamaa-kindakiri-hall\/#primaryimage\",\"url\":\"https:\/\/www.loko.ee\/wp-content\/uploads\/2024\/04\/Saunalina_Valgamaa_Loko.jpg\",\"contentUrl\":\"https:\/\/www.loko.ee\/wp-content\/uploads\/2024\/04\/Saunalina_Valgamaa_Loko.jpg\",\"width\":1450,\"height\":1450,\"caption\":\"Saunalina frotee Otep\u00e4\u00e4 Valgamaa kindakiri Loko\"},{\"@type\":\"BreadcrumbList\",\"@id\":\"https:\/\/loko.ee\/toode\/saunalina-valgamaa-kindakiri-hall\/#breadcrumb\",\"itemListElement\":[{\"@type\":\"ListItem\",\"position\":1,\"name\":\"Home\",\"item\":\"https:\/\/www.loko.ee\/\"},{\"@type\":\"ListItem\",\"position\":2,\"name\":\"E-pood\",\"item\":\"https:\/\/loko.ee\/en\/e-pood\/\"},{\"@type\":\"ListItem\",\"position\":3,\"name\":\"Saunalina Otep\u00e4\u00e4 kindakiri hall\"}]},{\"@type\":\"WebSite\",\"@id\":\"https:\/\/www.loko.ee\/#website\",\"url\":\"https:\/\/www.loko.ee\/\",\"name\":\"\",\"description\":\"Sisustustooted\",\"potentialAction\":[{\"@type\":\"SearchAction\",\"target\":{\"@type\":\"EntryPoint\",\"urlTemplate\":\"https:\/\/www.loko.ee\/?s={search_term_string}\"},\"query-input\":{\"@type\":\"PropertyValueSpecification\",\"valueRequired\":true,\"valueName\":\"search_term_string\"}}],\"inLanguage\":\"en-US\"}]}<\/script>\n<!-- \/ Yoast SEO plugin. -->","yoast_head_json":{"title":"Saunalina Otep\u00e4\u00e4 kindakiri hall - 100% puuvill - Loko - Eesti disain","description":"Ilus ja pehme froteest saunalina. Kasuta nii vannis, trennis, saunas kui rannas k\u00e4ies. Saunalina kaunistab Valgamaa, Otep\u00e4\u00e4 kindakirja muster.","robots":{"index":"index","follow":"follow","max-snippet":"max-snippet:-1","max-image-preview":"max-image-preview:large","max-video-preview":"max-video-preview:-1"},"canonical":"https:\/\/loko.ee\/en\/product\/saunalina-valgamaa-kindakiri-hall\/","og_locale":"en_US","og_type":"article","og_title":"Saunalina Otep\u00e4\u00e4 kindakiri hall - 100% puuvill - Loko - Eesti disain","og_description":"Ilus ja pehme froteest saunalina. Kasuta nii vannis, trennis, saunas kui rannas k\u00e4ies. Saunalina kaunistab Valgamaa, Otep\u00e4\u00e4 kindakirja muster.","og_url":"https:\/\/loko.ee\/en\/product\/saunalina-valgamaa-kindakiri-hall\/","article_modified_time":"2026-02-26T12:26:25+00:00","og_image":[{"width":1450,"height":1450,"url":"https:\/\/www.loko.ee\/wp-content\/uploads\/2024\/04\/Saunalina_Valgamaa_Loko.jpg","type":"image\/jpeg"}],"twitter_card":"summary_large_image","twitter_misc":{"Est. reading time":"1 minute"},"schema":{"@context":"https:\/\/schema.org","@graph":[{"@type":"WebPage","@id":"https:\/\/loko.ee\/toode\/saunalina-valgamaa-kindakiri-hall\/","url":"https:\/\/loko.ee\/toode\/saunalina-valgamaa-kindakiri-hall\/","name":"Saunalina Otep\u00e4\u00e4 kindakiri hall - 100% puuvill - Loko - Eesti disain","isPartOf":{"@id":"https:\/\/www.loko.ee\/#website"},"primaryImageOfPage":{"@id":"https:\/\/loko.ee\/toode\/saunalina-valgamaa-kindakiri-hall\/#primaryimage"},"image":{"@id":"https:\/\/loko.ee\/toode\/saunalina-valgamaa-kindakiri-hall\/#primaryimage"},"thumbnailUrl":"https:\/\/www.loko.ee\/wp-content\/uploads\/2024\/04\/Saunalina_Valgamaa_Loko.jpg","datePublished":"2024-04-30T11:32:35+00:00","dateModified":"2026-02-26T12:26:25+00:00","description":"Ilus ja pehme froteest saunalina. Kasuta nii vannis, trennis, saunas kui rannas k\u00e4ies. Saunalina kaunistab Valgamaa, Otep\u00e4\u00e4 kindakirja muster.","breadcrumb":{"@id":"https:\/\/loko.ee\/toode\/saunalina-valgamaa-kindakiri-hall\/#breadcrumb"},"inLanguage":"en-US","potentialAction":[{"@type":"ReadAction","target":["https:\/\/loko.ee\/toode\/saunalina-valgamaa-kindakiri-hall\/"]}]},{"@type":"ImageObject","inLanguage":"en-US","@id":"https:\/\/loko.ee\/toode\/saunalina-valgamaa-kindakiri-hall\/#primaryimage","url":"https:\/\/www.loko.ee\/wp-content\/uploads\/2024\/04\/Saunalina_Valgamaa_Loko.jpg","contentUrl":"https:\/\/www.loko.ee\/wp-content\/uploads\/2024\/04\/Saunalina_Valgamaa_Loko.jpg","width":1450,"height":1450,"caption":"Saunalina frotee Otep\u00e4\u00e4 Valgamaa kindakiri Loko"},{"@type":"BreadcrumbList","@id":"https:\/\/loko.ee\/toode\/saunalina-valgamaa-kindakiri-hall\/#breadcrumb","itemListElement":[{"@type":"ListItem","position":1,"name":"Home","item":"https:\/\/www.loko.ee\/"},{"@type":"ListItem","position":2,"name":"E-pood","item":"https:\/\/loko.ee\/en\/e-pood\/"},{"@type":"ListItem","position":3,"name":"Saunalina Otep\u00e4\u00e4 kindakiri hall"}]},{"@type":"WebSite","@id":"https:\/\/www.loko.ee\/#website","url":"https:\/\/www.loko.ee\/","name":"","description":"Sisustustooted","potentialAction":[{"@type":"SearchAction","target":{"@type":"EntryPoint","urlTemplate":"https:\/\/www.loko.ee\/?s={search_term_string}"},"query-input":{"@type":"PropertyValueSpecification","valueRequired":true,"valueName":"search_term_string"}}],"inLanguage":"en-US"}]}},"_links":{"self":[{"href":"https:\/\/loko.ee\/en\/wp-json\/wp\/v2\/product\/2963","targetHints":{"allow":["GET"]}}],"collection":[{"href":"https:\/\/loko.ee\/en\/wp-json\/wp\/v2\/product"}],"about":[{"href":"https:\/\/loko.ee\/en\/wp-json\/wp\/v2\/types\/product"}],"wp:featuredmedia":[{"embeddable":true,"href":"https:\/\/loko.ee\/en\/wp-json\/wp\/v2\/media\/2965"}],"wp:attachment":[{"href":"https:\/\/loko.ee\/en\/wp-json\/wp\/v2\/media?parent=2963"}],"wp:term":[{"taxonomy":"product_brand","embeddable":true,"href":"https:\/\/loko.ee\/en\/wp-json\/wp\/v2\/product_brand?post=2963"},{"taxonomy":"product_cat","embeddable":true,"href":"https:\/\/loko.ee\/en\/wp-json\/wp\/v2\/product_cat?post=2963"},{"taxonomy":"product_tag","embeddable":true,"href":"https:\/\/loko.ee\/en\/wp-json\/wp\/v2\/product_tag?post=2963"},{"taxonomy":"woo-feed-brand","embeddable":true,"href":"https:\/\/loko.ee\/en\/wp-json\/wp\/v2\/woo-feed-brand?post=2963"}],"curies":[{"name":"wp","href":"https:\/\/api.w.org\/{rel}","templated":true}]}}