{"id":2635,"date":"2023-10-18T15:22:52","date_gmt":"2023-10-18T13:22:52","guid":{"rendered":"https:\/\/www.loko.ee\/?post_type=product&#038;p=2635"},"modified":"2026-03-10T07:27:45","modified_gmt":"2026-03-10T05:27:45","slug":"kapuutsiga-laste-saunalina","status":"publish","type":"product","link":"https:\/\/loko.ee\/en\/product\/kapuutsiga-laste-saunalina\/","title":{"rendered":"Kapuutsiga laste saunalina"},"content":{"rendered":"","protected":false},"excerpt":{"rendered":"<p>Armas ja pehme kapuutsiga laste saunalina. Selle r\u00e4tikuga saab pisike tegelane kiiresti ja mugavalt kuivaks ning kapuutsi abil on ka pea tuule eest kaitstud. Samuti on kapuutsil k\u00fcljes vahvad m\u00f5mmi k\u00f5rvad.<\/p>\n<p>Kasuta rannas, basseinis v\u00f5i peale vannisk\u00e4iku, et lapse keha soojas hoida. Frotee imab h\u00e4sti niiskust ja on naha vastas pehme.<\/p>\n<p>Saunalina kaunistab Hiiumaa kaheksakanna kindakirja muster.<\/p>\n<p>Suurus: 84 x 84 cm<br \/>\nKoostis: 83% puuvill, 17% lina<br \/>\nR\u00e4tikut on lihtne hooldada &#8211;\u00a0 v\u00f5ib pesta pesumasinas 40 kraadi juures.<\/p>","protected":false},"featured_media":2636,"template":"","meta":[],"product_brand":[],"product_cat":[22,33,36],"product_tag":[],"woo-feed-brand":[],"class_list":{"0":"post-2635","1":"product","2":"type-product","3":"status-publish","4":"has-post-thumbnail","6":"product_cat-koik-tooted","7":"product_cat-lastele","8":"product_cat-saunalinad","10":"first","11":"instock","12":"taxable","13":"shipping-taxable","14":"purchasable","15":"product-type-simple"},"yoast_head":"<!-- This site is optimized with the Yoast SEO plugin v27.2 - https:\/\/yoast.com\/product\/yoast-seo-wordpress\/ -->\n<title>Kapuutsiga laste saunalina - Beebi saunalina - Vannilina - Loko<\/title>\n<meta name=\"description\" content=\"Armas ja pehme kapuutsiga laste saunalina. Selle r\u00e4tikuga saab pisike tegelane kiiresti ja mugavalt kuivaks ning kapuutsi abil on pea tuule eest kaitstud.\" \/>\n<meta name=\"robots\" content=\"index, follow, max-snippet:-1, max-image-preview:large, max-video-preview:-1\" \/>\n<link rel=\"canonical\" href=\"https:\/\/loko.ee\/en\/product\/kapuutsiga-laste-saunalina\/\" \/>\n<meta property=\"og:locale\" content=\"en_US\" \/>\n<meta property=\"og:type\" content=\"article\" \/>\n<meta property=\"og:title\" content=\"Kapuutsiga laste saunalina - Beebi saunalina - Vannilina - Loko\" \/>\n<meta property=\"og:description\" content=\"Armas ja pehme kapuutsiga laste saunalina. Selle r\u00e4tikuga saab pisike tegelane kiiresti ja mugavalt kuivaks ning kapuutsi abil on pea tuule eest kaitstud.\" \/>\n<meta property=\"og:url\" content=\"https:\/\/loko.ee\/en\/product\/kapuutsiga-laste-saunalina\/\" \/>\n<meta property=\"article:modified_time\" content=\"2026-03-10T05:27:45+00:00\" \/>\n<meta property=\"og:image\" content=\"https:\/\/www.loko.ee\/wp-content\/uploads\/2023\/10\/Kapuutsiga-laste-saunalina_vanniratik_Loko.jpg\" \/>\n\t<meta property=\"og:image:width\" content=\"1370\" \/>\n\t<meta property=\"og:image:height\" content=\"1370\" \/>\n\t<meta property=\"og:image:type\" content=\"image\/jpeg\" \/>\n<meta name=\"twitter:card\" content=\"summary_large_image\" \/>\n<script type=\"application\/ld+json\" class=\"yoast-schema-graph\">{\"@context\":\"https:\/\/schema.org\",\"@graph\":[{\"@type\":\"WebPage\",\"@id\":\"https:\/\/loko.ee\/toode\/kapuutsiga-laste-saunalina\/\",\"url\":\"https:\/\/loko.ee\/toode\/kapuutsiga-laste-saunalina\/\",\"name\":\"Kapuutsiga laste saunalina - Beebi saunalina - Vannilina - Loko\",\"isPartOf\":{\"@id\":\"https:\/\/www.loko.ee\/#website\"},\"primaryImageOfPage\":{\"@id\":\"https:\/\/loko.ee\/toode\/kapuutsiga-laste-saunalina\/#primaryimage\"},\"image\":{\"@id\":\"https:\/\/loko.ee\/toode\/kapuutsiga-laste-saunalina\/#primaryimage\"},\"thumbnailUrl\":\"https:\/\/loko.ee\/wp-content\/uploads\/2023\/10\/Kapuutsiga-laste-saunalina_vanniratik_Loko.jpg\",\"datePublished\":\"2023-10-18T13:22:52+00:00\",\"dateModified\":\"2026-03-10T05:27:45+00:00\",\"description\":\"Armas ja pehme kapuutsiga laste saunalina. Selle r\u00e4tikuga saab pisike tegelane kiiresti ja mugavalt kuivaks ning kapuutsi abil on pea tuule eest kaitstud.\",\"breadcrumb\":{\"@id\":\"https:\/\/loko.ee\/toode\/kapuutsiga-laste-saunalina\/#breadcrumb\"},\"inLanguage\":\"en-US\",\"potentialAction\":[{\"@type\":\"ReadAction\",\"target\":[\"https:\/\/loko.ee\/toode\/kapuutsiga-laste-saunalina\/\"]}]},{\"@type\":\"ImageObject\",\"inLanguage\":\"en-US\",\"@id\":\"https:\/\/loko.ee\/toode\/kapuutsiga-laste-saunalina\/#primaryimage\",\"url\":\"https:\/\/loko.ee\/wp-content\/uploads\/2023\/10\/Kapuutsiga-laste-saunalina_vanniratik_Loko.jpg\",\"contentUrl\":\"https:\/\/loko.ee\/wp-content\/uploads\/2023\/10\/Kapuutsiga-laste-saunalina_vanniratik_Loko.jpg\",\"width\":1370,\"height\":1370,\"caption\":\"Kapuutsiga laste vannir\u00e4tik saunalina Loko\"},{\"@type\":\"BreadcrumbList\",\"@id\":\"https:\/\/loko.ee\/toode\/kapuutsiga-laste-saunalina\/#breadcrumb\",\"itemListElement\":[{\"@type\":\"ListItem\",\"position\":1,\"name\":\"Home\",\"item\":\"https:\/\/www.loko.ee\/\"},{\"@type\":\"ListItem\",\"position\":2,\"name\":\"E-pood\",\"item\":\"https:\/\/loko.ee\/en\/e-pood\/\"},{\"@type\":\"ListItem\",\"position\":3,\"name\":\"Kapuutsiga laste saunalina\"}]},{\"@type\":\"WebSite\",\"@id\":\"https:\/\/www.loko.ee\/#website\",\"url\":\"https:\/\/www.loko.ee\/\",\"name\":\"\",\"description\":\"Sisustustooted\",\"potentialAction\":[{\"@type\":\"SearchAction\",\"target\":{\"@type\":\"EntryPoint\",\"urlTemplate\":\"https:\/\/www.loko.ee\/?s={search_term_string}\"},\"query-input\":{\"@type\":\"PropertyValueSpecification\",\"valueRequired\":true,\"valueName\":\"search_term_string\"}}],\"inLanguage\":\"en-US\"}]}<\/script>\n<!-- \/ Yoast SEO plugin. -->","yoast_head_json":{"title":"Kapuutsiga laste saunalina - Beebi saunalina - Vannilina - Loko","description":"Armas ja pehme kapuutsiga laste saunalina. Selle r\u00e4tikuga saab pisike tegelane kiiresti ja mugavalt kuivaks ning kapuutsi abil on pea tuule eest kaitstud.","robots":{"index":"index","follow":"follow","max-snippet":"max-snippet:-1","max-image-preview":"max-image-preview:large","max-video-preview":"max-video-preview:-1"},"canonical":"https:\/\/loko.ee\/en\/product\/kapuutsiga-laste-saunalina\/","og_locale":"en_US","og_type":"article","og_title":"Kapuutsiga laste saunalina - Beebi saunalina - Vannilina - Loko","og_description":"Armas ja pehme kapuutsiga laste saunalina. Selle r\u00e4tikuga saab pisike tegelane kiiresti ja mugavalt kuivaks ning kapuutsi abil on pea tuule eest kaitstud.","og_url":"https:\/\/loko.ee\/en\/product\/kapuutsiga-laste-saunalina\/","article_modified_time":"2026-03-10T05:27:45+00:00","og_image":[{"width":1370,"height":1370,"url":"https:\/\/www.loko.ee\/wp-content\/uploads\/2023\/10\/Kapuutsiga-laste-saunalina_vanniratik_Loko.jpg","type":"image\/jpeg"}],"twitter_card":"summary_large_image","schema":{"@context":"https:\/\/schema.org","@graph":[{"@type":"WebPage","@id":"https:\/\/loko.ee\/toode\/kapuutsiga-laste-saunalina\/","url":"https:\/\/loko.ee\/toode\/kapuutsiga-laste-saunalina\/","name":"Kapuutsiga laste saunalina - Beebi saunalina - Vannilina - Loko","isPartOf":{"@id":"https:\/\/www.loko.ee\/#website"},"primaryImageOfPage":{"@id":"https:\/\/loko.ee\/toode\/kapuutsiga-laste-saunalina\/#primaryimage"},"image":{"@id":"https:\/\/loko.ee\/toode\/kapuutsiga-laste-saunalina\/#primaryimage"},"thumbnailUrl":"https:\/\/loko.ee\/wp-content\/uploads\/2023\/10\/Kapuutsiga-laste-saunalina_vanniratik_Loko.jpg","datePublished":"2023-10-18T13:22:52+00:00","dateModified":"2026-03-10T05:27:45+00:00","description":"Armas ja pehme kapuutsiga laste saunalina. Selle r\u00e4tikuga saab pisike tegelane kiiresti ja mugavalt kuivaks ning kapuutsi abil on pea tuule eest kaitstud.","breadcrumb":{"@id":"https:\/\/loko.ee\/toode\/kapuutsiga-laste-saunalina\/#breadcrumb"},"inLanguage":"en-US","potentialAction":[{"@type":"ReadAction","target":["https:\/\/loko.ee\/toode\/kapuutsiga-laste-saunalina\/"]}]},{"@type":"ImageObject","inLanguage":"en-US","@id":"https:\/\/loko.ee\/toode\/kapuutsiga-laste-saunalina\/#primaryimage","url":"https:\/\/loko.ee\/wp-content\/uploads\/2023\/10\/Kapuutsiga-laste-saunalina_vanniratik_Loko.jpg","contentUrl":"https:\/\/loko.ee\/wp-content\/uploads\/2023\/10\/Kapuutsiga-laste-saunalina_vanniratik_Loko.jpg","width":1370,"height":1370,"caption":"Kapuutsiga laste vannir\u00e4tik saunalina Loko"},{"@type":"BreadcrumbList","@id":"https:\/\/loko.ee\/toode\/kapuutsiga-laste-saunalina\/#breadcrumb","itemListElement":[{"@type":"ListItem","position":1,"name":"Home","item":"https:\/\/www.loko.ee\/"},{"@type":"ListItem","position":2,"name":"E-pood","item":"https:\/\/loko.ee\/en\/e-pood\/"},{"@type":"ListItem","position":3,"name":"Kapuutsiga laste saunalina"}]},{"@type":"WebSite","@id":"https:\/\/www.loko.ee\/#website","url":"https:\/\/www.loko.ee\/","name":"","description":"Sisustustooted","potentialAction":[{"@type":"SearchAction","target":{"@type":"EntryPoint","urlTemplate":"https:\/\/www.loko.ee\/?s={search_term_string}"},"query-input":{"@type":"PropertyValueSpecification","valueRequired":true,"valueName":"search_term_string"}}],"inLanguage":"en-US"}]}},"_links":{"self":[{"href":"https:\/\/loko.ee\/en\/wp-json\/wp\/v2\/product\/2635","targetHints":{"allow":["GET"]}}],"collection":[{"href":"https:\/\/loko.ee\/en\/wp-json\/wp\/v2\/product"}],"about":[{"href":"https:\/\/loko.ee\/en\/wp-json\/wp\/v2\/types\/product"}],"wp:featuredmedia":[{"embeddable":true,"href":"https:\/\/loko.ee\/en\/wp-json\/wp\/v2\/media\/2636"}],"wp:attachment":[{"href":"https:\/\/loko.ee\/en\/wp-json\/wp\/v2\/media?parent=2635"}],"wp:term":[{"taxonomy":"product_brand","embeddable":true,"href":"https:\/\/loko.ee\/en\/wp-json\/wp\/v2\/product_brand?post=2635"},{"taxonomy":"product_cat","embeddable":true,"href":"https:\/\/loko.ee\/en\/wp-json\/wp\/v2\/product_cat?post=2635"},{"taxonomy":"product_tag","embeddable":true,"href":"https:\/\/loko.ee\/en\/wp-json\/wp\/v2\/product_tag?post=2635"},{"taxonomy":"woo-feed-brand","embeddable":true,"href":"https:\/\/loko.ee\/en\/wp-json\/wp\/v2\/woo-feed-brand?post=2635"}],"curies":[{"name":"wp","href":"https:\/\/api.w.org\/{rel}","templated":true}]}}