{"id":2559,"date":"2023-08-18T21:01:08","date_gmt":"2023-08-18T19:01:08","guid":{"rendered":"https:\/\/loko.ee\/?post_type=product&#038;p=2559"},"modified":"2026-04-09T13:47:27","modified_gmt":"2026-04-09T11:47:27","slug":"seljapesukasn","status":"publish","type":"product","link":"https:\/\/loko.ee\/en\/product\/seljapesukasn\/","title":{"rendered":"Seljapesuk\u00e4sn"},"content":{"rendered":"","protected":false},"excerpt":{"rendered":"<p>Froteest seljapesuk\u00e4sna abil saad selja ja \u00fclej\u00e4\u00e4nud keha mugavalt puhtaks pesta. Selja h\u00f5lpsaks pesemiseks kasutage otstes asuvaid sangasid.<\/p>\n<p>Naturaalne pesuk\u00e4sn on valmistatud samast kangast nagu meie saunalinadki. Kangast kaunistab Hiiumaa kaheksakanna kindakirja muster.<\/p>\n<p>Froteekanga koostis: 83% puuvill, 17% lina<br \/>\nM\u00f5\u00f5dud: 15 x 65 cm<\/p>","protected":false},"featured_media":2562,"template":"","meta":[],"product_brand":[],"product_cat":[22,27,36],"product_tag":[],"woo-feed-brand":[],"class_list":{"0":"post-2559","1":"product","2":"type-product","3":"status-publish","4":"has-post-thumbnail","6":"product_cat-koik-tooted","7":"product_cat-muu","8":"product_cat-saunalinad","10":"first","11":"instock","12":"taxable","13":"shipping-taxable","14":"purchasable","15":"product-type-simple"},"yoast_head":"<!-- This site is optimized with the Yoast SEO plugin v27.2 - https:\/\/yoast.com\/product\/yoast-seo-wordpress\/ -->\n<title>Seljapesuk\u00e4sn - Frotee - Pesuk\u00e4sn - Loko<\/title>\n<meta name=\"description\" content=\"Froteest seljapesuk\u00e4sna abil saad selja ja \u00fclej\u00e4\u00e4nud keha mugavalt puhtaks pesta. Selja h\u00f5lpsaks pesemiseks kasutage otstes asuvaid sangasid.\" \/>\n<meta name=\"robots\" content=\"index, follow, max-snippet:-1, max-image-preview:large, max-video-preview:-1\" \/>\n<link rel=\"canonical\" href=\"https:\/\/loko.ee\/en\/product\/seljapesukasn\/\" \/>\n<meta property=\"og:locale\" content=\"en_US\" \/>\n<meta property=\"og:type\" content=\"article\" \/>\n<meta property=\"og:title\" content=\"Seljapesuk\u00e4sn - Frotee - Pesuk\u00e4sn - Loko\" \/>\n<meta property=\"og:description\" content=\"Froteest seljapesuk\u00e4sna abil saad selja ja \u00fclej\u00e4\u00e4nud keha mugavalt puhtaks pesta. Selja h\u00f5lpsaks pesemiseks kasutage otstes asuvaid sangasid.\" \/>\n<meta property=\"og:url\" content=\"https:\/\/loko.ee\/en\/product\/seljapesukasn\/\" \/>\n<meta property=\"article:modified_time\" content=\"2026-04-09T11:47:27+00:00\" \/>\n<meta property=\"og:image\" content=\"https:\/\/loko.ee\/wp-content\/uploads\/2023\/08\/Seljapesukasn_frotee_Hiiumaa_Loko.jpg\" \/>\n\t<meta property=\"og:image:width\" content=\"1600\" \/>\n\t<meta property=\"og:image:height\" content=\"1600\" \/>\n\t<meta property=\"og:image:type\" content=\"image\/jpeg\" \/>\n<meta name=\"twitter:card\" content=\"summary_large_image\" \/>\n<script type=\"application\/ld+json\" class=\"yoast-schema-graph\">{\"@context\":\"https:\/\/schema.org\",\"@graph\":[{\"@type\":\"WebPage\",\"@id\":\"https:\/\/loko.ee\/toode\/seljapesukasn\/\",\"url\":\"https:\/\/loko.ee\/toode\/seljapesukasn\/\",\"name\":\"Seljapesuk\u00e4sn - Frotee - Pesuk\u00e4sn - Loko\",\"isPartOf\":{\"@id\":\"https:\/\/loko.ee\/#website\"},\"primaryImageOfPage\":{\"@id\":\"https:\/\/loko.ee\/toode\/seljapesukasn\/#primaryimage\"},\"image\":{\"@id\":\"https:\/\/loko.ee\/toode\/seljapesukasn\/#primaryimage\"},\"thumbnailUrl\":\"https:\/\/loko.ee\/wp-content\/uploads\/2023\/08\/Seljapesukasn_frotee_Hiiumaa_Loko.jpg\",\"datePublished\":\"2023-08-18T19:01:08+00:00\",\"dateModified\":\"2026-04-09T11:47:27+00:00\",\"description\":\"Froteest seljapesuk\u00e4sna abil saad selja ja \u00fclej\u00e4\u00e4nud keha mugavalt puhtaks pesta. Selja h\u00f5lpsaks pesemiseks kasutage otstes asuvaid sangasid.\",\"breadcrumb\":{\"@id\":\"https:\/\/loko.ee\/toode\/seljapesukasn\/#breadcrumb\"},\"inLanguage\":\"en-US\",\"potentialAction\":[{\"@type\":\"ReadAction\",\"target\":[\"https:\/\/loko.ee\/toode\/seljapesukasn\/\"]}]},{\"@type\":\"ImageObject\",\"inLanguage\":\"en-US\",\"@id\":\"https:\/\/loko.ee\/toode\/seljapesukasn\/#primaryimage\",\"url\":\"https:\/\/loko.ee\/wp-content\/uploads\/2023\/08\/Seljapesukasn_frotee_Hiiumaa_Loko.jpg\",\"contentUrl\":\"https:\/\/loko.ee\/wp-content\/uploads\/2023\/08\/Seljapesukasn_frotee_Hiiumaa_Loko.jpg\",\"width\":1600,\"height\":1600,\"caption\":\"Seljapesuk\u00e4sn frotee saunaaasta Loko\"},{\"@type\":\"BreadcrumbList\",\"@id\":\"https:\/\/loko.ee\/toode\/seljapesukasn\/#breadcrumb\",\"itemListElement\":[{\"@type\":\"ListItem\",\"position\":1,\"name\":\"Home\",\"item\":\"https:\/\/www.loko.ee\/en\/\"},{\"@type\":\"ListItem\",\"position\":2,\"name\":\"E-pood\",\"item\":\"https:\/\/loko.ee\/en\/e-pood\/\"},{\"@type\":\"ListItem\",\"position\":3,\"name\":\"Seljapesuk\u00e4sn\"}]},{\"@type\":\"WebSite\",\"@id\":\"https:\/\/loko.ee\/#website\",\"url\":\"https:\/\/loko.ee\/\",\"name\":\"\",\"description\":\"Sisustustooted\",\"potentialAction\":[{\"@type\":\"SearchAction\",\"target\":{\"@type\":\"EntryPoint\",\"urlTemplate\":\"https:\/\/loko.ee\/?s={search_term_string}\"},\"query-input\":{\"@type\":\"PropertyValueSpecification\",\"valueRequired\":true,\"valueName\":\"search_term_string\"}}],\"inLanguage\":\"en-US\"}]}<\/script>\n<!-- \/ Yoast SEO plugin. -->","yoast_head_json":{"title":"Seljapesuk\u00e4sn - Frotee - Pesuk\u00e4sn - Loko","description":"Froteest seljapesuk\u00e4sna abil saad selja ja \u00fclej\u00e4\u00e4nud keha mugavalt puhtaks pesta. Selja h\u00f5lpsaks pesemiseks kasutage otstes asuvaid sangasid.","robots":{"index":"index","follow":"follow","max-snippet":"max-snippet:-1","max-image-preview":"max-image-preview:large","max-video-preview":"max-video-preview:-1"},"canonical":"https:\/\/loko.ee\/en\/product\/seljapesukasn\/","og_locale":"en_US","og_type":"article","og_title":"Seljapesuk\u00e4sn - Frotee - Pesuk\u00e4sn - Loko","og_description":"Froteest seljapesuk\u00e4sna abil saad selja ja \u00fclej\u00e4\u00e4nud keha mugavalt puhtaks pesta. Selja h\u00f5lpsaks pesemiseks kasutage otstes asuvaid sangasid.","og_url":"https:\/\/loko.ee\/en\/product\/seljapesukasn\/","article_modified_time":"2026-04-09T11:47:27+00:00","og_image":[{"width":1600,"height":1600,"url":"https:\/\/loko.ee\/wp-content\/uploads\/2023\/08\/Seljapesukasn_frotee_Hiiumaa_Loko.jpg","type":"image\/jpeg"}],"twitter_card":"summary_large_image","schema":{"@context":"https:\/\/schema.org","@graph":[{"@type":"WebPage","@id":"https:\/\/loko.ee\/toode\/seljapesukasn\/","url":"https:\/\/loko.ee\/toode\/seljapesukasn\/","name":"Seljapesuk\u00e4sn - Frotee - Pesuk\u00e4sn - Loko","isPartOf":{"@id":"https:\/\/loko.ee\/#website"},"primaryImageOfPage":{"@id":"https:\/\/loko.ee\/toode\/seljapesukasn\/#primaryimage"},"image":{"@id":"https:\/\/loko.ee\/toode\/seljapesukasn\/#primaryimage"},"thumbnailUrl":"https:\/\/loko.ee\/wp-content\/uploads\/2023\/08\/Seljapesukasn_frotee_Hiiumaa_Loko.jpg","datePublished":"2023-08-18T19:01:08+00:00","dateModified":"2026-04-09T11:47:27+00:00","description":"Froteest seljapesuk\u00e4sna abil saad selja ja \u00fclej\u00e4\u00e4nud keha mugavalt puhtaks pesta. Selja h\u00f5lpsaks pesemiseks kasutage otstes asuvaid sangasid.","breadcrumb":{"@id":"https:\/\/loko.ee\/toode\/seljapesukasn\/#breadcrumb"},"inLanguage":"en-US","potentialAction":[{"@type":"ReadAction","target":["https:\/\/loko.ee\/toode\/seljapesukasn\/"]}]},{"@type":"ImageObject","inLanguage":"en-US","@id":"https:\/\/loko.ee\/toode\/seljapesukasn\/#primaryimage","url":"https:\/\/loko.ee\/wp-content\/uploads\/2023\/08\/Seljapesukasn_frotee_Hiiumaa_Loko.jpg","contentUrl":"https:\/\/loko.ee\/wp-content\/uploads\/2023\/08\/Seljapesukasn_frotee_Hiiumaa_Loko.jpg","width":1600,"height":1600,"caption":"Seljapesuk\u00e4sn frotee saunaaasta Loko"},{"@type":"BreadcrumbList","@id":"https:\/\/loko.ee\/toode\/seljapesukasn\/#breadcrumb","itemListElement":[{"@type":"ListItem","position":1,"name":"Home","item":"https:\/\/www.loko.ee\/en\/"},{"@type":"ListItem","position":2,"name":"E-pood","item":"https:\/\/loko.ee\/en\/e-pood\/"},{"@type":"ListItem","position":3,"name":"Seljapesuk\u00e4sn"}]},{"@type":"WebSite","@id":"https:\/\/loko.ee\/#website","url":"https:\/\/loko.ee\/","name":"","description":"Sisustustooted","potentialAction":[{"@type":"SearchAction","target":{"@type":"EntryPoint","urlTemplate":"https:\/\/loko.ee\/?s={search_term_string}"},"query-input":{"@type":"PropertyValueSpecification","valueRequired":true,"valueName":"search_term_string"}}],"inLanguage":"en-US"}]}},"_links":{"self":[{"href":"https:\/\/loko.ee\/en\/wp-json\/wp\/v2\/product\/2559","targetHints":{"allow":["GET"]}}],"collection":[{"href":"https:\/\/loko.ee\/en\/wp-json\/wp\/v2\/product"}],"about":[{"href":"https:\/\/loko.ee\/en\/wp-json\/wp\/v2\/types\/product"}],"wp:featuredmedia":[{"embeddable":true,"href":"https:\/\/loko.ee\/en\/wp-json\/wp\/v2\/media\/2562"}],"wp:attachment":[{"href":"https:\/\/loko.ee\/en\/wp-json\/wp\/v2\/media?parent=2559"}],"wp:term":[{"taxonomy":"product_brand","embeddable":true,"href":"https:\/\/loko.ee\/en\/wp-json\/wp\/v2\/product_brand?post=2559"},{"taxonomy":"product_cat","embeddable":true,"href":"https:\/\/loko.ee\/en\/wp-json\/wp\/v2\/product_cat?post=2559"},{"taxonomy":"product_tag","embeddable":true,"href":"https:\/\/loko.ee\/en\/wp-json\/wp\/v2\/product_tag?post=2559"},{"taxonomy":"woo-feed-brand","embeddable":true,"href":"https:\/\/loko.ee\/en\/wp-json\/wp\/v2\/woo-feed-brand?post=2559"}],"curies":[{"name":"wp","href":"https:\/\/api.w.org\/{rel}","templated":true}]}}