{"id":2549,"date":"2023-08-15T07:42:44","date_gmt":"2023-08-15T05:42:44","guid":{"rendered":"https:\/\/loko.ee\/?post_type=product&#038;p=2549"},"modified":"2026-02-22T11:12:07","modified_gmt":"2026-02-22T09:12:07","slug":"hommikumantel","status":"publish","type":"product","link":"https:\/\/loko.ee\/en\/product\/hommikumantel\/","title":{"rendered":"Hommikumantel"},"content":{"rendered":"","protected":false},"excerpt":{"rendered":"<p>Pehme ja kohev hommikumantel, mis on valmistatud froteekangast. Kaisutab sind m\u00f5nusalt nii hommikukohvi ajal kui ka \u00f5htul peale vanni v\u00f5i du\u0161\u0161i. Kinnitus laia v\u00f6\u00f6ga ning taskutesse saad head ja paremat peita. Kangast kaunistab Hiiumaa kaheksakanna kindakirja muster. \u00dcks universaalne suurus &#8211; sobib rinna\u00fcmberm\u00f5\u00f5duga kuni 108 cm.<\/p>\n<p>Ilus ja praktiline kingitus nii endale kui s\u00f5brale!<\/p>\n<p>Froteekanga koostis: 83% puuvill, 17% lina<br \/>\nHooldus: V\u00f5ib pesta pesumasinas 40 kraadi juures.<\/p>","protected":false},"featured_media":2553,"template":"","meta":[],"product_brand":[],"product_cat":[22,36],"product_tag":[],"woo-feed-brand":[],"class_list":{"0":"post-2549","1":"product","2":"type-product","3":"status-publish","4":"has-post-thumbnail","6":"product_cat-koik-tooted","7":"product_cat-saunalinad","9":"first","10":"instock","11":"taxable","12":"shipping-taxable","13":"purchasable","14":"product-type-simple"},"yoast_head":"<!-- This site is optimized with the Yoast SEO plugin v27.2 - https:\/\/yoast.com\/product\/yoast-seo-wordpress\/ -->\n<title>Hommikumantel - Froteekangast - Eesti disain - Loko<\/title>\n<meta name=\"description\" content=\"Pehme ja kohev hommikumantel, mis on valmistatud froteekangast. Kinnitus laia v\u00f6\u00f6ga ning taskutesse saad head ja paremat peita.\" \/>\n<meta name=\"robots\" content=\"index, follow, max-snippet:-1, max-image-preview:large, max-video-preview:-1\" \/>\n<link rel=\"canonical\" href=\"https:\/\/loko.ee\/en\/product\/hommikumantel\/\" \/>\n<meta property=\"og:locale\" content=\"en_US\" \/>\n<meta property=\"og:type\" content=\"article\" \/>\n<meta property=\"og:title\" content=\"Hommikumantel - Froteekangast - Eesti disain - Loko\" \/>\n<meta property=\"og:description\" content=\"Pehme ja kohev hommikumantel, mis on valmistatud froteekangast. Kinnitus laia v\u00f6\u00f6ga ning taskutesse saad head ja paremat peita.\" \/>\n<meta property=\"og:url\" content=\"https:\/\/loko.ee\/en\/product\/hommikumantel\/\" \/>\n<meta property=\"article:modified_time\" content=\"2026-02-22T09:12:07+00:00\" \/>\n<meta property=\"og:image\" content=\"https:\/\/loko.ee\/wp-content\/uploads\/2023\/08\/Hommikumantel_frotee_Hiiumaa_Loko-scaled.jpg\" \/>\n\t<meta property=\"og:image:width\" content=\"1717\" \/>\n\t<meta property=\"og:image:height\" content=\"2560\" \/>\n\t<meta property=\"og:image:type\" content=\"image\/jpeg\" \/>\n<meta name=\"twitter:card\" content=\"summary_large_image\" \/>\n<script type=\"application\/ld+json\" class=\"yoast-schema-graph\">{\"@context\":\"https:\/\/schema.org\",\"@graph\":[{\"@type\":\"WebPage\",\"@id\":\"https:\/\/loko.ee\/en\/product\/hommikumantel\/\",\"url\":\"https:\/\/loko.ee\/en\/product\/hommikumantel\/\",\"name\":\"Hommikumantel - Froteekangast - Eesti disain - Loko\",\"isPartOf\":{\"@id\":\"https:\/\/loko.ee\/#website\"},\"primaryImageOfPage\":{\"@id\":\"https:\/\/loko.ee\/en\/product\/hommikumantel\/#primaryimage\"},\"image\":{\"@id\":\"https:\/\/loko.ee\/en\/product\/hommikumantel\/#primaryimage\"},\"thumbnailUrl\":\"https:\/\/loko.ee\/wp-content\/uploads\/2023\/08\/Hommikumantel_frotee_Hiiumaa_Loko-scaled.jpg\",\"datePublished\":\"2023-08-15T05:42:44+00:00\",\"dateModified\":\"2026-02-22T09:12:07+00:00\",\"description\":\"Pehme ja kohev hommikumantel, mis on valmistatud froteekangast. Kinnitus laia v\u00f6\u00f6ga ning taskutesse saad head ja paremat peita.\",\"breadcrumb\":{\"@id\":\"https:\/\/loko.ee\/en\/product\/hommikumantel\/#breadcrumb\"},\"inLanguage\":\"en-US\",\"potentialAction\":[{\"@type\":\"ReadAction\",\"target\":[\"https:\/\/loko.ee\/en\/product\/hommikumantel\/\"]}]},{\"@type\":\"ImageObject\",\"inLanguage\":\"en-US\",\"@id\":\"https:\/\/loko.ee\/en\/product\/hommikumantel\/#primaryimage\",\"url\":\"https:\/\/loko.ee\/wp-content\/uploads\/2023\/08\/Hommikumantel_frotee_Hiiumaa_Loko-scaled.jpg\",\"contentUrl\":\"https:\/\/loko.ee\/wp-content\/uploads\/2023\/08\/Hommikumantel_frotee_Hiiumaa_Loko-scaled.jpg\",\"width\":1717,\"height\":2560,\"caption\":\"Hommikumantel frotee Eesti disain Loko\"},{\"@type\":\"BreadcrumbList\",\"@id\":\"https:\/\/loko.ee\/en\/product\/hommikumantel\/#breadcrumb\",\"itemListElement\":[{\"@type\":\"ListItem\",\"position\":1,\"name\":\"Home\",\"item\":\"https:\/\/loko.ee\/\"},{\"@type\":\"ListItem\",\"position\":2,\"name\":\"E-pood\",\"item\":\"https:\/\/www.loko.ee\/en\/e-pood\/\"},{\"@type\":\"ListItem\",\"position\":3,\"name\":\"Hommikumantel\"}]},{\"@type\":\"WebSite\",\"@id\":\"https:\/\/loko.ee\/#website\",\"url\":\"https:\/\/loko.ee\/\",\"name\":\"\",\"description\":\"Sisustustooted\",\"potentialAction\":[{\"@type\":\"SearchAction\",\"target\":{\"@type\":\"EntryPoint\",\"urlTemplate\":\"https:\/\/loko.ee\/?s={search_term_string}\"},\"query-input\":{\"@type\":\"PropertyValueSpecification\",\"valueRequired\":true,\"valueName\":\"search_term_string\"}}],\"inLanguage\":\"en-US\"}]}<\/script>\n<!-- \/ Yoast SEO plugin. -->","yoast_head_json":{"title":"Hommikumantel - Froteekangast - Eesti disain - Loko","description":"Pehme ja kohev hommikumantel, mis on valmistatud froteekangast. Kinnitus laia v\u00f6\u00f6ga ning taskutesse saad head ja paremat peita.","robots":{"index":"index","follow":"follow","max-snippet":"max-snippet:-1","max-image-preview":"max-image-preview:large","max-video-preview":"max-video-preview:-1"},"canonical":"https:\/\/loko.ee\/en\/product\/hommikumantel\/","og_locale":"en_US","og_type":"article","og_title":"Hommikumantel - Froteekangast - Eesti disain - Loko","og_description":"Pehme ja kohev hommikumantel, mis on valmistatud froteekangast. Kinnitus laia v\u00f6\u00f6ga ning taskutesse saad head ja paremat peita.","og_url":"https:\/\/loko.ee\/en\/product\/hommikumantel\/","article_modified_time":"2026-02-22T09:12:07+00:00","og_image":[{"width":1717,"height":2560,"url":"https:\/\/loko.ee\/wp-content\/uploads\/2023\/08\/Hommikumantel_frotee_Hiiumaa_Loko-scaled.jpg","type":"image\/jpeg"}],"twitter_card":"summary_large_image","schema":{"@context":"https:\/\/schema.org","@graph":[{"@type":"WebPage","@id":"https:\/\/loko.ee\/en\/product\/hommikumantel\/","url":"https:\/\/loko.ee\/en\/product\/hommikumantel\/","name":"Hommikumantel - Froteekangast - Eesti disain - Loko","isPartOf":{"@id":"https:\/\/loko.ee\/#website"},"primaryImageOfPage":{"@id":"https:\/\/loko.ee\/en\/product\/hommikumantel\/#primaryimage"},"image":{"@id":"https:\/\/loko.ee\/en\/product\/hommikumantel\/#primaryimage"},"thumbnailUrl":"https:\/\/loko.ee\/wp-content\/uploads\/2023\/08\/Hommikumantel_frotee_Hiiumaa_Loko-scaled.jpg","datePublished":"2023-08-15T05:42:44+00:00","dateModified":"2026-02-22T09:12:07+00:00","description":"Pehme ja kohev hommikumantel, mis on valmistatud froteekangast. Kinnitus laia v\u00f6\u00f6ga ning taskutesse saad head ja paremat peita.","breadcrumb":{"@id":"https:\/\/loko.ee\/en\/product\/hommikumantel\/#breadcrumb"},"inLanguage":"en-US","potentialAction":[{"@type":"ReadAction","target":["https:\/\/loko.ee\/en\/product\/hommikumantel\/"]}]},{"@type":"ImageObject","inLanguage":"en-US","@id":"https:\/\/loko.ee\/en\/product\/hommikumantel\/#primaryimage","url":"https:\/\/loko.ee\/wp-content\/uploads\/2023\/08\/Hommikumantel_frotee_Hiiumaa_Loko-scaled.jpg","contentUrl":"https:\/\/loko.ee\/wp-content\/uploads\/2023\/08\/Hommikumantel_frotee_Hiiumaa_Loko-scaled.jpg","width":1717,"height":2560,"caption":"Hommikumantel frotee Eesti disain Loko"},{"@type":"BreadcrumbList","@id":"https:\/\/loko.ee\/en\/product\/hommikumantel\/#breadcrumb","itemListElement":[{"@type":"ListItem","position":1,"name":"Home","item":"https:\/\/loko.ee\/"},{"@type":"ListItem","position":2,"name":"E-pood","item":"https:\/\/www.loko.ee\/en\/e-pood\/"},{"@type":"ListItem","position":3,"name":"Hommikumantel"}]},{"@type":"WebSite","@id":"https:\/\/loko.ee\/#website","url":"https:\/\/loko.ee\/","name":"","description":"Sisustustooted","potentialAction":[{"@type":"SearchAction","target":{"@type":"EntryPoint","urlTemplate":"https:\/\/loko.ee\/?s={search_term_string}"},"query-input":{"@type":"PropertyValueSpecification","valueRequired":true,"valueName":"search_term_string"}}],"inLanguage":"en-US"}]}},"_links":{"self":[{"href":"https:\/\/loko.ee\/en\/wp-json\/wp\/v2\/product\/2549","targetHints":{"allow":["GET"]}}],"collection":[{"href":"https:\/\/loko.ee\/en\/wp-json\/wp\/v2\/product"}],"about":[{"href":"https:\/\/loko.ee\/en\/wp-json\/wp\/v2\/types\/product"}],"wp:featuredmedia":[{"embeddable":true,"href":"https:\/\/loko.ee\/en\/wp-json\/wp\/v2\/media\/2553"}],"wp:attachment":[{"href":"https:\/\/loko.ee\/en\/wp-json\/wp\/v2\/media?parent=2549"}],"wp:term":[{"taxonomy":"product_brand","embeddable":true,"href":"https:\/\/loko.ee\/en\/wp-json\/wp\/v2\/product_brand?post=2549"},{"taxonomy":"product_cat","embeddable":true,"href":"https:\/\/loko.ee\/en\/wp-json\/wp\/v2\/product_cat?post=2549"},{"taxonomy":"product_tag","embeddable":true,"href":"https:\/\/loko.ee\/en\/wp-json\/wp\/v2\/product_tag?post=2549"},{"taxonomy":"woo-feed-brand","embeddable":true,"href":"https:\/\/loko.ee\/en\/wp-json\/wp\/v2\/woo-feed-brand?post=2549"}],"curies":[{"name":"wp","href":"https:\/\/api.w.org\/{rel}","templated":true}]}}