{"id":2529,"date":"2023-08-03T12:23:53","date_gmt":"2023-08-03T10:23:53","guid":{"rendered":"https:\/\/loko.ee\/?post_type=product&#038;p=2529"},"modified":"2026-03-13T11:58:11","modified_gmt":"2026-03-13T09:58:11","slug":"saunamuts","status":"publish","type":"product","link":"https:\/\/loko.ee\/en\/product\/saunamuts\/","title":{"rendered":"Saunam\u00fcts"},"content":{"rendered":"","protected":false},"excerpt":{"rendered":"<p>Froteekangast saunam\u00fcts, mida kaunistab Hiiumaa kaheksakanna kindakirja muster. Saunam\u00fcts kaitseb sind nii kuuma leili eest saunalaval kui k\u00fclma ja s\u00e4\u00e4skede eest t\u00fcnnisaunas. Pikad kiharad saab saunam\u00fctsi sisse peitu panna, et need ei muutuks kuumaga kuivaks ega rabedaks.<\/p>\n<p>Hea kingiidee t\u00f5elisele saunas\u00f5brale!<\/p>\n<p>Froteekanga koostis: 17% lina, 83% puuvill.<br \/>\nHooldus: V\u00f5ib pesta pesumasinas 40 kraadi juures.<\/p>","protected":false},"featured_media":3338,"template":"","meta":[],"product_brand":[],"product_cat":[22,36],"product_tag":[],"woo-feed-brand":[],"class_list":{"0":"post-2529","1":"product","2":"type-product","3":"status-publish","4":"has-post-thumbnail","6":"product_cat-koik-tooted","7":"product_cat-saunalinad","9":"first","10":"instock","11":"taxable","12":"shipping-taxable","13":"purchasable","14":"product-type-variable"},"yoast_head":"<!-- This site is optimized with the Yoast SEO plugin v27.2 - https:\/\/yoast.com\/product\/yoast-seo-wordpress\/ -->\n<title>Saunam\u00fcts - Hea kingiidee - Frotee - Loko<\/title>\n<meta name=\"description\" content=\"Froteekangast saunam\u00fcts, mis kaitseb sind nii kuuma leili eest saunalaval kui k\u00fclma ja s\u00e4\u00e4skede eest t\u00fcnnisaunas. Hea kingiidee!\" \/>\n<meta name=\"robots\" content=\"index, follow, max-snippet:-1, max-image-preview:large, max-video-preview:-1\" \/>\n<link rel=\"canonical\" href=\"https:\/\/loko.ee\/en\/product\/saunamuts\/\" \/>\n<meta property=\"og:locale\" content=\"en_US\" \/>\n<meta property=\"og:type\" content=\"article\" \/>\n<meta property=\"og:title\" content=\"Saunam\u00fcts - Hea kingiidee - Frotee - Loko\" \/>\n<meta property=\"og:description\" content=\"Froteekangast saunam\u00fcts, mis kaitseb sind nii kuuma leili eest saunalaval kui k\u00fclma ja s\u00e4\u00e4skede eest t\u00fcnnisaunas. Hea kingiidee!\" \/>\n<meta property=\"og:url\" content=\"https:\/\/loko.ee\/en\/product\/saunamuts\/\" \/>\n<meta property=\"article:modified_time\" content=\"2026-03-13T09:58:11+00:00\" \/>\n<meta property=\"og:image\" content=\"https:\/\/www.loko.ee\/wp-content\/uploads\/2023\/08\/Saunamuts_Loko.jpg\" \/>\n\t<meta property=\"og:image:width\" content=\"2400\" \/>\n\t<meta property=\"og:image:height\" content=\"2400\" \/>\n\t<meta property=\"og:image:type\" content=\"image\/jpeg\" \/>\n<meta name=\"twitter:card\" content=\"summary_large_image\" \/>\n<meta name=\"twitter:label1\" content=\"Est. reading time\" \/>\n\t<meta name=\"twitter:data1\" content=\"1 minute\" \/>\n<script type=\"application\/ld+json\" class=\"yoast-schema-graph\">{\"@context\":\"https:\/\/schema.org\",\"@graph\":[{\"@type\":\"WebPage\",\"@id\":\"https:\/\/loko.ee\/en\/product\/saunamuts\/\",\"url\":\"https:\/\/loko.ee\/en\/product\/saunamuts\/\",\"name\":\"Saunam\u00fcts - Hea kingiidee - Frotee - Loko\",\"isPartOf\":{\"@id\":\"https:\/\/www.loko.ee\/en\/#website\"},\"primaryImageOfPage\":{\"@id\":\"https:\/\/loko.ee\/en\/product\/saunamuts\/#primaryimage\"},\"image\":{\"@id\":\"https:\/\/loko.ee\/en\/product\/saunamuts\/#primaryimage\"},\"thumbnailUrl\":\"https:\/\/loko.ee\/wp-content\/uploads\/2023\/08\/Saunamuts_Loko.jpg\",\"datePublished\":\"2023-08-03T10:23:53+00:00\",\"dateModified\":\"2026-03-13T09:58:11+00:00\",\"description\":\"Froteekangast saunam\u00fcts, mis kaitseb sind nii kuuma leili eest saunalaval kui k\u00fclma ja s\u00e4\u00e4skede eest t\u00fcnnisaunas. Hea kingiidee!\",\"breadcrumb\":{\"@id\":\"https:\/\/loko.ee\/en\/product\/saunamuts\/#breadcrumb\"},\"inLanguage\":\"en-US\",\"potentialAction\":[{\"@type\":\"ReadAction\",\"target\":[\"https:\/\/loko.ee\/en\/product\/saunamuts\/\"]}]},{\"@type\":\"ImageObject\",\"inLanguage\":\"en-US\",\"@id\":\"https:\/\/loko.ee\/en\/product\/saunamuts\/#primaryimage\",\"url\":\"https:\/\/loko.ee\/wp-content\/uploads\/2023\/08\/Saunamuts_Loko.jpg\",\"contentUrl\":\"https:\/\/loko.ee\/wp-content\/uploads\/2023\/08\/Saunamuts_Loko.jpg\",\"width\":2400,\"height\":2400,\"caption\":\"Saunam\u00fcts frotee Loko\"},{\"@type\":\"BreadcrumbList\",\"@id\":\"https:\/\/loko.ee\/en\/product\/saunamuts\/#breadcrumb\",\"itemListElement\":[{\"@type\":\"ListItem\",\"position\":1,\"name\":\"Home\",\"item\":\"https:\/\/www.loko.ee\/en\/\"},{\"@type\":\"ListItem\",\"position\":2,\"name\":\"E-pood\",\"item\":\"https:\/\/www.loko.ee\/en\/e-pood\/\"},{\"@type\":\"ListItem\",\"position\":3,\"name\":\"Saunam\u00fcts\"}]},{\"@type\":\"WebSite\",\"@id\":\"https:\/\/www.loko.ee\/en\/#website\",\"url\":\"https:\/\/www.loko.ee\/en\/\",\"name\":\"\",\"description\":\"Sisustustooted\",\"potentialAction\":[{\"@type\":\"SearchAction\",\"target\":{\"@type\":\"EntryPoint\",\"urlTemplate\":\"https:\/\/www.loko.ee\/en\/?s={search_term_string}\"},\"query-input\":{\"@type\":\"PropertyValueSpecification\",\"valueRequired\":true,\"valueName\":\"search_term_string\"}}],\"inLanguage\":\"en-US\"}]}<\/script>\n<!-- \/ Yoast SEO plugin. -->","yoast_head_json":{"title":"Saunam\u00fcts - Hea kingiidee - Frotee - Loko","description":"Froteekangast saunam\u00fcts, mis kaitseb sind nii kuuma leili eest saunalaval kui k\u00fclma ja s\u00e4\u00e4skede eest t\u00fcnnisaunas. Hea kingiidee!","robots":{"index":"index","follow":"follow","max-snippet":"max-snippet:-1","max-image-preview":"max-image-preview:large","max-video-preview":"max-video-preview:-1"},"canonical":"https:\/\/loko.ee\/en\/product\/saunamuts\/","og_locale":"en_US","og_type":"article","og_title":"Saunam\u00fcts - Hea kingiidee - Frotee - Loko","og_description":"Froteekangast saunam\u00fcts, mis kaitseb sind nii kuuma leili eest saunalaval kui k\u00fclma ja s\u00e4\u00e4skede eest t\u00fcnnisaunas. Hea kingiidee!","og_url":"https:\/\/loko.ee\/en\/product\/saunamuts\/","article_modified_time":"2026-03-13T09:58:11+00:00","og_image":[{"width":2400,"height":2400,"url":"https:\/\/www.loko.ee\/wp-content\/uploads\/2023\/08\/Saunamuts_Loko.jpg","type":"image\/jpeg"}],"twitter_card":"summary_large_image","twitter_misc":{"Est. reading time":"1 minute"},"schema":{"@context":"https:\/\/schema.org","@graph":[{"@type":"WebPage","@id":"https:\/\/loko.ee\/en\/product\/saunamuts\/","url":"https:\/\/loko.ee\/en\/product\/saunamuts\/","name":"Saunam\u00fcts - Hea kingiidee - Frotee - Loko","isPartOf":{"@id":"https:\/\/www.loko.ee\/en\/#website"},"primaryImageOfPage":{"@id":"https:\/\/loko.ee\/en\/product\/saunamuts\/#primaryimage"},"image":{"@id":"https:\/\/loko.ee\/en\/product\/saunamuts\/#primaryimage"},"thumbnailUrl":"https:\/\/loko.ee\/wp-content\/uploads\/2023\/08\/Saunamuts_Loko.jpg","datePublished":"2023-08-03T10:23:53+00:00","dateModified":"2026-03-13T09:58:11+00:00","description":"Froteekangast saunam\u00fcts, mis kaitseb sind nii kuuma leili eest saunalaval kui k\u00fclma ja s\u00e4\u00e4skede eest t\u00fcnnisaunas. Hea kingiidee!","breadcrumb":{"@id":"https:\/\/loko.ee\/en\/product\/saunamuts\/#breadcrumb"},"inLanguage":"en-US","potentialAction":[{"@type":"ReadAction","target":["https:\/\/loko.ee\/en\/product\/saunamuts\/"]}]},{"@type":"ImageObject","inLanguage":"en-US","@id":"https:\/\/loko.ee\/en\/product\/saunamuts\/#primaryimage","url":"https:\/\/loko.ee\/wp-content\/uploads\/2023\/08\/Saunamuts_Loko.jpg","contentUrl":"https:\/\/loko.ee\/wp-content\/uploads\/2023\/08\/Saunamuts_Loko.jpg","width":2400,"height":2400,"caption":"Saunam\u00fcts frotee Loko"},{"@type":"BreadcrumbList","@id":"https:\/\/loko.ee\/en\/product\/saunamuts\/#breadcrumb","itemListElement":[{"@type":"ListItem","position":1,"name":"Home","item":"https:\/\/www.loko.ee\/en\/"},{"@type":"ListItem","position":2,"name":"E-pood","item":"https:\/\/www.loko.ee\/en\/e-pood\/"},{"@type":"ListItem","position":3,"name":"Saunam\u00fcts"}]},{"@type":"WebSite","@id":"https:\/\/www.loko.ee\/en\/#website","url":"https:\/\/www.loko.ee\/en\/","name":"","description":"Sisustustooted","potentialAction":[{"@type":"SearchAction","target":{"@type":"EntryPoint","urlTemplate":"https:\/\/www.loko.ee\/en\/?s={search_term_string}"},"query-input":{"@type":"PropertyValueSpecification","valueRequired":true,"valueName":"search_term_string"}}],"inLanguage":"en-US"}]}},"_links":{"self":[{"href":"https:\/\/loko.ee\/en\/wp-json\/wp\/v2\/product\/2529","targetHints":{"allow":["GET"]}}],"collection":[{"href":"https:\/\/loko.ee\/en\/wp-json\/wp\/v2\/product"}],"about":[{"href":"https:\/\/loko.ee\/en\/wp-json\/wp\/v2\/types\/product"}],"wp:featuredmedia":[{"embeddable":true,"href":"https:\/\/loko.ee\/en\/wp-json\/wp\/v2\/media\/3338"}],"wp:attachment":[{"href":"https:\/\/loko.ee\/en\/wp-json\/wp\/v2\/media?parent=2529"}],"wp:term":[{"taxonomy":"product_brand","embeddable":true,"href":"https:\/\/loko.ee\/en\/wp-json\/wp\/v2\/product_brand?post=2529"},{"taxonomy":"product_cat","embeddable":true,"href":"https:\/\/loko.ee\/en\/wp-json\/wp\/v2\/product_cat?post=2529"},{"taxonomy":"product_tag","embeddable":true,"href":"https:\/\/loko.ee\/en\/wp-json\/wp\/v2\/product_tag?post=2529"},{"taxonomy":"woo-feed-brand","embeddable":true,"href":"https:\/\/loko.ee\/en\/wp-json\/wp\/v2\/woo-feed-brand?post=2529"}],"curies":[{"name":"wp","href":"https:\/\/api.w.org\/{rel}","templated":true}]}}