{"id":2505,"date":"2023-07-19T16:17:00","date_gmt":"2023-07-19T14:17:00","guid":{"rendered":"https:\/\/loko.ee\/?post_type=product&#038;p=2505"},"modified":"2026-02-02T21:10:42","modified_gmt":"2026-02-02T19:10:42","slug":"pleed-hiiumaa-karbsemustriga","status":"publish","type":"product","link":"https:\/\/loko.ee\/en\/product\/pleed-hiiumaa-karbsemustriga\/","title":{"rendered":"Pleed Hiiumaa k\u00e4rbsekiri 70&#215;175 hall"},"content":{"rendered":"","protected":false},"excerpt":{"rendered":"<p>Puuvillatekk ehk paljudele tuntud kui ka baikatekk on 100% puuvillast ning katsudes m\u00f5nus ja pehme. Tekk on kaunistatud Hiiumaa Hanikatsi k\u00e4rbsemustriga.<\/p>\n<p>Hea kingiidee nii s\u00f5brannale, vanaemale kui ka katsikule minnes!<\/p>\n<p>Koostis 100 % puuvill.<br \/>\nSuurus 70 x 175 cm.<br \/>\nV\u00f5ib pesta pesumasinas 40 kraadi juures.<\/p>","protected":false},"featured_media":2507,"template":"","meta":[],"product_brand":[],"product_cat":[22,18],"product_tag":[],"woo-feed-brand":[],"class_list":{"0":"post-2505","1":"product","2":"type-product","3":"status-publish","4":"has-post-thumbnail","6":"product_cat-koik-tooted","7":"product_cat-pleedid","9":"first","10":"instock","11":"taxable","12":"shipping-taxable","13":"purchasable","14":"product-type-simple"},"yoast_head":"<!-- This site is optimized with the Yoast SEO plugin v27.2 - https:\/\/yoast.com\/product\/yoast-seo-wordpress\/ -->\n<title>Pleed Hiiumaa k\u00e4rbsekiri 70x175 hall - Eesti disain - 100% puuvill - Loko<\/title>\n<meta name=\"description\" content=\"Hiiumaa k\u00e4rbsemustriga pleed, mis on 100% puuvillast ning katsudes m\u00f5nus ja pehme. Hea kingiidee nii s\u00f5brannale, vanaemale kui ka katsikule minnes!\" \/>\n<meta name=\"robots\" content=\"index, follow, max-snippet:-1, max-image-preview:large, max-video-preview:-1\" \/>\n<link rel=\"canonical\" href=\"https:\/\/loko.ee\/en\/product\/pleed-hiiumaa-karbsemustriga\/\" \/>\n<meta property=\"og:locale\" content=\"en_US\" \/>\n<meta property=\"og:type\" content=\"article\" \/>\n<meta property=\"og:title\" content=\"Pleed Hiiumaa k\u00e4rbsekiri 70x175 hall - Eesti disain - 100% puuvill - Loko\" \/>\n<meta property=\"og:description\" content=\"Hiiumaa k\u00e4rbsemustriga pleed, mis on 100% puuvillast ning katsudes m\u00f5nus ja pehme. Hea kingiidee nii s\u00f5brannale, vanaemale kui ka katsikule minnes!\" \/>\n<meta property=\"og:url\" content=\"https:\/\/loko.ee\/en\/product\/pleed-hiiumaa-karbsemustriga\/\" \/>\n<meta property=\"article:modified_time\" content=\"2026-02-02T19:10:42+00:00\" \/>\n<meta property=\"og:image\" content=\"https:\/\/www.loko.ee\/wp-content\/uploads\/2023\/07\/Pleed_Hiiumaa_Hanikatsi_Loko.jpg\" \/>\n\t<meta property=\"og:image:width\" content=\"1415\" \/>\n\t<meta property=\"og:image:height\" content=\"1415\" \/>\n\t<meta property=\"og:image:type\" content=\"image\/jpeg\" \/>\n<meta name=\"twitter:card\" content=\"summary_large_image\" \/>\n<script type=\"application\/ld+json\" class=\"yoast-schema-graph\">{\"@context\":\"https:\/\/schema.org\",\"@graph\":[{\"@type\":\"WebPage\",\"@id\":\"https:\/\/loko.ee\/en\/product\/pleed-hiiumaa-karbsemustriga\/\",\"url\":\"https:\/\/loko.ee\/en\/product\/pleed-hiiumaa-karbsemustriga\/\",\"name\":\"Pleed Hiiumaa k\u00e4rbsekiri 70x175 hall - Eesti disain - 100% puuvill - Loko\",\"isPartOf\":{\"@id\":\"https:\/\/www.loko.ee\/en\/#website\"},\"primaryImageOfPage\":{\"@id\":\"https:\/\/loko.ee\/en\/product\/pleed-hiiumaa-karbsemustriga\/#primaryimage\"},\"image\":{\"@id\":\"https:\/\/loko.ee\/en\/product\/pleed-hiiumaa-karbsemustriga\/#primaryimage\"},\"thumbnailUrl\":\"https:\/\/www.loko.ee\/wp-content\/uploads\/2023\/07\/Pleed_Hiiumaa_Hanikatsi_Loko.jpg\",\"datePublished\":\"2023-07-19T14:17:00+00:00\",\"dateModified\":\"2026-02-02T19:10:42+00:00\",\"description\":\"Hiiumaa k\u00e4rbsemustriga pleed, mis on 100% puuvillast ning katsudes m\u00f5nus ja pehme. Hea kingiidee nii s\u00f5brannale, vanaemale kui ka katsikule minnes!\",\"breadcrumb\":{\"@id\":\"https:\/\/loko.ee\/en\/product\/pleed-hiiumaa-karbsemustriga\/#breadcrumb\"},\"inLanguage\":\"en-US\",\"potentialAction\":[{\"@type\":\"ReadAction\",\"target\":[\"https:\/\/loko.ee\/en\/product\/pleed-hiiumaa-karbsemustriga\/\"]}]},{\"@type\":\"ImageObject\",\"inLanguage\":\"en-US\",\"@id\":\"https:\/\/loko.ee\/en\/product\/pleed-hiiumaa-karbsemustriga\/#primaryimage\",\"url\":\"https:\/\/www.loko.ee\/wp-content\/uploads\/2023\/07\/Pleed_Hiiumaa_Hanikatsi_Loko.jpg\",\"contentUrl\":\"https:\/\/www.loko.ee\/wp-content\/uploads\/2023\/07\/Pleed_Hiiumaa_Hanikatsi_Loko.jpg\",\"width\":1415,\"height\":1415,\"caption\":\"Pleed baikatekk Hiiumaa Hanikatsi k\u00e4rbsekiri Loko\"},{\"@type\":\"BreadcrumbList\",\"@id\":\"https:\/\/loko.ee\/en\/product\/pleed-hiiumaa-karbsemustriga\/#breadcrumb\",\"itemListElement\":[{\"@type\":\"ListItem\",\"position\":1,\"name\":\"Home\",\"item\":\"https:\/\/www.loko.ee\/en\/\"},{\"@type\":\"ListItem\",\"position\":2,\"name\":\"E-pood\",\"item\":\"https:\/\/www.loko.ee\/en\/e-pood\/\"},{\"@type\":\"ListItem\",\"position\":3,\"name\":\"Pleed Hiiumaa k\u00e4rbsekiri 70&#215;175 hall\"}]},{\"@type\":\"WebSite\",\"@id\":\"https:\/\/www.loko.ee\/en\/#website\",\"url\":\"https:\/\/www.loko.ee\/en\/\",\"name\":\"\",\"description\":\"Sisustustooted\",\"potentialAction\":[{\"@type\":\"SearchAction\",\"target\":{\"@type\":\"EntryPoint\",\"urlTemplate\":\"https:\/\/www.loko.ee\/en\/?s={search_term_string}\"},\"query-input\":{\"@type\":\"PropertyValueSpecification\",\"valueRequired\":true,\"valueName\":\"search_term_string\"}}],\"inLanguage\":\"en-US\"}]}<\/script>\n<!-- \/ Yoast SEO plugin. -->","yoast_head_json":{"title":"Pleed Hiiumaa k\u00e4rbsekiri 70x175 hall - Eesti disain - 100% puuvill - Loko","description":"Hiiumaa k\u00e4rbsemustriga pleed, mis on 100% puuvillast ning katsudes m\u00f5nus ja pehme. Hea kingiidee nii s\u00f5brannale, vanaemale kui ka katsikule minnes!","robots":{"index":"index","follow":"follow","max-snippet":"max-snippet:-1","max-image-preview":"max-image-preview:large","max-video-preview":"max-video-preview:-1"},"canonical":"https:\/\/loko.ee\/en\/product\/pleed-hiiumaa-karbsemustriga\/","og_locale":"en_US","og_type":"article","og_title":"Pleed Hiiumaa k\u00e4rbsekiri 70x175 hall - Eesti disain - 100% puuvill - Loko","og_description":"Hiiumaa k\u00e4rbsemustriga pleed, mis on 100% puuvillast ning katsudes m\u00f5nus ja pehme. Hea kingiidee nii s\u00f5brannale, vanaemale kui ka katsikule minnes!","og_url":"https:\/\/loko.ee\/en\/product\/pleed-hiiumaa-karbsemustriga\/","article_modified_time":"2026-02-02T19:10:42+00:00","og_image":[{"width":1415,"height":1415,"url":"https:\/\/www.loko.ee\/wp-content\/uploads\/2023\/07\/Pleed_Hiiumaa_Hanikatsi_Loko.jpg","type":"image\/jpeg"}],"twitter_card":"summary_large_image","schema":{"@context":"https:\/\/schema.org","@graph":[{"@type":"WebPage","@id":"https:\/\/loko.ee\/en\/product\/pleed-hiiumaa-karbsemustriga\/","url":"https:\/\/loko.ee\/en\/product\/pleed-hiiumaa-karbsemustriga\/","name":"Pleed Hiiumaa k\u00e4rbsekiri 70x175 hall - Eesti disain - 100% puuvill - Loko","isPartOf":{"@id":"https:\/\/www.loko.ee\/en\/#website"},"primaryImageOfPage":{"@id":"https:\/\/loko.ee\/en\/product\/pleed-hiiumaa-karbsemustriga\/#primaryimage"},"image":{"@id":"https:\/\/loko.ee\/en\/product\/pleed-hiiumaa-karbsemustriga\/#primaryimage"},"thumbnailUrl":"https:\/\/www.loko.ee\/wp-content\/uploads\/2023\/07\/Pleed_Hiiumaa_Hanikatsi_Loko.jpg","datePublished":"2023-07-19T14:17:00+00:00","dateModified":"2026-02-02T19:10:42+00:00","description":"Hiiumaa k\u00e4rbsemustriga pleed, mis on 100% puuvillast ning katsudes m\u00f5nus ja pehme. Hea kingiidee nii s\u00f5brannale, vanaemale kui ka katsikule minnes!","breadcrumb":{"@id":"https:\/\/loko.ee\/en\/product\/pleed-hiiumaa-karbsemustriga\/#breadcrumb"},"inLanguage":"en-US","potentialAction":[{"@type":"ReadAction","target":["https:\/\/loko.ee\/en\/product\/pleed-hiiumaa-karbsemustriga\/"]}]},{"@type":"ImageObject","inLanguage":"en-US","@id":"https:\/\/loko.ee\/en\/product\/pleed-hiiumaa-karbsemustriga\/#primaryimage","url":"https:\/\/www.loko.ee\/wp-content\/uploads\/2023\/07\/Pleed_Hiiumaa_Hanikatsi_Loko.jpg","contentUrl":"https:\/\/www.loko.ee\/wp-content\/uploads\/2023\/07\/Pleed_Hiiumaa_Hanikatsi_Loko.jpg","width":1415,"height":1415,"caption":"Pleed baikatekk Hiiumaa Hanikatsi k\u00e4rbsekiri Loko"},{"@type":"BreadcrumbList","@id":"https:\/\/loko.ee\/en\/product\/pleed-hiiumaa-karbsemustriga\/#breadcrumb","itemListElement":[{"@type":"ListItem","position":1,"name":"Home","item":"https:\/\/www.loko.ee\/en\/"},{"@type":"ListItem","position":2,"name":"E-pood","item":"https:\/\/www.loko.ee\/en\/e-pood\/"},{"@type":"ListItem","position":3,"name":"Pleed Hiiumaa k\u00e4rbsekiri 70&#215;175 hall"}]},{"@type":"WebSite","@id":"https:\/\/www.loko.ee\/en\/#website","url":"https:\/\/www.loko.ee\/en\/","name":"","description":"Sisustustooted","potentialAction":[{"@type":"SearchAction","target":{"@type":"EntryPoint","urlTemplate":"https:\/\/www.loko.ee\/en\/?s={search_term_string}"},"query-input":{"@type":"PropertyValueSpecification","valueRequired":true,"valueName":"search_term_string"}}],"inLanguage":"en-US"}]}},"_links":{"self":[{"href":"https:\/\/loko.ee\/en\/wp-json\/wp\/v2\/product\/2505","targetHints":{"allow":["GET"]}}],"collection":[{"href":"https:\/\/loko.ee\/en\/wp-json\/wp\/v2\/product"}],"about":[{"href":"https:\/\/loko.ee\/en\/wp-json\/wp\/v2\/types\/product"}],"wp:featuredmedia":[{"embeddable":true,"href":"https:\/\/loko.ee\/en\/wp-json\/wp\/v2\/media\/2507"}],"wp:attachment":[{"href":"https:\/\/loko.ee\/en\/wp-json\/wp\/v2\/media?parent=2505"}],"wp:term":[{"taxonomy":"product_brand","embeddable":true,"href":"https:\/\/loko.ee\/en\/wp-json\/wp\/v2\/product_brand?post=2505"},{"taxonomy":"product_cat","embeddable":true,"href":"https:\/\/loko.ee\/en\/wp-json\/wp\/v2\/product_cat?post=2505"},{"taxonomy":"product_tag","embeddable":true,"href":"https:\/\/loko.ee\/en\/wp-json\/wp\/v2\/product_tag?post=2505"},{"taxonomy":"woo-feed-brand","embeddable":true,"href":"https:\/\/loko.ee\/en\/wp-json\/wp\/v2\/woo-feed-brand?post=2505"}],"curies":[{"name":"wp","href":"https:\/\/api.w.org\/{rel}","templated":true}]}}