{"id":2255,"date":"2022-12-01T13:21:02","date_gmt":"2022-12-01T11:21:02","guid":{"rendered":"https:\/\/loko.ee\/?post_type=product&#038;p=2255"},"modified":"2025-11-29T23:02:05","modified_gmt":"2025-11-29T21:02:05","slug":"kaisukiisu-harjumaa","status":"publish","type":"product","link":"https:\/\/loko.ee\/en\/product\/kaisukiisu-harjumaa\/","title":{"rendered":"Kaisukiisu Harjumaa"},"content":{"rendered":"","protected":false},"excerpt":{"rendered":"<p>Pisike ja nunnu k\u00e4sit\u00f6\u00f6na valminud kiisu, keda v\u00e4ikestel mudilastel mugav kaenlasse haarata. \u00dclek\u00f5ige meeldib talle kaisus olla ja s\u00fcgavat \u00f6\u00f6und magada. Sobib kingiks nii poisile kui t\u00fcdrukule.<\/p>\n<p>Kiisu on valmistatud linasest kangast ja tema keha kaunistab Harjumaa kindakirja mustriga kangas. T\u00e4idiseks on fiiber, mis on \u00fchtlasi ka vett h\u00fclgav.<\/p>\n<p>Pehme loomake on 18 cm pikk.<\/p>\n<p>V\u00f5ib pesta pesumasinas 30 kraadi juures (soovitavalt pesukotis).<\/p>","protected":false},"featured_media":2545,"template":"","meta":[],"product_brand":[],"product_cat":[22,33],"product_tag":[],"woo-feed-brand":[],"class_list":{"0":"post-2255","1":"product","2":"type-product","3":"status-publish","4":"has-post-thumbnail","6":"product_cat-koik-tooted","7":"product_cat-lastele","9":"first","10":"instock","11":"taxable","12":"shipping-taxable","13":"purchasable","14":"product-type-simple"},"yoast_head":"<!-- This site is optimized with the Yoast SEO plugin v27.4 - https:\/\/yoast.com\/product\/yoast-seo-wordpress\/ -->\n<title>Kaisukiisu Harjumaa - K\u00e4sit\u00f6\u00f6 m\u00e4nguasjad - Kingiidee - Loko<\/title>\n<meta name=\"description\" content=\"Pisike ja nunnu k\u00e4sit\u00f6\u00f6 m\u00e4nguasi, mida v\u00e4ikestel mudilastel mugav kaenlasse haarata ning kaisutada. Sobib kingiks nii poisile kui t\u00fcdrukule.\" \/>\n<meta name=\"robots\" content=\"index, follow, max-snippet:-1, max-image-preview:large, max-video-preview:-1\" \/>\n<link rel=\"canonical\" href=\"https:\/\/loko.ee\/en\/product\/kaisukiisu-harjumaa\/\" \/>\n<meta property=\"og:locale\" content=\"en_US\" \/>\n<meta property=\"og:type\" content=\"article\" \/>\n<meta property=\"og:title\" content=\"Kaisukiisu Harjumaa - K\u00e4sit\u00f6\u00f6 m\u00e4nguasjad - Kingiidee - Loko\" \/>\n<meta property=\"og:description\" content=\"Pisike ja nunnu k\u00e4sit\u00f6\u00f6 m\u00e4nguasi, mida v\u00e4ikestel mudilastel mugav kaenlasse haarata ning kaisutada. Sobib kingiks nii poisile kui t\u00fcdrukule.\" \/>\n<meta property=\"og:url\" content=\"https:\/\/loko.ee\/en\/product\/kaisukiisu-harjumaa\/\" \/>\n<meta property=\"article:modified_time\" content=\"2025-11-29T21:02:05+00:00\" \/>\n<meta property=\"og:image\" content=\"https:\/\/loko.ee\/wp-content\/uploads\/2022\/12\/Kaisukiisu_Harjumaa_manguasi_Loko.jpg\" \/>\n\t<meta property=\"og:image:width\" content=\"2400\" \/>\n\t<meta property=\"og:image:height\" content=\"2400\" \/>\n\t<meta property=\"og:image:type\" content=\"image\/jpeg\" \/>\n<meta name=\"twitter:card\" content=\"summary_large_image\" \/>\n<script type=\"application\/ld+json\" class=\"yoast-schema-graph\">{\"@context\":\"https:\\\/\\\/schema.org\",\"@graph\":[{\"@type\":\"WebPage\",\"@id\":\"https:\\\/\\\/loko.ee\\\/toode\\\/kaisukiisu-harjumaa\\\/\",\"url\":\"https:\\\/\\\/loko.ee\\\/toode\\\/kaisukiisu-harjumaa\\\/\",\"name\":\"Kaisukiisu Harjumaa - K\u00e4sit\u00f6\u00f6 m\u00e4nguasjad - Kingiidee - Loko\",\"isPartOf\":{\"@id\":\"https:\\\/\\\/loko.ee\\\/#website\"},\"primaryImageOfPage\":{\"@id\":\"https:\\\/\\\/loko.ee\\\/toode\\\/kaisukiisu-harjumaa\\\/#primaryimage\"},\"image\":{\"@id\":\"https:\\\/\\\/loko.ee\\\/toode\\\/kaisukiisu-harjumaa\\\/#primaryimage\"},\"thumbnailUrl\":\"https:\\\/\\\/loko.ee\\\/wp-content\\\/uploads\\\/2022\\\/12\\\/Kaisukiisu_Harjumaa_manguasi_Loko.jpg\",\"datePublished\":\"2022-12-01T11:21:02+00:00\",\"dateModified\":\"2025-11-29T21:02:05+00:00\",\"description\":\"Pisike ja nunnu k\u00e4sit\u00f6\u00f6 m\u00e4nguasi, mida v\u00e4ikestel mudilastel mugav kaenlasse haarata ning kaisutada. Sobib kingiks nii poisile kui t\u00fcdrukule.\",\"breadcrumb\":{\"@id\":\"https:\\\/\\\/loko.ee\\\/toode\\\/kaisukiisu-harjumaa\\\/#breadcrumb\"},\"inLanguage\":\"en-US\",\"potentialAction\":[{\"@type\":\"ReadAction\",\"target\":[\"https:\\\/\\\/loko.ee\\\/toode\\\/kaisukiisu-harjumaa\\\/\"]}]},{\"@type\":\"ImageObject\",\"inLanguage\":\"en-US\",\"@id\":\"https:\\\/\\\/loko.ee\\\/toode\\\/kaisukiisu-harjumaa\\\/#primaryimage\",\"url\":\"https:\\\/\\\/loko.ee\\\/wp-content\\\/uploads\\\/2022\\\/12\\\/Kaisukiisu_Harjumaa_manguasi_Loko.jpg\",\"contentUrl\":\"https:\\\/\\\/loko.ee\\\/wp-content\\\/uploads\\\/2022\\\/12\\\/Kaisukiisu_Harjumaa_manguasi_Loko.jpg\",\"width\":2400,\"height\":2400,\"caption\":\"Kaisukiisu m\u00e4nguasi k\u00e4sit\u00f6\u00f6 Loko\"},{\"@type\":\"BreadcrumbList\",\"@id\":\"https:\\\/\\\/loko.ee\\\/toode\\\/kaisukiisu-harjumaa\\\/#breadcrumb\",\"itemListElement\":[{\"@type\":\"ListItem\",\"position\":1,\"name\":\"Home\",\"item\":\"https:\\\/\\\/loko.ee\\\/en\\\/\"},{\"@type\":\"ListItem\",\"position\":2,\"name\":\"E-pood\",\"item\":\"https:\\\/\\\/www.loko.ee\\\/en\\\/e-pood\\\/\"},{\"@type\":\"ListItem\",\"position\":3,\"name\":\"Kaisukiisu Harjumaa\"}]},{\"@type\":\"WebSite\",\"@id\":\"https:\\\/\\\/loko.ee\\\/#website\",\"url\":\"https:\\\/\\\/loko.ee\\\/\",\"name\":\"\",\"description\":\"Sisustustooted\",\"potentialAction\":[{\"@type\":\"SearchAction\",\"target\":{\"@type\":\"EntryPoint\",\"urlTemplate\":\"https:\\\/\\\/loko.ee\\\/?s={search_term_string}\"},\"query-input\":{\"@type\":\"PropertyValueSpecification\",\"valueRequired\":true,\"valueName\":\"search_term_string\"}}],\"inLanguage\":\"en-US\"}]}<\/script>\n<!-- \/ Yoast SEO plugin. -->","yoast_head_json":{"title":"Kaisukiisu Harjumaa - K\u00e4sit\u00f6\u00f6 m\u00e4nguasjad - Kingiidee - Loko","description":"Pisike ja nunnu k\u00e4sit\u00f6\u00f6 m\u00e4nguasi, mida v\u00e4ikestel mudilastel mugav kaenlasse haarata ning kaisutada. Sobib kingiks nii poisile kui t\u00fcdrukule.","robots":{"index":"index","follow":"follow","max-snippet":"max-snippet:-1","max-image-preview":"max-image-preview:large","max-video-preview":"max-video-preview:-1"},"canonical":"https:\/\/loko.ee\/en\/product\/kaisukiisu-harjumaa\/","og_locale":"en_US","og_type":"article","og_title":"Kaisukiisu Harjumaa - K\u00e4sit\u00f6\u00f6 m\u00e4nguasjad - Kingiidee - Loko","og_description":"Pisike ja nunnu k\u00e4sit\u00f6\u00f6 m\u00e4nguasi, mida v\u00e4ikestel mudilastel mugav kaenlasse haarata ning kaisutada. Sobib kingiks nii poisile kui t\u00fcdrukule.","og_url":"https:\/\/loko.ee\/en\/product\/kaisukiisu-harjumaa\/","article_modified_time":"2025-11-29T21:02:05+00:00","og_image":[{"width":2400,"height":2400,"url":"https:\/\/loko.ee\/wp-content\/uploads\/2022\/12\/Kaisukiisu_Harjumaa_manguasi_Loko.jpg","type":"image\/jpeg"}],"twitter_card":"summary_large_image","schema":{"@context":"https:\/\/schema.org","@graph":[{"@type":"WebPage","@id":"https:\/\/loko.ee\/toode\/kaisukiisu-harjumaa\/","url":"https:\/\/loko.ee\/toode\/kaisukiisu-harjumaa\/","name":"Kaisukiisu Harjumaa - K\u00e4sit\u00f6\u00f6 m\u00e4nguasjad - Kingiidee - Loko","isPartOf":{"@id":"https:\/\/loko.ee\/#website"},"primaryImageOfPage":{"@id":"https:\/\/loko.ee\/toode\/kaisukiisu-harjumaa\/#primaryimage"},"image":{"@id":"https:\/\/loko.ee\/toode\/kaisukiisu-harjumaa\/#primaryimage"},"thumbnailUrl":"https:\/\/loko.ee\/wp-content\/uploads\/2022\/12\/Kaisukiisu_Harjumaa_manguasi_Loko.jpg","datePublished":"2022-12-01T11:21:02+00:00","dateModified":"2025-11-29T21:02:05+00:00","description":"Pisike ja nunnu k\u00e4sit\u00f6\u00f6 m\u00e4nguasi, mida v\u00e4ikestel mudilastel mugav kaenlasse haarata ning kaisutada. Sobib kingiks nii poisile kui t\u00fcdrukule.","breadcrumb":{"@id":"https:\/\/loko.ee\/toode\/kaisukiisu-harjumaa\/#breadcrumb"},"inLanguage":"en-US","potentialAction":[{"@type":"ReadAction","target":["https:\/\/loko.ee\/toode\/kaisukiisu-harjumaa\/"]}]},{"@type":"ImageObject","inLanguage":"en-US","@id":"https:\/\/loko.ee\/toode\/kaisukiisu-harjumaa\/#primaryimage","url":"https:\/\/loko.ee\/wp-content\/uploads\/2022\/12\/Kaisukiisu_Harjumaa_manguasi_Loko.jpg","contentUrl":"https:\/\/loko.ee\/wp-content\/uploads\/2022\/12\/Kaisukiisu_Harjumaa_manguasi_Loko.jpg","width":2400,"height":2400,"caption":"Kaisukiisu m\u00e4nguasi k\u00e4sit\u00f6\u00f6 Loko"},{"@type":"BreadcrumbList","@id":"https:\/\/loko.ee\/toode\/kaisukiisu-harjumaa\/#breadcrumb","itemListElement":[{"@type":"ListItem","position":1,"name":"Home","item":"https:\/\/loko.ee\/en\/"},{"@type":"ListItem","position":2,"name":"E-pood","item":"https:\/\/www.loko.ee\/en\/e-pood\/"},{"@type":"ListItem","position":3,"name":"Kaisukiisu Harjumaa"}]},{"@type":"WebSite","@id":"https:\/\/loko.ee\/#website","url":"https:\/\/loko.ee\/","name":"","description":"Sisustustooted","potentialAction":[{"@type":"SearchAction","target":{"@type":"EntryPoint","urlTemplate":"https:\/\/loko.ee\/?s={search_term_string}"},"query-input":{"@type":"PropertyValueSpecification","valueRequired":true,"valueName":"search_term_string"}}],"inLanguage":"en-US"}]}},"_links":{"self":[{"href":"https:\/\/loko.ee\/en\/wp-json\/wp\/v2\/product\/2255","targetHints":{"allow":["GET"]}}],"collection":[{"href":"https:\/\/loko.ee\/en\/wp-json\/wp\/v2\/product"}],"about":[{"href":"https:\/\/loko.ee\/en\/wp-json\/wp\/v2\/types\/product"}],"wp:featuredmedia":[{"embeddable":true,"href":"https:\/\/loko.ee\/en\/wp-json\/wp\/v2\/media\/2545"}],"wp:attachment":[{"href":"https:\/\/loko.ee\/en\/wp-json\/wp\/v2\/media?parent=2255"}],"wp:term":[{"taxonomy":"product_brand","embeddable":true,"href":"https:\/\/loko.ee\/en\/wp-json\/wp\/v2\/product_brand?post=2255"},{"taxonomy":"product_cat","embeddable":true,"href":"https:\/\/loko.ee\/en\/wp-json\/wp\/v2\/product_cat?post=2255"},{"taxonomy":"product_tag","embeddable":true,"href":"https:\/\/loko.ee\/en\/wp-json\/wp\/v2\/product_tag?post=2255"},{"taxonomy":"woo-feed-brand","embeddable":true,"href":"https:\/\/loko.ee\/en\/wp-json\/wp\/v2\/woo-feed-brand?post=2255"}],"curies":[{"name":"wp","href":"https:\/\/api.w.org\/{rel}","templated":true}]}}