{"id":2186,"date":"2022-11-07T10:03:30","date_gmt":"2022-11-07T08:03:30","guid":{"rendered":"https:\/\/loko.ee\/?post_type=product&#038;p=2186"},"modified":"2026-03-04T15:28:36","modified_gmt":"2026-03-04T13:28:36","slug":"kaltsuvaip-kirju","status":"publish","type":"product","link":"https:\/\/loko.ee\/en\/product\/kaltsuvaip-kirju\/","title":{"rendered":"Kaltsuvaip 66&#215;190 cm"},"content":{"rendered":"","protected":false},"excerpt":{"rendered":"<p>Ilus mustriline kaltsuvaip, mis on k\u00e4sit\u00f6\u00f6na kangastelgedel trikotaa\u017eiribadest kootud. Teist sellist ei ole mitte kellelgi!<\/p>\n<p>M\u00f5\u00f5dud: Laius 66 cm ja pikkus 190 cm.<\/p>\n<p>Vaipa v\u00f5ib pesta 30 kraadi juures.<br \/>\nSoovitame kuivatada laotatult tasasel pinnal. Vaip v\u00f5ib pesus pisut kokku t\u00f5mmata.<\/p>","protected":false},"featured_media":4099,"template":"","meta":[],"product_brand":[],"product_cat":[45,22],"product_tag":[],"woo-feed-brand":[],"class_list":{"0":"post-2186","1":"product","2":"type-product","3":"status-publish","4":"has-post-thumbnail","6":"product_cat-kaltsuvaibad","7":"product_cat-koik-tooted","9":"first","10":"instock","11":"sale","12":"taxable","13":"shipping-taxable","14":"purchasable","15":"product-type-simple"},"yoast_head":"<!-- This site is optimized with the Yoast SEO plugin v27.2 - https:\/\/yoast.com\/product\/yoast-seo-wordpress\/ -->\n<title>Kaltsuvaip 66x190 cm - Hiiumaa k\u00e4sit\u00f6\u00f6 - Uus p\u00f5randavaip - Loko<\/title>\n<meta name=\"description\" content=\"Ilus ja stiilne kaltsuvaip, mis on k\u00e4sit\u00f6\u00f6na kangastelgedel trikotaa\u017eiribadest kootud. Tore sisustuselement ja teist sellist ei ole mitte kellelgi!\" \/>\n<meta name=\"robots\" content=\"index, follow, max-snippet:-1, max-image-preview:large, max-video-preview:-1\" \/>\n<link rel=\"canonical\" href=\"https:\/\/www.loko.ee\/toode\/kaltsuvaip-kirju\/\" \/>\n<meta property=\"og:locale\" content=\"en_US\" \/>\n<meta property=\"og:type\" content=\"article\" \/>\n<meta property=\"og:title\" content=\"Kaltsuvaip 66x190 cm - Hiiumaa k\u00e4sit\u00f6\u00f6 - Uus p\u00f5randavaip - Loko\" \/>\n<meta property=\"og:description\" content=\"Ilus ja stiilne kaltsuvaip, mis on k\u00e4sit\u00f6\u00f6na kangastelgedel trikotaa\u017eiribadest kootud. Tore sisustuselement ja teist sellist ei ole mitte kellelgi!\" \/>\n<meta property=\"og:url\" content=\"https:\/\/www.loko.ee\/toode\/kaltsuvaip-kirju\/\" \/>\n<meta property=\"article:modified_time\" content=\"2026-03-04T13:28:36+00:00\" \/>\n<meta property=\"og:image\" content=\"https:\/\/loko.ee\/wp-content\/uploads\/2022\/11\/Kasitoovaip_Loko-scaled.jpg\" \/>\n\t<meta property=\"og:image:width\" content=\"2560\" \/>\n\t<meta property=\"og:image:height\" content=\"2560\" \/>\n\t<meta property=\"og:image:type\" content=\"image\/jpeg\" \/>\n<meta name=\"twitter:card\" content=\"summary_large_image\" \/>\n<meta name=\"twitter:label1\" content=\"Est. reading time\" \/>\n\t<meta name=\"twitter:data1\" content=\"1 minute\" \/>\n<script type=\"application\/ld+json\" class=\"yoast-schema-graph\">{\"@context\":\"https:\/\/schema.org\",\"@graph\":[{\"@type\":\"WebPage\",\"@id\":\"https:\/\/www.loko.ee\/toode\/kaltsuvaip-kirju\/\",\"url\":\"https:\/\/www.loko.ee\/toode\/kaltsuvaip-kirju\/\",\"name\":\"Kaltsuvaip 66x190 cm - Hiiumaa k\u00e4sit\u00f6\u00f6 - Uus p\u00f5randavaip - Loko\",\"isPartOf\":{\"@id\":\"https:\/\/www.loko.ee\/en\/#website\"},\"primaryImageOfPage\":{\"@id\":\"https:\/\/www.loko.ee\/toode\/kaltsuvaip-kirju\/#primaryimage\"},\"image\":{\"@id\":\"https:\/\/www.loko.ee\/toode\/kaltsuvaip-kirju\/#primaryimage\"},\"thumbnailUrl\":\"https:\/\/www.loko.ee\/wp-content\/uploads\/2022\/11\/Kasitoovaip_Loko-scaled.jpg\",\"datePublished\":\"2022-11-07T08:03:30+00:00\",\"dateModified\":\"2026-03-04T13:28:36+00:00\",\"description\":\"Ilus ja stiilne kaltsuvaip, mis on k\u00e4sit\u00f6\u00f6na kangastelgedel trikotaa\u017eiribadest kootud. Tore sisustuselement ja teist sellist ei ole mitte kellelgi!\",\"breadcrumb\":{\"@id\":\"https:\/\/www.loko.ee\/toode\/kaltsuvaip-kirju\/#breadcrumb\"},\"inLanguage\":\"en-US\",\"potentialAction\":[{\"@type\":\"ReadAction\",\"target\":[\"https:\/\/www.loko.ee\/toode\/kaltsuvaip-kirju\/\"]}]},{\"@type\":\"ImageObject\",\"inLanguage\":\"en-US\",\"@id\":\"https:\/\/www.loko.ee\/toode\/kaltsuvaip-kirju\/#primaryimage\",\"url\":\"https:\/\/www.loko.ee\/wp-content\/uploads\/2022\/11\/Kasitoovaip_Loko-scaled.jpg\",\"contentUrl\":\"https:\/\/www.loko.ee\/wp-content\/uploads\/2022\/11\/Kasitoovaip_Loko-scaled.jpg\",\"width\":2560,\"height\":2560,\"caption\":\"K\u00e4sit\u00f6\u00f6vaip mustriline Loko\"},{\"@type\":\"BreadcrumbList\",\"@id\":\"https:\/\/www.loko.ee\/toode\/kaltsuvaip-kirju\/#breadcrumb\",\"itemListElement\":[{\"@type\":\"ListItem\",\"position\":1,\"name\":\"Home\",\"item\":\"https:\/\/www.loko.ee\/en\/\"},{\"@type\":\"ListItem\",\"position\":2,\"name\":\"E-pood\",\"item\":\"https:\/\/www.loko.ee\/en\/e-pood\/\"},{\"@type\":\"ListItem\",\"position\":3,\"name\":\"Kaltsuvaip 66&#215;190 cm\"}]},{\"@type\":\"WebSite\",\"@id\":\"https:\/\/www.loko.ee\/en\/#website\",\"url\":\"https:\/\/www.loko.ee\/en\/\",\"name\":\"\",\"description\":\"Sisustustooted\",\"potentialAction\":[{\"@type\":\"SearchAction\",\"target\":{\"@type\":\"EntryPoint\",\"urlTemplate\":\"https:\/\/www.loko.ee\/en\/?s={search_term_string}\"},\"query-input\":{\"@type\":\"PropertyValueSpecification\",\"valueRequired\":true,\"valueName\":\"search_term_string\"}}],\"inLanguage\":\"en-US\"}]}<\/script>\n<!-- \/ Yoast SEO plugin. -->","yoast_head_json":{"title":"Kaltsuvaip 66x190 cm - Hiiumaa k\u00e4sit\u00f6\u00f6 - Uus p\u00f5randavaip - Loko","description":"Ilus ja stiilne kaltsuvaip, mis on k\u00e4sit\u00f6\u00f6na kangastelgedel trikotaa\u017eiribadest kootud. Tore sisustuselement ja teist sellist ei ole mitte kellelgi!","robots":{"index":"index","follow":"follow","max-snippet":"max-snippet:-1","max-image-preview":"max-image-preview:large","max-video-preview":"max-video-preview:-1"},"canonical":"https:\/\/www.loko.ee\/toode\/kaltsuvaip-kirju\/","og_locale":"en_US","og_type":"article","og_title":"Kaltsuvaip 66x190 cm - Hiiumaa k\u00e4sit\u00f6\u00f6 - Uus p\u00f5randavaip - Loko","og_description":"Ilus ja stiilne kaltsuvaip, mis on k\u00e4sit\u00f6\u00f6na kangastelgedel trikotaa\u017eiribadest kootud. Tore sisustuselement ja teist sellist ei ole mitte kellelgi!","og_url":"https:\/\/www.loko.ee\/toode\/kaltsuvaip-kirju\/","article_modified_time":"2026-03-04T13:28:36+00:00","og_image":[{"width":2560,"height":2560,"url":"https:\/\/loko.ee\/wp-content\/uploads\/2022\/11\/Kasitoovaip_Loko-scaled.jpg","type":"image\/jpeg"}],"twitter_card":"summary_large_image","twitter_misc":{"Est. reading time":"1 minute"},"schema":{"@context":"https:\/\/schema.org","@graph":[{"@type":"WebPage","@id":"https:\/\/www.loko.ee\/toode\/kaltsuvaip-kirju\/","url":"https:\/\/www.loko.ee\/toode\/kaltsuvaip-kirju\/","name":"Kaltsuvaip 66x190 cm - Hiiumaa k\u00e4sit\u00f6\u00f6 - Uus p\u00f5randavaip - Loko","isPartOf":{"@id":"https:\/\/www.loko.ee\/en\/#website"},"primaryImageOfPage":{"@id":"https:\/\/www.loko.ee\/toode\/kaltsuvaip-kirju\/#primaryimage"},"image":{"@id":"https:\/\/www.loko.ee\/toode\/kaltsuvaip-kirju\/#primaryimage"},"thumbnailUrl":"https:\/\/www.loko.ee\/wp-content\/uploads\/2022\/11\/Kasitoovaip_Loko-scaled.jpg","datePublished":"2022-11-07T08:03:30+00:00","dateModified":"2026-03-04T13:28:36+00:00","description":"Ilus ja stiilne kaltsuvaip, mis on k\u00e4sit\u00f6\u00f6na kangastelgedel trikotaa\u017eiribadest kootud. Tore sisustuselement ja teist sellist ei ole mitte kellelgi!","breadcrumb":{"@id":"https:\/\/www.loko.ee\/toode\/kaltsuvaip-kirju\/#breadcrumb"},"inLanguage":"en-US","potentialAction":[{"@type":"ReadAction","target":["https:\/\/www.loko.ee\/toode\/kaltsuvaip-kirju\/"]}]},{"@type":"ImageObject","inLanguage":"en-US","@id":"https:\/\/www.loko.ee\/toode\/kaltsuvaip-kirju\/#primaryimage","url":"https:\/\/www.loko.ee\/wp-content\/uploads\/2022\/11\/Kasitoovaip_Loko-scaled.jpg","contentUrl":"https:\/\/www.loko.ee\/wp-content\/uploads\/2022\/11\/Kasitoovaip_Loko-scaled.jpg","width":2560,"height":2560,"caption":"K\u00e4sit\u00f6\u00f6vaip mustriline Loko"},{"@type":"BreadcrumbList","@id":"https:\/\/www.loko.ee\/toode\/kaltsuvaip-kirju\/#breadcrumb","itemListElement":[{"@type":"ListItem","position":1,"name":"Home","item":"https:\/\/www.loko.ee\/en\/"},{"@type":"ListItem","position":2,"name":"E-pood","item":"https:\/\/www.loko.ee\/en\/e-pood\/"},{"@type":"ListItem","position":3,"name":"Kaltsuvaip 66&#215;190 cm"}]},{"@type":"WebSite","@id":"https:\/\/www.loko.ee\/en\/#website","url":"https:\/\/www.loko.ee\/en\/","name":"","description":"Sisustustooted","potentialAction":[{"@type":"SearchAction","target":{"@type":"EntryPoint","urlTemplate":"https:\/\/www.loko.ee\/en\/?s={search_term_string}"},"query-input":{"@type":"PropertyValueSpecification","valueRequired":true,"valueName":"search_term_string"}}],"inLanguage":"en-US"}]}},"_links":{"self":[{"href":"https:\/\/loko.ee\/en\/wp-json\/wp\/v2\/product\/2186","targetHints":{"allow":["GET"]}}],"collection":[{"href":"https:\/\/loko.ee\/en\/wp-json\/wp\/v2\/product"}],"about":[{"href":"https:\/\/loko.ee\/en\/wp-json\/wp\/v2\/types\/product"}],"wp:featuredmedia":[{"embeddable":true,"href":"https:\/\/loko.ee\/en\/wp-json\/wp\/v2\/media\/4099"}],"wp:attachment":[{"href":"https:\/\/loko.ee\/en\/wp-json\/wp\/v2\/media?parent=2186"}],"wp:term":[{"taxonomy":"product_brand","embeddable":true,"href":"https:\/\/loko.ee\/en\/wp-json\/wp\/v2\/product_brand?post=2186"},{"taxonomy":"product_cat","embeddable":true,"href":"https:\/\/loko.ee\/en\/wp-json\/wp\/v2\/product_cat?post=2186"},{"taxonomy":"product_tag","embeddable":true,"href":"https:\/\/loko.ee\/en\/wp-json\/wp\/v2\/product_tag?post=2186"},{"taxonomy":"woo-feed-brand","embeddable":true,"href":"https:\/\/loko.ee\/en\/wp-json\/wp\/v2\/woo-feed-brand?post=2186"}],"curies":[{"name":"wp","href":"https:\/\/api.w.org\/{rel}","templated":true}]}}