{"id":1976,"date":"2022-05-23T19:41:52","date_gmt":"2022-05-23T17:41:52","guid":{"rendered":"https:\/\/loko.ee\/?post_type=product&#038;p=1976"},"modified":"2026-01-18T16:46:03","modified_gmt":"2026-01-18T14:46:03","slug":"saunalava-istumisalus-tartumaa","status":"publish","type":"product","link":"https:\/\/loko.ee\/en\/product\/saunalava-istumisalus-tartumaa\/","title":{"rendered":"Sauna seat cover Tartumaa"},"content":{"rendered":"","protected":false},"excerpt":{"rendered":"<p>Saunalava istumisalus kaitseb lavalaudu m\u00e4\u00e4rdumise eest ja sind selle eest, et kuum ei k\u00f5rvetaks. Kangast kaunistab Tartumaa kindakirja muster.<\/p>\n<p>Composition: 52% linen, 48% cotton.<br \/>\nSuurus: 50 x 145 cm<br \/>\nV\u00f5ib pesta pesumasinas 40 kraadi juures.<\/p>\n<p>Made in Estonia.<\/p>","protected":false},"featured_media":3066,"template":"","meta":[],"product_brand":[],"product_cat":[22,36],"product_tag":[],"woo-feed-brand":[],"class_list":{"0":"post-1976","1":"product","2":"type-product","3":"status-publish","4":"has-post-thumbnail","6":"product_cat-koik-tooted","7":"product_cat-saunalinad","9":"first","10":"instock","11":"taxable","12":"shipping-taxable","13":"purchasable","14":"product-type-simple"},"yoast_head":"<!-- This site is optimized with the Yoast SEO plugin v27.2 - https:\/\/yoast.com\/product\/yoast-seo-wordpress\/ -->\n<title>Saunalava istumisalus Tartumaa - Saunalava lina - Loko<\/title>\n<meta name=\"description\" content=\"Saunalava istumisalus kaitseb lavalaudu m\u00e4\u00e4rdumise eest ja sind selle eest, et kuum ei k\u00f5rvetaks. Hea kingiidee! Toodetud Eestis.\" \/>\n<meta name=\"robots\" content=\"index, follow, max-snippet:-1, max-image-preview:large, max-video-preview:-1\" \/>\n<link rel=\"canonical\" href=\"https:\/\/loko.ee\/en\/product\/saunalava-istumisalus-tartumaa\/\" \/>\n<meta property=\"og:locale\" content=\"en_US\" \/>\n<meta property=\"og:type\" content=\"article\" \/>\n<meta property=\"og:title\" content=\"Saunalava istumisalus Tartumaa - Saunalava lina - Loko\" \/>\n<meta property=\"og:description\" content=\"Saunalava istumisalus kaitseb lavalaudu m\u00e4\u00e4rdumise eest ja sind selle eest, et kuum ei k\u00f5rvetaks. Hea kingiidee! Toodetud Eestis.\" \/>\n<meta property=\"og:url\" content=\"https:\/\/loko.ee\/en\/product\/saunalava-istumisalus-tartumaa\/\" \/>\n<meta property=\"article:modified_time\" content=\"2026-01-18T14:46:03+00:00\" \/>\n<meta property=\"og:image\" content=\"https:\/\/loko.ee\/wp-content\/uploads\/2022\/05\/Saunalava-istumisalus_Tartumaa_Kodavere_Loko.jpg\" \/>\n\t<meta property=\"og:image:width\" content=\"2544\" \/>\n\t<meta property=\"og:image:height\" content=\"2544\" \/>\n\t<meta property=\"og:image:type\" content=\"image\/jpeg\" \/>\n<meta name=\"twitter:card\" content=\"summary_large_image\" \/>\n<meta name=\"twitter:label1\" content=\"Est. reading time\" \/>\n\t<meta name=\"twitter:data1\" content=\"1 minute\" \/>\n<script type=\"application\/ld+json\" class=\"yoast-schema-graph\">{\"@context\":\"https:\/\/schema.org\",\"@graph\":[{\"@type\":\"WebPage\",\"@id\":\"https:\/\/loko.ee\/en\/product\/saunalava-istumisalus-tartumaa\/\",\"url\":\"https:\/\/loko.ee\/en\/product\/saunalava-istumisalus-tartumaa\/\",\"name\":\"Saunalava istumisalus Tartumaa - Saunalava lina - Loko\",\"isPartOf\":{\"@id\":\"https:\/\/loko.ee\/#website\"},\"primaryImageOfPage\":{\"@id\":\"https:\/\/loko.ee\/en\/product\/saunalava-istumisalus-tartumaa\/#primaryimage\"},\"image\":{\"@id\":\"https:\/\/loko.ee\/en\/product\/saunalava-istumisalus-tartumaa\/#primaryimage\"},\"thumbnailUrl\":\"https:\/\/loko.ee\/wp-content\/uploads\/2022\/05\/Saunalava-istumisalus_Tartumaa_Kodavere_Loko.jpg\",\"datePublished\":\"2022-05-23T17:41:52+00:00\",\"dateModified\":\"2026-01-18T14:46:03+00:00\",\"description\":\"Saunalava istumisalus kaitseb lavalaudu m\u00e4\u00e4rdumise eest ja sind selle eest, et kuum ei k\u00f5rvetaks. Hea kingiidee! Toodetud Eestis.\",\"breadcrumb\":{\"@id\":\"https:\/\/loko.ee\/en\/product\/saunalava-istumisalus-tartumaa\/#breadcrumb\"},\"inLanguage\":\"en-US\",\"potentialAction\":[{\"@type\":\"ReadAction\",\"target\":[\"https:\/\/loko.ee\/en\/product\/saunalava-istumisalus-tartumaa\/\"]}]},{\"@type\":\"ImageObject\",\"inLanguage\":\"en-US\",\"@id\":\"https:\/\/loko.ee\/en\/product\/saunalava-istumisalus-tartumaa\/#primaryimage\",\"url\":\"https:\/\/loko.ee\/wp-content\/uploads\/2022\/05\/Saunalava-istumisalus_Tartumaa_Kodavere_Loko.jpg\",\"contentUrl\":\"https:\/\/loko.ee\/wp-content\/uploads\/2022\/05\/Saunalava-istumisalus_Tartumaa_Kodavere_Loko.jpg\",\"width\":2544,\"height\":2544,\"caption\":\"Saunalava istumisalus Tartumaa suur Loko\"},{\"@type\":\"BreadcrumbList\",\"@id\":\"https:\/\/loko.ee\/en\/product\/saunalava-istumisalus-tartumaa\/#breadcrumb\",\"itemListElement\":[{\"@type\":\"ListItem\",\"position\":1,\"name\":\"Home\",\"item\":\"https:\/\/loko.ee\/\"},{\"@type\":\"ListItem\",\"position\":2,\"name\":\"E-pood\",\"item\":\"https:\/\/www.loko.ee\/en\/e-pood\/\"},{\"@type\":\"ListItem\",\"position\":3,\"name\":\"Saunalava istumisalus Tartumaa\"}]},{\"@type\":\"WebSite\",\"@id\":\"https:\/\/loko.ee\/#website\",\"url\":\"https:\/\/loko.ee\/\",\"name\":\"\",\"description\":\"Sisustustooted\",\"potentialAction\":[{\"@type\":\"SearchAction\",\"target\":{\"@type\":\"EntryPoint\",\"urlTemplate\":\"https:\/\/loko.ee\/?s={search_term_string}\"},\"query-input\":{\"@type\":\"PropertyValueSpecification\",\"valueRequired\":true,\"valueName\":\"search_term_string\"}}],\"inLanguage\":\"en-US\"}]}<\/script>\n<!-- \/ Yoast SEO plugin. -->","yoast_head_json":{"title":"Saunalava istumisalus Tartumaa - Saunalava lina - Loko","description":"Saunalava istumisalus kaitseb lavalaudu m\u00e4\u00e4rdumise eest ja sind selle eest, et kuum ei k\u00f5rvetaks. Hea kingiidee! Toodetud Eestis.","robots":{"index":"index","follow":"follow","max-snippet":"max-snippet:-1","max-image-preview":"max-image-preview:large","max-video-preview":"max-video-preview:-1"},"canonical":"https:\/\/loko.ee\/en\/product\/saunalava-istumisalus-tartumaa\/","og_locale":"en_US","og_type":"article","og_title":"Saunalava istumisalus Tartumaa - Saunalava lina - Loko","og_description":"Saunalava istumisalus kaitseb lavalaudu m\u00e4\u00e4rdumise eest ja sind selle eest, et kuum ei k\u00f5rvetaks. Hea kingiidee! Toodetud Eestis.","og_url":"https:\/\/loko.ee\/en\/product\/saunalava-istumisalus-tartumaa\/","article_modified_time":"2026-01-18T14:46:03+00:00","og_image":[{"width":2544,"height":2544,"url":"https:\/\/loko.ee\/wp-content\/uploads\/2022\/05\/Saunalava-istumisalus_Tartumaa_Kodavere_Loko.jpg","type":"image\/jpeg"}],"twitter_card":"summary_large_image","twitter_misc":{"Est. reading time":"1 minute"},"schema":{"@context":"https:\/\/schema.org","@graph":[{"@type":"WebPage","@id":"https:\/\/loko.ee\/en\/product\/saunalava-istumisalus-tartumaa\/","url":"https:\/\/loko.ee\/en\/product\/saunalava-istumisalus-tartumaa\/","name":"Saunalava istumisalus Tartumaa - Saunalava lina - Loko","isPartOf":{"@id":"https:\/\/loko.ee\/#website"},"primaryImageOfPage":{"@id":"https:\/\/loko.ee\/en\/product\/saunalava-istumisalus-tartumaa\/#primaryimage"},"image":{"@id":"https:\/\/loko.ee\/en\/product\/saunalava-istumisalus-tartumaa\/#primaryimage"},"thumbnailUrl":"https:\/\/loko.ee\/wp-content\/uploads\/2022\/05\/Saunalava-istumisalus_Tartumaa_Kodavere_Loko.jpg","datePublished":"2022-05-23T17:41:52+00:00","dateModified":"2026-01-18T14:46:03+00:00","description":"Saunalava istumisalus kaitseb lavalaudu m\u00e4\u00e4rdumise eest ja sind selle eest, et kuum ei k\u00f5rvetaks. Hea kingiidee! Toodetud Eestis.","breadcrumb":{"@id":"https:\/\/loko.ee\/en\/product\/saunalava-istumisalus-tartumaa\/#breadcrumb"},"inLanguage":"en-US","potentialAction":[{"@type":"ReadAction","target":["https:\/\/loko.ee\/en\/product\/saunalava-istumisalus-tartumaa\/"]}]},{"@type":"ImageObject","inLanguage":"en-US","@id":"https:\/\/loko.ee\/en\/product\/saunalava-istumisalus-tartumaa\/#primaryimage","url":"https:\/\/loko.ee\/wp-content\/uploads\/2022\/05\/Saunalava-istumisalus_Tartumaa_Kodavere_Loko.jpg","contentUrl":"https:\/\/loko.ee\/wp-content\/uploads\/2022\/05\/Saunalava-istumisalus_Tartumaa_Kodavere_Loko.jpg","width":2544,"height":2544,"caption":"Saunalava istumisalus Tartumaa suur Loko"},{"@type":"BreadcrumbList","@id":"https:\/\/loko.ee\/en\/product\/saunalava-istumisalus-tartumaa\/#breadcrumb","itemListElement":[{"@type":"ListItem","position":1,"name":"Home","item":"https:\/\/loko.ee\/"},{"@type":"ListItem","position":2,"name":"E-pood","item":"https:\/\/www.loko.ee\/en\/e-pood\/"},{"@type":"ListItem","position":3,"name":"Saunalava istumisalus Tartumaa"}]},{"@type":"WebSite","@id":"https:\/\/loko.ee\/#website","url":"https:\/\/loko.ee\/","name":"","description":"Sisustustooted","potentialAction":[{"@type":"SearchAction","target":{"@type":"EntryPoint","urlTemplate":"https:\/\/loko.ee\/?s={search_term_string}"},"query-input":{"@type":"PropertyValueSpecification","valueRequired":true,"valueName":"search_term_string"}}],"inLanguage":"en-US"}]}},"_links":{"self":[{"href":"https:\/\/loko.ee\/en\/wp-json\/wp\/v2\/product\/1976","targetHints":{"allow":["GET"]}}],"collection":[{"href":"https:\/\/loko.ee\/en\/wp-json\/wp\/v2\/product"}],"about":[{"href":"https:\/\/loko.ee\/en\/wp-json\/wp\/v2\/types\/product"}],"wp:featuredmedia":[{"embeddable":true,"href":"https:\/\/loko.ee\/en\/wp-json\/wp\/v2\/media\/3066"}],"wp:attachment":[{"href":"https:\/\/loko.ee\/en\/wp-json\/wp\/v2\/media?parent=1976"}],"wp:term":[{"taxonomy":"product_brand","embeddable":true,"href":"https:\/\/loko.ee\/en\/wp-json\/wp\/v2\/product_brand?post=1976"},{"taxonomy":"product_cat","embeddable":true,"href":"https:\/\/loko.ee\/en\/wp-json\/wp\/v2\/product_cat?post=1976"},{"taxonomy":"product_tag","embeddable":true,"href":"https:\/\/loko.ee\/en\/wp-json\/wp\/v2\/product_tag?post=1976"},{"taxonomy":"woo-feed-brand","embeddable":true,"href":"https:\/\/loko.ee\/en\/wp-json\/wp\/v2\/woo-feed-brand?post=1976"}],"curies":[{"name":"wp","href":"https:\/\/api.w.org\/{rel}","templated":true}]}}