{"id":1915,"date":"2022-03-26T13:33:39","date_gmt":"2022-03-26T11:33:39","guid":{"rendered":"https:\/\/loko.ee\/?post_type=product&#038;p=1915"},"modified":"2026-03-23T15:58:44","modified_gmt":"2026-03-23T13:58:44","slug":"kateratik-hiiumaa-kaheksakanna","status":"publish","type":"product","link":"https:\/\/loko.ee\/en\/product\/kateratik-hiiumaa-kaheksakanna\/","title":{"rendered":"Frotee k\u00e4ter\u00e4tik Hiiumaa"},"content":{"rendered":"","protected":false},"excerpt":{"rendered":"<p>Ilus ja pehme froteest k\u00e4ter\u00e4tik. Sobib suurep\u00e4raselt k\u00e4si ja n\u00e4gu kuivatama ning vannituba ehtima. R\u00e4tikut kaunistab Hiiumaa kaheksakanna kindakirja muster.<\/p>\n<p>Suurus: 40 x 67 cm<br \/>\nKoostis: 100% puuvill<br \/>\nKaal: 530 g\/m2<br \/>\nR\u00e4tikut on lihtne hooldada \u2013\u00a0 v\u00f5ib pesta pesumasinas 40 kraadi juures.<\/p>","protected":false},"featured_media":1918,"template":"","meta":[],"product_brand":[],"product_cat":[25,22,40],"product_tag":[],"woo-feed-brand":[],"class_list":{"0":"post-1915","1":"product","2":"type-product","3":"status-publish","4":"has-post-thumbnail","6":"product_cat-kodutekstiil","7":"product_cat-koik-tooted","8":"product_cat-koogiratikud","10":"first","11":"instock","12":"taxable","13":"shipping-taxable","14":"purchasable","15":"product-type-simple"},"yoast_head":"<!-- This site is optimized with the Yoast SEO plugin v27.2 - https:\/\/yoast.com\/product\/yoast-seo-wordpress\/ -->\n<title>Frotee k\u00e4ter\u00e4tik Hiiumaa - Froteer\u00e4tik- Eesti disain - Loko<\/title>\n<meta name=\"description\" content=\"Ilus ja pehme froteeriidest k\u00e4ter\u00e4tik, mida kaunistab Hiiumaa kaheksakanna kindakirja muster.\u00a0Koostis 100% puuvill.\" \/>\n<meta name=\"robots\" content=\"index, follow, max-snippet:-1, max-image-preview:large, max-video-preview:-1\" \/>\n<link rel=\"canonical\" href=\"https:\/\/loko.ee\/en\/product\/kateratik-hiiumaa-kaheksakanna\/\" \/>\n<meta property=\"og:locale\" content=\"en_US\" \/>\n<meta property=\"og:type\" content=\"article\" \/>\n<meta property=\"og:title\" content=\"Frotee k\u00e4ter\u00e4tik Hiiumaa - Froteer\u00e4tik- Eesti disain - Loko\" \/>\n<meta property=\"og:description\" content=\"Ilus ja pehme froteeriidest k\u00e4ter\u00e4tik, mida kaunistab Hiiumaa kaheksakanna kindakirja muster.\u00a0Koostis 100% puuvill.\" \/>\n<meta property=\"og:url\" content=\"https:\/\/loko.ee\/en\/product\/kateratik-hiiumaa-kaheksakanna\/\" \/>\n<meta property=\"article:modified_time\" content=\"2026-03-23T13:58:44+00:00\" \/>\n<meta property=\"og:image\" content=\"https:\/\/loko.ee\/wp-content\/uploads\/2022\/03\/Ka\u0308tera\u0308tik_Hiiumaa_kindakiri_Loko.jpg\" \/>\n\t<meta property=\"og:image:width\" content=\"1478\" \/>\n\t<meta property=\"og:image:height\" content=\"1478\" \/>\n\t<meta property=\"og:image:type\" content=\"image\/jpeg\" \/>\n<meta name=\"twitter:card\" content=\"summary_large_image\" \/>\n<meta name=\"twitter:label1\" content=\"Est. reading time\" \/>\n\t<meta name=\"twitter:data1\" content=\"1 minute\" \/>\n<script type=\"application\/ld+json\" class=\"yoast-schema-graph\">{\"@context\":\"https:\/\/schema.org\",\"@graph\":[{\"@type\":\"WebPage\",\"@id\":\"https:\/\/loko.ee\/toode\/kateratik-hiiumaa-kaheksakanna\/\",\"url\":\"https:\/\/loko.ee\/toode\/kateratik-hiiumaa-kaheksakanna\/\",\"name\":\"Frotee k\u00e4ter\u00e4tik Hiiumaa - Froteer\u00e4tik- Eesti disain - Loko\",\"isPartOf\":{\"@id\":\"https:\/\/loko.ee\/#website\"},\"primaryImageOfPage\":{\"@id\":\"https:\/\/loko.ee\/toode\/kateratik-hiiumaa-kaheksakanna\/#primaryimage\"},\"image\":{\"@id\":\"https:\/\/loko.ee\/toode\/kateratik-hiiumaa-kaheksakanna\/#primaryimage\"},\"thumbnailUrl\":\"https:\/\/loko.ee\/wp-content\/uploads\/2022\/03\/Ka\u0308tera\u0308tik_Hiiumaa_kindakiri_Loko.jpg\",\"datePublished\":\"2022-03-26T11:33:39+00:00\",\"dateModified\":\"2026-03-23T13:58:44+00:00\",\"description\":\"Ilus ja pehme froteeriidest k\u00e4ter\u00e4tik, mida kaunistab Hiiumaa kaheksakanna kindakirja muster.\u00a0Koostis 100% puuvill.\",\"breadcrumb\":{\"@id\":\"https:\/\/loko.ee\/toode\/kateratik-hiiumaa-kaheksakanna\/#breadcrumb\"},\"inLanguage\":\"en-US\",\"potentialAction\":[{\"@type\":\"ReadAction\",\"target\":[\"https:\/\/loko.ee\/toode\/kateratik-hiiumaa-kaheksakanna\/\"]}]},{\"@type\":\"ImageObject\",\"inLanguage\":\"en-US\",\"@id\":\"https:\/\/loko.ee\/toode\/kateratik-hiiumaa-kaheksakanna\/#primaryimage\",\"url\":\"https:\/\/loko.ee\/wp-content\/uploads\/2022\/03\/Ka\u0308tera\u0308tik_Hiiumaa_kindakiri_Loko.jpg\",\"contentUrl\":\"https:\/\/loko.ee\/wp-content\/uploads\/2022\/03\/Ka\u0308tera\u0308tik_Hiiumaa_kindakiri_Loko.jpg\",\"width\":1478,\"height\":1478,\"caption\":\"K\u00e4ter\u00e4tik frotee Hiiumaa kaheksakanna Loko\"},{\"@type\":\"BreadcrumbList\",\"@id\":\"https:\/\/loko.ee\/toode\/kateratik-hiiumaa-kaheksakanna\/#breadcrumb\",\"itemListElement\":[{\"@type\":\"ListItem\",\"position\":1,\"name\":\"Home\",\"item\":\"https:\/\/www.loko.ee\/en\/\"},{\"@type\":\"ListItem\",\"position\":2,\"name\":\"E-pood\",\"item\":\"https:\/\/loko.ee\/en\/e-pood\/\"},{\"@type\":\"ListItem\",\"position\":3,\"name\":\"Frotee k\u00e4ter\u00e4tik Hiiumaa\"}]},{\"@type\":\"WebSite\",\"@id\":\"https:\/\/loko.ee\/#website\",\"url\":\"https:\/\/loko.ee\/\",\"name\":\"\",\"description\":\"Sisustustooted\",\"potentialAction\":[{\"@type\":\"SearchAction\",\"target\":{\"@type\":\"EntryPoint\",\"urlTemplate\":\"https:\/\/loko.ee\/?s={search_term_string}\"},\"query-input\":{\"@type\":\"PropertyValueSpecification\",\"valueRequired\":true,\"valueName\":\"search_term_string\"}}],\"inLanguage\":\"en-US\"}]}<\/script>\n<!-- \/ Yoast SEO plugin. -->","yoast_head_json":{"title":"Frotee k\u00e4ter\u00e4tik Hiiumaa - Froteer\u00e4tik- Eesti disain - Loko","description":"Ilus ja pehme froteeriidest k\u00e4ter\u00e4tik, mida kaunistab Hiiumaa kaheksakanna kindakirja muster.\u00a0Koostis 100% puuvill.","robots":{"index":"index","follow":"follow","max-snippet":"max-snippet:-1","max-image-preview":"max-image-preview:large","max-video-preview":"max-video-preview:-1"},"canonical":"https:\/\/loko.ee\/en\/product\/kateratik-hiiumaa-kaheksakanna\/","og_locale":"en_US","og_type":"article","og_title":"Frotee k\u00e4ter\u00e4tik Hiiumaa - Froteer\u00e4tik- Eesti disain - Loko","og_description":"Ilus ja pehme froteeriidest k\u00e4ter\u00e4tik, mida kaunistab Hiiumaa kaheksakanna kindakirja muster.\u00a0Koostis 100% puuvill.","og_url":"https:\/\/loko.ee\/en\/product\/kateratik-hiiumaa-kaheksakanna\/","article_modified_time":"2026-03-23T13:58:44+00:00","og_image":[{"width":1478,"height":1478,"url":"https:\/\/loko.ee\/wp-content\/uploads\/2022\/03\/Ka\u0308tera\u0308tik_Hiiumaa_kindakiri_Loko.jpg","type":"image\/jpeg"}],"twitter_card":"summary_large_image","twitter_misc":{"Est. reading time":"1 minute"},"schema":{"@context":"https:\/\/schema.org","@graph":[{"@type":"WebPage","@id":"https:\/\/loko.ee\/toode\/kateratik-hiiumaa-kaheksakanna\/","url":"https:\/\/loko.ee\/toode\/kateratik-hiiumaa-kaheksakanna\/","name":"Frotee k\u00e4ter\u00e4tik Hiiumaa - Froteer\u00e4tik- Eesti disain - Loko","isPartOf":{"@id":"https:\/\/loko.ee\/#website"},"primaryImageOfPage":{"@id":"https:\/\/loko.ee\/toode\/kateratik-hiiumaa-kaheksakanna\/#primaryimage"},"image":{"@id":"https:\/\/loko.ee\/toode\/kateratik-hiiumaa-kaheksakanna\/#primaryimage"},"thumbnailUrl":"https:\/\/loko.ee\/wp-content\/uploads\/2022\/03\/Ka\u0308tera\u0308tik_Hiiumaa_kindakiri_Loko.jpg","datePublished":"2022-03-26T11:33:39+00:00","dateModified":"2026-03-23T13:58:44+00:00","description":"Ilus ja pehme froteeriidest k\u00e4ter\u00e4tik, mida kaunistab Hiiumaa kaheksakanna kindakirja muster.\u00a0Koostis 100% puuvill.","breadcrumb":{"@id":"https:\/\/loko.ee\/toode\/kateratik-hiiumaa-kaheksakanna\/#breadcrumb"},"inLanguage":"en-US","potentialAction":[{"@type":"ReadAction","target":["https:\/\/loko.ee\/toode\/kateratik-hiiumaa-kaheksakanna\/"]}]},{"@type":"ImageObject","inLanguage":"en-US","@id":"https:\/\/loko.ee\/toode\/kateratik-hiiumaa-kaheksakanna\/#primaryimage","url":"https:\/\/loko.ee\/wp-content\/uploads\/2022\/03\/Ka\u0308tera\u0308tik_Hiiumaa_kindakiri_Loko.jpg","contentUrl":"https:\/\/loko.ee\/wp-content\/uploads\/2022\/03\/Ka\u0308tera\u0308tik_Hiiumaa_kindakiri_Loko.jpg","width":1478,"height":1478,"caption":"K\u00e4ter\u00e4tik frotee Hiiumaa kaheksakanna Loko"},{"@type":"BreadcrumbList","@id":"https:\/\/loko.ee\/toode\/kateratik-hiiumaa-kaheksakanna\/#breadcrumb","itemListElement":[{"@type":"ListItem","position":1,"name":"Home","item":"https:\/\/www.loko.ee\/en\/"},{"@type":"ListItem","position":2,"name":"E-pood","item":"https:\/\/loko.ee\/en\/e-pood\/"},{"@type":"ListItem","position":3,"name":"Frotee k\u00e4ter\u00e4tik Hiiumaa"}]},{"@type":"WebSite","@id":"https:\/\/loko.ee\/#website","url":"https:\/\/loko.ee\/","name":"","description":"Sisustustooted","potentialAction":[{"@type":"SearchAction","target":{"@type":"EntryPoint","urlTemplate":"https:\/\/loko.ee\/?s={search_term_string}"},"query-input":{"@type":"PropertyValueSpecification","valueRequired":true,"valueName":"search_term_string"}}],"inLanguage":"en-US"}]}},"_links":{"self":[{"href":"https:\/\/loko.ee\/en\/wp-json\/wp\/v2\/product\/1915","targetHints":{"allow":["GET"]}}],"collection":[{"href":"https:\/\/loko.ee\/en\/wp-json\/wp\/v2\/product"}],"about":[{"href":"https:\/\/loko.ee\/en\/wp-json\/wp\/v2\/types\/product"}],"wp:featuredmedia":[{"embeddable":true,"href":"https:\/\/loko.ee\/en\/wp-json\/wp\/v2\/media\/1918"}],"wp:attachment":[{"href":"https:\/\/loko.ee\/en\/wp-json\/wp\/v2\/media?parent=1915"}],"wp:term":[{"taxonomy":"product_brand","embeddable":true,"href":"https:\/\/loko.ee\/en\/wp-json\/wp\/v2\/product_brand?post=1915"},{"taxonomy":"product_cat","embeddable":true,"href":"https:\/\/loko.ee\/en\/wp-json\/wp\/v2\/product_cat?post=1915"},{"taxonomy":"product_tag","embeddable":true,"href":"https:\/\/loko.ee\/en\/wp-json\/wp\/v2\/product_tag?post=1915"},{"taxonomy":"woo-feed-brand","embeddable":true,"href":"https:\/\/loko.ee\/en\/wp-json\/wp\/v2\/woo-feed-brand?post=1915"}],"curies":[{"name":"wp","href":"https:\/\/api.w.org\/{rel}","templated":true}]}}