{"id":1885,"date":"2022-03-04T14:34:57","date_gmt":"2022-03-04T12:34:57","guid":{"rendered":"https:\/\/loko.ee\/?post_type=product&#038;p=1885"},"modified":"2026-03-04T15:29:07","modified_gmt":"2026-03-04T13:29:07","slug":"kaltsuvaip-mustriga","status":"publish","type":"product","link":"https:\/\/loko.ee\/en\/product\/kaltsuvaip-mustriga\/","title":{"rendered":"Kaltsuvaip 68&#215;107 cm"},"content":{"rendered":"","protected":false},"excerpt":{"rendered":"<p>Halli ja roosaga kaltsuvaip, mis on k\u00e4sit\u00f6\u00f6na kangastelgedel trikotaa\u017eiribadest kootud. Sobib suurep\u00e4raselt ka n\u00e4iteks lastetoa p\u00f5randat kaunistama.<\/p>\n<p>M\u00f5\u00f5dud: Laius 68 cm ja pikkus 107 cm.<\/p>\n<p>Vaipa v\u00f5ib pesta 30 kraadi juures, mitte tsentrifuugida. Soovitame kuivatada laotatult tasasel pinnal. Vaip v\u00f5ib pesus pisut kokku t\u00f5mmata.<\/p>","protected":false},"featured_media":3964,"template":"","meta":[],"product_brand":[],"product_cat":[45,22],"product_tag":[],"woo-feed-brand":[],"class_list":{"0":"post-1885","1":"product","2":"type-product","3":"status-publish","4":"has-post-thumbnail","6":"product_cat-kaltsuvaibad","7":"product_cat-koik-tooted","9":"first","10":"instock","11":"sale","12":"taxable","13":"shipping-taxable","14":"purchasable","15":"product-type-simple"},"yoast_head":"<!-- This site is optimized with the Yoast SEO plugin v27.2 - https:\/\/yoast.com\/product\/yoast-seo-wordpress\/ -->\n<title>Kaltsuvaip 68x107 cm - Hiiumaa k\u00e4sit\u00f6\u00f6 - Uus p\u00f5randavaip - Loko<\/title>\n<meta name=\"description\" content=\"Ilus ja stiilne kaltsuvaip, mis on k\u00e4sit\u00f6\u00f6na kangastelgedel kootud. Tore sisustuselement! Teist sellist ei ole mitte kellelgi!\" \/>\n<meta name=\"robots\" content=\"index, follow, max-snippet:-1, max-image-preview:large, max-video-preview:-1\" \/>\n<link rel=\"canonical\" href=\"https:\/\/loko.ee\/en\/product\/kaltsuvaip-mustriga\/\" \/>\n<meta property=\"og:locale\" content=\"en_US\" \/>\n<meta property=\"og:type\" content=\"article\" \/>\n<meta property=\"og:title\" content=\"Kaltsuvaip 68x107 cm - Hiiumaa k\u00e4sit\u00f6\u00f6 - Uus p\u00f5randavaip - Loko\" \/>\n<meta property=\"og:description\" content=\"Ilus ja stiilne kaltsuvaip, mis on k\u00e4sit\u00f6\u00f6na kangastelgedel kootud. Tore sisustuselement! Teist sellist ei ole mitte kellelgi!\" \/>\n<meta property=\"og:url\" content=\"https:\/\/loko.ee\/en\/product\/kaltsuvaip-mustriga\/\" \/>\n<meta property=\"article:modified_time\" content=\"2026-03-04T13:29:07+00:00\" \/>\n<meta property=\"og:image\" content=\"https:\/\/www.loko.ee\/wp-content\/uploads\/2022\/03\/Kaltsuvaip_roosa_Loko.jpg\" \/>\n\t<meta property=\"og:image:width\" content=\"2269\" \/>\n\t<meta property=\"og:image:height\" content=\"2269\" \/>\n\t<meta property=\"og:image:type\" content=\"image\/jpeg\" \/>\n<meta name=\"twitter:card\" content=\"summary_large_image\" \/>\n<meta name=\"twitter:label1\" content=\"Est. reading time\" \/>\n\t<meta name=\"twitter:data1\" content=\"1 minute\" \/>\n<script type=\"application\/ld+json\" class=\"yoast-schema-graph\">{\"@context\":\"https:\/\/schema.org\",\"@graph\":[{\"@type\":\"WebPage\",\"@id\":\"https:\/\/loko.ee\/toode\/kaltsuvaip-mustriga\/\",\"url\":\"https:\/\/loko.ee\/toode\/kaltsuvaip-mustriga\/\",\"name\":\"Kaltsuvaip 68x107 cm - Hiiumaa k\u00e4sit\u00f6\u00f6 - Uus p\u00f5randavaip - Loko\",\"isPartOf\":{\"@id\":\"https:\/\/www.loko.ee\/en\/#website\"},\"primaryImageOfPage\":{\"@id\":\"https:\/\/loko.ee\/toode\/kaltsuvaip-mustriga\/#primaryimage\"},\"image\":{\"@id\":\"https:\/\/loko.ee\/toode\/kaltsuvaip-mustriga\/#primaryimage\"},\"thumbnailUrl\":\"https:\/\/loko.ee\/wp-content\/uploads\/2022\/03\/Kaltsuvaip_roosa_Loko.jpg\",\"datePublished\":\"2022-03-04T12:34:57+00:00\",\"dateModified\":\"2026-03-04T13:29:07+00:00\",\"description\":\"Ilus ja stiilne kaltsuvaip, mis on k\u00e4sit\u00f6\u00f6na kangastelgedel kootud. Tore sisustuselement! Teist sellist ei ole mitte kellelgi!\",\"breadcrumb\":{\"@id\":\"https:\/\/loko.ee\/toode\/kaltsuvaip-mustriga\/#breadcrumb\"},\"inLanguage\":\"en-US\",\"potentialAction\":[{\"@type\":\"ReadAction\",\"target\":[\"https:\/\/loko.ee\/toode\/kaltsuvaip-mustriga\/\"]}]},{\"@type\":\"ImageObject\",\"inLanguage\":\"en-US\",\"@id\":\"https:\/\/loko.ee\/toode\/kaltsuvaip-mustriga\/#primaryimage\",\"url\":\"https:\/\/loko.ee\/wp-content\/uploads\/2022\/03\/Kaltsuvaip_roosa_Loko.jpg\",\"contentUrl\":\"https:\/\/loko.ee\/wp-content\/uploads\/2022\/03\/Kaltsuvaip_roosa_Loko.jpg\",\"width\":2269,\"height\":2269,\"caption\":\"Kaltsuvaip k\u00e4sit\u00f6\u00f6 Loko\"},{\"@type\":\"BreadcrumbList\",\"@id\":\"https:\/\/loko.ee\/toode\/kaltsuvaip-mustriga\/#breadcrumb\",\"itemListElement\":[{\"@type\":\"ListItem\",\"position\":1,\"name\":\"Home\",\"item\":\"https:\/\/www.loko.ee\/en\/\"},{\"@type\":\"ListItem\",\"position\":2,\"name\":\"E-pood\",\"item\":\"https:\/\/www.loko.ee\/en\/e-pood\/\"},{\"@type\":\"ListItem\",\"position\":3,\"name\":\"Kaltsuvaip 68&#215;107 cm\"}]},{\"@type\":\"WebSite\",\"@id\":\"https:\/\/www.loko.ee\/en\/#website\",\"url\":\"https:\/\/www.loko.ee\/en\/\",\"name\":\"\",\"description\":\"Sisustustooted\",\"potentialAction\":[{\"@type\":\"SearchAction\",\"target\":{\"@type\":\"EntryPoint\",\"urlTemplate\":\"https:\/\/www.loko.ee\/en\/?s={search_term_string}\"},\"query-input\":{\"@type\":\"PropertyValueSpecification\",\"valueRequired\":true,\"valueName\":\"search_term_string\"}}],\"inLanguage\":\"en-US\"}]}<\/script>\n<!-- \/ Yoast SEO plugin. -->","yoast_head_json":{"title":"Kaltsuvaip 68x107 cm - Hiiumaa k\u00e4sit\u00f6\u00f6 - Uus p\u00f5randavaip - Loko","description":"Ilus ja stiilne kaltsuvaip, mis on k\u00e4sit\u00f6\u00f6na kangastelgedel kootud. Tore sisustuselement! Teist sellist ei ole mitte kellelgi!","robots":{"index":"index","follow":"follow","max-snippet":"max-snippet:-1","max-image-preview":"max-image-preview:large","max-video-preview":"max-video-preview:-1"},"canonical":"https:\/\/loko.ee\/en\/product\/kaltsuvaip-mustriga\/","og_locale":"en_US","og_type":"article","og_title":"Kaltsuvaip 68x107 cm - Hiiumaa k\u00e4sit\u00f6\u00f6 - Uus p\u00f5randavaip - Loko","og_description":"Ilus ja stiilne kaltsuvaip, mis on k\u00e4sit\u00f6\u00f6na kangastelgedel kootud. Tore sisustuselement! Teist sellist ei ole mitte kellelgi!","og_url":"https:\/\/loko.ee\/en\/product\/kaltsuvaip-mustriga\/","article_modified_time":"2026-03-04T13:29:07+00:00","og_image":[{"width":2269,"height":2269,"url":"https:\/\/www.loko.ee\/wp-content\/uploads\/2022\/03\/Kaltsuvaip_roosa_Loko.jpg","type":"image\/jpeg"}],"twitter_card":"summary_large_image","twitter_misc":{"Est. reading time":"1 minute"},"schema":{"@context":"https:\/\/schema.org","@graph":[{"@type":"WebPage","@id":"https:\/\/loko.ee\/toode\/kaltsuvaip-mustriga\/","url":"https:\/\/loko.ee\/toode\/kaltsuvaip-mustriga\/","name":"Kaltsuvaip 68x107 cm - Hiiumaa k\u00e4sit\u00f6\u00f6 - Uus p\u00f5randavaip - Loko","isPartOf":{"@id":"https:\/\/www.loko.ee\/en\/#website"},"primaryImageOfPage":{"@id":"https:\/\/loko.ee\/toode\/kaltsuvaip-mustriga\/#primaryimage"},"image":{"@id":"https:\/\/loko.ee\/toode\/kaltsuvaip-mustriga\/#primaryimage"},"thumbnailUrl":"https:\/\/loko.ee\/wp-content\/uploads\/2022\/03\/Kaltsuvaip_roosa_Loko.jpg","datePublished":"2022-03-04T12:34:57+00:00","dateModified":"2026-03-04T13:29:07+00:00","description":"Ilus ja stiilne kaltsuvaip, mis on k\u00e4sit\u00f6\u00f6na kangastelgedel kootud. Tore sisustuselement! Teist sellist ei ole mitte kellelgi!","breadcrumb":{"@id":"https:\/\/loko.ee\/toode\/kaltsuvaip-mustriga\/#breadcrumb"},"inLanguage":"en-US","potentialAction":[{"@type":"ReadAction","target":["https:\/\/loko.ee\/toode\/kaltsuvaip-mustriga\/"]}]},{"@type":"ImageObject","inLanguage":"en-US","@id":"https:\/\/loko.ee\/toode\/kaltsuvaip-mustriga\/#primaryimage","url":"https:\/\/loko.ee\/wp-content\/uploads\/2022\/03\/Kaltsuvaip_roosa_Loko.jpg","contentUrl":"https:\/\/loko.ee\/wp-content\/uploads\/2022\/03\/Kaltsuvaip_roosa_Loko.jpg","width":2269,"height":2269,"caption":"Kaltsuvaip k\u00e4sit\u00f6\u00f6 Loko"},{"@type":"BreadcrumbList","@id":"https:\/\/loko.ee\/toode\/kaltsuvaip-mustriga\/#breadcrumb","itemListElement":[{"@type":"ListItem","position":1,"name":"Home","item":"https:\/\/www.loko.ee\/en\/"},{"@type":"ListItem","position":2,"name":"E-pood","item":"https:\/\/www.loko.ee\/en\/e-pood\/"},{"@type":"ListItem","position":3,"name":"Kaltsuvaip 68&#215;107 cm"}]},{"@type":"WebSite","@id":"https:\/\/www.loko.ee\/en\/#website","url":"https:\/\/www.loko.ee\/en\/","name":"","description":"Sisustustooted","potentialAction":[{"@type":"SearchAction","target":{"@type":"EntryPoint","urlTemplate":"https:\/\/www.loko.ee\/en\/?s={search_term_string}"},"query-input":{"@type":"PropertyValueSpecification","valueRequired":true,"valueName":"search_term_string"}}],"inLanguage":"en-US"}]}},"_links":{"self":[{"href":"https:\/\/loko.ee\/en\/wp-json\/wp\/v2\/product\/1885","targetHints":{"allow":["GET"]}}],"collection":[{"href":"https:\/\/loko.ee\/en\/wp-json\/wp\/v2\/product"}],"about":[{"href":"https:\/\/loko.ee\/en\/wp-json\/wp\/v2\/types\/product"}],"wp:featuredmedia":[{"embeddable":true,"href":"https:\/\/loko.ee\/en\/wp-json\/wp\/v2\/media\/3964"}],"wp:attachment":[{"href":"https:\/\/loko.ee\/en\/wp-json\/wp\/v2\/media?parent=1885"}],"wp:term":[{"taxonomy":"product_brand","embeddable":true,"href":"https:\/\/loko.ee\/en\/wp-json\/wp\/v2\/product_brand?post=1885"},{"taxonomy":"product_cat","embeddable":true,"href":"https:\/\/loko.ee\/en\/wp-json\/wp\/v2\/product_cat?post=1885"},{"taxonomy":"product_tag","embeddable":true,"href":"https:\/\/loko.ee\/en\/wp-json\/wp\/v2\/product_tag?post=1885"},{"taxonomy":"woo-feed-brand","embeddable":true,"href":"https:\/\/loko.ee\/en\/wp-json\/wp\/v2\/woo-feed-brand?post=1885"}],"curies":[{"name":"wp","href":"https:\/\/api.w.org\/{rel}","templated":true}]}}