{"id":1855,"date":"2022-02-07T09:14:18","date_gmt":"2022-02-07T07:14:18","guid":{"rendered":"https:\/\/loko.ee\/?post_type=product&#038;p=1855"},"modified":"2025-12-07T12:36:26","modified_gmt":"2025-12-07T10:36:26","slug":"pitsu-triiburiidega","status":"publish","type":"product","link":"https:\/\/loko.ee\/en\/product\/pitsu-triiburiidega\/","title":{"rendered":"Small bench"},"content":{"rendered":"","protected":false},"excerpt":{"rendered":"<p>Mis imeloom see Pitsu on? Hiiumaal nimetatakse pitsuks v\u00e4ikest puidust pinki, mis on olnud asendamatu abiline igas talus nii lehma l\u00fcpsmisel kui pliidisuu ees tuld tehes.<\/p>\n<p>Tore abimees on ta ka t\u00e4nap\u00e4eval:<br \/>\n\u2013 Kui \u00f5htul telekat vaadates tahaks jalad \u00fcles visata ja kuskile peale toetada, siis sobib pitsu selleks ideaalselt.<br \/>\n\u2013 Pitsu aitab h\u00e4dast v\u00e4lja ka siis, kui \u00fclemiselt riiulilt asjade v\u00f5tmiseks oleks v\u00e4ikest astet vaja.<br \/>\n\u2013 Tore madal istumine pere pisematele ning aitab vajadusel ka kraanikausini ulatuda, et lihtsam oleks hambaid ja k\u00e4si pesta.<\/p>\n<p>Pehme pitsu on kaetud Hiiumaa P\u00fchalepa triibukangaga. Valmistatud m\u00e4nnipuust.<br \/>\nM\u00f5\u00f5dud: k\u00f5rgus 30 cm, pikkus 38 cm, laius 23 cm.<\/p>","protected":false},"featured_media":1856,"template":"","meta":[],"product_brand":[],"product_cat":[22,27],"product_tag":[],"woo-feed-brand":[],"class_list":{"0":"post-1855","1":"product","2":"type-product","3":"status-publish","4":"has-post-thumbnail","6":"product_cat-koik-tooted","7":"product_cat-muu","9":"first","10":"instock","11":"taxable","12":"shipping-taxable","13":"purchasable","14":"product-type-simple"},"yoast_head":"<!-- This site is optimized with the Yoast SEO plugin v27.4 - https:\/\/yoast.com\/product\/yoast-seo-wordpress\/ -->\n<title>Pitsu triiburiidega - Puidust pink - Loko<\/title>\n<meta name=\"description\" content=\"Pitsu on Hiiumaal v\u00e4ike puidust pink, mis on olnud asendamatu abiline igas talus nii lehma l\u00fcpsmisel kui pliidisuu ees tuld tehes.\" \/>\n<meta name=\"robots\" content=\"index, follow, max-snippet:-1, max-image-preview:large, max-video-preview:-1\" \/>\n<link rel=\"canonical\" href=\"https:\/\/www.loko.ee\/toode\/pitsu-triiburiidega\/\" \/>\n<meta property=\"og:locale\" content=\"en_US\" \/>\n<meta property=\"og:type\" content=\"article\" \/>\n<meta property=\"og:title\" content=\"Pitsu triiburiidega - Puidust pink - Loko\" \/>\n<meta property=\"og:description\" content=\"Pitsu on Hiiumaal v\u00e4ike puidust pink, mis on olnud asendamatu abiline igas talus nii lehma l\u00fcpsmisel kui pliidisuu ees tuld tehes.\" \/>\n<meta property=\"og:url\" content=\"https:\/\/www.loko.ee\/toode\/pitsu-triiburiidega\/\" \/>\n<meta property=\"article:modified_time\" content=\"2025-12-07T10:36:26+00:00\" \/>\n<meta property=\"og:image\" content=\"https:\/\/www.loko.ee\/wp-content\/uploads\/2022\/02\/Pitsu_Pu\u0308halepa_Loko.jpg\" \/>\n\t<meta property=\"og:image:width\" content=\"1447\" \/>\n\t<meta property=\"og:image:height\" content=\"1447\" \/>\n\t<meta property=\"og:image:type\" content=\"image\/jpeg\" \/>\n<meta name=\"twitter:card\" content=\"summary_large_image\" \/>\n<meta name=\"twitter:label1\" content=\"Est. reading time\" \/>\n\t<meta name=\"twitter:data1\" content=\"1 minute\" \/>\n<script type=\"application\/ld+json\" class=\"yoast-schema-graph\">{\"@context\":\"https:\\\/\\\/schema.org\",\"@graph\":[{\"@type\":\"WebPage\",\"@id\":\"https:\\\/\\\/www.loko.ee\\\/toode\\\/pitsu-triiburiidega\\\/\",\"url\":\"https:\\\/\\\/www.loko.ee\\\/toode\\\/pitsu-triiburiidega\\\/\",\"name\":\"Pitsu triiburiidega - Puidust pink - Loko\",\"isPartOf\":{\"@id\":\"https:\\\/\\\/www.loko.ee\\\/#website\"},\"primaryImageOfPage\":{\"@id\":\"https:\\\/\\\/www.loko.ee\\\/toode\\\/pitsu-triiburiidega\\\/#primaryimage\"},\"image\":{\"@id\":\"https:\\\/\\\/www.loko.ee\\\/toode\\\/pitsu-triiburiidega\\\/#primaryimage\"},\"thumbnailUrl\":\"https:\\\/\\\/loko.ee\\\/wp-content\\\/uploads\\\/2022\\\/02\\\/Pitsu_Pu\u0308halepa_Loko.jpg\",\"datePublished\":\"2022-02-07T07:14:18+00:00\",\"dateModified\":\"2025-12-07T10:36:26+00:00\",\"description\":\"Pitsu on Hiiumaal v\u00e4ike puidust pink, mis on olnud asendamatu abiline igas talus nii lehma l\u00fcpsmisel kui pliidisuu ees tuld tehes.\",\"breadcrumb\":{\"@id\":\"https:\\\/\\\/www.loko.ee\\\/toode\\\/pitsu-triiburiidega\\\/#breadcrumb\"},\"inLanguage\":\"en-US\",\"potentialAction\":[{\"@type\":\"ReadAction\",\"target\":[\"https:\\\/\\\/www.loko.ee\\\/toode\\\/pitsu-triiburiidega\\\/\"]}]},{\"@type\":\"ImageObject\",\"inLanguage\":\"en-US\",\"@id\":\"https:\\\/\\\/www.loko.ee\\\/toode\\\/pitsu-triiburiidega\\\/#primaryimage\",\"url\":\"https:\\\/\\\/loko.ee\\\/wp-content\\\/uploads\\\/2022\\\/02\\\/Pitsu_Pu\u0308halepa_Loko.jpg\",\"contentUrl\":\"https:\\\/\\\/loko.ee\\\/wp-content\\\/uploads\\\/2022\\\/02\\\/Pitsu_Pu\u0308halepa_Loko.jpg\",\"width\":1447,\"height\":1447,\"caption\":\"Pitsu puidust pink Loko\"},{\"@type\":\"BreadcrumbList\",\"@id\":\"https:\\\/\\\/www.loko.ee\\\/toode\\\/pitsu-triiburiidega\\\/#breadcrumb\",\"itemListElement\":[{\"@type\":\"ListItem\",\"position\":1,\"name\":\"Home\",\"item\":\"https:\\\/\\\/www.loko.ee\\\/\"},{\"@type\":\"ListItem\",\"position\":2,\"name\":\"E-pood\",\"item\":\"https:\\\/\\\/www.loko.ee\\\/e-pood\\\/\"},{\"@type\":\"ListItem\",\"position\":3,\"name\":\"Pitsu triiburiidega\"}]},{\"@type\":\"WebSite\",\"@id\":\"https:\\\/\\\/www.loko.ee\\\/#website\",\"url\":\"https:\\\/\\\/www.loko.ee\\\/\",\"name\":\"\",\"description\":\"Sisustustooted\",\"potentialAction\":[{\"@type\":\"SearchAction\",\"target\":{\"@type\":\"EntryPoint\",\"urlTemplate\":\"https:\\\/\\\/www.loko.ee\\\/?s={search_term_string}\"},\"query-input\":{\"@type\":\"PropertyValueSpecification\",\"valueRequired\":true,\"valueName\":\"search_term_string\"}}],\"inLanguage\":\"en-US\"}]}<\/script>\n<!-- \/ Yoast SEO plugin. -->","yoast_head_json":{"title":"Pitsu triiburiidega - Puidust pink - Loko","description":"Pitsu on Hiiumaal v\u00e4ike puidust pink, mis on olnud asendamatu abiline igas talus nii lehma l\u00fcpsmisel kui pliidisuu ees tuld tehes.","robots":{"index":"index","follow":"follow","max-snippet":"max-snippet:-1","max-image-preview":"max-image-preview:large","max-video-preview":"max-video-preview:-1"},"canonical":"https:\/\/www.loko.ee\/toode\/pitsu-triiburiidega\/","og_locale":"en_US","og_type":"article","og_title":"Pitsu triiburiidega - Puidust pink - Loko","og_description":"Pitsu on Hiiumaal v\u00e4ike puidust pink, mis on olnud asendamatu abiline igas talus nii lehma l\u00fcpsmisel kui pliidisuu ees tuld tehes.","og_url":"https:\/\/www.loko.ee\/toode\/pitsu-triiburiidega\/","article_modified_time":"2025-12-07T10:36:26+00:00","og_image":[{"width":1447,"height":1447,"url":"https:\/\/www.loko.ee\/wp-content\/uploads\/2022\/02\/Pitsu_Pu\u0308halepa_Loko.jpg","type":"image\/jpeg"}],"twitter_card":"summary_large_image","twitter_misc":{"Est. reading time":"1 minute"},"schema":{"@context":"https:\/\/schema.org","@graph":[{"@type":"WebPage","@id":"https:\/\/www.loko.ee\/toode\/pitsu-triiburiidega\/","url":"https:\/\/www.loko.ee\/toode\/pitsu-triiburiidega\/","name":"Pitsu triiburiidega - Puidust pink - Loko","isPartOf":{"@id":"https:\/\/www.loko.ee\/#website"},"primaryImageOfPage":{"@id":"https:\/\/www.loko.ee\/toode\/pitsu-triiburiidega\/#primaryimage"},"image":{"@id":"https:\/\/www.loko.ee\/toode\/pitsu-triiburiidega\/#primaryimage"},"thumbnailUrl":"https:\/\/loko.ee\/wp-content\/uploads\/2022\/02\/Pitsu_Pu\u0308halepa_Loko.jpg","datePublished":"2022-02-07T07:14:18+00:00","dateModified":"2025-12-07T10:36:26+00:00","description":"Pitsu on Hiiumaal v\u00e4ike puidust pink, mis on olnud asendamatu abiline igas talus nii lehma l\u00fcpsmisel kui pliidisuu ees tuld tehes.","breadcrumb":{"@id":"https:\/\/www.loko.ee\/toode\/pitsu-triiburiidega\/#breadcrumb"},"inLanguage":"en-US","potentialAction":[{"@type":"ReadAction","target":["https:\/\/www.loko.ee\/toode\/pitsu-triiburiidega\/"]}]},{"@type":"ImageObject","inLanguage":"en-US","@id":"https:\/\/www.loko.ee\/toode\/pitsu-triiburiidega\/#primaryimage","url":"https:\/\/loko.ee\/wp-content\/uploads\/2022\/02\/Pitsu_Pu\u0308halepa_Loko.jpg","contentUrl":"https:\/\/loko.ee\/wp-content\/uploads\/2022\/02\/Pitsu_Pu\u0308halepa_Loko.jpg","width":1447,"height":1447,"caption":"Pitsu puidust pink Loko"},{"@type":"BreadcrumbList","@id":"https:\/\/www.loko.ee\/toode\/pitsu-triiburiidega\/#breadcrumb","itemListElement":[{"@type":"ListItem","position":1,"name":"Home","item":"https:\/\/www.loko.ee\/"},{"@type":"ListItem","position":2,"name":"E-pood","item":"https:\/\/www.loko.ee\/e-pood\/"},{"@type":"ListItem","position":3,"name":"Pitsu triiburiidega"}]},{"@type":"WebSite","@id":"https:\/\/www.loko.ee\/#website","url":"https:\/\/www.loko.ee\/","name":"","description":"Sisustustooted","potentialAction":[{"@type":"SearchAction","target":{"@type":"EntryPoint","urlTemplate":"https:\/\/www.loko.ee\/?s={search_term_string}"},"query-input":{"@type":"PropertyValueSpecification","valueRequired":true,"valueName":"search_term_string"}}],"inLanguage":"en-US"}]}},"_links":{"self":[{"href":"https:\/\/loko.ee\/en\/wp-json\/wp\/v2\/product\/1855","targetHints":{"allow":["GET"]}}],"collection":[{"href":"https:\/\/loko.ee\/en\/wp-json\/wp\/v2\/product"}],"about":[{"href":"https:\/\/loko.ee\/en\/wp-json\/wp\/v2\/types\/product"}],"wp:featuredmedia":[{"embeddable":true,"href":"https:\/\/loko.ee\/en\/wp-json\/wp\/v2\/media\/1856"}],"wp:attachment":[{"href":"https:\/\/loko.ee\/en\/wp-json\/wp\/v2\/media?parent=1855"}],"wp:term":[{"taxonomy":"product_brand","embeddable":true,"href":"https:\/\/loko.ee\/en\/wp-json\/wp\/v2\/product_brand?post=1855"},{"taxonomy":"product_cat","embeddable":true,"href":"https:\/\/loko.ee\/en\/wp-json\/wp\/v2\/product_cat?post=1855"},{"taxonomy":"product_tag","embeddable":true,"href":"https:\/\/loko.ee\/en\/wp-json\/wp\/v2\/product_tag?post=1855"},{"taxonomy":"woo-feed-brand","embeddable":true,"href":"https:\/\/loko.ee\/en\/wp-json\/wp\/v2\/woo-feed-brand?post=1855"}],"curies":[{"name":"wp","href":"https:\/\/api.w.org\/{rel}","templated":true}]}}