{"id":1641,"date":"2021-11-23T23:27:57","date_gmt":"2021-11-23T21:27:57","guid":{"rendered":"https:\/\/loko.ee\/?post_type=product&#038;p=1641"},"modified":"2026-02-24T20:07:55","modified_gmt":"2026-02-24T18:07:55","slug":"saunalina-laanemaa","status":"publish","type":"product","link":"https:\/\/loko.ee\/en\/product\/saunalina-laanemaa\/","title":{"rendered":"Bath towel L\u00e4\u00e4nemaa"},"content":{"rendered":"","protected":false},"excerpt":{"rendered":"<p>Ilus ja pehme froteest saunalina. Kasuta nii vannis, trennis, saunas kui rannas k\u00e4ies. Saunalina kaunistab L\u00e4\u00e4nemaa Martna maasikalehekiri. M\u00f5nusalt suur ja piisavalt lai, et keerduda iga keha \u00fcmber.<\/p>\n<p>Suurus: 81 x 160 cm<br \/>\nKoostis: 83% puuvill, 17% lina<br \/>\nR\u00e4tikut on lihtne hooldada &#8211;\u00a0 v\u00f5ib pesta pesumasinas 40 kraadi juures.<\/p>","protected":false},"featured_media":1643,"template":"","meta":[],"product_brand":[],"product_cat":[22,36],"product_tag":[],"woo-feed-brand":[],"class_list":{"0":"post-1641","1":"product","2":"type-product","3":"status-publish","4":"has-post-thumbnail","6":"product_cat-koik-tooted","7":"product_cat-saunalinad","9":"first","10":"instock","11":"taxable","12":"shipping-taxable","13":"purchasable","14":"product-type-simple"},"yoast_head":"<!-- This site is optimized with the Yoast SEO plugin v27.2 - https:\/\/yoast.com\/product\/yoast-seo-wordpress\/ -->\n<title>Saunalina L\u00e4\u00e4nemaa kindakiri - Rannalina - Vannilina - Loko<\/title>\n<meta name=\"description\" content=\"Saunalina kaunistab L\u00e4\u00e4nemaa kindakirja muster.\u00a0M\u00f5nusalt suur ja piisavalt lai, et keerduda iga keha \u00fcmber.\" \/>\n<meta name=\"robots\" content=\"index, follow, max-snippet:-1, max-image-preview:large, max-video-preview:-1\" \/>\n<link rel=\"canonical\" href=\"https:\/\/loko.ee\/en\/product\/saunalina-laanemaa\/\" \/>\n<meta property=\"og:locale\" content=\"en_US\" \/>\n<meta property=\"og:type\" content=\"article\" \/>\n<meta property=\"og:title\" content=\"Saunalina L\u00e4\u00e4nemaa kindakiri - Rannalina - Vannilina - Loko\" \/>\n<meta property=\"og:description\" content=\"Saunalina kaunistab L\u00e4\u00e4nemaa kindakirja muster.\u00a0M\u00f5nusalt suur ja piisavalt lai, et keerduda iga keha \u00fcmber.\" \/>\n<meta property=\"og:url\" content=\"https:\/\/loko.ee\/en\/product\/saunalina-laanemaa\/\" \/>\n<meta property=\"article:modified_time\" content=\"2026-02-24T18:07:55+00:00\" \/>\n<meta property=\"og:image\" content=\"https:\/\/www.loko.ee\/wp-content\/uploads\/2021\/11\/Saunalina_La\u0308a\u0308nemaa_Martna_maasikalehekiri_Loko.jpg\" \/>\n\t<meta property=\"og:image:width\" content=\"1600\" \/>\n\t<meta property=\"og:image:height\" content=\"1600\" \/>\n\t<meta property=\"og:image:type\" content=\"image\/jpeg\" \/>\n<meta name=\"twitter:card\" content=\"summary_large_image\" \/>\n<script type=\"application\/ld+json\" class=\"yoast-schema-graph\">{\"@context\":\"https:\/\/schema.org\",\"@graph\":[{\"@type\":\"WebPage\",\"@id\":\"https:\/\/loko.ee\/toode\/saunalina-laanemaa\/\",\"url\":\"https:\/\/loko.ee\/toode\/saunalina-laanemaa\/\",\"name\":\"Saunalina L\u00e4\u00e4nemaa kindakiri - Rannalina - Vannilina - Loko\",\"isPartOf\":{\"@id\":\"https:\/\/loko.ee\/#website\"},\"primaryImageOfPage\":{\"@id\":\"https:\/\/loko.ee\/toode\/saunalina-laanemaa\/#primaryimage\"},\"image\":{\"@id\":\"https:\/\/loko.ee\/toode\/saunalina-laanemaa\/#primaryimage\"},\"thumbnailUrl\":\"https:\/\/loko.ee\/wp-content\/uploads\/2021\/11\/Saunalina_La\u0308a\u0308nemaa_Martna_maasikalehekiri_Loko.jpg\",\"datePublished\":\"2021-11-23T21:27:57+00:00\",\"dateModified\":\"2026-02-24T18:07:55+00:00\",\"description\":\"Saunalina kaunistab L\u00e4\u00e4nemaa kindakirja muster.\u00a0M\u00f5nusalt suur ja piisavalt lai, et keerduda iga keha \u00fcmber.\",\"breadcrumb\":{\"@id\":\"https:\/\/loko.ee\/toode\/saunalina-laanemaa\/#breadcrumb\"},\"inLanguage\":\"en-US\",\"potentialAction\":[{\"@type\":\"ReadAction\",\"target\":[\"https:\/\/loko.ee\/toode\/saunalina-laanemaa\/\"]}]},{\"@type\":\"ImageObject\",\"inLanguage\":\"en-US\",\"@id\":\"https:\/\/loko.ee\/toode\/saunalina-laanemaa\/#primaryimage\",\"url\":\"https:\/\/loko.ee\/wp-content\/uploads\/2021\/11\/Saunalina_La\u0308a\u0308nemaa_Martna_maasikalehekiri_Loko.jpg\",\"contentUrl\":\"https:\/\/loko.ee\/wp-content\/uploads\/2021\/11\/Saunalina_La\u0308a\u0308nemaa_Martna_maasikalehekiri_Loko.jpg\",\"width\":1600,\"height\":1600,\"caption\":\"Saunalina L\u00e4\u00e4nemaa Martna maasikalehekiri Loko\"},{\"@type\":\"BreadcrumbList\",\"@id\":\"https:\/\/loko.ee\/toode\/saunalina-laanemaa\/#breadcrumb\",\"itemListElement\":[{\"@type\":\"ListItem\",\"position\":1,\"name\":\"Home\",\"item\":\"https:\/\/loko.ee\/\"},{\"@type\":\"ListItem\",\"position\":2,\"name\":\"E-pood\",\"item\":\"https:\/\/www.loko.ee\/en\/e-pood\/\"},{\"@type\":\"ListItem\",\"position\":3,\"name\":\"Saunalina L\u00e4\u00e4nemaa kindakiri\"}]},{\"@type\":\"WebSite\",\"@id\":\"https:\/\/loko.ee\/#website\",\"url\":\"https:\/\/loko.ee\/\",\"name\":\"\",\"description\":\"Sisustustooted\",\"potentialAction\":[{\"@type\":\"SearchAction\",\"target\":{\"@type\":\"EntryPoint\",\"urlTemplate\":\"https:\/\/loko.ee\/?s={search_term_string}\"},\"query-input\":{\"@type\":\"PropertyValueSpecification\",\"valueRequired\":true,\"valueName\":\"search_term_string\"}}],\"inLanguage\":\"en-US\"}]}<\/script>\n<!-- \/ Yoast SEO plugin. -->","yoast_head_json":{"title":"Saunalina L\u00e4\u00e4nemaa kindakiri - Rannalina - Vannilina - Loko","description":"Saunalina kaunistab L\u00e4\u00e4nemaa kindakirja muster.\u00a0M\u00f5nusalt suur ja piisavalt lai, et keerduda iga keha \u00fcmber.","robots":{"index":"index","follow":"follow","max-snippet":"max-snippet:-1","max-image-preview":"max-image-preview:large","max-video-preview":"max-video-preview:-1"},"canonical":"https:\/\/loko.ee\/en\/product\/saunalina-laanemaa\/","og_locale":"en_US","og_type":"article","og_title":"Saunalina L\u00e4\u00e4nemaa kindakiri - Rannalina - Vannilina - Loko","og_description":"Saunalina kaunistab L\u00e4\u00e4nemaa kindakirja muster.\u00a0M\u00f5nusalt suur ja piisavalt lai, et keerduda iga keha \u00fcmber.","og_url":"https:\/\/loko.ee\/en\/product\/saunalina-laanemaa\/","article_modified_time":"2026-02-24T18:07:55+00:00","og_image":[{"width":1600,"height":1600,"url":"https:\/\/www.loko.ee\/wp-content\/uploads\/2021\/11\/Saunalina_La\u0308a\u0308nemaa_Martna_maasikalehekiri_Loko.jpg","type":"image\/jpeg"}],"twitter_card":"summary_large_image","schema":{"@context":"https:\/\/schema.org","@graph":[{"@type":"WebPage","@id":"https:\/\/loko.ee\/toode\/saunalina-laanemaa\/","url":"https:\/\/loko.ee\/toode\/saunalina-laanemaa\/","name":"Saunalina L\u00e4\u00e4nemaa kindakiri - Rannalina - Vannilina - Loko","isPartOf":{"@id":"https:\/\/loko.ee\/#website"},"primaryImageOfPage":{"@id":"https:\/\/loko.ee\/toode\/saunalina-laanemaa\/#primaryimage"},"image":{"@id":"https:\/\/loko.ee\/toode\/saunalina-laanemaa\/#primaryimage"},"thumbnailUrl":"https:\/\/loko.ee\/wp-content\/uploads\/2021\/11\/Saunalina_La\u0308a\u0308nemaa_Martna_maasikalehekiri_Loko.jpg","datePublished":"2021-11-23T21:27:57+00:00","dateModified":"2026-02-24T18:07:55+00:00","description":"Saunalina kaunistab L\u00e4\u00e4nemaa kindakirja muster.\u00a0M\u00f5nusalt suur ja piisavalt lai, et keerduda iga keha \u00fcmber.","breadcrumb":{"@id":"https:\/\/loko.ee\/toode\/saunalina-laanemaa\/#breadcrumb"},"inLanguage":"en-US","potentialAction":[{"@type":"ReadAction","target":["https:\/\/loko.ee\/toode\/saunalina-laanemaa\/"]}]},{"@type":"ImageObject","inLanguage":"en-US","@id":"https:\/\/loko.ee\/toode\/saunalina-laanemaa\/#primaryimage","url":"https:\/\/loko.ee\/wp-content\/uploads\/2021\/11\/Saunalina_La\u0308a\u0308nemaa_Martna_maasikalehekiri_Loko.jpg","contentUrl":"https:\/\/loko.ee\/wp-content\/uploads\/2021\/11\/Saunalina_La\u0308a\u0308nemaa_Martna_maasikalehekiri_Loko.jpg","width":1600,"height":1600,"caption":"Saunalina L\u00e4\u00e4nemaa Martna maasikalehekiri Loko"},{"@type":"BreadcrumbList","@id":"https:\/\/loko.ee\/toode\/saunalina-laanemaa\/#breadcrumb","itemListElement":[{"@type":"ListItem","position":1,"name":"Home","item":"https:\/\/loko.ee\/"},{"@type":"ListItem","position":2,"name":"E-pood","item":"https:\/\/www.loko.ee\/en\/e-pood\/"},{"@type":"ListItem","position":3,"name":"Saunalina L\u00e4\u00e4nemaa kindakiri"}]},{"@type":"WebSite","@id":"https:\/\/loko.ee\/#website","url":"https:\/\/loko.ee\/","name":"","description":"Sisustustooted","potentialAction":[{"@type":"SearchAction","target":{"@type":"EntryPoint","urlTemplate":"https:\/\/loko.ee\/?s={search_term_string}"},"query-input":{"@type":"PropertyValueSpecification","valueRequired":true,"valueName":"search_term_string"}}],"inLanguage":"en-US"}]}},"_links":{"self":[{"href":"https:\/\/loko.ee\/en\/wp-json\/wp\/v2\/product\/1641","targetHints":{"allow":["GET"]}}],"collection":[{"href":"https:\/\/loko.ee\/en\/wp-json\/wp\/v2\/product"}],"about":[{"href":"https:\/\/loko.ee\/en\/wp-json\/wp\/v2\/types\/product"}],"wp:featuredmedia":[{"embeddable":true,"href":"https:\/\/loko.ee\/en\/wp-json\/wp\/v2\/media\/1643"}],"wp:attachment":[{"href":"https:\/\/loko.ee\/en\/wp-json\/wp\/v2\/media?parent=1641"}],"wp:term":[{"taxonomy":"product_brand","embeddable":true,"href":"https:\/\/loko.ee\/en\/wp-json\/wp\/v2\/product_brand?post=1641"},{"taxonomy":"product_cat","embeddable":true,"href":"https:\/\/loko.ee\/en\/wp-json\/wp\/v2\/product_cat?post=1641"},{"taxonomy":"product_tag","embeddable":true,"href":"https:\/\/loko.ee\/en\/wp-json\/wp\/v2\/product_tag?post=1641"},{"taxonomy":"woo-feed-brand","embeddable":true,"href":"https:\/\/loko.ee\/en\/wp-json\/wp\/v2\/woo-feed-brand?post=1641"}],"curies":[{"name":"wp","href":"https:\/\/api.w.org\/{rel}","templated":true}]}}