{"id":1565,"date":"2021-10-10T11:16:00","date_gmt":"2021-10-10T09:16:00","guid":{"rendered":"https:\/\/loko.ee\/?post_type=product&#038;p=1565"},"modified":"2025-09-07T20:40:44","modified_gmt":"2025-09-07T18:40:44","slug":"laudlina-tartumaa-mustriga","status":"publish","type":"product","link":"https:\/\/loko.ee\/en\/product\/laudlina-tartumaa-mustriga\/","title":{"rendered":"Tablecloth Tartumaa"},"content":{"rendered":"","protected":false},"excerpt":{"rendered":"<p>\u00dcks korralik laudlina peab igas kodus olemas olema. Kulub \u00e4ra, kui pidup\u00e4ev vajab t\u00e4histamist ja tahaks laua ilusti \u00e4ra katta. Kanga disain on inspiratsiooni saanud Tartumaa kindakirja mustrist.<\/p>\n<p>Composition: 52% linen, 48% cotton.<br \/>\nSize: 140 x 140 cm<br \/>\nV\u00f5ib pesta pesumasin 40 kraadi juures.<\/p>\n<p>Made in Estonia.<\/p>","protected":false},"featured_media":1567,"template":"","meta":[],"product_brand":[],"product_cat":[22,49],"product_tag":[],"woo-feed-brand":[],"class_list":{"0":"post-1565","1":"product","2":"type-product","3":"status-publish","4":"has-post-thumbnail","6":"product_cat-koik-tooted","7":"product_cat-laudlinad","9":"first","10":"instock","11":"taxable","12":"shipping-taxable","13":"purchasable","14":"product-type-simple"},"yoast_head":"<!-- This site is optimized with the Yoast SEO plugin v27.2 - https:\/\/yoast.com\/product\/yoast-seo-wordpress\/ -->\n<title>Laudlina Tartumaa mustriga - Kindakirjane kodutekstiil - Loko<\/title>\n<meta name=\"description\" content=\"\u00dcks laudlina kulub \u00e4ra, kui pidup\u00e4ev vajab t\u00e4histamist ja tahaks laua ilusti \u00e4ra katta. Kangast kaunistab Tartumaa kindakirja muster.\" \/>\n<meta name=\"robots\" content=\"index, follow, max-snippet:-1, max-image-preview:large, max-video-preview:-1\" \/>\n<link rel=\"canonical\" href=\"http:\/\/loko.ee\/en\/product\/laudlina-tartumaa-mustriga\/\" \/>\n<meta property=\"og:locale\" content=\"en_US\" \/>\n<meta property=\"og:type\" content=\"article\" \/>\n<meta property=\"og:title\" content=\"Laudlina Tartumaa mustriga - Kindakirjane kodutekstiil - Loko\" \/>\n<meta property=\"og:description\" content=\"\u00dcks laudlina kulub \u00e4ra, kui pidup\u00e4ev vajab t\u00e4histamist ja tahaks laua ilusti \u00e4ra katta. Kangast kaunistab Tartumaa kindakirja muster.\" \/>\n<meta property=\"og:url\" content=\"http:\/\/loko.ee\/en\/product\/laudlina-tartumaa-mustriga\/\" \/>\n<meta property=\"article:modified_time\" content=\"2025-09-07T18:40:44+00:00\" \/>\n<meta property=\"og:image\" content=\"https:\/\/loko.ee\/wp-content\/uploads\/2021\/10\/Laudlina_Tartumaa_kindakiri_Loko.jpg\" \/>\n\t<meta property=\"og:image:width\" content=\"1521\" \/>\n\t<meta property=\"og:image:height\" content=\"1521\" \/>\n\t<meta property=\"og:image:type\" content=\"image\/jpeg\" \/>\n<meta name=\"twitter:card\" content=\"summary_large_image\" \/>\n<meta name=\"twitter:label1\" content=\"Est. reading time\" \/>\n\t<meta name=\"twitter:data1\" content=\"1 minute\" \/>\n<script type=\"application\/ld+json\" class=\"yoast-schema-graph\">{\"@context\":\"https:\/\/schema.org\",\"@graph\":[{\"@type\":\"WebPage\",\"@id\":\"http:\/\/loko.ee\/en\/product\/laudlina-tartumaa-mustriga\/\",\"url\":\"http:\/\/loko.ee\/en\/product\/laudlina-tartumaa-mustriga\/\",\"name\":\"Laudlina Tartumaa mustriga - Kindakirjane kodutekstiil - Loko\",\"isPartOf\":{\"@id\":\"https:\/\/loko.ee\/#website\"},\"primaryImageOfPage\":{\"@id\":\"http:\/\/loko.ee\/en\/product\/laudlina-tartumaa-mustriga\/#primaryimage\"},\"image\":{\"@id\":\"http:\/\/loko.ee\/en\/product\/laudlina-tartumaa-mustriga\/#primaryimage\"},\"thumbnailUrl\":\"https:\/\/loko.ee\/wp-content\/uploads\/2021\/10\/Laudlina_Tartumaa_kindakiri_Loko.jpg\",\"datePublished\":\"2021-10-10T09:16:00+00:00\",\"dateModified\":\"2025-09-07T18:40:44+00:00\",\"description\":\"\u00dcks laudlina kulub \u00e4ra, kui pidup\u00e4ev vajab t\u00e4histamist ja tahaks laua ilusti \u00e4ra katta. Kangast kaunistab Tartumaa kindakirja muster.\",\"breadcrumb\":{\"@id\":\"http:\/\/loko.ee\/en\/product\/laudlina-tartumaa-mustriga\/#breadcrumb\"},\"inLanguage\":\"en-US\",\"potentialAction\":[{\"@type\":\"ReadAction\",\"target\":[\"http:\/\/loko.ee\/en\/product\/laudlina-tartumaa-mustriga\/\"]}]},{\"@type\":\"ImageObject\",\"inLanguage\":\"en-US\",\"@id\":\"http:\/\/loko.ee\/en\/product\/laudlina-tartumaa-mustriga\/#primaryimage\",\"url\":\"https:\/\/loko.ee\/wp-content\/uploads\/2021\/10\/Laudlina_Tartumaa_kindakiri_Loko.jpg\",\"contentUrl\":\"https:\/\/loko.ee\/wp-content\/uploads\/2021\/10\/Laudlina_Tartumaa_kindakiri_Loko.jpg\",\"width\":1521,\"height\":1521,\"caption\":\"Laudlina Tartumaa kindakiri Loko\"},{\"@type\":\"BreadcrumbList\",\"@id\":\"http:\/\/loko.ee\/en\/product\/laudlina-tartumaa-mustriga\/#breadcrumb\",\"itemListElement\":[{\"@type\":\"ListItem\",\"position\":1,\"name\":\"Home\",\"item\":\"https:\/\/www.loko.ee\/en\/\"},{\"@type\":\"ListItem\",\"position\":2,\"name\":\"E-pood\",\"item\":\"https:\/\/loko.ee\/en\/e-pood\/\"},{\"@type\":\"ListItem\",\"position\":3,\"name\":\"Laudlina Tartumaa mustriga\"}]},{\"@type\":\"WebSite\",\"@id\":\"https:\/\/loko.ee\/#website\",\"url\":\"https:\/\/loko.ee\/\",\"name\":\"\",\"description\":\"Sisustustooted\",\"potentialAction\":[{\"@type\":\"SearchAction\",\"target\":{\"@type\":\"EntryPoint\",\"urlTemplate\":\"https:\/\/loko.ee\/?s={search_term_string}\"},\"query-input\":{\"@type\":\"PropertyValueSpecification\",\"valueRequired\":true,\"valueName\":\"search_term_string\"}}],\"inLanguage\":\"en-US\"}]}<\/script>\n<!-- \/ Yoast SEO plugin. -->","yoast_head_json":{"title":"Laudlina Tartumaa mustriga - Kindakirjane kodutekstiil - Loko","description":"\u00dcks laudlina kulub \u00e4ra, kui pidup\u00e4ev vajab t\u00e4histamist ja tahaks laua ilusti \u00e4ra katta. Kangast kaunistab Tartumaa kindakirja muster.","robots":{"index":"index","follow":"follow","max-snippet":"max-snippet:-1","max-image-preview":"max-image-preview:large","max-video-preview":"max-video-preview:-1"},"canonical":"http:\/\/loko.ee\/en\/product\/laudlina-tartumaa-mustriga\/","og_locale":"en_US","og_type":"article","og_title":"Laudlina Tartumaa mustriga - Kindakirjane kodutekstiil - Loko","og_description":"\u00dcks laudlina kulub \u00e4ra, kui pidup\u00e4ev vajab t\u00e4histamist ja tahaks laua ilusti \u00e4ra katta. Kangast kaunistab Tartumaa kindakirja muster.","og_url":"http:\/\/loko.ee\/en\/product\/laudlina-tartumaa-mustriga\/","article_modified_time":"2025-09-07T18:40:44+00:00","og_image":[{"width":1521,"height":1521,"url":"https:\/\/loko.ee\/wp-content\/uploads\/2021\/10\/Laudlina_Tartumaa_kindakiri_Loko.jpg","type":"image\/jpeg"}],"twitter_card":"summary_large_image","twitter_misc":{"Est. reading time":"1 minute"},"schema":{"@context":"https:\/\/schema.org","@graph":[{"@type":"WebPage","@id":"http:\/\/loko.ee\/en\/product\/laudlina-tartumaa-mustriga\/","url":"http:\/\/loko.ee\/en\/product\/laudlina-tartumaa-mustriga\/","name":"Laudlina Tartumaa mustriga - Kindakirjane kodutekstiil - Loko","isPartOf":{"@id":"https:\/\/loko.ee\/#website"},"primaryImageOfPage":{"@id":"http:\/\/loko.ee\/en\/product\/laudlina-tartumaa-mustriga\/#primaryimage"},"image":{"@id":"http:\/\/loko.ee\/en\/product\/laudlina-tartumaa-mustriga\/#primaryimage"},"thumbnailUrl":"https:\/\/loko.ee\/wp-content\/uploads\/2021\/10\/Laudlina_Tartumaa_kindakiri_Loko.jpg","datePublished":"2021-10-10T09:16:00+00:00","dateModified":"2025-09-07T18:40:44+00:00","description":"\u00dcks laudlina kulub \u00e4ra, kui pidup\u00e4ev vajab t\u00e4histamist ja tahaks laua ilusti \u00e4ra katta. Kangast kaunistab Tartumaa kindakirja muster.","breadcrumb":{"@id":"http:\/\/loko.ee\/en\/product\/laudlina-tartumaa-mustriga\/#breadcrumb"},"inLanguage":"en-US","potentialAction":[{"@type":"ReadAction","target":["http:\/\/loko.ee\/en\/product\/laudlina-tartumaa-mustriga\/"]}]},{"@type":"ImageObject","inLanguage":"en-US","@id":"http:\/\/loko.ee\/en\/product\/laudlina-tartumaa-mustriga\/#primaryimage","url":"https:\/\/loko.ee\/wp-content\/uploads\/2021\/10\/Laudlina_Tartumaa_kindakiri_Loko.jpg","contentUrl":"https:\/\/loko.ee\/wp-content\/uploads\/2021\/10\/Laudlina_Tartumaa_kindakiri_Loko.jpg","width":1521,"height":1521,"caption":"Laudlina Tartumaa kindakiri Loko"},{"@type":"BreadcrumbList","@id":"http:\/\/loko.ee\/en\/product\/laudlina-tartumaa-mustriga\/#breadcrumb","itemListElement":[{"@type":"ListItem","position":1,"name":"Home","item":"https:\/\/www.loko.ee\/en\/"},{"@type":"ListItem","position":2,"name":"E-pood","item":"https:\/\/loko.ee\/en\/e-pood\/"},{"@type":"ListItem","position":3,"name":"Laudlina Tartumaa mustriga"}]},{"@type":"WebSite","@id":"https:\/\/loko.ee\/#website","url":"https:\/\/loko.ee\/","name":"","description":"Sisustustooted","potentialAction":[{"@type":"SearchAction","target":{"@type":"EntryPoint","urlTemplate":"https:\/\/loko.ee\/?s={search_term_string}"},"query-input":{"@type":"PropertyValueSpecification","valueRequired":true,"valueName":"search_term_string"}}],"inLanguage":"en-US"}]}},"_links":{"self":[{"href":"https:\/\/loko.ee\/en\/wp-json\/wp\/v2\/product\/1565","targetHints":{"allow":["GET"]}}],"collection":[{"href":"https:\/\/loko.ee\/en\/wp-json\/wp\/v2\/product"}],"about":[{"href":"https:\/\/loko.ee\/en\/wp-json\/wp\/v2\/types\/product"}],"wp:featuredmedia":[{"embeddable":true,"href":"https:\/\/loko.ee\/en\/wp-json\/wp\/v2\/media\/1567"}],"wp:attachment":[{"href":"https:\/\/loko.ee\/en\/wp-json\/wp\/v2\/media?parent=1565"}],"wp:term":[{"taxonomy":"product_brand","embeddable":true,"href":"https:\/\/loko.ee\/en\/wp-json\/wp\/v2\/product_brand?post=1565"},{"taxonomy":"product_cat","embeddable":true,"href":"https:\/\/loko.ee\/en\/wp-json\/wp\/v2\/product_cat?post=1565"},{"taxonomy":"product_tag","embeddable":true,"href":"https:\/\/loko.ee\/en\/wp-json\/wp\/v2\/product_tag?post=1565"},{"taxonomy":"woo-feed-brand","embeddable":true,"href":"https:\/\/loko.ee\/en\/wp-json\/wp\/v2\/woo-feed-brand?post=1565"}],"curies":[{"name":"wp","href":"https:\/\/api.w.org\/{rel}","templated":true}]}}