{"id":1554,"date":"2021-10-06T20:43:03","date_gmt":"2021-10-06T18:43:03","guid":{"rendered":"https:\/\/loko.ee\/?post_type=product&#038;p=1554"},"modified":"2026-02-16T12:02:19","modified_gmt":"2026-02-16T10:02:19","slug":"tammepuidust-loikelaud-38","status":"publish","type":"product","link":"https:\/\/loko.ee\/en\/product\/tammepuidust-loikelaud-38\/","title":{"rendered":"Oak cutting board #38"},"content":{"rendered":"","protected":false},"excerpt":{"rendered":"<p>Tammepuidust l\u00f5ikelaud, mis on hea ja mugav abimees igap\u00e4evase toiduvalmistamise juures. Valmistatud Hiiumaa v\u00e4ikeses puidut\u00f6\u00f6kojas.<\/p>\n<p>Sobib h\u00e4sti k\u00fclalistele viinamarjade, juustu, vorsti ja muu isu\u00e4ratava serveerimiseks. L\u00f5ikelauda kaunistab paremal nurgas asuv graveering.<\/p>\n<p>Suurus 20 x 40 cm.<\/p>\n<p>Hea kingiidee!<\/p>","protected":false},"featured_media":3257,"template":"","meta":[],"product_brand":[],"product_cat":[22,23],"product_tag":[],"woo-feed-brand":[],"class_list":{"0":"post-1554","1":"product","2":"type-product","3":"status-publish","4":"has-post-thumbnail","6":"product_cat-koik-tooted","7":"product_cat-loikelauad","9":"first","10":"instock","11":"taxable","12":"shipping-taxable","13":"purchasable","14":"product-type-simple"},"yoast_head":"<!-- This site is optimized with the Yoast SEO plugin v27.2 - https:\/\/yoast.com\/product\/yoast-seo-wordpress\/ -->\n<title>L\u00f5ikelaud - Hiiumaa k\u00e4sit\u00f6\u00f6 - Tammepuidust - Loko<\/title>\n<meta name=\"description\" content=\"Keskmise suurusega l\u00f5ikelaud, mida kaunistab ilus ja p\u00f5nev puidumuster. Valmistatud Hiiumaa v\u00e4ikeses puidut\u00f6\u00f6kojas. Nutikas kingiidee!\" \/>\n<meta name=\"robots\" content=\"index, follow, max-snippet:-1, max-image-preview:large, max-video-preview:-1\" \/>\n<link rel=\"canonical\" href=\"https:\/\/loko.ee\/en\/product\/tammepuidust-loikelaud-38\/\" \/>\n<meta property=\"og:locale\" content=\"en_US\" \/>\n<meta property=\"og:type\" content=\"article\" \/>\n<meta property=\"og:title\" content=\"L\u00f5ikelaud - Hiiumaa k\u00e4sit\u00f6\u00f6 - Tammepuidust - Loko\" \/>\n<meta property=\"og:description\" content=\"Keskmise suurusega l\u00f5ikelaud, mida kaunistab ilus ja p\u00f5nev puidumuster. Valmistatud Hiiumaa v\u00e4ikeses puidut\u00f6\u00f6kojas. Nutikas kingiidee!\" \/>\n<meta property=\"og:url\" content=\"https:\/\/loko.ee\/en\/product\/tammepuidust-loikelaud-38\/\" \/>\n<meta property=\"article:modified_time\" content=\"2026-02-16T10:02:19+00:00\" \/>\n<meta property=\"og:image\" content=\"https:\/\/loko.ee\/wp-content\/uploads\/2021\/10\/Tammepuidust_loikelaud_graveering_juust_Loko-scaled.jpg\" \/>\n\t<meta property=\"og:image:width\" content=\"2560\" \/>\n\t<meta property=\"og:image:height\" content=\"2560\" \/>\n\t<meta property=\"og:image:type\" content=\"image\/jpeg\" \/>\n<meta name=\"twitter:card\" content=\"summary_large_image\" \/>\n<meta name=\"twitter:label1\" content=\"Est. reading time\" \/>\n\t<meta name=\"twitter:data1\" content=\"1 minute\" \/>\n<script type=\"application\/ld+json\" class=\"yoast-schema-graph\">{\"@context\":\"https:\/\/schema.org\",\"@graph\":[{\"@type\":\"WebPage\",\"@id\":\"https:\/\/loko.ee\/en\/product\/tammepuidust-loikelaud-38\/\",\"url\":\"https:\/\/loko.ee\/en\/product\/tammepuidust-loikelaud-38\/\",\"name\":\"L\u00f5ikelaud - Hiiumaa k\u00e4sit\u00f6\u00f6 - Tammepuidust - Loko\",\"isPartOf\":{\"@id\":\"https:\/\/loko.ee\/#website\"},\"primaryImageOfPage\":{\"@id\":\"https:\/\/loko.ee\/en\/product\/tammepuidust-loikelaud-38\/#primaryimage\"},\"image\":{\"@id\":\"https:\/\/loko.ee\/en\/product\/tammepuidust-loikelaud-38\/#primaryimage\"},\"thumbnailUrl\":\"https:\/\/loko.ee\/wp-content\/uploads\/2021\/10\/Tammepuidust_loikelaud_graveering_juust_Loko-scaled.jpg\",\"datePublished\":\"2021-10-06T18:43:03+00:00\",\"dateModified\":\"2026-02-16T10:02:19+00:00\",\"description\":\"Keskmise suurusega l\u00f5ikelaud, mida kaunistab ilus ja p\u00f5nev puidumuster. Valmistatud Hiiumaa v\u00e4ikeses puidut\u00f6\u00f6kojas. Nutikas kingiidee!\",\"breadcrumb\":{\"@id\":\"https:\/\/loko.ee\/en\/product\/tammepuidust-loikelaud-38\/#breadcrumb\"},\"inLanguage\":\"en-US\",\"potentialAction\":[{\"@type\":\"ReadAction\",\"target\":[\"https:\/\/loko.ee\/en\/product\/tammepuidust-loikelaud-38\/\"]}]},{\"@type\":\"ImageObject\",\"inLanguage\":\"en-US\",\"@id\":\"https:\/\/loko.ee\/en\/product\/tammepuidust-loikelaud-38\/#primaryimage\",\"url\":\"https:\/\/loko.ee\/wp-content\/uploads\/2021\/10\/Tammepuidust_loikelaud_graveering_juust_Loko-scaled.jpg\",\"contentUrl\":\"https:\/\/loko.ee\/wp-content\/uploads\/2021\/10\/Tammepuidust_loikelaud_graveering_juust_Loko-scaled.jpg\",\"width\":2560,\"height\":2560,\"caption\":\"Tammepuidust l\u00f5ikelaud graveeringuga Loko\"},{\"@type\":\"BreadcrumbList\",\"@id\":\"https:\/\/loko.ee\/en\/product\/tammepuidust-loikelaud-38\/#breadcrumb\",\"itemListElement\":[{\"@type\":\"ListItem\",\"position\":1,\"name\":\"Home\",\"item\":\"https:\/\/www.loko.ee\/en\/\"},{\"@type\":\"ListItem\",\"position\":2,\"name\":\"E-pood\",\"item\":\"https:\/\/loko.ee\/en\/e-pood\/\"},{\"@type\":\"ListItem\",\"position\":3,\"name\":\"Tammepuidust l\u00f5ikelaud #38\"}]},{\"@type\":\"WebSite\",\"@id\":\"https:\/\/loko.ee\/#website\",\"url\":\"https:\/\/loko.ee\/\",\"name\":\"\",\"description\":\"Sisustustooted\",\"potentialAction\":[{\"@type\":\"SearchAction\",\"target\":{\"@type\":\"EntryPoint\",\"urlTemplate\":\"https:\/\/loko.ee\/?s={search_term_string}\"},\"query-input\":{\"@type\":\"PropertyValueSpecification\",\"valueRequired\":true,\"valueName\":\"search_term_string\"}}],\"inLanguage\":\"en-US\"}]}<\/script>\n<!-- \/ Yoast SEO plugin. -->","yoast_head_json":{"title":"L\u00f5ikelaud - Hiiumaa k\u00e4sit\u00f6\u00f6 - Tammepuidust - Loko","description":"Keskmise suurusega l\u00f5ikelaud, mida kaunistab ilus ja p\u00f5nev puidumuster. Valmistatud Hiiumaa v\u00e4ikeses puidut\u00f6\u00f6kojas. Nutikas kingiidee!","robots":{"index":"index","follow":"follow","max-snippet":"max-snippet:-1","max-image-preview":"max-image-preview:large","max-video-preview":"max-video-preview:-1"},"canonical":"https:\/\/loko.ee\/en\/product\/tammepuidust-loikelaud-38\/","og_locale":"en_US","og_type":"article","og_title":"L\u00f5ikelaud - Hiiumaa k\u00e4sit\u00f6\u00f6 - Tammepuidust - Loko","og_description":"Keskmise suurusega l\u00f5ikelaud, mida kaunistab ilus ja p\u00f5nev puidumuster. Valmistatud Hiiumaa v\u00e4ikeses puidut\u00f6\u00f6kojas. Nutikas kingiidee!","og_url":"https:\/\/loko.ee\/en\/product\/tammepuidust-loikelaud-38\/","article_modified_time":"2026-02-16T10:02:19+00:00","og_image":[{"width":2560,"height":2560,"url":"https:\/\/loko.ee\/wp-content\/uploads\/2021\/10\/Tammepuidust_loikelaud_graveering_juust_Loko-scaled.jpg","type":"image\/jpeg"}],"twitter_card":"summary_large_image","twitter_misc":{"Est. reading time":"1 minute"},"schema":{"@context":"https:\/\/schema.org","@graph":[{"@type":"WebPage","@id":"https:\/\/loko.ee\/en\/product\/tammepuidust-loikelaud-38\/","url":"https:\/\/loko.ee\/en\/product\/tammepuidust-loikelaud-38\/","name":"L\u00f5ikelaud - Hiiumaa k\u00e4sit\u00f6\u00f6 - Tammepuidust - Loko","isPartOf":{"@id":"https:\/\/loko.ee\/#website"},"primaryImageOfPage":{"@id":"https:\/\/loko.ee\/en\/product\/tammepuidust-loikelaud-38\/#primaryimage"},"image":{"@id":"https:\/\/loko.ee\/en\/product\/tammepuidust-loikelaud-38\/#primaryimage"},"thumbnailUrl":"https:\/\/loko.ee\/wp-content\/uploads\/2021\/10\/Tammepuidust_loikelaud_graveering_juust_Loko-scaled.jpg","datePublished":"2021-10-06T18:43:03+00:00","dateModified":"2026-02-16T10:02:19+00:00","description":"Keskmise suurusega l\u00f5ikelaud, mida kaunistab ilus ja p\u00f5nev puidumuster. Valmistatud Hiiumaa v\u00e4ikeses puidut\u00f6\u00f6kojas. Nutikas kingiidee!","breadcrumb":{"@id":"https:\/\/loko.ee\/en\/product\/tammepuidust-loikelaud-38\/#breadcrumb"},"inLanguage":"en-US","potentialAction":[{"@type":"ReadAction","target":["https:\/\/loko.ee\/en\/product\/tammepuidust-loikelaud-38\/"]}]},{"@type":"ImageObject","inLanguage":"en-US","@id":"https:\/\/loko.ee\/en\/product\/tammepuidust-loikelaud-38\/#primaryimage","url":"https:\/\/loko.ee\/wp-content\/uploads\/2021\/10\/Tammepuidust_loikelaud_graveering_juust_Loko-scaled.jpg","contentUrl":"https:\/\/loko.ee\/wp-content\/uploads\/2021\/10\/Tammepuidust_loikelaud_graveering_juust_Loko-scaled.jpg","width":2560,"height":2560,"caption":"Tammepuidust l\u00f5ikelaud graveeringuga Loko"},{"@type":"BreadcrumbList","@id":"https:\/\/loko.ee\/en\/product\/tammepuidust-loikelaud-38\/#breadcrumb","itemListElement":[{"@type":"ListItem","position":1,"name":"Home","item":"https:\/\/www.loko.ee\/en\/"},{"@type":"ListItem","position":2,"name":"E-pood","item":"https:\/\/loko.ee\/en\/e-pood\/"},{"@type":"ListItem","position":3,"name":"Tammepuidust l\u00f5ikelaud #38"}]},{"@type":"WebSite","@id":"https:\/\/loko.ee\/#website","url":"https:\/\/loko.ee\/","name":"","description":"Sisustustooted","potentialAction":[{"@type":"SearchAction","target":{"@type":"EntryPoint","urlTemplate":"https:\/\/loko.ee\/?s={search_term_string}"},"query-input":{"@type":"PropertyValueSpecification","valueRequired":true,"valueName":"search_term_string"}}],"inLanguage":"en-US"}]}},"_links":{"self":[{"href":"https:\/\/loko.ee\/en\/wp-json\/wp\/v2\/product\/1554","targetHints":{"allow":["GET"]}}],"collection":[{"href":"https:\/\/loko.ee\/en\/wp-json\/wp\/v2\/product"}],"about":[{"href":"https:\/\/loko.ee\/en\/wp-json\/wp\/v2\/types\/product"}],"wp:featuredmedia":[{"embeddable":true,"href":"https:\/\/loko.ee\/en\/wp-json\/wp\/v2\/media\/3257"}],"wp:attachment":[{"href":"https:\/\/loko.ee\/en\/wp-json\/wp\/v2\/media?parent=1554"}],"wp:term":[{"taxonomy":"product_brand","embeddable":true,"href":"https:\/\/loko.ee\/en\/wp-json\/wp\/v2\/product_brand?post=1554"},{"taxonomy":"product_cat","embeddable":true,"href":"https:\/\/loko.ee\/en\/wp-json\/wp\/v2\/product_cat?post=1554"},{"taxonomy":"product_tag","embeddable":true,"href":"https:\/\/loko.ee\/en\/wp-json\/wp\/v2\/product_tag?post=1554"},{"taxonomy":"woo-feed-brand","embeddable":true,"href":"https:\/\/loko.ee\/en\/wp-json\/wp\/v2\/woo-feed-brand?post=1554"}],"curies":[{"name":"wp","href":"https:\/\/api.w.org\/{rel}","templated":true}]}}