{"id":1342,"date":"2021-05-25T08:48:51","date_gmt":"2021-05-25T06:48:51","guid":{"rendered":"https:\/\/loko.ee\/?post_type=product&#038;p=1342"},"modified":"2024-02-17T11:52:13","modified_gmt":"2024-02-17T09:52:13","slug":"koogiratik-harjumaa","status":"publish","type":"product","link":"https:\/\/loko.ee\/en\/product\/koogiratik-harjumaa\/","title":{"rendered":"Kitchen towel Harjumaa"},"content":{"rendered":"","protected":false},"excerpt":{"rendered":"<p>K\u00f6\u00f6gir\u00e4tik, mis k\u00e4itub peale igat pesu nagu vein ja mehed &#8211; l\u00e4heb ajas aina paremaks. Disain on inspiratsiooni saanud Harjumaa kindakirja mustrist.<\/p>\n<p>Composition: 52% linen, 48% cotton.<br \/>\nSize: 45 x 75 cm<br \/>\nKaal g\/m2: 225 g<\/p>\n<p>Washing instructions: Machine wash at 40 degrees. Linen compositional materials are an ecological choice that will only soften over time.<\/p>\n<p>Disainitud ja valmistatud Hiiumaal.<\/p>","protected":false},"featured_media":1343,"template":"","meta":[],"product_brand":[],"product_cat":[25,22,40],"product_tag":[],"woo-feed-brand":[],"class_list":{"0":"post-1342","1":"product","2":"type-product","3":"status-publish","4":"has-post-thumbnail","6":"product_cat-kodutekstiil","7":"product_cat-koik-tooted","8":"product_cat-koogiratikud","10":"first","11":"instock","12":"taxable","13":"shipping-taxable","14":"purchasable","15":"product-type-simple"},"yoast_head":"<!-- This site is optimized with the Yoast SEO plugin v27.2 - https:\/\/yoast.com\/product\/yoast-seo-wordpress\/ -->\n<title>K\u00f6\u00f6gir\u00e4tik Harjumaa - Eesti mustrid - Kodutekstiil - Loko<\/title>\n<meta name=\"description\" content=\"Harjumaa kindakirja mustriga k\u00f6\u00f6gir\u00e4tik, mis k\u00e4itub peale igat pesu nagu vein ja mehed - l\u00e4heb ajas aina paremaks. Valikus ka teisi mustreid.\" \/>\n<meta name=\"robots\" content=\"index, follow, max-snippet:-1, max-image-preview:large, max-video-preview:-1\" \/>\n<link rel=\"canonical\" href=\"https:\/\/www.loko.ee\/toode\/koogiratik-harjumaa\/\" \/>\n<meta property=\"og:locale\" content=\"en_US\" \/>\n<meta property=\"og:type\" content=\"article\" \/>\n<meta property=\"og:title\" content=\"K\u00f6\u00f6gir\u00e4tik Harjumaa - Eesti mustrid - Kodutekstiil - Loko\" \/>\n<meta property=\"og:description\" content=\"Harjumaa kindakirja mustriga k\u00f6\u00f6gir\u00e4tik, mis k\u00e4itub peale igat pesu nagu vein ja mehed - l\u00e4heb ajas aina paremaks. Valikus ka teisi mustreid.\" \/>\n<meta property=\"og:url\" content=\"https:\/\/www.loko.ee\/toode\/koogiratik-harjumaa\/\" \/>\n<meta property=\"article:modified_time\" content=\"2024-02-17T09:52:13+00:00\" \/>\n<meta property=\"og:image\" content=\"https:\/\/loko.ee\/wp-content\/uploads\/2021\/05\/Ko\u0308o\u0308gira\u0308tik_Harjumaa_Loko.jpg\" \/>\n\t<meta property=\"og:image:width\" content=\"1434\" \/>\n\t<meta property=\"og:image:height\" content=\"1434\" \/>\n\t<meta property=\"og:image:type\" content=\"image\/jpeg\" \/>\n<meta name=\"twitter:card\" content=\"summary_large_image\" \/>\n<meta name=\"twitter:label1\" content=\"Est. reading time\" \/>\n\t<meta name=\"twitter:data1\" content=\"1 minute\" \/>\n<script type=\"application\/ld+json\" class=\"yoast-schema-graph\">{\"@context\":\"https:\/\/schema.org\",\"@graph\":[{\"@type\":\"WebPage\",\"@id\":\"https:\/\/www.loko.ee\/toode\/koogiratik-harjumaa\/\",\"url\":\"https:\/\/www.loko.ee\/toode\/koogiratik-harjumaa\/\",\"name\":\"K\u00f6\u00f6gir\u00e4tik Harjumaa - Eesti mustrid - Kodutekstiil - Loko\",\"isPartOf\":{\"@id\":\"https:\/\/loko.ee\/#website\"},\"primaryImageOfPage\":{\"@id\":\"https:\/\/www.loko.ee\/toode\/koogiratik-harjumaa\/#primaryimage\"},\"image\":{\"@id\":\"https:\/\/www.loko.ee\/toode\/koogiratik-harjumaa\/#primaryimage\"},\"thumbnailUrl\":\"https:\/\/loko.ee\/wp-content\/uploads\/2021\/05\/Ko\u0308o\u0308gira\u0308tik_Harjumaa_Loko.jpg\",\"datePublished\":\"2021-05-25T06:48:51+00:00\",\"dateModified\":\"2024-02-17T09:52:13+00:00\",\"description\":\"Harjumaa kindakirja mustriga k\u00f6\u00f6gir\u00e4tik, mis k\u00e4itub peale igat pesu nagu vein ja mehed - l\u00e4heb ajas aina paremaks. Valikus ka teisi mustreid.\",\"breadcrumb\":{\"@id\":\"https:\/\/www.loko.ee\/toode\/koogiratik-harjumaa\/#breadcrumb\"},\"inLanguage\":\"en-US\",\"potentialAction\":[{\"@type\":\"ReadAction\",\"target\":[\"https:\/\/www.loko.ee\/toode\/koogiratik-harjumaa\/\"]}]},{\"@type\":\"ImageObject\",\"inLanguage\":\"en-US\",\"@id\":\"https:\/\/www.loko.ee\/toode\/koogiratik-harjumaa\/#primaryimage\",\"url\":\"https:\/\/loko.ee\/wp-content\/uploads\/2021\/05\/Ko\u0308o\u0308gira\u0308tik_Harjumaa_Loko.jpg\",\"contentUrl\":\"https:\/\/loko.ee\/wp-content\/uploads\/2021\/05\/Ko\u0308o\u0308gira\u0308tik_Harjumaa_Loko.jpg\",\"width\":1434,\"height\":1434,\"caption\":\"K\u00f6\u00f6gir\u00e4tik Harjumaa mustriga Loko\"},{\"@type\":\"BreadcrumbList\",\"@id\":\"https:\/\/www.loko.ee\/toode\/koogiratik-harjumaa\/#breadcrumb\",\"itemListElement\":[{\"@type\":\"ListItem\",\"position\":1,\"name\":\"Home\",\"item\":\"https:\/\/loko.ee\/\"},{\"@type\":\"ListItem\",\"position\":2,\"name\":\"E-pood\",\"item\":\"https:\/\/www.loko.ee\/en\/e-pood\/\"},{\"@type\":\"ListItem\",\"position\":3,\"name\":\"K\u00f6\u00f6gir\u00e4tik Harjumaa\"}]},{\"@type\":\"WebSite\",\"@id\":\"https:\/\/loko.ee\/#website\",\"url\":\"https:\/\/loko.ee\/\",\"name\":\"\",\"description\":\"Sisustustooted\",\"potentialAction\":[{\"@type\":\"SearchAction\",\"target\":{\"@type\":\"EntryPoint\",\"urlTemplate\":\"https:\/\/loko.ee\/?s={search_term_string}\"},\"query-input\":{\"@type\":\"PropertyValueSpecification\",\"valueRequired\":true,\"valueName\":\"search_term_string\"}}],\"inLanguage\":\"en-US\"}]}<\/script>\n<!-- \/ Yoast SEO plugin. -->","yoast_head_json":{"title":"K\u00f6\u00f6gir\u00e4tik Harjumaa - Eesti mustrid - Kodutekstiil - Loko","description":"Harjumaa kindakirja mustriga k\u00f6\u00f6gir\u00e4tik, mis k\u00e4itub peale igat pesu nagu vein ja mehed - l\u00e4heb ajas aina paremaks. Valikus ka teisi mustreid.","robots":{"index":"index","follow":"follow","max-snippet":"max-snippet:-1","max-image-preview":"max-image-preview:large","max-video-preview":"max-video-preview:-1"},"canonical":"https:\/\/www.loko.ee\/toode\/koogiratik-harjumaa\/","og_locale":"en_US","og_type":"article","og_title":"K\u00f6\u00f6gir\u00e4tik Harjumaa - Eesti mustrid - Kodutekstiil - Loko","og_description":"Harjumaa kindakirja mustriga k\u00f6\u00f6gir\u00e4tik, mis k\u00e4itub peale igat pesu nagu vein ja mehed - l\u00e4heb ajas aina paremaks. Valikus ka teisi mustreid.","og_url":"https:\/\/www.loko.ee\/toode\/koogiratik-harjumaa\/","article_modified_time":"2024-02-17T09:52:13+00:00","og_image":[{"width":1434,"height":1434,"url":"https:\/\/loko.ee\/wp-content\/uploads\/2021\/05\/Ko\u0308o\u0308gira\u0308tik_Harjumaa_Loko.jpg","type":"image\/jpeg"}],"twitter_card":"summary_large_image","twitter_misc":{"Est. reading time":"1 minute"},"schema":{"@context":"https:\/\/schema.org","@graph":[{"@type":"WebPage","@id":"https:\/\/www.loko.ee\/toode\/koogiratik-harjumaa\/","url":"https:\/\/www.loko.ee\/toode\/koogiratik-harjumaa\/","name":"K\u00f6\u00f6gir\u00e4tik Harjumaa - Eesti mustrid - Kodutekstiil - Loko","isPartOf":{"@id":"https:\/\/loko.ee\/#website"},"primaryImageOfPage":{"@id":"https:\/\/www.loko.ee\/toode\/koogiratik-harjumaa\/#primaryimage"},"image":{"@id":"https:\/\/www.loko.ee\/toode\/koogiratik-harjumaa\/#primaryimage"},"thumbnailUrl":"https:\/\/loko.ee\/wp-content\/uploads\/2021\/05\/Ko\u0308o\u0308gira\u0308tik_Harjumaa_Loko.jpg","datePublished":"2021-05-25T06:48:51+00:00","dateModified":"2024-02-17T09:52:13+00:00","description":"Harjumaa kindakirja mustriga k\u00f6\u00f6gir\u00e4tik, mis k\u00e4itub peale igat pesu nagu vein ja mehed - l\u00e4heb ajas aina paremaks. Valikus ka teisi mustreid.","breadcrumb":{"@id":"https:\/\/www.loko.ee\/toode\/koogiratik-harjumaa\/#breadcrumb"},"inLanguage":"en-US","potentialAction":[{"@type":"ReadAction","target":["https:\/\/www.loko.ee\/toode\/koogiratik-harjumaa\/"]}]},{"@type":"ImageObject","inLanguage":"en-US","@id":"https:\/\/www.loko.ee\/toode\/koogiratik-harjumaa\/#primaryimage","url":"https:\/\/loko.ee\/wp-content\/uploads\/2021\/05\/Ko\u0308o\u0308gira\u0308tik_Harjumaa_Loko.jpg","contentUrl":"https:\/\/loko.ee\/wp-content\/uploads\/2021\/05\/Ko\u0308o\u0308gira\u0308tik_Harjumaa_Loko.jpg","width":1434,"height":1434,"caption":"K\u00f6\u00f6gir\u00e4tik Harjumaa mustriga Loko"},{"@type":"BreadcrumbList","@id":"https:\/\/www.loko.ee\/toode\/koogiratik-harjumaa\/#breadcrumb","itemListElement":[{"@type":"ListItem","position":1,"name":"Home","item":"https:\/\/loko.ee\/"},{"@type":"ListItem","position":2,"name":"E-pood","item":"https:\/\/www.loko.ee\/en\/e-pood\/"},{"@type":"ListItem","position":3,"name":"K\u00f6\u00f6gir\u00e4tik Harjumaa"}]},{"@type":"WebSite","@id":"https:\/\/loko.ee\/#website","url":"https:\/\/loko.ee\/","name":"","description":"Sisustustooted","potentialAction":[{"@type":"SearchAction","target":{"@type":"EntryPoint","urlTemplate":"https:\/\/loko.ee\/?s={search_term_string}"},"query-input":{"@type":"PropertyValueSpecification","valueRequired":true,"valueName":"search_term_string"}}],"inLanguage":"en-US"}]}},"_links":{"self":[{"href":"https:\/\/loko.ee\/en\/wp-json\/wp\/v2\/product\/1342","targetHints":{"allow":["GET"]}}],"collection":[{"href":"https:\/\/loko.ee\/en\/wp-json\/wp\/v2\/product"}],"about":[{"href":"https:\/\/loko.ee\/en\/wp-json\/wp\/v2\/types\/product"}],"wp:featuredmedia":[{"embeddable":true,"href":"https:\/\/loko.ee\/en\/wp-json\/wp\/v2\/media\/1343"}],"wp:attachment":[{"href":"https:\/\/loko.ee\/en\/wp-json\/wp\/v2\/media?parent=1342"}],"wp:term":[{"taxonomy":"product_brand","embeddable":true,"href":"https:\/\/loko.ee\/en\/wp-json\/wp\/v2\/product_brand?post=1342"},{"taxonomy":"product_cat","embeddable":true,"href":"https:\/\/loko.ee\/en\/wp-json\/wp\/v2\/product_cat?post=1342"},{"taxonomy":"product_tag","embeddable":true,"href":"https:\/\/loko.ee\/en\/wp-json\/wp\/v2\/product_tag?post=1342"},{"taxonomy":"woo-feed-brand","embeddable":true,"href":"https:\/\/loko.ee\/en\/wp-json\/wp\/v2\/woo-feed-brand?post=1342"}],"curies":[{"name":"wp","href":"https:\/\/api.w.org\/{rel}","templated":true}]}}