{"id":1173,"date":"2021-03-16T15:39:44","date_gmt":"2021-03-16T13:39:44","guid":{"rendered":"https:\/\/loko.ee\/?post_type=product&#038;p=1173"},"modified":"2026-03-30T08:07:36","modified_gmt":"2026-03-30T06:07:36","slug":"kaltsuvaip-2","status":"publish","type":"product","link":"https:\/\/loko.ee\/en\/product\/kaltsuvaip-2\/","title":{"rendered":"Kaltsuvaip 80&#215;185 cm"},"content":{"rendered":"","protected":false},"excerpt":{"rendered":"<p>Musta ja helehalliga kaltsuvaip, mis on trikotaa\u017eiribadest k\u00e4sitsi kangastelgedel kootud. Unikaalne ja erip\u00e4rane!<\/p>\n<p>Laius 80 cm ja pikkus 185 cm.<\/p>\n<p>Vaipa v\u00f5ib pesta 30 kraadi juures, mitte tsentrifuugida. Soovitame kuivatada laotatult tasasel pinnal. Vaip v\u00f5ib pesus pisut kokku t\u00f5mmata.<\/p>","protected":false},"featured_media":4369,"template":"","meta":[],"product_brand":[],"product_cat":[45,22],"product_tag":[],"woo-feed-brand":[],"class_list":{"0":"post-1173","1":"product","2":"type-product","3":"status-publish","4":"has-post-thumbnail","6":"product_cat-kaltsuvaibad","7":"product_cat-koik-tooted","9":"first","10":"instock","11":"taxable","12":"shipping-taxable","13":"purchasable","14":"product-type-simple"},"yoast_head":"<!-- This site is optimized with the Yoast SEO plugin v27.4 - https:\/\/yoast.com\/product\/yoast-seo-wordpress\/ -->\n<title>Kaltsuvaip 80x185 cm - Hiiumaa k\u00e4sit\u00f6\u00f6 - Uus p\u00f5randavaip - Loko<\/title>\n<meta name=\"description\" content=\"Musta ja halliga kaltsuvaip, mis on k\u00e4sitsi kangastelgedel erineva koostisega trikotaa\u017eiribadest kootud. Unikaalne ja erip\u00e4rane!\" \/>\n<meta name=\"robots\" content=\"index, follow, max-snippet:-1, max-image-preview:large, max-video-preview:-1\" \/>\n<link rel=\"canonical\" href=\"https:\/\/www.loko.ee\/en\/product\/kaltsuvaip-2\/\" \/>\n<meta property=\"og:locale\" content=\"en_US\" \/>\n<meta property=\"og:type\" content=\"article\" \/>\n<meta property=\"og:title\" content=\"Kaltsuvaip 80x185 cm - Hiiumaa k\u00e4sit\u00f6\u00f6 - Uus p\u00f5randavaip - Loko\" \/>\n<meta property=\"og:description\" content=\"Musta ja halliga kaltsuvaip, mis on k\u00e4sitsi kangastelgedel erineva koostisega trikotaa\u017eiribadest kootud. Unikaalne ja erip\u00e4rane!\" \/>\n<meta property=\"og:url\" content=\"https:\/\/www.loko.ee\/en\/product\/kaltsuvaip-2\/\" \/>\n<meta property=\"article:modified_time\" content=\"2026-03-30T06:07:36+00:00\" \/>\n<meta property=\"og:image\" content=\"https:\/\/loko.ee\/wp-content\/uploads\/2021\/03\/Vaip_80x185_must_hall_Loko-scaled.jpg\" \/>\n\t<meta property=\"og:image:width\" content=\"2560\" \/>\n\t<meta property=\"og:image:height\" content=\"2560\" \/>\n\t<meta property=\"og:image:type\" content=\"image\/jpeg\" \/>\n<meta name=\"twitter:card\" content=\"summary_large_image\" \/>\n<meta name=\"twitter:label1\" content=\"Est. reading time\" \/>\n\t<meta name=\"twitter:data1\" content=\"1 minute\" \/>\n<script type=\"application\/ld+json\" class=\"yoast-schema-graph\">{\"@context\":\"https:\\\/\\\/schema.org\",\"@graph\":[{\"@type\":\"WebPage\",\"@id\":\"https:\\\/\\\/www.loko.ee\\\/en\\\/product\\\/kaltsuvaip-2\\\/\",\"url\":\"https:\\\/\\\/www.loko.ee\\\/en\\\/product\\\/kaltsuvaip-2\\\/\",\"name\":\"Kaltsuvaip 80x185 cm - Hiiumaa k\u00e4sit\u00f6\u00f6 - Uus p\u00f5randavaip - Loko\",\"isPartOf\":{\"@id\":\"https:\\\/\\\/www.loko.ee\\\/#website\"},\"primaryImageOfPage\":{\"@id\":\"https:\\\/\\\/www.loko.ee\\\/en\\\/product\\\/kaltsuvaip-2\\\/#primaryimage\"},\"image\":{\"@id\":\"https:\\\/\\\/www.loko.ee\\\/en\\\/product\\\/kaltsuvaip-2\\\/#primaryimage\"},\"thumbnailUrl\":\"https:\\\/\\\/loko.ee\\\/wp-content\\\/uploads\\\/2021\\\/03\\\/Vaip_80x185_must_hall_Loko-scaled.jpg\",\"datePublished\":\"2021-03-16T13:39:44+00:00\",\"dateModified\":\"2026-03-30T06:07:36+00:00\",\"description\":\"Musta ja halliga kaltsuvaip, mis on k\u00e4sitsi kangastelgedel erineva koostisega trikotaa\u017eiribadest kootud. Unikaalne ja erip\u00e4rane!\",\"breadcrumb\":{\"@id\":\"https:\\\/\\\/www.loko.ee\\\/en\\\/product\\\/kaltsuvaip-2\\\/#breadcrumb\"},\"inLanguage\":\"en-US\",\"potentialAction\":[{\"@type\":\"ReadAction\",\"target\":[\"https:\\\/\\\/www.loko.ee\\\/en\\\/product\\\/kaltsuvaip-2\\\/\"]}]},{\"@type\":\"ImageObject\",\"inLanguage\":\"en-US\",\"@id\":\"https:\\\/\\\/www.loko.ee\\\/en\\\/product\\\/kaltsuvaip-2\\\/#primaryimage\",\"url\":\"https:\\\/\\\/loko.ee\\\/wp-content\\\/uploads\\\/2021\\\/03\\\/Vaip_80x185_must_hall_Loko-scaled.jpg\",\"contentUrl\":\"https:\\\/\\\/loko.ee\\\/wp-content\\\/uploads\\\/2021\\\/03\\\/Vaip_80x185_must_hall_Loko-scaled.jpg\",\"width\":2560,\"height\":2560,\"caption\":\"Kaltsuvaip must ja hall k\u00e4sit\u00f6\u00f6 Loko\"},{\"@type\":\"BreadcrumbList\",\"@id\":\"https:\\\/\\\/www.loko.ee\\\/en\\\/product\\\/kaltsuvaip-2\\\/#breadcrumb\",\"itemListElement\":[{\"@type\":\"ListItem\",\"position\":1,\"name\":\"Home\",\"item\":\"https:\\\/\\\/www.loko.ee\\\/\"},{\"@type\":\"ListItem\",\"position\":2,\"name\":\"E-pood\",\"item\":\"https:\\\/\\\/www.loko.ee\\\/e-pood\\\/\"},{\"@type\":\"ListItem\",\"position\":3,\"name\":\"Kaltsuvaip 80&#215;185 cm\"}]},{\"@type\":\"WebSite\",\"@id\":\"https:\\\/\\\/www.loko.ee\\\/#website\",\"url\":\"https:\\\/\\\/www.loko.ee\\\/\",\"name\":\"\",\"description\":\"Sisustustooted\",\"potentialAction\":[{\"@type\":\"SearchAction\",\"target\":{\"@type\":\"EntryPoint\",\"urlTemplate\":\"https:\\\/\\\/www.loko.ee\\\/?s={search_term_string}\"},\"query-input\":{\"@type\":\"PropertyValueSpecification\",\"valueRequired\":true,\"valueName\":\"search_term_string\"}}],\"inLanguage\":\"en-US\"}]}<\/script>\n<!-- \/ Yoast SEO plugin. -->","yoast_head_json":{"title":"Kaltsuvaip 80x185 cm - Hiiumaa k\u00e4sit\u00f6\u00f6 - Uus p\u00f5randavaip - Loko","description":"Musta ja halliga kaltsuvaip, mis on k\u00e4sitsi kangastelgedel erineva koostisega trikotaa\u017eiribadest kootud. Unikaalne ja erip\u00e4rane!","robots":{"index":"index","follow":"follow","max-snippet":"max-snippet:-1","max-image-preview":"max-image-preview:large","max-video-preview":"max-video-preview:-1"},"canonical":"https:\/\/www.loko.ee\/en\/product\/kaltsuvaip-2\/","og_locale":"en_US","og_type":"article","og_title":"Kaltsuvaip 80x185 cm - Hiiumaa k\u00e4sit\u00f6\u00f6 - Uus p\u00f5randavaip - Loko","og_description":"Musta ja halliga kaltsuvaip, mis on k\u00e4sitsi kangastelgedel erineva koostisega trikotaa\u017eiribadest kootud. Unikaalne ja erip\u00e4rane!","og_url":"https:\/\/www.loko.ee\/en\/product\/kaltsuvaip-2\/","article_modified_time":"2026-03-30T06:07:36+00:00","og_image":[{"width":2560,"height":2560,"url":"https:\/\/loko.ee\/wp-content\/uploads\/2021\/03\/Vaip_80x185_must_hall_Loko-scaled.jpg","type":"image\/jpeg"}],"twitter_card":"summary_large_image","twitter_misc":{"Est. reading time":"1 minute"},"schema":{"@context":"https:\/\/schema.org","@graph":[{"@type":"WebPage","@id":"https:\/\/www.loko.ee\/en\/product\/kaltsuvaip-2\/","url":"https:\/\/www.loko.ee\/en\/product\/kaltsuvaip-2\/","name":"Kaltsuvaip 80x185 cm - Hiiumaa k\u00e4sit\u00f6\u00f6 - Uus p\u00f5randavaip - Loko","isPartOf":{"@id":"https:\/\/www.loko.ee\/#website"},"primaryImageOfPage":{"@id":"https:\/\/www.loko.ee\/en\/product\/kaltsuvaip-2\/#primaryimage"},"image":{"@id":"https:\/\/www.loko.ee\/en\/product\/kaltsuvaip-2\/#primaryimage"},"thumbnailUrl":"https:\/\/loko.ee\/wp-content\/uploads\/2021\/03\/Vaip_80x185_must_hall_Loko-scaled.jpg","datePublished":"2021-03-16T13:39:44+00:00","dateModified":"2026-03-30T06:07:36+00:00","description":"Musta ja halliga kaltsuvaip, mis on k\u00e4sitsi kangastelgedel erineva koostisega trikotaa\u017eiribadest kootud. Unikaalne ja erip\u00e4rane!","breadcrumb":{"@id":"https:\/\/www.loko.ee\/en\/product\/kaltsuvaip-2\/#breadcrumb"},"inLanguage":"en-US","potentialAction":[{"@type":"ReadAction","target":["https:\/\/www.loko.ee\/en\/product\/kaltsuvaip-2\/"]}]},{"@type":"ImageObject","inLanguage":"en-US","@id":"https:\/\/www.loko.ee\/en\/product\/kaltsuvaip-2\/#primaryimage","url":"https:\/\/loko.ee\/wp-content\/uploads\/2021\/03\/Vaip_80x185_must_hall_Loko-scaled.jpg","contentUrl":"https:\/\/loko.ee\/wp-content\/uploads\/2021\/03\/Vaip_80x185_must_hall_Loko-scaled.jpg","width":2560,"height":2560,"caption":"Kaltsuvaip must ja hall k\u00e4sit\u00f6\u00f6 Loko"},{"@type":"BreadcrumbList","@id":"https:\/\/www.loko.ee\/en\/product\/kaltsuvaip-2\/#breadcrumb","itemListElement":[{"@type":"ListItem","position":1,"name":"Home","item":"https:\/\/www.loko.ee\/"},{"@type":"ListItem","position":2,"name":"E-pood","item":"https:\/\/www.loko.ee\/e-pood\/"},{"@type":"ListItem","position":3,"name":"Kaltsuvaip 80&#215;185 cm"}]},{"@type":"WebSite","@id":"https:\/\/www.loko.ee\/#website","url":"https:\/\/www.loko.ee\/","name":"","description":"Sisustustooted","potentialAction":[{"@type":"SearchAction","target":{"@type":"EntryPoint","urlTemplate":"https:\/\/www.loko.ee\/?s={search_term_string}"},"query-input":{"@type":"PropertyValueSpecification","valueRequired":true,"valueName":"search_term_string"}}],"inLanguage":"en-US"}]}},"_links":{"self":[{"href":"https:\/\/loko.ee\/en\/wp-json\/wp\/v2\/product\/1173","targetHints":{"allow":["GET"]}}],"collection":[{"href":"https:\/\/loko.ee\/en\/wp-json\/wp\/v2\/product"}],"about":[{"href":"https:\/\/loko.ee\/en\/wp-json\/wp\/v2\/types\/product"}],"wp:featuredmedia":[{"embeddable":true,"href":"https:\/\/loko.ee\/en\/wp-json\/wp\/v2\/media\/4369"}],"wp:attachment":[{"href":"https:\/\/loko.ee\/en\/wp-json\/wp\/v2\/media?parent=1173"}],"wp:term":[{"taxonomy":"product_brand","embeddable":true,"href":"https:\/\/loko.ee\/en\/wp-json\/wp\/v2\/product_brand?post=1173"},{"taxonomy":"product_cat","embeddable":true,"href":"https:\/\/loko.ee\/en\/wp-json\/wp\/v2\/product_cat?post=1173"},{"taxonomy":"product_tag","embeddable":true,"href":"https:\/\/loko.ee\/en\/wp-json\/wp\/v2\/product_tag?post=1173"},{"taxonomy":"woo-feed-brand","embeddable":true,"href":"https:\/\/loko.ee\/en\/wp-json\/wp\/v2\/woo-feed-brand?post=1173"}],"curies":[{"name":"wp","href":"https:\/\/api.w.org\/{rel}","templated":true}]}}