{"id":1082,"date":"2021-02-08T16:48:51","date_gmt":"2021-02-08T14:48:51","guid":{"rendered":"https:\/\/loko.ee\/?post_type=product&#038;p=1082"},"modified":"2026-03-04T15:29:26","modified_gmt":"2026-03-04T13:29:26","slug":"kasitoovaip","status":"publish","type":"product","link":"https:\/\/loko.ee\/en\/product\/kasitoovaip\/","title":{"rendered":"Kaltsuvaip 67&#215;230 cm"},"content":{"rendered":"","protected":false},"excerpt":{"rendered":"<p>Punase ja valgega kaltsuvaip, mis on k\u00e4sitsi kangastelgedel erineva koostisega trikotaa\u017eiribadest kootud. Unikaalne ja erip\u00e4rane!<\/p>\n<p>Suurus: 67 x 230 cm<\/p>\n<p>Vaipa v\u00f5ib pesta 30 kraadi juures.<br \/>\nSoovitame kuivatada laotatult tasasel pinnal. Vaip v\u00f5ib pesus pisut kokku t\u00f5mmata.<\/p>","protected":false},"featured_media":3924,"template":"","meta":[],"product_brand":[],"product_cat":[45,22],"product_tag":[],"woo-feed-brand":[],"class_list":{"0":"post-1082","1":"product","2":"type-product","3":"status-publish","4":"has-post-thumbnail","6":"product_cat-kaltsuvaibad","7":"product_cat-koik-tooted","9":"first","10":"instock","11":"sale","12":"taxable","13":"shipping-taxable","14":"purchasable","15":"product-type-simple"},"yoast_head":"<!-- This site is optimized with the Yoast SEO plugin v27.2 - https:\/\/yoast.com\/product\/yoast-seo-wordpress\/ -->\n<title>Kaltsuvaip 67x230 cm - Hiiumaa k\u00e4sit\u00f6\u00f6 - P\u00f5randavaip - Loko<\/title>\n<meta name=\"description\" content=\"Ilus ja stiilne kaltsuvaip, mis on k\u00e4sit\u00f6\u00f6na kangastelgedel erineva koostisega trikotaa\u017eiribadest kootud. Tore sisustuselement!\" \/>\n<meta name=\"robots\" content=\"index, follow, max-snippet:-1, max-image-preview:large, max-video-preview:-1\" \/>\n<link rel=\"canonical\" href=\"https:\/\/www.loko.ee\/toode\/kasitoovaip\/\" \/>\n<meta property=\"og:locale\" content=\"en_US\" \/>\n<meta property=\"og:type\" content=\"article\" \/>\n<meta property=\"og:title\" content=\"Kaltsuvaip 67x230 cm - Hiiumaa k\u00e4sit\u00f6\u00f6 - P\u00f5randavaip - Loko\" \/>\n<meta property=\"og:description\" content=\"Ilus ja stiilne kaltsuvaip, mis on k\u00e4sit\u00f6\u00f6na kangastelgedel erineva koostisega trikotaa\u017eiribadest kootud. Tore sisustuselement!\" \/>\n<meta property=\"og:url\" content=\"https:\/\/www.loko.ee\/toode\/kasitoovaip\/\" \/>\n<meta property=\"article:modified_time\" content=\"2026-03-04T13:29:26+00:00\" \/>\n<meta property=\"og:image\" content=\"https:\/\/loko.ee\/wp-content\/uploads\/2021\/02\/Kaltsuvaip_67x230_Loko.jpg\" \/>\n\t<meta property=\"og:image:width\" content=\"2488\" \/>\n\t<meta property=\"og:image:height\" content=\"2488\" \/>\n\t<meta property=\"og:image:type\" content=\"image\/jpeg\" \/>\n<meta name=\"twitter:card\" content=\"summary_large_image\" \/>\n<meta name=\"twitter:label1\" content=\"Est. reading time\" \/>\n\t<meta name=\"twitter:data1\" content=\"1 minute\" \/>\n<script type=\"application\/ld+json\" class=\"yoast-schema-graph\">{\"@context\":\"https:\/\/schema.org\",\"@graph\":[{\"@type\":\"WebPage\",\"@id\":\"https:\/\/www.loko.ee\/toode\/kasitoovaip\/\",\"url\":\"https:\/\/www.loko.ee\/toode\/kasitoovaip\/\",\"name\":\"Kaltsuvaip 67x230 cm - Hiiumaa k\u00e4sit\u00f6\u00f6 - P\u00f5randavaip - Loko\",\"isPartOf\":{\"@id\":\"https:\/\/www.loko.ee\/en\/#website\"},\"primaryImageOfPage\":{\"@id\":\"https:\/\/www.loko.ee\/toode\/kasitoovaip\/#primaryimage\"},\"image\":{\"@id\":\"https:\/\/www.loko.ee\/toode\/kasitoovaip\/#primaryimage\"},\"thumbnailUrl\":\"https:\/\/loko.ee\/wp-content\/uploads\/2021\/02\/Kaltsuvaip_67x230_Loko.jpg\",\"datePublished\":\"2021-02-08T14:48:51+00:00\",\"dateModified\":\"2026-03-04T13:29:26+00:00\",\"description\":\"Ilus ja stiilne kaltsuvaip, mis on k\u00e4sit\u00f6\u00f6na kangastelgedel erineva koostisega trikotaa\u017eiribadest kootud. Tore sisustuselement!\",\"breadcrumb\":{\"@id\":\"https:\/\/www.loko.ee\/toode\/kasitoovaip\/#breadcrumb\"},\"inLanguage\":\"en-US\",\"potentialAction\":[{\"@type\":\"ReadAction\",\"target\":[\"https:\/\/www.loko.ee\/toode\/kasitoovaip\/\"]}]},{\"@type\":\"ImageObject\",\"inLanguage\":\"en-US\",\"@id\":\"https:\/\/www.loko.ee\/toode\/kasitoovaip\/#primaryimage\",\"url\":\"https:\/\/loko.ee\/wp-content\/uploads\/2021\/02\/Kaltsuvaip_67x230_Loko.jpg\",\"contentUrl\":\"https:\/\/loko.ee\/wp-content\/uploads\/2021\/02\/Kaltsuvaip_67x230_Loko.jpg\",\"width\":2488,\"height\":2488,\"caption\":\"K\u00e4sit\u00f6\u00f6 kaltsuvaip Eesti disain Loko\"},{\"@type\":\"BreadcrumbList\",\"@id\":\"https:\/\/www.loko.ee\/toode\/kasitoovaip\/#breadcrumb\",\"itemListElement\":[{\"@type\":\"ListItem\",\"position\":1,\"name\":\"Home\",\"item\":\"https:\/\/www.loko.ee\/en\/\"},{\"@type\":\"ListItem\",\"position\":2,\"name\":\"E-pood\",\"item\":\"https:\/\/www.loko.ee\/en\/e-pood\/\"},{\"@type\":\"ListItem\",\"position\":3,\"name\":\"Kaltsuvaip 67&#215;230 cm\"}]},{\"@type\":\"WebSite\",\"@id\":\"https:\/\/www.loko.ee\/en\/#website\",\"url\":\"https:\/\/www.loko.ee\/en\/\",\"name\":\"\",\"description\":\"Sisustustooted\",\"potentialAction\":[{\"@type\":\"SearchAction\",\"target\":{\"@type\":\"EntryPoint\",\"urlTemplate\":\"https:\/\/www.loko.ee\/en\/?s={search_term_string}\"},\"query-input\":{\"@type\":\"PropertyValueSpecification\",\"valueRequired\":true,\"valueName\":\"search_term_string\"}}],\"inLanguage\":\"en-US\"}]}<\/script>\n<!-- \/ Yoast SEO plugin. -->","yoast_head_json":{"title":"Kaltsuvaip 67x230 cm - Hiiumaa k\u00e4sit\u00f6\u00f6 - P\u00f5randavaip - Loko","description":"Ilus ja stiilne kaltsuvaip, mis on k\u00e4sit\u00f6\u00f6na kangastelgedel erineva koostisega trikotaa\u017eiribadest kootud. Tore sisustuselement!","robots":{"index":"index","follow":"follow","max-snippet":"max-snippet:-1","max-image-preview":"max-image-preview:large","max-video-preview":"max-video-preview:-1"},"canonical":"https:\/\/www.loko.ee\/toode\/kasitoovaip\/","og_locale":"en_US","og_type":"article","og_title":"Kaltsuvaip 67x230 cm - Hiiumaa k\u00e4sit\u00f6\u00f6 - P\u00f5randavaip - Loko","og_description":"Ilus ja stiilne kaltsuvaip, mis on k\u00e4sit\u00f6\u00f6na kangastelgedel erineva koostisega trikotaa\u017eiribadest kootud. Tore sisustuselement!","og_url":"https:\/\/www.loko.ee\/toode\/kasitoovaip\/","article_modified_time":"2026-03-04T13:29:26+00:00","og_image":[{"width":2488,"height":2488,"url":"https:\/\/loko.ee\/wp-content\/uploads\/2021\/02\/Kaltsuvaip_67x230_Loko.jpg","type":"image\/jpeg"}],"twitter_card":"summary_large_image","twitter_misc":{"Est. reading time":"1 minute"},"schema":{"@context":"https:\/\/schema.org","@graph":[{"@type":"WebPage","@id":"https:\/\/www.loko.ee\/toode\/kasitoovaip\/","url":"https:\/\/www.loko.ee\/toode\/kasitoovaip\/","name":"Kaltsuvaip 67x230 cm - Hiiumaa k\u00e4sit\u00f6\u00f6 - P\u00f5randavaip - Loko","isPartOf":{"@id":"https:\/\/www.loko.ee\/en\/#website"},"primaryImageOfPage":{"@id":"https:\/\/www.loko.ee\/toode\/kasitoovaip\/#primaryimage"},"image":{"@id":"https:\/\/www.loko.ee\/toode\/kasitoovaip\/#primaryimage"},"thumbnailUrl":"https:\/\/loko.ee\/wp-content\/uploads\/2021\/02\/Kaltsuvaip_67x230_Loko.jpg","datePublished":"2021-02-08T14:48:51+00:00","dateModified":"2026-03-04T13:29:26+00:00","description":"Ilus ja stiilne kaltsuvaip, mis on k\u00e4sit\u00f6\u00f6na kangastelgedel erineva koostisega trikotaa\u017eiribadest kootud. Tore sisustuselement!","breadcrumb":{"@id":"https:\/\/www.loko.ee\/toode\/kasitoovaip\/#breadcrumb"},"inLanguage":"en-US","potentialAction":[{"@type":"ReadAction","target":["https:\/\/www.loko.ee\/toode\/kasitoovaip\/"]}]},{"@type":"ImageObject","inLanguage":"en-US","@id":"https:\/\/www.loko.ee\/toode\/kasitoovaip\/#primaryimage","url":"https:\/\/loko.ee\/wp-content\/uploads\/2021\/02\/Kaltsuvaip_67x230_Loko.jpg","contentUrl":"https:\/\/loko.ee\/wp-content\/uploads\/2021\/02\/Kaltsuvaip_67x230_Loko.jpg","width":2488,"height":2488,"caption":"K\u00e4sit\u00f6\u00f6 kaltsuvaip Eesti disain Loko"},{"@type":"BreadcrumbList","@id":"https:\/\/www.loko.ee\/toode\/kasitoovaip\/#breadcrumb","itemListElement":[{"@type":"ListItem","position":1,"name":"Home","item":"https:\/\/www.loko.ee\/en\/"},{"@type":"ListItem","position":2,"name":"E-pood","item":"https:\/\/www.loko.ee\/en\/e-pood\/"},{"@type":"ListItem","position":3,"name":"Kaltsuvaip 67&#215;230 cm"}]},{"@type":"WebSite","@id":"https:\/\/www.loko.ee\/en\/#website","url":"https:\/\/www.loko.ee\/en\/","name":"","description":"Sisustustooted","potentialAction":[{"@type":"SearchAction","target":{"@type":"EntryPoint","urlTemplate":"https:\/\/www.loko.ee\/en\/?s={search_term_string}"},"query-input":{"@type":"PropertyValueSpecification","valueRequired":true,"valueName":"search_term_string"}}],"inLanguage":"en-US"}]}},"_links":{"self":[{"href":"https:\/\/loko.ee\/en\/wp-json\/wp\/v2\/product\/1082","targetHints":{"allow":["GET"]}}],"collection":[{"href":"https:\/\/loko.ee\/en\/wp-json\/wp\/v2\/product"}],"about":[{"href":"https:\/\/loko.ee\/en\/wp-json\/wp\/v2\/types\/product"}],"wp:featuredmedia":[{"embeddable":true,"href":"https:\/\/loko.ee\/en\/wp-json\/wp\/v2\/media\/3924"}],"wp:attachment":[{"href":"https:\/\/loko.ee\/en\/wp-json\/wp\/v2\/media?parent=1082"}],"wp:term":[{"taxonomy":"product_brand","embeddable":true,"href":"https:\/\/loko.ee\/en\/wp-json\/wp\/v2\/product_brand?post=1082"},{"taxonomy":"product_cat","embeddable":true,"href":"https:\/\/loko.ee\/en\/wp-json\/wp\/v2\/product_cat?post=1082"},{"taxonomy":"product_tag","embeddable":true,"href":"https:\/\/loko.ee\/en\/wp-json\/wp\/v2\/product_tag?post=1082"},{"taxonomy":"woo-feed-brand","embeddable":true,"href":"https:\/\/loko.ee\/en\/wp-json\/wp\/v2\/woo-feed-brand?post=1082"}],"curies":[{"name":"wp","href":"https:\/\/api.w.org\/{rel}","templated":true}]}}