{"id":81,"date":"2020-01-19T22:11:39","date_gmt":"2020-01-19T20:11:39","guid":{"rendered":"https:\/\/loko.ee\/?page_id=81"},"modified":"2025-08-17T22:31:51","modified_gmt":"2025-08-17T20:31:51","slug":"kontakt","status":"publish","type":"page","link":"https:\/\/loko.ee\/en\/kontakt\/","title":{"rendered":"Contact"},"content":{"rendered":"<p><strong>Milliseid tooteid leiad meie e-poest? <\/strong><br>Meile meeldivad mustrid! Nii puidus kui tekstiilis. <\/p>\n\n\n\n<p>K\u00f5iki LOKO tekstiilitooteid kaunistavad p\u00f5nevad mustrid, mis p\u00e4rit erinevatest Eestimaa paikadest ning on inspiratsiooni saanud kindakirjalistest mustritest.<\/p>\n\n\n\n<p>Enamik meie tooteid valmib mere taga Hiiumaal, kus meie hoolas \u00f5mbleja annab igale esemele oma s\u00fcdame ja hinge. Meie jaoks on oluline, et iga toode oleks kvaliteetne, kestaks kaua ja pakuks r\u00f5\u00f5mu nii kandjale kui ka kinkijale.<\/p>\n\n\n\n<p>P\u00fc\u00fcame ka pidevalt uusi tooteid v\u00e4lja m\u00f5elda, et klientidel oleks p\u00f5nevat avastamist ning nad leiaksid ikka ja j\u00e4lle midagi meelep\u00e4rast, mida oma koju soetada v\u00f5i kinkida. Meie eesm\u00e4rk on, et iga LOKO toode oleks \u00fchtaegu praktiline, kaunis ja t\u00e4hendusega \u2013 v\u00e4ike killuke Eesti p\u00e4randit t\u00e4nap\u00e4evases v\u00f5tmes.<\/p>\n\n\n\n<p>K\u00f5ik l\u00f5ikelauad valmivad meie puidumeistri poolt Hiiumaa v\u00e4ikeses t\u00f6\u00f6kojas. Seega v\u00f5id kindel olla, et iga l\u00f5ikelaud on isen\u00e4gu ja teist t\u00e4pselt samasugust ei leia!<br><br>Sul on k\u00fcsimusi? v\u00f5i soovid millegi kohta rohkem infot? <br>Write to us <a href=\"mailto:info@loko.ee\">info@loko.ee<\/a><br><br><strong>Company information:<\/strong><br>Pitsu O\u00dc<br>Nurme, Paluk\u00fcla, Hiiumaa 92420<br>Reg. number: 11247689<br>VAT nr: EE101051097<\/p>\n\n\n\n<p><br><\/p>","protected":false},"excerpt":{"rendered":"<p>Milliseid tooteid leiad meie e-poest? Meile meeldivad mustrid! Nii puidus kui tekstiilis. K\u00f5iki LOKO tekstiilitooteid kaunistavad p\u00f5nevad mustrid, mis p\u00e4rit erinevatest Eestimaa paikadest ning on inspiratsiooni saanud kindakirjalistest mustritest. Enamik meie tooteid valmib mere taga Hiiumaal, kus meie hoolas \u00f5mbleja annab igale esemele oma s\u00fcdame ja hinge. Meie jaoks on oluline, et iga toode oleks [&hellip;]<\/p>\n","protected":false},"author":1,"featured_media":0,"parent":0,"menu_order":0,"comment_status":"closed","ping_status":"closed","template":"","meta":{"footnotes":""},"class_list":["post-81","page","type-page","status-publish","hentry"],"yoast_head":"<!-- This site is optimized with the Yoast SEO plugin v27.2 - https:\/\/yoast.com\/product\/yoast-seo-wordpress\/ -->\n<title>Kontakt - Loko<\/title>\n<meta name=\"description\" content=\"Sul on k\u00fcsimusi? v\u00f5i soovid millegi kohta rohkem infot? Kirjuta meile info@loko.ee.\" \/>\n<meta name=\"robots\" content=\"index, follow, max-snippet:-1, max-image-preview:large, max-video-preview:-1\" \/>\n<link rel=\"canonical\" href=\"https:\/\/loko.ee\/en\/kontakt\/\" \/>\n<meta property=\"og:locale\" content=\"en_US\" \/>\n<meta property=\"og:type\" content=\"article\" \/>\n<meta property=\"og:title\" content=\"Kontakt - Loko\" \/>\n<meta property=\"og:description\" content=\"Sul on k\u00fcsimusi? v\u00f5i soovid millegi kohta rohkem infot? Kirjuta meile info@loko.ee.\" \/>\n<meta property=\"og:url\" content=\"https:\/\/loko.ee\/en\/kontakt\/\" \/>\n<meta property=\"article:modified_time\" content=\"2025-08-17T20:31:51+00:00\" \/>\n<meta name=\"twitter:card\" content=\"summary_large_image\" \/>\n<meta name=\"twitter:label1\" content=\"Est. reading time\" \/>\n\t<meta name=\"twitter:data1\" content=\"1 minute\" \/>\n<script type=\"application\/ld+json\" class=\"yoast-schema-graph\">{\"@context\":\"https:\/\/schema.org\",\"@graph\":[{\"@type\":\"WebPage\",\"@id\":\"https:\/\/loko.ee\/en\/kontakt\/\",\"url\":\"https:\/\/loko.ee\/en\/kontakt\/\",\"name\":\"Kontakt - Loko\",\"isPartOf\":{\"@id\":\"https:\/\/www.loko.ee\/en\/#website\"},\"datePublished\":\"2020-01-19T20:11:39+00:00\",\"dateModified\":\"2025-08-17T20:31:51+00:00\",\"description\":\"Sul on k\u00fcsimusi? v\u00f5i soovid millegi kohta rohkem infot? Kirjuta meile info@loko.ee.\",\"breadcrumb\":{\"@id\":\"https:\/\/loko.ee\/en\/kontakt\/#breadcrumb\"},\"inLanguage\":\"en-US\",\"potentialAction\":[{\"@type\":\"ReadAction\",\"target\":[\"https:\/\/loko.ee\/en\/kontakt\/\"]}]},{\"@type\":\"BreadcrumbList\",\"@id\":\"https:\/\/loko.ee\/en\/kontakt\/#breadcrumb\",\"itemListElement\":[{\"@type\":\"ListItem\",\"position\":1,\"name\":\"Home\",\"item\":\"https:\/\/www.loko.ee\/en\/\"},{\"@type\":\"ListItem\",\"position\":2,\"name\":\"Kontakt\"}]},{\"@type\":\"WebSite\",\"@id\":\"https:\/\/www.loko.ee\/en\/#website\",\"url\":\"https:\/\/www.loko.ee\/en\/\",\"name\":\"\",\"description\":\"Sisustustooted\",\"potentialAction\":[{\"@type\":\"SearchAction\",\"target\":{\"@type\":\"EntryPoint\",\"urlTemplate\":\"https:\/\/www.loko.ee\/en\/?s={search_term_string}\"},\"query-input\":{\"@type\":\"PropertyValueSpecification\",\"valueRequired\":true,\"valueName\":\"search_term_string\"}}],\"inLanguage\":\"en-US\"}]}<\/script>\n<!-- \/ Yoast SEO plugin. -->","yoast_head_json":{"title":"Kontakt - Loko","description":"Sul on k\u00fcsimusi? v\u00f5i soovid millegi kohta rohkem infot? Kirjuta meile info@loko.ee.","robots":{"index":"index","follow":"follow","max-snippet":"max-snippet:-1","max-image-preview":"max-image-preview:large","max-video-preview":"max-video-preview:-1"},"canonical":"https:\/\/loko.ee\/en\/kontakt\/","og_locale":"en_US","og_type":"article","og_title":"Kontakt - Loko","og_description":"Sul on k\u00fcsimusi? v\u00f5i soovid millegi kohta rohkem infot? Kirjuta meile info@loko.ee.","og_url":"https:\/\/loko.ee\/en\/kontakt\/","article_modified_time":"2025-08-17T20:31:51+00:00","twitter_card":"summary_large_image","twitter_misc":{"Est. reading time":"1 minute"},"schema":{"@context":"https:\/\/schema.org","@graph":[{"@type":"WebPage","@id":"https:\/\/loko.ee\/en\/kontakt\/","url":"https:\/\/loko.ee\/en\/kontakt\/","name":"Kontakt - Loko","isPartOf":{"@id":"https:\/\/www.loko.ee\/en\/#website"},"datePublished":"2020-01-19T20:11:39+00:00","dateModified":"2025-08-17T20:31:51+00:00","description":"Sul on k\u00fcsimusi? v\u00f5i soovid millegi kohta rohkem infot? Kirjuta meile info@loko.ee.","breadcrumb":{"@id":"https:\/\/loko.ee\/en\/kontakt\/#breadcrumb"},"inLanguage":"en-US","potentialAction":[{"@type":"ReadAction","target":["https:\/\/loko.ee\/en\/kontakt\/"]}]},{"@type":"BreadcrumbList","@id":"https:\/\/loko.ee\/en\/kontakt\/#breadcrumb","itemListElement":[{"@type":"ListItem","position":1,"name":"Home","item":"https:\/\/www.loko.ee\/en\/"},{"@type":"ListItem","position":2,"name":"Kontakt"}]},{"@type":"WebSite","@id":"https:\/\/www.loko.ee\/en\/#website","url":"https:\/\/www.loko.ee\/en\/","name":"","description":"Sisustustooted","potentialAction":[{"@type":"SearchAction","target":{"@type":"EntryPoint","urlTemplate":"https:\/\/www.loko.ee\/en\/?s={search_term_string}"},"query-input":{"@type":"PropertyValueSpecification","valueRequired":true,"valueName":"search_term_string"}}],"inLanguage":"en-US"}]}},"_links":{"self":[{"href":"https:\/\/loko.ee\/en\/wp-json\/wp\/v2\/pages\/81","targetHints":{"allow":["GET"]}}],"collection":[{"href":"https:\/\/loko.ee\/en\/wp-json\/wp\/v2\/pages"}],"about":[{"href":"https:\/\/loko.ee\/en\/wp-json\/wp\/v2\/types\/page"}],"author":[{"embeddable":true,"href":"https:\/\/loko.ee\/en\/wp-json\/wp\/v2\/users\/1"}],"replies":[{"embeddable":true,"href":"https:\/\/loko.ee\/en\/wp-json\/wp\/v2\/comments?post=81"}],"version-history":[{"count":5,"href":"https:\/\/loko.ee\/en\/wp-json\/wp\/v2\/pages\/81\/revisions"}],"predecessor-version":[{"id":3865,"href":"https:\/\/loko.ee\/en\/wp-json\/wp\/v2\/pages\/81\/revisions\/3865"}],"wp:attachment":[{"href":"https:\/\/loko.ee\/en\/wp-json\/wp\/v2\/media?parent=81"}],"curies":[{"name":"wp","href":"https:\/\/api.w.org\/{rel}","templated":true}]}}