{"id":70,"date":"2020-01-17T21:44:56","date_gmt":"2020-01-17T21:44:56","guid":{"rendered":"https:\/\/loko.ee\/?page_id=70"},"modified":"2025-08-17T22:28:28","modified_gmt":"2025-08-17T20:28:28","slug":"muugitingimused","status":"publish","type":"page","link":"https:\/\/loko.ee\/en\/muugitingimused\/","title":{"rendered":"Purchase terms"},"content":{"rendered":"<h2 class=\"wp-block-heading\"><strong>Loko.ee e-poe m\u00fc\u00fcgitingimused<\/strong><\/h2>\n\n\n\n<p>Veebipoe <a href=\"https:\/\/loko.ee\">loko.ee<\/a> (edaspidi Veebipood) omanik on Pitsu O\u00dc (registrikood 11247689), asukohaga Nurme, Paluk\u00fcla, Hiiumaa.<\/p>\n\n\n\n<p><strong>M\u00fc\u00fcgilepingu kehtivus, kauba- ja hinnainfo<\/strong><\/p>\n\n\n\n<p>M\u00fc\u00fcgitingimused kehtivad Veebipoest kaupade ostmisel. Veebipoes m\u00fc\u00fcdavate toodete hinnad on m\u00e4rgitud eurodes toodete juurde ja sisaldavad k\u00e4ibemaksu.&nbsp;<\/p>\n\n\n\n<p>Palun arvestage, et hinnale v\u00f5ib lisanduda tasu kauba k\u00e4ttetoimetamise eest. Kauba k\u00e4ttetoimetamise tasu s\u00f5ltub k\u00e4ttetoimetamise viisist. K\u00e4ttetoimetamise tasu kuvatakse ostjale tellimuse vormistamisel.&nbsp;<\/p>\n\n\n\n<p>Teave kauba kohta on esitatud Veebipoes vahetult kauba juures.<\/p>\n\n\n\n<p><strong>Tellimuse vormistamine<\/strong><\/p>\n\n\n\n<p>Kauba tellimiseks tuleb lisada soovitud tooted ostukorvi. Tellimuse vormistamiseks tuleb t\u00e4ita n\u00f5utud andmev\u00e4ljad, sisestades oma korrektsed isikuandmed, et saaksime kauba Teieni toimetada. Kinnitame, et hoiame Teie isikuandmete turvalisust.<\/p>\n\n\n\n<p>Isikuandmete ankeedi t\u00e4itmise j\u00e4rel tuleb valida sobiv pakiautomaadi asukoht kauba k\u00e4ttetoimetamiseks. Seej\u00e4rel tuleb valida internetipank, mille kaudu soovite tasuda tellimuse eest ning m\u00e4rkida, et olete tutvunud ja n\u00f5ustute veebilehe m\u00fc\u00fcgitingimustega. Leping j\u00f5ustub alates tasumisele kuuluva summa laekumisest Veebipoe arvelduskontole. Saadame e-postiga kinnituse tellimuse tegemisest ning kuvame kinnituse tellimuse vastu v\u00f5tmisest ka veebilehel.<\/p>\n\n\n\n<p>Kui tellitud kaupa ei ole v\u00f5imalik tarnida seoses kauba l\u00f5ppemisega v\u00f5i muul p\u00f5hjusel, teavitame sellest ostjat esimesel v\u00f5imalusel ning tagastame tasutud raha (sh kauba k\u00e4ttetoimetamise kulud) viivitamata, kuid mitte hiljem kui 21 p\u00e4eva jooksul teate saatmisest.<\/p>\n\n\n\n<p><strong>Kohaletoimetamine<\/strong><\/p>\n\n\n\n<p>Veebipoest Loko.ee tellitud kaupadele on hetkel v\u00f5imalik valida kohaletoimetamine ainult Eesti piires. Kui soovite tellida kaupa v\u00e4lisriikidesse, siis kirjutage&nbsp;<a href=\"mailto:info@loko.ee\">info@loko.ee<\/a>.&nbsp;<\/p>\n\n\n\n<p>Kauba saatmiskulud kannab ostja ning vastav hinnainfo on kuvatud saatmisviisi juures.<\/p>\n\n\n\n<p>Eestisisesed saadetised j\u00f5uavad \u00fcldjuhul ostja m\u00e4\u00e4ratud sihtpunkti 2-5 t\u00f6\u00f6p\u00e4eva jooksul alates m\u00fc\u00fcgilepingu j\u00f5ustumisest. Tellimisel korraga v\u00e4hemalt 50 \u20ac eest, toimetame kauba kohale tasuta.<\/p>\n\n\n\n<p><strong>Taganemis\u00f5igus<\/strong><\/p>\n\n\n\n<p>P\u00e4rast tellimuse k\u00e4ttesaamist on ostjal \u00f5igus e-poes s\u00f5lmitud lepingust taganeda 14 p\u00e4eva jooksul. Taganemis\u00f5igus ei kohaldu, kui ostjaks on juriidiline isik.<\/p>\n\n\n\n<p>14-p\u00e4evase tagastamis\u00f5iguse kasutamiseks ei tohi tellitud kaupa kasutada muul viisil kui on vajalik kauba olemuses, omadustes ja toimimises veendumiseks viisil, nagu see on lubatud kauba testimiseks f\u00fc\u00fcsilises poes.<\/p>\n\n\n\n<p>Kui kaupa on kasutatud muuks otstarbeks kui on vajalik kauba olemuses, omadustes ja toimimises veendumiseks v\u00f5i sellel on kasutamise v\u00f5i kulumise m\u00e4rke, on Veebipoel \u00f5igus alandada tagastatavat tasu vastavalt kauba v\u00e4\u00e4rtuse v\u00e4henemisele.<\/p>\n\n\n\n<p>Kauba tagastamiseks palume esitada meile tagastamisavalduse aadressile info@loko.ee hiljemalt 14 p\u00e4eva jooksul kauba k\u00e4ttesaamisest. Tagastusvormi leiate <a href=\"https:\/\/loko.ee\/wp-content\/uploads\/2020\/04\/avaldus.docx\">sellelt lingilt<\/a>. <\/p>\n\n\n\n<p>Kauba tagastamise kulud kannab ostja, v\u00e4lja arvatud juhul, kui tagastamise p\u00f5hjus seisneb asjaolus, et tagastamisele kuuluv kaup ei vasta tellitule (nt vale v\u00f5i defektiga toode).<\/p>\n\n\n\n<p>Ostja peab kauba tagastama e-kirja saatmisele j\u00e4rgneva 14 p\u00e4eva jooksul v\u00f5i esitama t\u00f5endi, et ta on eelnimetatud perioodi jooksul kauba \u00fcle andnud kauba vedajale.<\/p>\n\n\n\n<p>Veebipood tagastab k\u00f5ik ostjalt lepingu alusel saadud tasud tagastatava kauba k\u00e4ttesaamisel ostjale viivitamata, kuid mitte hiljem kui 14 p\u00e4eva m\u00f6\u00f6dumisel arvates taganemisavalduse saamisest.<\/p>\n\n\n\n<p>Veebipood v\u00f5ib keelduda tagasimaksete tegemisest seni, kuni on lepingu esemeks oleva asja tagasi saanud v\u00f5i kuni ostja on esitanud t\u00f5endid, et on asja tagasi saatnud, s\u00f5ltuvalt sellest, kumb toimub varem.<\/p>\n\n\n\n<p>Kui ostja on s\u00f5naselgelt valinud Veebipoe pakutud k\u00f5ige odavamast tavap\u00e4rasest asja k\u00e4ttetoimetamise viisist erineva k\u00e4ttetoimetamise viisi, ei pea Veebipood tarbijale tagastama kulu, mis \u00fcletab tavap\u00e4rase k\u00e4ttetoimetamise viisiga seotud kulu.<\/p>\n\n\n\n<p>Veebipoel on \u00f5igus taganeda m\u00fc\u00fcgitehingust ning n\u00f5uda ostjalt tagasi kaup, kui kauba hind veebipoes on eksituse t\u00f5ttu m\u00e4rgitud oluliselt alla kauba turuhinna.<\/p>\n\n\n\n<p><strong>Isikuandmete t\u00f6\u00f6tlemine<\/strong><\/p>\n\n\n\n<p>Veebipood t\u00f6\u00f6tleb Teie isikuandmeid m\u00fc\u00fcgilepingu t\u00e4itmiseks ja ka meie \u00f5igustatud huvi alusel. Palun tutvuge meie andmekaitsetingimustega, kus oleme detailselt kirjeldanud meie \u00f5iguseid, kohustusi ja vastutust ning Teie \u00f5iguseid seonduvalt Teie isikuandmetega.<\/p>\n\n\n\n<p><strong>Vaidluste lahendamine<\/strong><\/p>\n\n\n\n<p>Kui ostjal on Veebipoe osas pretensioone, tuleb need saata e-kirja aadressile info@loko.ee.<\/p>\n\n\n\n<p>Kui ostja ja Veebipood ei suuda lahenda vaidlust kokkuleppe teel, siis on ostjal v\u00f5imalik p\u00f6\u00f6rduda Tarbijavaidluste komisjoni poole. Menetlustingimustega saab tutvuda ning avaldust esitada&nbsp;<a href=\"https:\/\/komisjon.ee\/et\">siin<\/a>. Tarbijavaidluste komisjoni p\u00e4devuses on lahendada ostja ja Veebipoe vahel s\u00f5lmitud lepingust tulenevaid vaidlusi. Ostja kaebuse l\u00e4bivaatamine komisjonis on tasuta.<\/p>\n\n\n\n<p>Ostja v\u00f5ib p\u00f6\u00f6rduda Euroopa Liidu tarbijavaidlusi lahendava&nbsp;<a href=\"https:\/\/ec.europa.eu\/consumers\/odr\/main\/index.cfm?event=main.home2.show&amp;lng=ET\">platvormi<\/a>&nbsp;poole.<\/p>","protected":false},"excerpt":{"rendered":"<p>Loko.ee e-poe m\u00fc\u00fcgitingimused Veebipoe loko.ee (edaspidi Veebipood) omanik on Pitsu O\u00dc (registrikood 11247689), asukohaga Nurme, Paluk\u00fcla, Hiiumaa. M\u00fc\u00fcgilepingu kehtivus, kauba- ja hinnainfo M\u00fc\u00fcgitingimused kehtivad Veebipoest kaupade ostmisel. Veebipoes m\u00fc\u00fcdavate toodete hinnad on m\u00e4rgitud eurodes toodete juurde ja sisaldavad k\u00e4ibemaksu.&nbsp; Palun arvestage, et hinnale v\u00f5ib lisanduda tasu kauba k\u00e4ttetoimetamise eest. Kauba k\u00e4ttetoimetamise tasu s\u00f5ltub k\u00e4ttetoimetamise viisist. [&hellip;]<\/p>\n","protected":false},"author":1,"featured_media":0,"parent":0,"menu_order":0,"comment_status":"closed","ping_status":"closed","template":"","meta":{"footnotes":""},"class_list":["post-70","page","type-page","status-publish","hentry"],"yoast_head":"<!-- This site is optimized with the Yoast SEO plugin v27.2 - https:\/\/yoast.com\/product\/yoast-seo-wordpress\/ -->\n<title>M\u00fc\u00fcgitingimused - Loko<\/title>\n<meta name=\"robots\" content=\"index, follow, max-snippet:-1, max-image-preview:large, max-video-preview:-1\" \/>\n<link rel=\"canonical\" href=\"https:\/\/loko.ee\/en\/muugitingimused\/\" \/>\n<meta property=\"og:locale\" content=\"en_US\" \/>\n<meta property=\"og:type\" content=\"article\" \/>\n<meta property=\"og:title\" content=\"M\u00fc\u00fcgitingimused - Loko\" \/>\n<meta property=\"og:description\" content=\"Loko.ee e-poe m\u00fc\u00fcgitingimused Veebipoe loko.ee (edaspidi Veebipood) omanik on Pitsu O\u00dc (registrikood 11247689), asukohaga Nurme, Paluk\u00fcla, Hiiumaa. M\u00fc\u00fcgilepingu kehtivus, kauba- ja hinnainfo M\u00fc\u00fcgitingimused kehtivad Veebipoest kaupade ostmisel. Veebipoes m\u00fc\u00fcdavate toodete hinnad on m\u00e4rgitud eurodes toodete juurde ja sisaldavad k\u00e4ibemaksu.&nbsp; Palun arvestage, et hinnale v\u00f5ib lisanduda tasu kauba k\u00e4ttetoimetamise eest. Kauba k\u00e4ttetoimetamise tasu s\u00f5ltub k\u00e4ttetoimetamise viisist. [&hellip;]\" \/>\n<meta property=\"og:url\" content=\"https:\/\/loko.ee\/en\/muugitingimused\/\" \/>\n<meta property=\"article:modified_time\" content=\"2025-08-17T20:28:28+00:00\" \/>\n<meta name=\"twitter:card\" content=\"summary_large_image\" \/>\n<meta name=\"twitter:label1\" content=\"Est. reading time\" \/>\n\t<meta name=\"twitter:data1\" content=\"4 minutes\" \/>\n<script type=\"application\/ld+json\" class=\"yoast-schema-graph\">{\"@context\":\"https:\/\/schema.org\",\"@graph\":[{\"@type\":\"WebPage\",\"@id\":\"https:\/\/loko.ee\/en\/muugitingimused\/\",\"url\":\"https:\/\/loko.ee\/en\/muugitingimused\/\",\"name\":\"M\u00fc\u00fcgitingimused - Loko\",\"isPartOf\":{\"@id\":\"https:\/\/loko.ee\/#website\"},\"datePublished\":\"2020-01-17T21:44:56+00:00\",\"dateModified\":\"2025-08-17T20:28:28+00:00\",\"breadcrumb\":{\"@id\":\"https:\/\/loko.ee\/en\/muugitingimused\/#breadcrumb\"},\"inLanguage\":\"en-US\",\"potentialAction\":[{\"@type\":\"ReadAction\",\"target\":[\"https:\/\/loko.ee\/en\/muugitingimused\/\"]}]},{\"@type\":\"BreadcrumbList\",\"@id\":\"https:\/\/loko.ee\/en\/muugitingimused\/#breadcrumb\",\"itemListElement\":[{\"@type\":\"ListItem\",\"position\":1,\"name\":\"Home\",\"item\":\"https:\/\/loko.ee\/\"},{\"@type\":\"ListItem\",\"position\":2,\"name\":\"M\u00fc\u00fcgitingimused\"}]},{\"@type\":\"WebSite\",\"@id\":\"https:\/\/loko.ee\/#website\",\"url\":\"https:\/\/loko.ee\/\",\"name\":\"\",\"description\":\"Sisustustooted\",\"potentialAction\":[{\"@type\":\"SearchAction\",\"target\":{\"@type\":\"EntryPoint\",\"urlTemplate\":\"https:\/\/loko.ee\/?s={search_term_string}\"},\"query-input\":{\"@type\":\"PropertyValueSpecification\",\"valueRequired\":true,\"valueName\":\"search_term_string\"}}],\"inLanguage\":\"en-US\"}]}<\/script>\n<!-- \/ Yoast SEO plugin. -->","yoast_head_json":{"title":"M\u00fc\u00fcgitingimused - Loko","robots":{"index":"index","follow":"follow","max-snippet":"max-snippet:-1","max-image-preview":"max-image-preview:large","max-video-preview":"max-video-preview:-1"},"canonical":"https:\/\/loko.ee\/en\/muugitingimused\/","og_locale":"en_US","og_type":"article","og_title":"M\u00fc\u00fcgitingimused - Loko","og_description":"Loko.ee e-poe m\u00fc\u00fcgitingimused Veebipoe loko.ee (edaspidi Veebipood) omanik on Pitsu O\u00dc (registrikood 11247689), asukohaga Nurme, Paluk\u00fcla, Hiiumaa. M\u00fc\u00fcgilepingu kehtivus, kauba- ja hinnainfo M\u00fc\u00fcgitingimused kehtivad Veebipoest kaupade ostmisel. Veebipoes m\u00fc\u00fcdavate toodete hinnad on m\u00e4rgitud eurodes toodete juurde ja sisaldavad k\u00e4ibemaksu.&nbsp; Palun arvestage, et hinnale v\u00f5ib lisanduda tasu kauba k\u00e4ttetoimetamise eest. Kauba k\u00e4ttetoimetamise tasu s\u00f5ltub k\u00e4ttetoimetamise viisist. [&hellip;]","og_url":"https:\/\/loko.ee\/en\/muugitingimused\/","article_modified_time":"2025-08-17T20:28:28+00:00","twitter_card":"summary_large_image","twitter_misc":{"Est. reading time":"4 minutes"},"schema":{"@context":"https:\/\/schema.org","@graph":[{"@type":"WebPage","@id":"https:\/\/loko.ee\/en\/muugitingimused\/","url":"https:\/\/loko.ee\/en\/muugitingimused\/","name":"M\u00fc\u00fcgitingimused - Loko","isPartOf":{"@id":"https:\/\/loko.ee\/#website"},"datePublished":"2020-01-17T21:44:56+00:00","dateModified":"2025-08-17T20:28:28+00:00","breadcrumb":{"@id":"https:\/\/loko.ee\/en\/muugitingimused\/#breadcrumb"},"inLanguage":"en-US","potentialAction":[{"@type":"ReadAction","target":["https:\/\/loko.ee\/en\/muugitingimused\/"]}]},{"@type":"BreadcrumbList","@id":"https:\/\/loko.ee\/en\/muugitingimused\/#breadcrumb","itemListElement":[{"@type":"ListItem","position":1,"name":"Home","item":"https:\/\/loko.ee\/"},{"@type":"ListItem","position":2,"name":"M\u00fc\u00fcgitingimused"}]},{"@type":"WebSite","@id":"https:\/\/loko.ee\/#website","url":"https:\/\/loko.ee\/","name":"","description":"Sisustustooted","potentialAction":[{"@type":"SearchAction","target":{"@type":"EntryPoint","urlTemplate":"https:\/\/loko.ee\/?s={search_term_string}"},"query-input":{"@type":"PropertyValueSpecification","valueRequired":true,"valueName":"search_term_string"}}],"inLanguage":"en-US"}]}},"_links":{"self":[{"href":"https:\/\/loko.ee\/en\/wp-json\/wp\/v2\/pages\/70","targetHints":{"allow":["GET"]}}],"collection":[{"href":"https:\/\/loko.ee\/en\/wp-json\/wp\/v2\/pages"}],"about":[{"href":"https:\/\/loko.ee\/en\/wp-json\/wp\/v2\/types\/page"}],"author":[{"embeddable":true,"href":"https:\/\/loko.ee\/en\/wp-json\/wp\/v2\/users\/1"}],"replies":[{"embeddable":true,"href":"https:\/\/loko.ee\/en\/wp-json\/wp\/v2\/comments?post=70"}],"version-history":[{"count":5,"href":"https:\/\/loko.ee\/en\/wp-json\/wp\/v2\/pages\/70\/revisions"}],"predecessor-version":[{"id":3862,"href":"https:\/\/loko.ee\/en\/wp-json\/wp\/v2\/pages\/70\/revisions\/3862"}],"wp:attachment":[{"href":"https:\/\/loko.ee\/en\/wp-json\/wp\/v2\/media?parent=70"}],"curies":[{"name":"wp","href":"https:\/\/api.w.org\/{rel}","templated":true}]}}