{"id":335,"date":"2020-03-15T11:31:33","date_gmt":"2020-03-15T09:31:33","guid":{"rendered":"https:\/\/loko.ee\/?page_id=335"},"modified":"2025-11-02T14:27:57","modified_gmt":"2025-11-02T12:27:57","slug":"ostuinfo","status":"publish","type":"page","link":"https:\/\/loko.ee\/en\/ostuinfo\/","title":{"rendered":"Purchase information"},"content":{"rendered":"<p><strong>Kuidas toimub tellimine? <\/strong><br>Toodete tellimiseks lisa soovitud tooted ostukorvi. Enne tellimuse vormistamist kontrolli kindlasti \u00fcle, kas soovitud kaupade valik ja kogused on \u00f5iged. Tellimuse vormistamiseks tuleb \u00e4ra t\u00e4ita k\u00f5ik t\u00e4rniga m\u00e4rgitud v\u00e4ljad. <\/p>\n\n\n\n<p><\/p>\n\n\n\n<p><strong>Kuidas kauba eest tasuda?<\/strong><br>Kauba eest saad tasuda turvaliselt otse e-poest pangalinkide kaudu: Swedbank, SEB, LHV, Luminor, Coop Pank, Citadele. <br>Pitsu O\u00dc arveldusarve EE217700771005038063 (LHV). Loko e-poe hinnad on eurodes ja sisaldavad 24% k\u00e4ibemaksu.<\/p>\n\n\n\n<p><\/p>\n\n\n\n<p><strong>Kauba k\u00e4ttesaamine<\/strong>:\u00a0<br>Kauba k\u00e4ttesaamiseks saad valida endale sobiva Omniva pakiautomaadi. Tellimisel korraga v\u00e4hemalt 50 \u20ac eest, toimetame kauba kohale tasuta!<\/p>\n\n\n\n<p>Kui eelistad m\u00f5nda teist paki saamise viisi, siis palun anna sellest teada <a href=\"mailto:info@loko.ee\">info@loko.ee<\/a><\/p>","protected":false},"excerpt":{"rendered":"<p>Kuidas toimub tellimine? Toodete tellimiseks lisa soovitud tooted ostukorvi. Enne tellimuse vormistamist kontrolli kindlasti \u00fcle, kas soovitud kaupade valik ja kogused on \u00f5iged. Tellimuse vormistamiseks tuleb \u00e4ra t\u00e4ita k\u00f5ik t\u00e4rniga m\u00e4rgitud v\u00e4ljad. Kuidas kauba eest tasuda?Kauba eest saad tasuda turvaliselt otse e-poest pangalinkide kaudu: Swedbank, SEB, LHV, Luminor, Coop Pank, Citadele. Pitsu O\u00dc arveldusarve EE217700771005038063 [&hellip;]<\/p>\n","protected":false},"author":1,"featured_media":0,"parent":0,"menu_order":0,"comment_status":"closed","ping_status":"closed","template":"","meta":{"footnotes":""},"class_list":["post-335","page","type-page","status-publish","hentry"],"yoast_head":"<!-- This site is optimized with the Yoast SEO plugin v27.2 - https:\/\/yoast.com\/product\/yoast-seo-wordpress\/ -->\n<title>Ostuinfo - Loko<\/title>\n<meta name=\"robots\" content=\"index, follow, max-snippet:-1, max-image-preview:large, max-video-preview:-1\" \/>\n<link rel=\"canonical\" href=\"https:\/\/www.loko.ee\/ostuinfo\/\" \/>\n<meta property=\"og:locale\" content=\"en_US\" \/>\n<meta property=\"og:type\" content=\"article\" \/>\n<meta property=\"og:title\" content=\"Ostuinfo - Loko\" \/>\n<meta property=\"og:description\" content=\"Kuidas toimub tellimine? Toodete tellimiseks lisa soovitud tooted ostukorvi. Enne tellimuse vormistamist kontrolli kindlasti \u00fcle, kas soovitud kaupade valik ja kogused on \u00f5iged. Tellimuse vormistamiseks tuleb \u00e4ra t\u00e4ita k\u00f5ik t\u00e4rniga m\u00e4rgitud v\u00e4ljad. Kuidas kauba eest tasuda?Kauba eest saad tasuda turvaliselt otse e-poest pangalinkide kaudu: Swedbank, SEB, LHV, Luminor, Coop Pank, Citadele. Pitsu O\u00dc arveldusarve EE217700771005038063 [&hellip;]\" \/>\n<meta property=\"og:url\" content=\"https:\/\/www.loko.ee\/ostuinfo\/\" \/>\n<meta property=\"article:modified_time\" content=\"2025-11-02T12:27:57+00:00\" \/>\n<meta name=\"twitter:card\" content=\"summary_large_image\" \/>\n<meta name=\"twitter:label1\" content=\"Est. reading time\" \/>\n\t<meta name=\"twitter:data1\" content=\"1 minute\" \/>\n<script type=\"application\/ld+json\" class=\"yoast-schema-graph\">{\"@context\":\"https:\/\/schema.org\",\"@graph\":[{\"@type\":\"WebPage\",\"@id\":\"https:\/\/www.loko.ee\/ostuinfo\/\",\"url\":\"https:\/\/www.loko.ee\/ostuinfo\/\",\"name\":\"Ostuinfo - Loko\",\"isPartOf\":{\"@id\":\"https:\/\/loko.ee\/#website\"},\"datePublished\":\"2020-03-15T09:31:33+00:00\",\"dateModified\":\"2025-11-02T12:27:57+00:00\",\"breadcrumb\":{\"@id\":\"https:\/\/www.loko.ee\/ostuinfo\/#breadcrumb\"},\"inLanguage\":\"en-US\",\"potentialAction\":[{\"@type\":\"ReadAction\",\"target\":[\"https:\/\/www.loko.ee\/ostuinfo\/\"]}]},{\"@type\":\"BreadcrumbList\",\"@id\":\"https:\/\/www.loko.ee\/ostuinfo\/#breadcrumb\",\"itemListElement\":[{\"@type\":\"ListItem\",\"position\":1,\"name\":\"Home\",\"item\":\"https:\/\/www.loko.ee\/en\/\"},{\"@type\":\"ListItem\",\"position\":2,\"name\":\"Ostuinfo\"}]},{\"@type\":\"WebSite\",\"@id\":\"https:\/\/loko.ee\/#website\",\"url\":\"https:\/\/loko.ee\/\",\"name\":\"\",\"description\":\"Sisustustooted\",\"potentialAction\":[{\"@type\":\"SearchAction\",\"target\":{\"@type\":\"EntryPoint\",\"urlTemplate\":\"https:\/\/loko.ee\/?s={search_term_string}\"},\"query-input\":{\"@type\":\"PropertyValueSpecification\",\"valueRequired\":true,\"valueName\":\"search_term_string\"}}],\"inLanguage\":\"en-US\"}]}<\/script>\n<!-- \/ Yoast SEO plugin. -->","yoast_head_json":{"title":"Ostuinfo - Loko","robots":{"index":"index","follow":"follow","max-snippet":"max-snippet:-1","max-image-preview":"max-image-preview:large","max-video-preview":"max-video-preview:-1"},"canonical":"https:\/\/www.loko.ee\/ostuinfo\/","og_locale":"en_US","og_type":"article","og_title":"Ostuinfo - Loko","og_description":"Kuidas toimub tellimine? Toodete tellimiseks lisa soovitud tooted ostukorvi. Enne tellimuse vormistamist kontrolli kindlasti \u00fcle, kas soovitud kaupade valik ja kogused on \u00f5iged. Tellimuse vormistamiseks tuleb \u00e4ra t\u00e4ita k\u00f5ik t\u00e4rniga m\u00e4rgitud v\u00e4ljad. Kuidas kauba eest tasuda?Kauba eest saad tasuda turvaliselt otse e-poest pangalinkide kaudu: Swedbank, SEB, LHV, Luminor, Coop Pank, Citadele. Pitsu O\u00dc arveldusarve EE217700771005038063 [&hellip;]","og_url":"https:\/\/www.loko.ee\/ostuinfo\/","article_modified_time":"2025-11-02T12:27:57+00:00","twitter_card":"summary_large_image","twitter_misc":{"Est. reading time":"1 minute"},"schema":{"@context":"https:\/\/schema.org","@graph":[{"@type":"WebPage","@id":"https:\/\/www.loko.ee\/ostuinfo\/","url":"https:\/\/www.loko.ee\/ostuinfo\/","name":"Ostuinfo - Loko","isPartOf":{"@id":"https:\/\/loko.ee\/#website"},"datePublished":"2020-03-15T09:31:33+00:00","dateModified":"2025-11-02T12:27:57+00:00","breadcrumb":{"@id":"https:\/\/www.loko.ee\/ostuinfo\/#breadcrumb"},"inLanguage":"en-US","potentialAction":[{"@type":"ReadAction","target":["https:\/\/www.loko.ee\/ostuinfo\/"]}]},{"@type":"BreadcrumbList","@id":"https:\/\/www.loko.ee\/ostuinfo\/#breadcrumb","itemListElement":[{"@type":"ListItem","position":1,"name":"Home","item":"https:\/\/www.loko.ee\/en\/"},{"@type":"ListItem","position":2,"name":"Ostuinfo"}]},{"@type":"WebSite","@id":"https:\/\/loko.ee\/#website","url":"https:\/\/loko.ee\/","name":"","description":"Sisustustooted","potentialAction":[{"@type":"SearchAction","target":{"@type":"EntryPoint","urlTemplate":"https:\/\/loko.ee\/?s={search_term_string}"},"query-input":{"@type":"PropertyValueSpecification","valueRequired":true,"valueName":"search_term_string"}}],"inLanguage":"en-US"}]}},"_links":{"self":[{"href":"https:\/\/loko.ee\/en\/wp-json\/wp\/v2\/pages\/335","targetHints":{"allow":["GET"]}}],"collection":[{"href":"https:\/\/loko.ee\/en\/wp-json\/wp\/v2\/pages"}],"about":[{"href":"https:\/\/loko.ee\/en\/wp-json\/wp\/v2\/types\/page"}],"author":[{"embeddable":true,"href":"https:\/\/loko.ee\/en\/wp-json\/wp\/v2\/users\/1"}],"replies":[{"embeddable":true,"href":"https:\/\/loko.ee\/en\/wp-json\/wp\/v2\/comments?post=335"}],"version-history":[{"count":5,"href":"https:\/\/loko.ee\/en\/wp-json\/wp\/v2\/pages\/335\/revisions"}],"predecessor-version":[{"id":4042,"href":"https:\/\/loko.ee\/en\/wp-json\/wp\/v2\/pages\/335\/revisions\/4042"}],"wp:attachment":[{"href":"https:\/\/loko.ee\/en\/wp-json\/wp\/v2\/media?parent=335"}],"curies":[{"name":"wp","href":"https:\/\/api.w.org\/{rel}","templated":true}]}}