{"id":3,"date":"2020-01-01T20:20:36","date_gmt":"2020-01-01T20:20:36","guid":{"rendered":"http:\/\/loko.ee\/?page_id=3"},"modified":"2020-03-29T20:47:11","modified_gmt":"2020-03-29T18:47:11","slug":"privacy-policy","status":"publish","type":"page","link":"https:\/\/loko.ee\/en\/privacy-policy\/","title":{"rendered":"Privacy policy"},"content":{"rendered":"<p><strong>PRIVAATSUSPOLIITIKA<\/strong><\/p>\n\n\n\n<p>Loko e-pood on\nv\u00f5tnud endale kohustuse kaitsta klientide ja kasutajate privaatsust. Sellest\nl\u00e4htuvalt oleme koostanud k\u00e4esolevad privaatsuspoliitika p\u00f5him\u00f5tted, mis\nk\u00e4sitlevad kliendi andmete kogumist, kasutamist, avaldamist, edastamist ja\ntalletamist. <\/p>\n\n\n\n<p><strong>Isikuandmete\nkogumine ja kasutamine.<\/strong><\/p>\n\n\n\n<p>Isikuandmed on\nandmed, mida Loko e-pood kogub \u00fcksikisiku tuvastamiseks v\u00f5i temaga \u00fchenduse\nv\u00f5tmiseks.<\/p>\n\n\n\n<p>Isikuandmete\nkogumine v\u00f5ib toimuda kliendi n\u00f5usolekul allj\u00e4rgnevael viisidel:<\/p>\n\n\n\n<p>Kontaktandmete\n(sh nimi, postiaadress, telefoninumber, e-posti aadress, eelistatud\nkontakteerumisviis) esitamisel meie veebisaidil v\u00f5i k\u00fcpsiste (cookies) kaudu\nostu v\u00f5i tellimuse sooritamisel meie e-poes (e-pood v\u00f5ib paluda teatud\nveebilehe aladel vabatahtlikult esitada isikuandmeid ja personaalset\ninformatsiooni. N\u00f5utavad isikuandmed v\u00f5ivad sisaldada nime, aadressi,\npostiindeksit, e-posti aadressi, telefoninumbrit ja teisi andmeid).<\/p>\n\n\n\n<p>V\u00f5ime koguda ka\nandmeid klienditegevuste kohta meie veebisaidil. Need andmed koondatakse ja\nneid kasutatakse selleks, et saaksime klientidele edastada kasulikumat teavet\nja saaksime teada, millised veebisaidi, toodete ja teenuste osad on k\u00f5ige\nhuvipakkuvamad. Koondandmeid k\u00e4sitletakse selles privaatsuspoliitikas\nisikustamata andmetena.<\/p>\n\n\n\n<p><strong>Kogutud\nisikuandmete kasutamine<\/strong><\/p>\n\n\n\n<p>Kogutud\nisikuandmete abil saame teavitada kliente tooteuudistest, kampaaniatest ja\ntulevastest s\u00fcndmustest. Kogutud isikuandmeid kasutame ka kauba\nkohaletoimetamiseks ning kliendi ees v\u00f5etud kohustuste t\u00e4itmiseks. Kliendi\nparemaks teenindamiseks v\u00f5ib Loko e-pood avaldada teavet \u00fcksikute kasutajate\nkohta kolmandale osapoolele, kes osutab Loko e-poele teenuseid ning on\nlepinguga kohustunud hoidma jagatud teavet konfidentsiaalsena. Kolmandaks\nosapooleks on n\u00e4iteks meie partner, kelle \u00fclesanneteks on e-poes m\u00fc\u00fcdavate\nkaupade transport.<\/p>\n\n\n\n<p><strong>Isikuandmete\nkaitse<\/strong><\/p>\n\n\n\n<p>Loko e-pood rakendab\nk\u00f5iki ettevaatusabin\u00f5usid (sh administratiivsed, tehnilised ja f\u00fc\u00fcsilised\nmeetmed) kliendi isikuandmete kaitsmiseks. Juurdep\u00e4\u00e4s andmete muutmiseks ja\nt\u00f6\u00f6tlemiseks on ainult selleks volitatud isikutel.<\/p>\n\n\n\n<p><strong>Privaatsuspoliitika\ntingimused ja muudatused.<\/strong><\/p>\n\n\n\n<p>J\u00e4tame endale\n\u00f5iguse vajadusel privaatsuspoliitikat muuta. Meie veebisaiti kasutama asudes,\neeldame, et oled nende p\u00f5him\u00f5tetega tutvunud ning n\u00f5ustud nendega. K\u00f5igi\nprivaatsuspoliitika v\u00f5i andmet\u00f6\u00f6tluse kohta tekkivate k\u00fcsimuste v\u00f5i muredega\npalume v\u00f5tta meiega \u00fchendust kontaktnumbritel.<\/p>","protected":false},"excerpt":{"rendered":"<p>PRIVAATSUSPOLIITIKA Loko e-pood on v\u00f5tnud endale kohustuse kaitsta klientide ja kasutajate privaatsust. Sellest l\u00e4htuvalt oleme koostanud k\u00e4esolevad privaatsuspoliitika p\u00f5him\u00f5tted, mis k\u00e4sitlevad kliendi andmete kogumist, kasutamist, avaldamist, edastamist ja talletamist. Isikuandmete kogumine ja kasutamine. Isikuandmed on andmed, mida Loko e-pood kogub \u00fcksikisiku tuvastamiseks v\u00f5i temaga \u00fchenduse v\u00f5tmiseks. Isikuandmete kogumine v\u00f5ib toimuda kliendi n\u00f5usolekul allj\u00e4rgnevael viisidel: Kontaktandmete [&hellip;]<\/p>\n","protected":false},"author":1,"featured_media":0,"parent":0,"menu_order":0,"comment_status":"closed","ping_status":"open","template":"","meta":{"footnotes":""},"class_list":["post-3","page","type-page","status-publish","hentry"],"yoast_head":"<!-- This site is optimized with the Yoast SEO plugin v27.2 - https:\/\/yoast.com\/product\/yoast-seo-wordpress\/ -->\n<title>Privaatsuspoliitika - Loko<\/title>\n<meta name=\"robots\" content=\"index, follow, max-snippet:-1, max-image-preview:large, max-video-preview:-1\" \/>\n<link rel=\"canonical\" href=\"https:\/\/loko.ee\/en\/privacy-policy\/\" \/>\n<meta property=\"og:locale\" content=\"en_US\" \/>\n<meta property=\"og:type\" content=\"article\" \/>\n<meta property=\"og:title\" content=\"Privaatsuspoliitika - Loko\" \/>\n<meta property=\"og:description\" content=\"PRIVAATSUSPOLIITIKA Loko e-pood on v\u00f5tnud endale kohustuse kaitsta klientide ja kasutajate privaatsust. Sellest l\u00e4htuvalt oleme koostanud k\u00e4esolevad privaatsuspoliitika p\u00f5him\u00f5tted, mis k\u00e4sitlevad kliendi andmete kogumist, kasutamist, avaldamist, edastamist ja talletamist. Isikuandmete kogumine ja kasutamine. Isikuandmed on andmed, mida Loko e-pood kogub \u00fcksikisiku tuvastamiseks v\u00f5i temaga \u00fchenduse v\u00f5tmiseks. Isikuandmete kogumine v\u00f5ib toimuda kliendi n\u00f5usolekul allj\u00e4rgnevael viisidel: Kontaktandmete [&hellip;]\" \/>\n<meta property=\"og:url\" content=\"https:\/\/loko.ee\/en\/privacy-policy\/\" \/>\n<meta property=\"article:modified_time\" content=\"2020-03-29T18:47:11+00:00\" \/>\n<meta name=\"twitter:card\" content=\"summary_large_image\" \/>\n<meta name=\"twitter:label1\" content=\"Est. reading time\" \/>\n\t<meta name=\"twitter:data1\" content=\"2 minutes\" \/>\n<script type=\"application\/ld+json\" class=\"yoast-schema-graph\">{\"@context\":\"https:\/\/schema.org\",\"@graph\":[{\"@type\":\"WebPage\",\"@id\":\"https:\/\/loko.ee\/en\/privacy-policy\/\",\"url\":\"https:\/\/loko.ee\/en\/privacy-policy\/\",\"name\":\"Privaatsuspoliitika - Loko\",\"isPartOf\":{\"@id\":\"https:\/\/www.loko.ee\/en\/#website\"},\"datePublished\":\"2020-01-01T20:20:36+00:00\",\"dateModified\":\"2020-03-29T18:47:11+00:00\",\"breadcrumb\":{\"@id\":\"https:\/\/loko.ee\/en\/privacy-policy\/#breadcrumb\"},\"inLanguage\":\"en-US\",\"potentialAction\":[{\"@type\":\"ReadAction\",\"target\":[\"https:\/\/loko.ee\/en\/privacy-policy\/\"]}]},{\"@type\":\"BreadcrumbList\",\"@id\":\"https:\/\/loko.ee\/en\/privacy-policy\/#breadcrumb\",\"itemListElement\":[{\"@type\":\"ListItem\",\"position\":1,\"name\":\"Home\",\"item\":\"https:\/\/www.loko.ee\/en\/\"},{\"@type\":\"ListItem\",\"position\":2,\"name\":\"Privaatsuspoliitika\"}]},{\"@type\":\"WebSite\",\"@id\":\"https:\/\/www.loko.ee\/en\/#website\",\"url\":\"https:\/\/www.loko.ee\/en\/\",\"name\":\"\",\"description\":\"Sisustustooted\",\"potentialAction\":[{\"@type\":\"SearchAction\",\"target\":{\"@type\":\"EntryPoint\",\"urlTemplate\":\"https:\/\/www.loko.ee\/en\/?s={search_term_string}\"},\"query-input\":{\"@type\":\"PropertyValueSpecification\",\"valueRequired\":true,\"valueName\":\"search_term_string\"}}],\"inLanguage\":\"en-US\"}]}<\/script>\n<!-- \/ Yoast SEO plugin. -->","yoast_head_json":{"title":"Privaatsuspoliitika - Loko","robots":{"index":"index","follow":"follow","max-snippet":"max-snippet:-1","max-image-preview":"max-image-preview:large","max-video-preview":"max-video-preview:-1"},"canonical":"https:\/\/loko.ee\/en\/privacy-policy\/","og_locale":"en_US","og_type":"article","og_title":"Privaatsuspoliitika - Loko","og_description":"PRIVAATSUSPOLIITIKA Loko e-pood on v\u00f5tnud endale kohustuse kaitsta klientide ja kasutajate privaatsust. Sellest l\u00e4htuvalt oleme koostanud k\u00e4esolevad privaatsuspoliitika p\u00f5him\u00f5tted, mis k\u00e4sitlevad kliendi andmete kogumist, kasutamist, avaldamist, edastamist ja talletamist. Isikuandmete kogumine ja kasutamine. Isikuandmed on andmed, mida Loko e-pood kogub \u00fcksikisiku tuvastamiseks v\u00f5i temaga \u00fchenduse v\u00f5tmiseks. Isikuandmete kogumine v\u00f5ib toimuda kliendi n\u00f5usolekul allj\u00e4rgnevael viisidel: Kontaktandmete [&hellip;]","og_url":"https:\/\/loko.ee\/en\/privacy-policy\/","article_modified_time":"2020-03-29T18:47:11+00:00","twitter_card":"summary_large_image","twitter_misc":{"Est. reading time":"2 minutes"},"schema":{"@context":"https:\/\/schema.org","@graph":[{"@type":"WebPage","@id":"https:\/\/loko.ee\/en\/privacy-policy\/","url":"https:\/\/loko.ee\/en\/privacy-policy\/","name":"Privaatsuspoliitika - Loko","isPartOf":{"@id":"https:\/\/www.loko.ee\/en\/#website"},"datePublished":"2020-01-01T20:20:36+00:00","dateModified":"2020-03-29T18:47:11+00:00","breadcrumb":{"@id":"https:\/\/loko.ee\/en\/privacy-policy\/#breadcrumb"},"inLanguage":"en-US","potentialAction":[{"@type":"ReadAction","target":["https:\/\/loko.ee\/en\/privacy-policy\/"]}]},{"@type":"BreadcrumbList","@id":"https:\/\/loko.ee\/en\/privacy-policy\/#breadcrumb","itemListElement":[{"@type":"ListItem","position":1,"name":"Home","item":"https:\/\/www.loko.ee\/en\/"},{"@type":"ListItem","position":2,"name":"Privaatsuspoliitika"}]},{"@type":"WebSite","@id":"https:\/\/www.loko.ee\/en\/#website","url":"https:\/\/www.loko.ee\/en\/","name":"","description":"Sisustustooted","potentialAction":[{"@type":"SearchAction","target":{"@type":"EntryPoint","urlTemplate":"https:\/\/www.loko.ee\/en\/?s={search_term_string}"},"query-input":{"@type":"PropertyValueSpecification","valueRequired":true,"valueName":"search_term_string"}}],"inLanguage":"en-US"}]}},"_links":{"self":[{"href":"https:\/\/loko.ee\/en\/wp-json\/wp\/v2\/pages\/3","targetHints":{"allow":["GET"]}}],"collection":[{"href":"https:\/\/loko.ee\/en\/wp-json\/wp\/v2\/pages"}],"about":[{"href":"https:\/\/loko.ee\/en\/wp-json\/wp\/v2\/types\/page"}],"author":[{"embeddable":true,"href":"https:\/\/loko.ee\/en\/wp-json\/wp\/v2\/users\/1"}],"replies":[{"embeddable":true,"href":"https:\/\/loko.ee\/en\/wp-json\/wp\/v2\/comments?post=3"}],"version-history":[{"count":4,"href":"https:\/\/loko.ee\/en\/wp-json\/wp\/v2\/pages\/3\/revisions"}],"predecessor-version":[{"id":1201,"href":"https:\/\/loko.ee\/en\/wp-json\/wp\/v2\/pages\/3\/revisions\/1201"}],"wp:attachment":[{"href":"https:\/\/loko.ee\/en\/wp-json\/wp\/v2\/media?parent=3"}],"curies":[{"name":"wp","href":"https:\/\/api.w.org\/{rel}","templated":true}]}}