{"id":1101,"date":"2021-02-16T11:47:56","date_gmt":"2021-02-16T09:47:56","guid":{"rendered":"https:\/\/loko.ee\/?page_id=1101"},"modified":"2026-02-23T22:23:18","modified_gmt":"2026-02-23T20:23:18","slug":"edasimuujad","status":"publish","type":"page","link":"https:\/\/loko.ee\/en\/edasimuujad\/","title":{"rendered":"Resellers"},"content":{"rendered":"<p>Loko tooteid on v\u00f5imalik n\u00e4ha ja katsuda meie toredate edasim\u00fc\u00fcjate juures. If you also want to become a reseller of our products, write to us info@loko.ee.<br><br>HIIUMAAL<br><strong>Hiiumaa Kaubamaja <\/strong><br>Keskv\u00e4ljak 1, K\u00e4rdla<br><br><strong>Hiiumaa K\u00e4sit\u00f6\u00f6seltsi pood<\/strong><br>Vabrikuv\u00e4ljak 2, K\u00e4rdla<br><br><strong>Hiiumaa Muuseumi meenepood<\/strong><br>Vabrikuv\u00e4ljak 8, K\u00e4rdla<br><br><strong>K\u00e4ina Coop Konsum | Ehituskeskus<\/strong><br>Spordi tn, 9, K\u00e4ina<br><br><strong>Heltermaa K\u00e4sit\u00f6\u00f6maja<\/strong><br>Hiiumaa v\u00e4ravas, Heltermaa sadamas. Avatud suvel. <br><br><strong>Maanekiri k\u00e4sit\u00f6\u00f6pood<\/strong><br>T\u00f6\u00f6stuse tee 10, K\u00f5rgessaare<br><br><strong>Orjaku K\u00fclamaja pood<\/strong><br>Orjaku, Hiiumaa. Avatud suvel.<br><br>TALLINNAS<br><br><strong>P\u00e4rl<\/strong><br>Solaris keskus, Estonia puiestee 9<br><br><strong>H\u00e4\u00e4 Eesti Asi<\/strong><br>Tallinna Lennujaam<br><br><strong>H\u00e4\u00e4 Eesti Asi<\/strong><br>Viru 1<br><br><strong>Uneleja kingipood <\/strong><br>Nooruse 1, Tabasalu<br><br>TARTUS<br><strong>Eesti Rahva Muuseumi pood<\/strong><br>Muuseumi tee 2, Tartu<br><br>OTEP\u00c4\u00c4<br><strong>Milana Stuudio<\/strong><br>Valga mnt 1B, Otep\u00e4\u00e4<\/p>","protected":false},"excerpt":{"rendered":"<p>Loko tooteid on v\u00f5imalik n\u00e4ha ja katsuda meie toredate edasim\u00fc\u00fcjate juures. Kui soovid samuti hakata meie toodete edasim\u00fc\u00fcjaks, siis kirjuta info@loko.ee. HIIUMAALHiiumaa Kaubamaja Keskv\u00e4ljak 1, K\u00e4rdla Hiiumaa K\u00e4sit\u00f6\u00f6seltsi poodVabrikuv\u00e4ljak 2, K\u00e4rdla Hiiumaa Muuseumi meenepoodVabrikuv\u00e4ljak 8, K\u00e4rdla K\u00e4ina Coop Konsum | EhituskeskusSpordi tn, 9, K\u00e4ina Heltermaa K\u00e4sit\u00f6\u00f6majaHiiumaa v\u00e4ravas, Heltermaa sadamas. Avatud suvel. Maanekiri k\u00e4sit\u00f6\u00f6poodT\u00f6\u00f6stuse tee 10, [&hellip;]<\/p>\n","protected":false},"author":1,"featured_media":0,"parent":0,"menu_order":0,"comment_status":"closed","ping_status":"closed","template":"","meta":{"footnotes":""},"class_list":["post-1101","page","type-page","status-publish","hentry"],"yoast_head":"<!-- This site is optimized with the Yoast SEO plugin v27.2 - https:\/\/yoast.com\/product\/yoast-seo-wordpress\/ -->\n<title>Edasim\u00fc\u00fcjad - Kodutekstiil Eesti mustritega - Eesti disain - Loko<\/title>\n<meta name=\"description\" content=\"Loko tooteid saab n\u00e4ha ja katsuda meie edasim\u00fc\u00fcjate juures Tallinnas, Tartus ja Hiiumaal. Vaata l\u00e4hemalt kodulehelt.\" \/>\n<meta name=\"robots\" content=\"index, follow, max-snippet:-1, max-image-preview:large, max-video-preview:-1\" \/>\n<link rel=\"canonical\" href=\"https:\/\/loko.ee\/en\/edasimuujad\/\" \/>\n<meta property=\"og:locale\" content=\"en_US\" \/>\n<meta property=\"og:type\" content=\"article\" \/>\n<meta property=\"og:title\" content=\"Edasim\u00fc\u00fcjad - Kodutekstiil Eesti mustritega - Eesti disain - Loko\" \/>\n<meta property=\"og:description\" content=\"Loko tooteid saab n\u00e4ha ja katsuda meie edasim\u00fc\u00fcjate juures Tallinnas, Tartus ja Hiiumaal. Vaata l\u00e4hemalt kodulehelt.\" \/>\n<meta property=\"og:url\" content=\"https:\/\/loko.ee\/en\/edasimuujad\/\" \/>\n<meta property=\"article:modified_time\" content=\"2026-02-23T20:23:18+00:00\" \/>\n<meta name=\"twitter:card\" content=\"summary_large_image\" \/>\n<meta name=\"twitter:label1\" content=\"Est. reading time\" \/>\n\t<meta name=\"twitter:data1\" content=\"1 minute\" \/>\n<script type=\"application\/ld+json\" class=\"yoast-schema-graph\">{\"@context\":\"https:\/\/schema.org\",\"@graph\":[{\"@type\":\"WebPage\",\"@id\":\"https:\/\/loko.ee\/en\/edasimuujad\/\",\"url\":\"https:\/\/loko.ee\/en\/edasimuujad\/\",\"name\":\"Edasim\u00fc\u00fcjad - Kodutekstiil Eesti mustritega - Eesti disain - Loko\",\"isPartOf\":{\"@id\":\"https:\/\/www.loko.ee\/en\/#website\"},\"datePublished\":\"2021-02-16T09:47:56+00:00\",\"dateModified\":\"2026-02-23T20:23:18+00:00\",\"description\":\"Loko tooteid saab n\u00e4ha ja katsuda meie edasim\u00fc\u00fcjate juures Tallinnas, Tartus ja Hiiumaal. Vaata l\u00e4hemalt kodulehelt.\",\"breadcrumb\":{\"@id\":\"https:\/\/loko.ee\/en\/edasimuujad\/#breadcrumb\"},\"inLanguage\":\"en-US\",\"potentialAction\":[{\"@type\":\"ReadAction\",\"target\":[\"https:\/\/loko.ee\/en\/edasimuujad\/\"]}]},{\"@type\":\"BreadcrumbList\",\"@id\":\"https:\/\/loko.ee\/en\/edasimuujad\/#breadcrumb\",\"itemListElement\":[{\"@type\":\"ListItem\",\"position\":1,\"name\":\"Home\",\"item\":\"https:\/\/www.loko.ee\/en\/\"},{\"@type\":\"ListItem\",\"position\":2,\"name\":\"Edasim\u00fc\u00fcjad\"}]},{\"@type\":\"WebSite\",\"@id\":\"https:\/\/www.loko.ee\/en\/#website\",\"url\":\"https:\/\/www.loko.ee\/en\/\",\"name\":\"\",\"description\":\"Sisustustooted\",\"potentialAction\":[{\"@type\":\"SearchAction\",\"target\":{\"@type\":\"EntryPoint\",\"urlTemplate\":\"https:\/\/www.loko.ee\/en\/?s={search_term_string}\"},\"query-input\":{\"@type\":\"PropertyValueSpecification\",\"valueRequired\":true,\"valueName\":\"search_term_string\"}}],\"inLanguage\":\"en-US\"}]}<\/script>\n<!-- \/ Yoast SEO plugin. -->","yoast_head_json":{"title":"Edasim\u00fc\u00fcjad - Kodutekstiil Eesti mustritega - Eesti disain - Loko","description":"Loko tooteid saab n\u00e4ha ja katsuda meie edasim\u00fc\u00fcjate juures Tallinnas, Tartus ja Hiiumaal. Vaata l\u00e4hemalt kodulehelt.","robots":{"index":"index","follow":"follow","max-snippet":"max-snippet:-1","max-image-preview":"max-image-preview:large","max-video-preview":"max-video-preview:-1"},"canonical":"https:\/\/loko.ee\/en\/edasimuujad\/","og_locale":"en_US","og_type":"article","og_title":"Edasim\u00fc\u00fcjad - Kodutekstiil Eesti mustritega - Eesti disain - Loko","og_description":"Loko tooteid saab n\u00e4ha ja katsuda meie edasim\u00fc\u00fcjate juures Tallinnas, Tartus ja Hiiumaal. Vaata l\u00e4hemalt kodulehelt.","og_url":"https:\/\/loko.ee\/en\/edasimuujad\/","article_modified_time":"2026-02-23T20:23:18+00:00","twitter_card":"summary_large_image","twitter_misc":{"Est. reading time":"1 minute"},"schema":{"@context":"https:\/\/schema.org","@graph":[{"@type":"WebPage","@id":"https:\/\/loko.ee\/en\/edasimuujad\/","url":"https:\/\/loko.ee\/en\/edasimuujad\/","name":"Edasim\u00fc\u00fcjad - Kodutekstiil Eesti mustritega - Eesti disain - Loko","isPartOf":{"@id":"https:\/\/www.loko.ee\/en\/#website"},"datePublished":"2021-02-16T09:47:56+00:00","dateModified":"2026-02-23T20:23:18+00:00","description":"Loko tooteid saab n\u00e4ha ja katsuda meie edasim\u00fc\u00fcjate juures Tallinnas, Tartus ja Hiiumaal. Vaata l\u00e4hemalt kodulehelt.","breadcrumb":{"@id":"https:\/\/loko.ee\/en\/edasimuujad\/#breadcrumb"},"inLanguage":"en-US","potentialAction":[{"@type":"ReadAction","target":["https:\/\/loko.ee\/en\/edasimuujad\/"]}]},{"@type":"BreadcrumbList","@id":"https:\/\/loko.ee\/en\/edasimuujad\/#breadcrumb","itemListElement":[{"@type":"ListItem","position":1,"name":"Home","item":"https:\/\/www.loko.ee\/en\/"},{"@type":"ListItem","position":2,"name":"Edasim\u00fc\u00fcjad"}]},{"@type":"WebSite","@id":"https:\/\/www.loko.ee\/en\/#website","url":"https:\/\/www.loko.ee\/en\/","name":"","description":"Sisustustooted","potentialAction":[{"@type":"SearchAction","target":{"@type":"EntryPoint","urlTemplate":"https:\/\/www.loko.ee\/en\/?s={search_term_string}"},"query-input":{"@type":"PropertyValueSpecification","valueRequired":true,"valueName":"search_term_string"}}],"inLanguage":"en-US"}]}},"_links":{"self":[{"href":"https:\/\/loko.ee\/en\/wp-json\/wp\/v2\/pages\/1101","targetHints":{"allow":["GET"]}}],"collection":[{"href":"https:\/\/loko.ee\/en\/wp-json\/wp\/v2\/pages"}],"about":[{"href":"https:\/\/loko.ee\/en\/wp-json\/wp\/v2\/types\/page"}],"author":[{"embeddable":true,"href":"https:\/\/loko.ee\/en\/wp-json\/wp\/v2\/users\/1"}],"replies":[{"embeddable":true,"href":"https:\/\/loko.ee\/en\/wp-json\/wp\/v2\/comments?post=1101"}],"version-history":[{"count":5,"href":"https:\/\/loko.ee\/en\/wp-json\/wp\/v2\/pages\/1101\/revisions"}],"predecessor-version":[{"id":4321,"href":"https:\/\/loko.ee\/en\/wp-json\/wp\/v2\/pages\/1101\/revisions\/4321"}],"wp:attachment":[{"href":"https:\/\/loko.ee\/en\/wp-json\/wp\/v2\/media?parent=1101"}],"curies":[{"name":"wp","href":"https:\/\/api.w.org\/{rel}","templated":true}]}}